{"id":17430,"date":"2021-12-08T14:54:00","date_gmt":"2021-12-08T14:54:00","guid":{"rendered":"https:\/\/cosyowl.com\/?post_type=product&#038;p=17430"},"modified":"2026-03-03T13:45:28","modified_gmt":"2026-03-03T13:45:28","slug":"35mm-kerze-sicherheit-etikett-klar-schwarzer-text","status":"publish","type":"product","link":"https:\/\/cosyowl.com\/de_at\/candle-making-supplies\/candle-making-extras\/35mm-candle-safety-label-clear-black-text","title":{"rendered":"35-mm-Kerzen-Sicherheitsetikett - CLEAR\/ schwarzer Text"},"content":{"rendered":"<p>Unser <a href=\"https:\/\/cosyowl.com\/de_at\/candle-making-extras\/50mm-candle-safety-label-white-black-text\">klar<\/a> <a href=\"https:\/\/cosyowl.com\/de_at\/guides\/a-summers-beach-gel-votive-candle\">Kerze<\/a> Die Sicherheitsetiketten werden mit schwarzer Tinte auf ein transparentes, rundes Etikett gedruckt. Sie sehen auf den meisten Kerzenfarben gro\u00dfartig aus, professionell und unauff\u00e4llig. Sie haben einen Durchmesser von 35 mm, perfekt f\u00fcr die meisten Anwendungen.<\/p>\n<p><strong>Wozu dienen die Sicherheitsetiketten f\u00fcr Kerzen?<\/strong><\/p>\n<p>Wenn Sie Ihre Kerzen verkaufen, m\u00fcssen Sie dieses Warnetikett anbringen, um die Bestimmungen der Verordnung \u00fcber die allgemeine Produktsicherheit von 2005 einzuhalten. Diese Etiketten sind so konzipiert, dass sie an der Unterseite Ihres Beh\u00e4lters oder Ihrer Schachtel angebracht werden k\u00f6nnen, um zu zeigen, dass Sie die Vorschriften einhalten und mit der gebotenen Sorgfalt vorgehen, und um dem Endverbraucher wertvolle praktische und sicherheitsrelevante Informationen zu liefern.<\/p>\n<p>Unsere Kerzen-Sicherheitsetiketten sind professionell, hoch <a href=\"https:\/\/cosyowl.com\/de_at\/candle-wicks\/wedo-lx-wick-raw\">Qualit\u00e4t<\/a>Sie sind langlebig, tropfen nicht, sind wasserfest, wisch- und kratzfest. Wir haben diese Etiketten aufgrund ihrer langfristigen Leistung ausgew\u00e4hlt, um sie langlebig und dennoch wirtschaftlich zu machen.<\/p>\n<p>Lesen Sie die Verordnung \u00fcber die allgemeine Produktsicherheit, um ein besseres Verst\u00e4ndnis Ihrer Pflichten als Kerzenhersteller zu erhalten.<\/p>\n<p>Unsere durchsichtigen Sicherheitsetiketten f\u00fcr Kerzen werden in Rollen zu 10, 50, 100 oder mehr St\u00fcck geliefert. <a href=\"https:\/\/cosyowl.com\/de_at\/candle-making-supplies\/tools-equipment\/glue-dots-pack-of-1000\">1000<\/a> und lassen sich leicht abziehen und auftragen.<\/p>","protected":false},"excerpt":{"rendered":"<p>Our clear candle safety labels are printed on to a transparent circular label with black ink. They look great on most colours of candles, professional and unobtrusive. They are 35mm in diameter, perfect for most applications. What are Candle Safety Labels for? If you are selling your candles you need to include this warning label [&hellip;]<\/p>\n","protected":false},"featured_media":17454,"comment_status":"open","ping_status":"closed","template":"","meta":{"_acf_changed":false},"product_brand":[],"product_cat":[532,717],"product_tag":[939],"class_list":{"0":"post-17430","1":"product","2":"type-product","3":"status-publish","4":"has-post-thumbnail","6":"product_cat-tools-equipment","7":"product_cat-sale","8":"product_tag-safety-label","9":"pa_pack-size-569","10":"pa_pack-size-571","11":"pa_pack-size-572","12":"pa_pack-size-570","14":"first","15":"instock","16":"taxable","17":"shipping-taxable","18":"purchasable","19":"product-type-variable"},"acf":[],"_links":{"self":[{"href":"https:\/\/cosyowl.com\/de_at\/wp-json\/wp\/v2\/product\/17430","targetHints":{"allow":["GET"]}}],"collection":[{"href":"https:\/\/cosyowl.com\/de_at\/wp-json\/wp\/v2\/product"}],"about":[{"href":"https:\/\/cosyowl.com\/de_at\/wp-json\/wp\/v2\/types\/product"}],"replies":[{"embeddable":true,"href":"https:\/\/cosyowl.com\/de_at\/wp-json\/wp\/v2\/comments?post=17430"}],"wp:featuredmedia":[{"embeddable":true,"href":"https:\/\/cosyowl.com\/de_at\/wp-json\/wp\/v2\/media\/17454"}],"wp:attachment":[{"href":"https:\/\/cosyowl.com\/de_at\/wp-json\/wp\/v2\/media?parent=17430"}],"wp:term":[{"taxonomy":"product_brand","embeddable":true,"href":"https:\/\/cosyowl.com\/de_at\/wp-json\/wp\/v2\/product_brand?post=17430"},{"taxonomy":"product_cat","embeddable":true,"href":"https:\/\/cosyowl.com\/de_at\/wp-json\/wp\/v2\/product_cat?post=17430"},{"taxonomy":"product_tag","embeddable":true,"href":"https:\/\/cosyowl.com\/de_at\/wp-json\/wp\/v2\/product_tag?post=17430"}],"curies":[{"name":"wp","href":"https:\/\/api.w.org\/{rel}","templated":true}]}}