{"id":17414,"date":"2021-12-08T14:16:00","date_gmt":"2021-12-08T14:16:00","guid":{"rendered":"https:\/\/cosyowl.com\/?post_type=product&#038;p=17414"},"modified":"2026-03-03T13:45:28","modified_gmt":"2026-03-03T13:45:28","slug":"50mm-rohrbelufter-sicherheitsetikett-schwarz-weiser-text","status":"publish","type":"product","link":"https:\/\/cosyowl.com\/de_at\/candle-making-supplies\/candle-making-extras\/reed-diffuser-safety-label-50mm-back-white-text","title":{"rendered":"50mm - Reed Diffuser Sicherheitsetikett - Schwarz \/ Wei\u00dfer Text"},"content":{"rendered":"<p>Unser Schwarz <a href=\"https:\/\/cosyowl.com\/de_at\/guides\/making-a-reed-diffuser\">Schilfrohr Diffusor<\/a> Die Sicherheitsetiketten werden mit wei\u00dfer Tinte auf ein schwarzes, rundes Etikett gedruckt. Sie haben einen Durchmesser von 50 mm und sind f\u00fcr die meisten Anwendungen geeignet. Unser Warnschild f\u00fcr Rohrbel\u00fcfter enth\u00e4lt alle relevanten Informationen und Warnungen, die Ihre Kunden \u00fcber die sichere Verwendung Ihres Rohrbel\u00fcfters wissen m\u00fcssen<\/p>\n<p><strong>Wozu dienen Reed-Sicherheitsetiketten?<\/strong><\/p>\n<p>Wenn Sie Ihr Haus verkaufen wollen <a href=\"https:\/\/cosyowl.com\/de_at\/guides\/a-beginners-guide-to-making-reed-diffusers\">Schilfrohr-Diffusoren<\/a> m\u00fcssen Sie dieses Warnschild anbringen, um die Verordnung \u00fcber die allgemeine Produktsicherheit von 2005 einzuhalten. Diese Etiketten sind so konzipiert, dass sie an der Unterseite Ihres Beh\u00e4lters oder Kartons angebracht werden k\u00f6nnen, um zu zeigen, dass Sie die Vorschriften einhalten und mit der gebotenen Sorgfalt vorgehen, und um dem Endverbraucher wertvolle praktische und sicherheitsrelevante Informationen zu liefern.<br \/>\nUnsere Sicherheitsetiketten f\u00fcr Reed-Diffusoren sind professionell, hoch <a href=\"https:\/\/cosyowl.com\/de_at\/candle-wicks\/wedo-lx-wick-raw\">Qualit\u00e4t<\/a>Sie sind langlebig, tropfen nicht, sind wasserfest, wisch- und kratzfest. Wir haben diese Etiketten aufgrund ihrer langfristigen Leistung ausgew\u00e4hlt, um sie langlebig und dennoch wirtschaftlich zu machen.<br \/>\nLesen Sie die Verordnung \u00fcber die allgemeine Produktsicherheit, um ein besseres Verst\u00e4ndnis f\u00fcr Ihre Pflichten als H\u00e4ndler zu bekommen. <a href=\"https:\/\/cosyowl.com\/de_at\/guides\/a-summers-beach-gel-votive-candle\">Kerze<\/a> Hersteller.<br \/>\nUnsere Sicherheitsetiketten f\u00fcr Reed-Diffusoren werden in Rollen zu 10, 100 oder <a href=\"https:\/\/cosyowl.com\/de_at\/candle-making-supplies\/tools-equipment\/glue-dots-pack-of-1000\">1000<\/a> und lassen sich leicht abziehen und auftragen.<\/p>","protected":false},"excerpt":{"rendered":"<p>Our Black Reed Diffuser safety labels are printed on to a Black circular label with white ink. They are 50mm in diameter, perfect for most applications. Our Reed Diffuser Warning Label contains all the relevant information and warnings your customers need to know about safely using your reed diffuser What are Reed Safety Labels for? [&hellip;]<\/p>\n","protected":false},"featured_media":17420,"comment_status":"open","ping_status":"closed","template":"","meta":{"_acf_changed":false},"product_brand":[],"product_cat":[532,729,717],"product_tag":[939],"class_list":{"0":"post-17414","1":"product","2":"type-product","3":"status-publish","4":"has-post-thumbnail","6":"product_cat-tools-equipment","7":"product_cat-equipment","8":"product_cat-sale","9":"product_tag-safety-label","10":"pa_pack-size-569","11":"pa_pack-size-571","12":"pa_pack-size-572","13":"pa_pack-size-570","15":"first","16":"instock","17":"taxable","18":"shipping-taxable","19":"purchasable","20":"product-type-variable"},"acf":[],"_links":{"self":[{"href":"https:\/\/cosyowl.com\/de_at\/wp-json\/wp\/v2\/product\/17414","targetHints":{"allow":["GET"]}}],"collection":[{"href":"https:\/\/cosyowl.com\/de_at\/wp-json\/wp\/v2\/product"}],"about":[{"href":"https:\/\/cosyowl.com\/de_at\/wp-json\/wp\/v2\/types\/product"}],"replies":[{"embeddable":true,"href":"https:\/\/cosyowl.com\/de_at\/wp-json\/wp\/v2\/comments?post=17414"}],"wp:featuredmedia":[{"embeddable":true,"href":"https:\/\/cosyowl.com\/de_at\/wp-json\/wp\/v2\/media\/17420"}],"wp:attachment":[{"href":"https:\/\/cosyowl.com\/de_at\/wp-json\/wp\/v2\/media?parent=17414"}],"wp:term":[{"taxonomy":"product_brand","embeddable":true,"href":"https:\/\/cosyowl.com\/de_at\/wp-json\/wp\/v2\/product_brand?post=17414"},{"taxonomy":"product_cat","embeddable":true,"href":"https:\/\/cosyowl.com\/de_at\/wp-json\/wp\/v2\/product_cat?post=17414"},{"taxonomy":"product_tag","embeddable":true,"href":"https:\/\/cosyowl.com\/de_at\/wp-json\/wp\/v2\/product_tag?post=17414"}],"curies":[{"name":"wp","href":"https:\/\/api.w.org\/{rel}","templated":true}]}}