{"id":126579,"date":"2026-03-23T09:22:42","date_gmt":"2026-03-23T09:22:42","guid":{"rendered":"https:\/\/cosyowl.com\/?post_type=product&#038;p=126579"},"modified":"2026-05-01T13:09:03","modified_gmt":"2026-05-01T12:09:03","slug":"sojakerzen-herstellungsset-stelle-5-duftkerzen-zu-hause-her-holzige-dufte","status":"publish","type":"product","link":"https:\/\/cosyowl.com\/de_at\/craft-kits\/candle-making-kits\/soy-candle-making-kit-make-5-scented-candles-at-home-woody-scents","title":{"rendered":"Sojakerzen-Bastelset \u2013 Stellen Sie 5 duftende Kerzen zu Hause her | Holzig-frische D\u00fcfte"},"content":{"rendered":"<h4 style=\"text-align: left\"><strong>Unser Kerzen-Set macht es einfach, zu Hause wundersch\u00f6n duftende Sojakerzen herzustellen. Dieses Komplettpaket ist ideal f\u00fcr Anf\u00e4nger und erfahrene Kerzenhersteller gleicherma\u00dfen und enth\u00e4lt alles, was Sie brauchen, um mit hochwertigen Materialien bis zu f\u00fcnf duftende Kerzen herzustellen. Perfekt als Geschenk oder als unterhaltsames Bastelprojekt f\u00fcr zu Hause, jedes Set enth\u00e4lt einen Duft, damit Sie Kerzen kreieren k\u00f6nnen, die Ihrem Stil und Ihren R\u00e4umen entsprechen. Mit allem, was Sie zum sofortigen Start ben\u00f6tigen, ist es eine einfache und lohnende M\u00f6glichkeit, Kerzenherstellung zu Hause zu genie\u00dfen.<\/strong><\/h4>\n<p>&nbsp;<\/p>\n<h3 style=\"text-align: left\"><strong>Was ist in Ihrem Kerzenherstellungsset enthalten?<\/strong><\/h3>\n<p>800g Von <strong>Hochwertige Qualit\u00e4t <a href=\"https:\/\/cosyowl.com\/de_at\/candle-making-supplies\/candle-wax\/soy-wax\/kerasoy-4130-container-wax\">KeraSoy 4130<\/a> Soja Container Wachs<\/strong> F\u00fcr A <a href=\"https:\/\/cosyowl.com\/de_at\/candle-making-supplies\/glitters\/pure-white-biodegradable\">Sauber<\/a>, Gleichm\u00e4\u00dfige Verbrennung<\/p>\n<p><a href=\"https:\/\/cosyowl.com\/de_at\/candle-tins\/silver-round-candle-tin-with-window-lid-50ml\">50ml<\/a> <strong><a href=\"https:\/\/cosyowl.com\/de_at\/candle-making-supplies\/fragrance-oils-for-candle-making\/premium-fragrance-oils\/cosy-owl-premium-1-million-type-fragrance-oil\">Parf\u00fcm\u00f6l<\/a><\/strong><\/p>\n<p>5 <strong>Eco 10 Dochte<\/strong> F\u00fcr optimale Flammenleistung<\/p>\n<p>5 <strong>Holzzentrierdorne<\/strong><\/p>\n<p>5 G<strong>Punkte<\/strong><\/p>\n<p>5 <strong><a href=\"https:\/\/cosyowl.com\/de_at\/candle-making-supplies\/candle-containers\/candle-glasses\/glass-candle-containers-20cl-karen-round-pack-of-12\">20cl<\/a> <a href=\"https:\/\/cosyowl.com\/de_at\/candle-making-supplies\/candle-containers\/candle-glasses\/glass-candle-container-30cl-karen-round\">Karen Rund<\/a> Brillen<\/strong> Perfekte Beh\u00e4lter f\u00fcr den Hausgebrauch oder als Geschenk<\/p>\n<p>Einfach zu befolgen, <strong>Schritt-f\u00fcr-Schritt <a href=\"https:\/\/cosyowl.com\/de_at\/guides\/how-to-make-a-candle\">Kerzenherstellung<\/a> <a href=\"https:\/\/cosyowl.com\/de_at\/guides\/a-guide-to-creating-your-own-soap-products\">Leitfaden<\/a><\/strong> Perfekt f\u00fcr Anf\u00e4nger<\/p>\n<h3><strong>W\u00e4hlen Sie Ihren Lieblingskerzenduft<\/strong><\/h3>\n<p>Der Duft ist einer der wichtigsten Bestandteile eines jeden <a href=\"https:\/\/cosyowl.com\/de_at\/guides\/a-summers-beach-gel-votive-candle\">Kerze<\/a>. Er tr\u00e4gt zur Atmosph\u00e4re bei, weckt Erinnerungen und verleiht jeder Kerze eine pers\u00f6nliche Note, die Sie herstellen. Deshalb k\u00f6nnen Sie bei diesem Kerzenherstellungsset mit Duft\u00f6l Ihren bevorzugten Duft aus dem Dropdown-Men\u00fc ausw\u00e4hlen. Unsere Kollektion von Premium <a href=\"https:\/\/cosyowl.com\/de_at\/guides\/2023-spring-fragrance-oil-trends\">Parf\u00fcm\u00f6le<\/a> umfasst eine breite Palette von D\u00fcften f\u00fcr jeden Geschmack, von <a href=\"https:\/\/cosyowl.com\/de_at\/candle-making-supplies\/essential-oils\/eucalyptus-globulus-essential-oil\">frisch<\/a> und saubere Aromen zu <a href=\"https:\/\/cosyowl.com\/de_at\/craft-kits\/candle-making-kits\/soy-wax-mulled-wine-christmas-candle-making-kit\">warm<\/a>, <a href=\"https:\/\/cosyowl.com\/de_at\/fragrance-oils\/chocolate-orange\">reich<\/a>, und beruhigende Mischungen. Jedes Duft\u00f6l ist hochkonzentriert, so dass eine kleine Menge ausreicht und Sie die volle Kontrolle \u00fcber die Duftst\u00e4rke Ihrer fertigen Kerzen haben. Diese Parf\u00fcm\u00f6le sind speziell so formuliert, dass sie sich reibungslos mit dem Wachs vermischen und eine hervorragende Duftleistung bieten, ohne die Konsistenz zu beeintr\u00e4chtigen. <a href=\"https:\/\/cosyowl.com\/de_at\/candle-wicks\/wedo-lx-wick-raw\">Qualit\u00e4t<\/a> oder das Abbrennen Ihrer Kerze.<\/p>\n<p><strong><a href=\"https:\/\/cosyowl.com\/de_at\/parfumole\/baltischer-bernstein-nelke\/?wmc-currency=EUR\">Baltischer Bernstein &amp; Gew\u00fcrznelke<\/a> <\/strong>- Ein warmes, <a href=\"https:\/\/cosyowl.com\/de_at\/candle-making-supplies\/essential-oils\/frankincense-essential-oil\">harzig<\/a> Duft\u00f6ffnung mit <a href=\"https:\/\/cosyowl.com\/de_at\/candle-making-supplies\/glitters\/fluorescent-peach\">hell<\/a> <a href=\"https:\/\/cosyowl.com\/de_at\/candle-making-supplies\/fragrance-oils-for-candle-making\/all-fragrances\/lemon-lavender-fragrance-oil\">Zitronenschale<\/a> und Orangenschalen, gemildert durch Kaschmir und Nelkenknospen und abgeschlossen mit einer reichhaltigen Basis aus Vanille, schwarzem Amber, Sandelholz und Moschus.<\/p>\n<p><strong><a href=\"https:\/\/cosyowl.com\/de_at\/zubehor-fur-die-kerzenherstellung\/parfumole-fur-die-kerzenherstellung\/alle-dufte\/zedernholz-jasmin-duftol\/?wmc-currency=EUR\">Zedernholz &amp; Jasmin<\/a> <\/strong>- Ein frischer, blumig-holziger Duft, der mit <a href=\"https:\/\/cosyowl.com\/de_at\/candle-making-supplies\/fragrance-oils-for-candle-making\/all-fragrances\/jasmine-fragrance-oil\">jasmin<\/a> und Orangenschalen, \u00fcberlagert von sanften Noten von Maigl\u00f6ckchen, Muguet und Alpenveilchen und abgeschlossen mit einer weichen Basis aus Moschus, wei\u00dfer Zeder und Tonka.<\/p>\n<p><strong><a href=\"https:\/\/cosyowl.com\/de_at\/zubehor-fur-die-kerzenherstellung\/parfumole-fur-die-kerzenherstellung\/alle-dufte\/dunkles-honig-tabak-duftol\/?wmc-currency=EUR\">Dunkler Honig &amp; Tabak<\/a> <\/strong>- Ein reichhaltiger, verf\u00fchrerischer Duft, der mit <a href=\"https:\/\/cosyowl.com\/de_at\/candle-making-supplies\/fragrance-oils-for-candle-making\/all-fragrances\/pink-grapefruit-fragrance-oil\">Zitrusfr\u00fcchte<\/a> Orange, Bergamotte und Honig, die zu einer warmen Gew\u00fcrzmischung aus Zimt, Nelke und Jasmin f\u00fchren, <a href=\"https:\/\/cosyowl.com\/de_at\/fragrance-oils\/gardenia\">Gardenie<\/a>, und Muguet und m\u00fcndet in eine tiefe Basis aus Amber, Zedernholz, Patchouli, Sandelholz, Vanille und Moschus.<\/p>\n<p><strong><a href=\"https:\/\/cosyowl.com\/de_at\/zubehor-fur-die-kerzenherstellung\/parfumole-fur-die-kerzenherstellung\/alle-dufte\/oud-duftol\/?wmc-currency=EUR\">Oud<\/a> <\/strong>- Ein tiefer, luxuri\u00f6ser Duft mit Zitrusfr\u00fcchten, Wacholderbeeren, schwarzer Johannisbeere, Pflaume, Kirsche und einem Hauch von <a href=\"https:\/\/cosyowl.com\/de_at\/candle-making-kits\/winter-pine-candle-making-kit\">Kiefer<\/a>, Er f\u00fchrt zu einer blumigen Herznote aus Rose, Jasmin und Ylang mit warmen Gew\u00fcrzen und m\u00fcndet in eine intensive Basis aus Oud, Edelh\u00f6lzern, Patchouli, Amber und Moschus.<\/p>\n<p><a href=\"https:\/\/cosyowl.com\/de_at\/zubehor-fur-die-kerzenherstellung\/parfumole-fur-die-kerzenherstellung\/alle-dufte\/sandelholz-myrrhe-duftol\/?wmc-currency=EUR\"><strong>Sandelholz &amp; Myrrhe<\/strong><\/a> - Ein warmes, <a href=\"https:\/\/cosyowl.com\/de_at\/fragrance-oils\/teakwood\">Woody<\/a> Duft mit <a href=\"https:\/\/cosyowl.com\/de_at\/candle-making-supplies\/candle-containers\/candle-glasses\/glass-candle-container-50cl-classic-jar-with-lid\">elegant<\/a> Noten von Geranie, Zedernholz, Sandelholz und Ylang Ylang, gemildert durch <a href=\"https:\/\/cosyowl.com\/de_at\/candle-making-supplies\/fragrance-oils-for-candle-making\/all-fragrances\/blueberry-vanilla-fragrance-oil\">cremige Vanille<\/a> und sanftem Moschus f\u00fcr ein raffiniertes, zeitloses Finish.<\/p>\n<p><strong><a href=\"https:\/\/cosyowl.com\/de_at\/zubehor-fur-die-kerzenherstellung\/parfumole-fur-die-kerzenherstellung\/alle-dufte\/sandelholz-vanille-duftol\/?wmc-currency=EUR\">Sandelholz Vanille<\/a> <\/strong>- Ein weicher, holzig-s\u00fc\u00dfer Duft, der mit Bergamotte und Freesie beginnt und sich mit <a href=\"https:\/\/cosyowl.com\/de_at\/fragrance-oils\/lilac\">fliederfarben<\/a>, Nelke und Zedernholz und endet mit einem <a href=\"https:\/\/cosyowl.com\/de_at\/candle-making-supplies\/fragrance-oils-for-candle-making\/all-fragrances\/french-vanilla-fragrance-oil\">cremig<\/a> Basis aus Sandelholz, Vanilleschoten und wei\u00dfem Patchouli.<\/p>\n<p><strong><a href=\"https:\/\/cosyowl.com\/de_at\/zubehor-fur-die-kerzenherstellung\/parfumole-fur-die-kerzenherstellung\/alle-dufte\/tonkabohne-myrrhe-duftol\/?wmc-currency=EUR\">Tonkabohne &amp; Myrrhe<\/a><\/strong> - A <a href=\"https:\/\/cosyowl.com\/de_at\/fragrance-oils\/candy-floss\">s\u00fc\u00df<\/a> orientalischer Duft, der mit frischen Zitrusnoten von <a href=\"https:\/\/cosyowl.com\/de_at\/fragrance-oils\/lemon\">Zitrone<\/a>, Grapefruit und Bergamotte, was zu einem <a href=\"https:\/\/cosyowl.com\/de_at\/candle-making-supplies\/fragrance-oils-for-candle-making\/all-fragrances\/velvet-rose-oud-fragrance-oil\">\u00fcppig bl\u00fchend<\/a> Das Herz besteht aus Magnolie, Heliotrop, Rose, Iris, Lilie, Jasmin und Pflaume und m\u00fcndet in eine tiefe Basis aus Zedernholz, Amber, Patchouli, Myrrhe, Tonkabohne, Orchidee, Guajakholz, Vanille und Moschus.<\/p>\n<p><strong><a href=\"https:\/\/cosyowl.com\/de_at\/zubehor-fur-die-kerzenherstellung\/parfumole-fur-die-kerzenherstellung\/hochwertige-parfumole\/cosy-owl-premium-tonka-tabakbluten-duftol\/?wmc-currency=EUR\">Tonka &amp; Tabakbl\u00fcte<\/a> <\/strong>- Ein warmer, reichhaltiger Duft mit s\u00fc\u00dfer Vanille und Zimt in der Kopfnote, einer w\u00fcrzigen Herznote aus Zimt, Mandel und Nelke und einer weichen Basis aus Tonka und Tabak f\u00fcr einen tiefen, leicht maskulinen Abgang.<\/p>\n<p><a href=\"https:\/\/cosyowl.com\/de_at\/zubehor-fur-die-kerzenherstellung\/parfumole-fur-die-kerzenherstellung\/alle-dufte\/duftol-samtrose-oud\/?wmc-currency=EUR\"><strong>Samtrose &amp; Oud<\/strong><\/a><strong> -<\/strong> Ein reicher orientalischer Blumenduft, der mit Oud, Rose, Geranie, Jasmin und einem Hauch von Nelke er\u00f6ffnet, vers\u00fc\u00dft durch Pralinen und sich in einer samtigen Basis aus Zeder, Sandelholz, Vetiver, Amber, Moschus, Vanille, Patschuli und <a href=\"https:\/\/cosyowl.com\/de_at\/fragrance-oils\/raspberry\">Himbeere<\/a>.<\/p>\n<p><strong><a href=\"https:\/\/cosyowl.com\/de_at\/parfumole\/vintage-und-vetiver-duftol\/?wmc-currency=EUR\">Weinlese &amp; Vetiver<\/a> <\/strong>- A <a href=\"https:\/\/cosyowl.com\/de_at\/candle-making-supplies\/candle-wax\/paraffin-wax\/kerawax-4600-paraffin-pillar-wax\">klassisch<\/a>, <a href=\"https:\/\/cosyowl.com\/de_at\/candle-making-supplies\/fragrance-oils-for-candle-making\/all-fragrances\/pomegranate-noir-fragrance-oil\">anspruchsvoll<\/a> Ein holziger Duft, der mit frischer Zitrone er\u00f6ffnet, zu einer raffinierten Herznote aus Tabak und Vetiver f\u00fchrt und in eine warme, w\u00fcrzige Basis aus Muskatnuss, Tabak und Pfeffer m\u00fcndet.<\/p>\n<p><strong><a href=\"https:\/\/cosyowl.com\/de_at\/zubehor-fur-die-kerzenherstellung\/parfumole-fur-die-kerzenherstellung\/hochwertige-parfumole\/cosy-owl-premium-holz-salbei-meersalz-duftol\/?wmc-currency=EUR\">Holzsalbei Meersalz<\/a> -<\/strong> Frisch, <a href=\"https:\/\/cosyowl.com\/de_at\/fragrance-oils\/coffee\">aromatisch<\/a> <a href=\"https:\/\/cosyowl.com\/de_at\/candle-making-supplies\/fragrance-oils-for-candle-making\/all-fragrances\/ocean-fragrance-oil\">Marine<\/a> Ein Duft mit subtilen Zitrusnoten, der salzige Akkorde mit weichen H\u00f6lzern, sanfter W\u00fcrze und einem Hauch von S\u00fc\u00dfe f\u00fcr einen weichen, lang anhaltenden Abgang verbindet.<\/p>\n<p>&nbsp;<\/p>\n<h3><strong>Warum unser Sojawachskerzen-Set w\u00e4hlen?<\/strong><\/h3>\n<p>Wir sind stolz darauf, ausschlie\u00dflich die hochwertigsten Zutaten f\u00fcr die Herstellung von handgemachten Duftkerzen zu liefern. Im Gegensatz zu vielen Starter-Kits sind unsere Produkte sorgf\u00e4ltig auf ihre professionelle Qualit\u00e4t ausgew\u00e4hlt, damit Sie Kerzen mit exzellentem Abbrennverhalten, starkem Duft und einem sch\u00f6nen Finish herstellen k\u00f6nnen.<\/p>\n<p><strong>Unser <a href=\"https:\/\/cosyowl.com\/de_at\/guides\/how-to-make-bleeding-heart-wax-melts\">DIY<\/a> Sojakerzen-Bausatz ist ideal f\u00fcr:<\/strong><\/p>\n<ul>\n<li>Anf\u00e4nger lernen, wie man Kerzen zu Hause herstellt<\/li>\n<li>Hobbybastler, die ein zuverl\u00e4ssiges <a href=\"https:\/\/cosyowl.com\/de_at\/guides\/how-to-make-marbled-wax-melts\">Kerzenhandwerk<\/a> Bausatz<\/li>\n<li>Geschenkk\u00e4ufer auf der Suche nach einem <a href=\"https:\/\/cosyowl.com\/de_at\/guides\/ideas-and-creativity\">kreative Kerzenherstellung<\/a> Geschenk<\/li>\n<li>Jeder, der liebt <a href=\"https:\/\/cosyowl.com\/de_at\/guides\/making-a-reed-diffuser\">Raumduft<\/a> und handgefertigte Kerzen<\/li>\n<\/ul>\n<p>&nbsp;<\/p>\n<h3><strong>Professionelle Kerzenherstellungsmaterialien<\/strong><\/h3>\n<p>Jeder Artikel in diesem <a href=\"https:\/\/cosyowl.com\/de_at\/guides\/vegan-candle-making-supplies\">Zubeh\u00f6r f\u00fcr die Kerzenherstellung<\/a> Kit ist so ausgew\u00e4hlt, dass Sie zu Hause gro\u00dfartige Ergebnisse erzielen k\u00f6nnen. Wir verwenden keine minderwertigen Ausgangsmaterialien, denn wir glauben, dass das Lernen mit besseren Zutaten zu besseren Kerzen f\u00fchrt.<\/p>\n<p><strong>Alle in diesem Kit enthaltenen Materialien sind:<\/strong><\/p>\n<ul>\n<li>Nachhaltig bezogen<\/li>\n<li>Umweltfreundlich<\/li>\n<li>Veganfreundlich<\/li>\n<li>Tierversuchsfrei<\/li>\n<li><a href=\"https:\/\/cosyowl.com\/de_at\/guides\/cmrs-and-phthalates-in-fragrance-oils\">Frei von<\/a> CMR und Phthalate<\/li>\n<li>Perfekt f\u00fcr Anf\u00e4nger und Kerzenliebhaber<\/li>\n<\/ul>\n<p>Wenn Sie ein Starter-Kit f\u00fcr die Kerzenherstellung, ein Sojakerzen-Kit oder ein komplettes Set f\u00fcr die Herstellung Ihrer eigenen Kerzen suchen, ist dies ein hervorragender Ausgangspunkt. Mit einfachen <a href=\"https:\/\/cosyowl.com\/de_at\/guides\/temperature-guidelines\">Anweisungen<\/a>, Mit den hochwertigen Zutaten und dem Duft Ihrer Wahl k\u00f6nnen Sie mit unserem Set ganz bequem von zu Hause aus den kreativen Prozess der Kerzenherstellung genie\u00dfen.<\/p>\n<h3 data-start=\"2493\" data-end=\"2542\"><\/h3>\n<h3 data-start=\"2493\" data-end=\"2542\"><strong>Hilfreiche Ressourcen f\u00fcr eine erfolgreiche Kerzenherstellung<\/strong><\/h3>\n<ul>\n<li><strong><span style=\"color: #ff6600\"><a style=\"color: #ff6600\" href=\"https:\/\/cosyowl.com\/de_at\/leitfaden\/wie-man-eine-kerze-macht\/?wmc-currency=EUR\">Wie man eine Kerze herstellt\u00a0<\/a><\/span><\/strong><\/li>\n<li><strong><span style=\"color: #ff6600\"><a style=\"color: #ff6600\" href=\"https:\/\/cosyowl.com\/de_at\/leitfaden\/container-kerzenfuhrer\/?wmc-currency=EUR\">Anleitung zur Herstellung von Beh\u00e4lterkerzen<\/a><\/span><\/strong><\/li>\n<li><strong><span style=\"color: #ff6600\"><a style=\"color: #ff6600\" href=\"https:\/\/cosyowl.com\/de_at\/leitfaden\/anleitung-zur-herstellung-einer-kerze-fur-anfanger\/?wmc-currency=EUR\">Anleitung zur Herstellung einer Kerze f\u00fcr Anf\u00e4nger<\/a><\/span><\/strong><strong><br \/>\n<\/strong><\/li>\n<li class=\"entry-title\"><strong><span style=\"color: #ff6600\"><a style=\"color: #ff6600\" href=\"https:\/\/cosyowl.com\/de_at\/leitfaden\/wie-man-duftole-verwendet\/?wmc-currency=EUR\">Wie man Duft\u00f6le verwendet<\/a><\/span><\/strong><\/li>\n<li><strong><span style=\"color: #ff6600\"><a style=\"color: #ff6600\" href=\"https:\/\/cosyowl.com\/de_at\/leitfaden\/fehlersuche\/?wmc-currency=EUR\">Fehlerbehebung bei Problemen bei der Kerzenherstellung<\/a><\/span><\/strong><\/li>\n<li><strong><span style=\"color: #ff6600\"><a style=\"color: #ff6600\" href=\"https:\/\/cosyowl.com\/de_at\/leitfaden\/faq\/?wmc-currency=EUR\">FAQs zur Kerzenherstellung<\/a><\/span><\/strong><\/li>\n<li><strong><span style=\"color: #ff6600\"><a style=\"color: #ff6600\" href=\"https:\/\/cosyowl.com\/de_at\/leitfaden\/?wmc-currency=EUR\">Leitf\u00e4den &amp; Rezepte<\/a><\/span><\/strong><\/li>\n<\/ul>","protected":false},"excerpt":{"rendered":"<p>Our Candle Making Kit makes it easy to create beautifully scented soy candles at home. Ideal for beginners and experienced makers alike, this all-in-one kit includes everything you need to make up to five fragranced candles using high-quality materials.\u00a0Perfect as a gift or a fun home craft project, each kit includes one fragrance so you [&hellip;]<\/p>\n","protected":false},"featured_media":126805,"comment_status":"open","ping_status":"closed","template":"","meta":{"_acf_changed":false},"product_brand":[],"product_cat":[530,720,653],"product_tag":[917],"class_list":{"0":"post-126579","1":"product","2":"type-product","3":"status-publish","4":"has-post-thumbnail","6":"product_cat-candle-making-kits","7":"product_cat-candle-making-kits-candle-making-supplies","8":"product_cat-craft-kits","9":"product_tag-candle-making-kit","10":"product_shipping_class-royal_mail_kits","12":"first","13":"instock","14":"taxable","15":"shipping-taxable","16":"purchasable","17":"product-type-variable"},"acf":[],"_links":{"self":[{"href":"https:\/\/cosyowl.com\/de_at\/wp-json\/wp\/v2\/product\/126579","targetHints":{"allow":["GET"]}}],"collection":[{"href":"https:\/\/cosyowl.com\/de_at\/wp-json\/wp\/v2\/product"}],"about":[{"href":"https:\/\/cosyowl.com\/de_at\/wp-json\/wp\/v2\/types\/product"}],"replies":[{"embeddable":true,"href":"https:\/\/cosyowl.com\/de_at\/wp-json\/wp\/v2\/comments?post=126579"}],"wp:featuredmedia":[{"embeddable":true,"href":"https:\/\/cosyowl.com\/de_at\/wp-json\/wp\/v2\/media\/126805"}],"wp:attachment":[{"href":"https:\/\/cosyowl.com\/de_at\/wp-json\/wp\/v2\/media?parent=126579"}],"wp:term":[{"taxonomy":"product_brand","embeddable":true,"href":"https:\/\/cosyowl.com\/de_at\/wp-json\/wp\/v2\/product_brand?post=126579"},{"taxonomy":"product_cat","embeddable":true,"href":"https:\/\/cosyowl.com\/de_at\/wp-json\/wp\/v2\/product_cat?post=126579"},{"taxonomy":"product_tag","embeddable":true,"href":"https:\/\/cosyowl.com\/de_at\/wp-json\/wp\/v2\/product_tag?post=126579"}],"curies":[{"name":"wp","href":"https:\/\/api.w.org\/{rel}","templated":true}]}}