{"id":126498,"date":"2026-03-23T09:22:51","date_gmt":"2026-03-23T09:22:51","guid":{"rendered":"https:\/\/cosyowl.com\/?post_type=product&#038;p=126498"},"modified":"2026-05-01T13:08:58","modified_gmt":"2026-05-01T12:08:58","slug":"sojakerzen-bastelset-stellen-sie-5-duftende-kerzen-zu-hause-her-inspiriert-von-duften","status":"publish","type":"product","link":"https:\/\/cosyowl.com\/de_at\/craft-kits\/candle-making-kits\/soy-candle-making-kit-make-5-scented-candles-at-home-inspired-by-scents","title":{"rendered":"DIY-Set f\u00fcr Sojakerzen \u2013 Stellen Sie 5 duftende Kerzen zu Hause her | Inspiriert von D\u00fcften"},"content":{"rendered":"<h4 style=\"text-align: left\"><strong>Unser Kerzen-Set macht es einfach, zu Hause wundersch\u00f6n duftende Sojakerzen herzustellen. Dieses Komplettpaket ist ideal f\u00fcr Anf\u00e4nger und erfahrene Kerzenhersteller gleicherma\u00dfen und enth\u00e4lt alles, was Sie brauchen, um mit hochwertigen Materialien bis zu f\u00fcnf duftende Kerzen herzustellen. Perfekt als Geschenk oder als unterhaltsames Bastelprojekt f\u00fcr zu Hause, jedes Set enth\u00e4lt einen Duft, damit Sie Kerzen kreieren k\u00f6nnen, die Ihrem Stil und Ihren R\u00e4umen entsprechen. Mit allem, was Sie zum sofortigen Start ben\u00f6tigen, ist es eine einfache und lohnende M\u00f6glichkeit, Kerzenherstellung zu Hause zu genie\u00dfen.<\/strong><\/h4>\n<p>&nbsp;<\/p>\n<h3 style=\"text-align: left\"><strong>Was ist in Ihrem Kerzenherstellungsset enthalten?<\/strong><\/h3>\n<p>800g Von <strong>Hochwertige Qualit\u00e4t <a href=\"https:\/\/cosyowl.com\/de_at\/candle-making-supplies\/candle-wax\/soy-wax\/kerasoy-4130-container-wax\">KeraSoy 4130<\/a> Soja Container Wachs<\/strong> F\u00fcr A <a href=\"https:\/\/cosyowl.com\/de_at\/candle-making-supplies\/glitters\/pure-white-biodegradable\">Sauber<\/a>, Gleichm\u00e4\u00dfige Verbrennung<\/p>\n<p><a href=\"https:\/\/cosyowl.com\/de_at\/candle-tins\/silver-round-candle-tin-with-window-lid-50ml\">50ml<\/a> <strong><a href=\"https:\/\/cosyowl.com\/de_at\/candle-making-supplies\/fragrance-oils-for-candle-making\/premium-fragrance-oils\/cosy-owl-premium-1-million-type-fragrance-oil\">Parf\u00fcm\u00f6l<\/a><\/strong><\/p>\n<p>5 <strong>Eco 10 Dochte<\/strong> F\u00fcr optimale Flammenleistung<\/p>\n<p>5 <strong>Holzzentrierdorne<\/strong><\/p>\n<p>5 G<strong>Punkte<\/strong><\/p>\n<p>5 <strong><a href=\"https:\/\/cosyowl.com\/de_at\/candle-making-supplies\/candle-containers\/candle-glasses\/glass-candle-containers-20cl-karen-round-pack-of-12\">20cl<\/a> <a href=\"https:\/\/cosyowl.com\/de_at\/candle-making-supplies\/candle-containers\/candle-glasses\/glass-candle-container-30cl-karen-round\">Karen Rund<\/a> Brillen<\/strong> Perfekte Beh\u00e4lter f\u00fcr den Hausgebrauch oder als Geschenk<\/p>\n<p>Einfach zu befolgen, <strong>Schritt-f\u00fcr-Schritt <a href=\"https:\/\/cosyowl.com\/de_at\/guides\/how-to-make-a-candle\">Kerzenherstellung<\/a> <a href=\"https:\/\/cosyowl.com\/de_at\/guides\/a-guide-to-creating-your-own-soap-products\">Leitfaden<\/a><\/strong> Perfekt f\u00fcr Anf\u00e4nger<\/p>\n<h3><strong>W\u00e4hlen Sie Ihren Lieblingskerzenduft<\/strong><\/h3>\n<p>Der Duft ist einer der wichtigsten Bestandteile eines jeden <a href=\"https:\/\/cosyowl.com\/de_at\/guides\/a-summers-beach-gel-votive-candle\">Kerze<\/a>. Er tr\u00e4gt zur Atmosph\u00e4re bei, weckt Erinnerungen und verleiht jeder Kerze eine pers\u00f6nliche Note, die Sie herstellen. Deshalb k\u00f6nnen Sie bei diesem Kerzenherstellungsset mit Duft\u00f6l Ihren bevorzugten Duft aus dem Dropdown-Men\u00fc ausw\u00e4hlen. Unsere Kollektion von Premium <a href=\"https:\/\/cosyowl.com\/de_at\/guides\/2023-spring-fragrance-oil-trends\">Parf\u00fcm\u00f6le<\/a> umfasst eine breite Palette von D\u00fcften f\u00fcr jeden Geschmack, von <a href=\"https:\/\/cosyowl.com\/de_at\/candle-making-supplies\/essential-oils\/eucalyptus-globulus-essential-oil\">frisch<\/a> und saubere Aromen zu <a href=\"https:\/\/cosyowl.com\/de_at\/craft-kits\/candle-making-kits\/soy-wax-mulled-wine-christmas-candle-making-kit\">warm<\/a>, <a href=\"https:\/\/cosyowl.com\/de_at\/fragrance-oils\/chocolate-orange\">reich<\/a>, und beruhigende Mischungen. Jedes Duft\u00f6l ist hochkonzentriert, so dass eine kleine Menge ausreicht und Sie die volle Kontrolle \u00fcber die Duftst\u00e4rke Ihrer fertigen Kerzen haben. Diese Parf\u00fcm\u00f6le sind speziell so formuliert, dass sie sich reibungslos mit dem Wachs vermischen und eine hervorragende Duftleistung bieten, ohne die Konsistenz zu beeintr\u00e4chtigen. <a href=\"https:\/\/cosyowl.com\/de_at\/candle-wicks\/wedo-lx-wick-raw\">Qualit\u00e4t<\/a> oder das Abbrennen Ihrer Kerze.<\/p>\n<p><strong><a href=\"https:\/\/cosyowl.com\/de_at\/zubehor-fur-die-kerzenherstellung\/parfumole-fur-die-kerzenherstellung\/hochwertige-parfumole\/kuschelige-eule-premium-1-million-typ-duftol\/?wmc-currency=EUR\">1 Million<\/a><\/strong> - A <a href=\"https:\/\/cosyowl.com\/de_at\/candle-making-supplies\/glitters\/fluorescent-green\">fett<\/a>, maskulines Parfum mit einer Er\u00f6ffnung aus Grapefruit, Minze und Blutorange, verfeinert durch dezente <a href=\"https:\/\/cosyowl.com\/de_at\/craft-supplies\/wax-melt-supplies\/mica-powder-glitter\/bright-peach-biodegradable-candle-glitter\">prickelnd<\/a> Gew\u00fcrzen, und ruht auf einer glatten Basis aus wei\u00dfen H\u00f6lzern und Ambra.<\/p>\n<p><strong><a href=\"https:\/\/cosyowl.com\/de_at\/zubehor-fur-die-kerzenherstellung\/parfumole-fur-die-kerzenherstellung\/alle-dufte\/fremdartiges-duftol\/?wmc-currency=EUR\">Alien-Typ<\/a><\/strong> \u2013 Ein reicher, blumig-s\u00fc\u00dfer Duft, der mit Bergamotte, schwarzer Johannisbeere und <a href=\"https:\/\/cosyowl.com\/de_at\/candle-making-supplies\/fragrance-oils-for-candle-making\/all-fragrances\/strawberry-fragrance-oil\">Erdbeere<\/a>, was zu einem \u00fcppigen Herzen von f\u00fchrt <a href=\"https:\/\/cosyowl.com\/de_at\/candle-making-supplies\/fragrance-oils-for-candle-making\/all-fragrances\/jasmine-fragrance-oil\">jasmin<\/a>, Lilie, Orchidee, Rose und Honig, und m\u00fcndet in eine warme Basis aus Vanille, Karamell, Tonkabohne, Patschuli, Sandelholz, Moschus und Amber.<\/p>\n<p><strong><a href=\"https:\/\/cosyowl.com\/de_at\/zubehor-fur-die-kerzenherstellung\/parfumole-fur-die-kerzenherstellung\/alle-dufte\/duftol-typ-engel\/?wmc-currency=EUR\">Engel Typ<\/a> <\/strong>- A <a href=\"https:\/\/cosyowl.com\/de_at\/candle-making-supplies\/glitters\/lake-blue-biodegradable\">lebendige<\/a> Duft\u00f6ffnung mit <a href=\"https:\/\/cosyowl.com\/de_at\/fragrance-oils\/lemon\">Zitrone<\/a>, Bergamotte und Orangenschale, die zu einem sanften Herzen aus Jasmin, Kakao und <a href=\"https:\/\/cosyowl.com\/de_at\/fragrance-oils\/lilac\">fliederfarben<\/a>, und sich in einer warmen Basis von <a href=\"https:\/\/cosyowl.com\/de_at\/candle-making-supplies\/fragrance-oils-for-candle-making\/all-fragrances\/french-vanilla-fragrance-oil\">cremig<\/a> Amber, Patschuli, Moos, Vanille und Tonkabohne.<\/p>\n<p><strong><a href=\"https:\/\/cosyowl.com\/de_at\/zubehor-fur-die-kerzenherstellung\/parfumole-fur-die-kerzenherstellung\/hochwertige-parfumole\/kuschelige-eule-premium-baies-duftol\/?wmc-currency=EUR\">Baies<\/a> <\/strong>\u2013 Ein romantisches, <a href=\"https:\/\/cosyowl.com\/de_at\/candle-making-supplies\/fragrance-oils-for-candle-making\/all-fragrances\/pomegranate-noir-fragrance-oil\">anspruchsvoll<\/a> Duft mit saftigen Sommerbeeren und schwarzer Johannisbeerbl\u00e4ttern, abgemildert durch <a href=\"https:\/\/cosyowl.com\/de_at\/candle-making-supplies\/candle-containers\/candle-glasses\/glass-candle-container-50cl-classic-jar-with-lid\">elegant<\/a> Noten von Rose und Freesie.<\/p>\n<p><strong><a href=\"https:\/\/cosyowl.com\/de_at\/parfumole\/alle-dufte\/bibliotheque-duftol\/?wmc-currency=EUR\">B\u00fccherei<\/a> <\/strong>- Ein tiefgr\u00fcndiger, maskuliner Duft mit warmen, muffigen Noten von altem Holz und alten B\u00fcchern, angereichert mit komplexen Mittel- und Basisakkorden f\u00fcr einen reichen, abgerundeten und stimmungsvollen Abgang.<\/p>\n<p><strong><a href=\"https:\/\/cosyowl.com\/de_at\/zubehor-fur-die-kerzenherstellung\/parfumole-fur-die-kerzenherstellung\/alle-dufte\/mr-boss-duftol\/?wmc-currency=EUR\">Herr Boss<\/a> <\/strong>\u2013 Ein raffinierter, maskuliner Duft, der mit knackigem Apfel und <a href=\"https:\/\/cosyowl.com\/de_at\/candle-making-supplies\/fragrance-oils-for-candle-making\/all-fragrances\/lime-basil-mandarin-fragrance-oil\">pikant<\/a> Zitrone, die zu einem warmen Herzen aus Zimt und Nelken mit Amber- und balsamischen Noten f\u00fchrt, und im Fond mit Zedernholz und einem sanften Hauch von Vanille ausklingt.<\/p>\n<p><strong><a href=\"https:\/\/cosyowl.com\/de_at\/zubehor-fur-die-kerzenherstellung\/parfumole-fur-die-kerzenherstellung\/alle-dufte\/parfumol-fur-brasilianische-schonheit\/?wmc-currency=EUR\">Brasilianische Sch\u00f6nheit<\/a><\/strong> \u2013 Ein reicher, beruhigender Duft, der mit Lavendel, Mandarine und <a href=\"https:\/\/cosyowl.com\/de_at\/fragrance-oils\/candy-floss\">s\u00fc\u00df<\/a> orange, was zu einem <a href=\"https:\/\/cosyowl.com\/de_at\/candle-making-supplies\/fragrance-oils-for-candle-making\/all-fragrances\/parma-violets-fragrance-oil\">zart gebl\u00fcmt<\/a> Herz aus Lilie und Iris, und sich in einer warmen Basis aus niederlassend <a href=\"https:\/\/cosyowl.com\/de_at\/fragrance-oils\/coconut\">Kokosnuss<\/a>, <a href=\"https:\/\/cosyowl.com\/de_at\/candle-making-supplies\/fragrance-oils-for-candle-making\/all-fragrances\/blueberry-vanilla-fragrance-oil\">cremige Vanille<\/a>, Sheabutter und sanfte H\u00f6lzer.<\/p>\n<p><strong><a href=\"https:\/\/cosyowl.com\/de_at\/zubehor-fur-die-kerzenherstellung\/parfumole-fur-die-kerzenherstellung\/alle-dufte\/parfumol-brazilian-crush\/?wmc-currency=EUR\">Brasilianische Schw\u00e4rmerei<\/a> <\/strong>- Ein warmes, <a href=\"https:\/\/cosyowl.com\/de_at\/candle-making-supplies\/fragrance-oils-for-candle-making\/all-fragrances\/fudge-fragrance-oil\">Ablasshandel<\/a> Duftmischung Mandel, <a href=\"https:\/\/cosyowl.com\/de_at\/candle-making-supplies\/fragrance-oils-for-candle-making\/all-fragrances\/chocolate-fragrance-oil\">Schokolade<\/a>, Kokos und Kaffee, ges\u00fc\u00dft mit Vanille und Karamell und abgerundet mit einem zarten Hauch von Moschus.<\/p>\n<p><strong><a href=\"https:\/\/cosyowl.com\/de_at\/zubehor-fur-die-kerzenherstellung\/parfumole-fur-die-kerzenherstellung\/alle-dufte\/charmantes-liebesduftol\/?wmc-currency=EUR\">Charmante Liebe<\/a><\/strong> - Ein weicher, romantischer Duft, der mit reifem Pfirsich und Orange er\u00f6ffnet, zu einem zarten Herz aus Kirschbl\u00fcten und Aloe Vera f\u00fchrt und in eine beruhigende Basis aus Moschus und Kamille \u00fcbergeht.<\/p>\n<p><strong><a href=\"https:\/\/cosyowl.com\/de_at\/zubehor-fur-die-kerzenherstellung\/parfumole-fur-die-kerzenherstellung\/alle-dufte\/duftol-typ-creed\/?wmc-currency=EUR\">Glaubensbekenntnis Typ<\/a> <\/strong>- Eine neue, <a href=\"https:\/\/cosyowl.com\/de_at\/fragrance-oils\/coffee\">aromatisch<\/a> Duft\u00f6ffnung mit Zitronenschale, wilder Minze und Eukalyptus, geschichtet mit Rosmarin, Alpenveilchen, Geranie und Maigl\u00f6ckchen, und abgerundet mit einer raffinierten Basis aus Amber, wei\u00dfem Sandelholz, Eichenmoos und Patschuli.<\/p>\n<p><strong><a href=\"https:\/\/cosyowl.com\/de_at\/zubehor-fur-die-kerzenherstellung\/parfumole-fur-die-kerzenherstellung\/hochwertige-parfumole\/cosy-owl-premium-englische-birne-freesie-duftol\/?wmc-currency=EUR\">Englische Birne &amp; Freesie<\/a> <\/strong>- Ein frischer, eleganter Duft mit saftiger Birne in der Kopfnote, einer weichen Herznote aus Freesie und einer sanften Basis aus Patchouli.<\/p>\n<p><strong><a href=\"https:\/\/cosyowl.com\/de_at\/zubehor-fur-die-kerzenherstellung\/parfumole-fur-die-kerzenherstellung\/alle-dufte\/frisches-unstoppables-duftol\/?wmc-currency=EUR\">Frische Unstoppables<\/a> <\/strong>\u2013 Ein frischer, fruchtig-blumiger Duft, der sich mit ozonischen Noten \u00f6ffnet, <a href=\"https:\/\/cosyowl.com\/de_at\/candle-making-supplies\/fragrance-oils-for-candle-making\/all-fragrances\/pink-grapefruit-fragrance-oil\">Zitrusfr\u00fcchte<\/a> orange, pfirsich und <a href=\"https:\/\/cosyowl.com\/de_at\/fragrance-oils\/fresh-cut-grass\">gr\u00fcn<\/a> Apfel, der zu einem zarten Herz aus Jasmin, Rose, Neroli, Anis und Eukalyptus f\u00fchrt und sich in einer weichen Basis aus Patschuli und Vanille niederl\u00e4sst.<\/p>\n<p><strong><a href=\"https:\/\/cosyowl.com\/de_at\/zubehor-fur-die-kerzenherstellung\/parfumole-fur-die-kerzenherstellung\/alle-dufte\/duftol-vom-typ-lady-million\/?wmc-currency=EUR\">Lady Million Typ<\/a> <\/strong>- Ein lebendiger, eleganter Duft, der mit Orange, Neroli und Apfel er\u00f6ffnet, zu einer weichen, blumigen Herznote aus Jasmin, Veilchen und Pfingstrose f\u00fchrt und in eine warme Basis aus Amber, Patchouli, Sandelholz, Vanille und Moschus m\u00fcndet.<\/p>\n<p><strong><a href=\"https:\/\/cosyowl.com\/de_at\/zubehor-fur-die-kerzenherstellung\/parfumole-fur-die-kerzenherstellung\/alle-dufte\/lenora-blue-duftol\/?wmc-currency=EUR\">Lenora Blau<\/a> <\/strong>\u2013 Ein frischer, sauberer aldehydischer floraler Duft, der mit Nelke beginnt und zu einem sanften Herzen aus Rose, Jasmin, Lilie und <a href=\"https:\/\/cosyowl.com\/de_at\/candle-making-supplies\/fragrance-oils-for-candle-making\/all-fragrances\/ocean-fragrance-oil\">Marine<\/a> Noten, und sich in einer beruhigenden Basis aus Moschus und Sandelholz niederlassen, die an frisch gewaschene W\u00e4sche erinnert.<\/p>\n<p><strong><a href=\"https:\/\/cosyowl.com\/de_at\/zubehor-fur-die-kerzenherstellung\/parfumole-fur-die-kerzenherstellung\/alle-dufte\/limetten-basilikum-mandarinen-duftol\/?wmc-currency=EUR\">Limette-Basilikum-Mandarine<\/a><\/strong> \u2013 Ein frischer, spritziger Duft, der mit Limette, Basilikum, Mandarine und Orangenschale er\u00f6ffnet, unterlegt mit schwarzem Pfeffer, Geranie, Flieder und Thymian, und abgerundet mit <a href=\"https:\/\/cosyowl.com\/de_at\/candle-making-supplies\/fragrance-oils-for-candle-making\/all-fragrances\/honey-fragrance-oil\">nat\u00fcrlich<\/a> Basis aus Moos, Patchouli, Moschus und wei\u00dfem Zedernholz.<\/p>\n<p><strong><a href=\"https:\/\/cosyowl.com\/de_at\/zubehor-fur-die-kerzenherstellung\/parfumole-fur-die-kerzenherstellung\/hochwertige-parfumole\/kuschelige-eule-premium-verloren-kirsche-typ-duftol\/?wmc-currency=EUR\">Verlorene Kirsche<\/a><\/strong> - Ein reichhaltiger, s\u00fc\u00dfer Duft, der mit Kirsche, Lik\u00f6r und Mandel beginnt, zu weichen, duftenden Mittelnoten f\u00fchrt und in einen sanften Duft \u00fcbergeht. <a href=\"https:\/\/cosyowl.com\/de_at\/fragrance-oils\/teakwood\">Woody<\/a> Basis f\u00fcr einen tiefen, abgerundeten Abgang.<\/p>\n<p><strong><a href=\"https:\/\/cosyowl.com\/de_at\/zubehor-fur-die-kerzenherstellung\/parfumole-fur-die-kerzenherstellung\/alle-dufte\/opium-duftol\/?wmc-currency=EUR\">Opium<\/a> <\/strong>- Ein sinnlicher, raffinierter Duft, der Amber und kulinarische S\u00fc\u00dfe mit Moschus, Orangenbl\u00fcten und Quitten vermischt, geerdet in einer warmen Basis aus Sandelholz und Vanille f\u00fcr einen reichen, verw\u00f6hnenden Abschluss.<\/p>\n<p><strong><a href=\"https:\/\/cosyowl.com\/de_at\/zubehor-fur-die-kerzenherstellung\/parfumole-fur-die-kerzenherstellung\/alle-dufte\/granatapfel-noir-duftol\/?wmc-currency=EUR\">Granatapfel Noir<\/a> <\/strong>- A <a href=\"https:\/\/cosyowl.com\/de_at\/candle-making-supplies\/glitters\/fluorescent-peach\">hell<\/a>, <a href=\"https:\/\/cosyowl.com\/de_at\/craft-kits\/candle-making-kits\/soy-wax-cheeky-cherry-candle-making-kit\">fruchtig<\/a> Duft, der mit Limette und <a href=\"https:\/\/cosyowl.com\/de_at\/candle-making-supplies\/fragrance-oils-for-candle-making\/all-fragrances\/lemon-lavender-fragrance-oil\">Zitronenschale<\/a>, was zu einem saftigen Granatapfelkern f\u00fchrt, <a href=\"https:\/\/cosyowl.com\/de_at\/fragrance-oils\/raspberry\">Himbeere<\/a>, und Pflaume, und schmiegt sich in eine weiche Basis aus Vanille, s\u00fc\u00dfem Moschus und Moos.<\/p>\n<p><strong><a href=\"https:\/\/cosyowl.com\/de_at\/zubehor-fur-die-kerzenherstellung\/parfumole-fur-die-kerzenherstellung\/alle-dufte\/sauvage-duftol\/?wmc-currency=EUR\">Sauvage<\/a> <\/strong>- Genie\u00dfen Sie den luxuri\u00f6sen Duft von Sauvage, der Ihre Sinne bet\u00f6rt und einen bleibenden Eindruck hinterl\u00e4sst. Hier vereinen sich frische Bergamotte und Mandarine mit Geranienbl\u00fcten, Olibanum\u00f6l, frischen Lavendelzweigen, Patchouli, Moos und warmen Nuancen von kostbarem Amber und Moschus.<\/p>\n<p><strong><a href=\"https:\/\/cosyowl.com\/de_at\/zubehor-fur-die-kerzenherstellung\/parfumole-fur-die-kerzenherstellung\/hochwertige-parfumole\/cosy-owl-premium-sonnenverwohntes-apricot-rose-duftol\/?wmc-currency=EUR\">Sonnenverw\u00f6hnte Aprikosenrose<\/a> <\/strong>- Ein reichhaltiger, intensiver Duft, der mit Aprikosen- und Nektarinenbl\u00fcten er\u00f6ffnet und in ein blumiges Herz aus Rosen und <a href=\"https:\/\/cosyowl.com\/de_at\/fragrance-oils\/gardenia\">Gardenie<\/a>, und sich in einer tiefen, moschusartigen Basis f\u00fcr ein k\u00fchnes, <a href=\"https:\/\/cosyowl.com\/de_at\/candle-making-supplies\/candle-containers\/metal-containers\/rose-gold-round-candle-tin-with-welded-side-seam-250ml-single\">luxuri\u00f6se Verarbeitung<\/a>.<\/p>\n<p><strong><a href=\"https:\/\/cosyowl.com\/de_at\/parfumole\/duftol-typ-grace\/?wmc-currency=EUR\">S\u00fc\u00dfe Anmut Typ<\/a> <\/strong>- Ein frischer, vollmundiger Duft, der mit spritzigen Zitrusfr\u00fcchten er\u00f6ffnet, zu einem blumigen Herzen aus Rose und Jasmin f\u00fchrt und in eine warme, moschusartige Basis \u00fcbergeht, die einen reichen, s\u00fcchtig machenden Abgang bildet.<\/p>\n<p><strong><a href=\"https:\/\/cosyowl.com\/de_at\/zubehor-fur-die-kerzenherstellung\/parfumole-fur-die-kerzenherstellung\/alle-dufte\/twc-wild-rhabarber-duftol\/?wmc-currency=EUR\">Rhabarber<\/a> -<\/strong> Ein lebendiger, frischer Duft, der gr\u00fcne Apfel und saftige Birne mit Rhabarber, Pfingstrose und Rose vermischt, untermauert von einer weichen Basis aus Moschus und Patschuli.<\/p>\n<p><strong><a href=\"https:\/\/cosyowl.com\/de_at\/zubehor-fur-die-kerzenherstellung\/parfumole-fur-die-kerzenherstellung\/alle-dufte\/twc-meersalz-duftol-2\/?wmc-currency=EUR\">TWC Meersalz<\/a> <\/strong>\u2013 Ein frischer, maritimer Duft mit <a href=\"https:\/\/cosyowl.com\/de_at\/candle-making-supplies\/essential-oils\/rosemary-essential-oil\">belebend<\/a> Zitrone, Minze und Lavendel, geschichtet mit Zedernholz und Leder f\u00fcr ein frisches, luftiges Finish.<\/p>\n<p><strong><a href=\"https:\/\/cosyowl.com\/de_at\/zubehor-fur-die-kerzenherstellung\/parfumole-fur-die-kerzenherstellung\/alle-dufte\/twc-verbena-duftol\/?wmc-currency=EUR\">TWC Eisenkraut<\/a><\/strong> \u2013 Ein frischer, spritziger Duft mit aldehydischen Noten, Zitrone, Mandarine und nitrilischen Akkorden, der einen hellen, <a href=\"https:\/\/cosyowl.com\/de_at\/candle-making-supplies\/essential-oils\/grapefruit-essential-oil\">belebender Duft<\/a> Erinnert an einen klaren Sommermorgen.<\/p>\n<p><strong><a href=\"https:\/\/cosyowl.com\/de_at\/parfumole\/v-r-blumenbombe-typ\/?wmc-currency=EUR\">V&amp;R Flowerbomb<\/a><\/strong> - Ein kraftvoller, eleganter Duft, der mit Orangenbalsam und Bergamotte er\u00f6ffnet, zu einer weichen, blumigen Herznote aus Maigl\u00f6ckchen, Jasmin und Muguet f\u00fchrt und in eine warme Basis aus Sandelholz, Patchouli, Moschus und Amber m\u00fcndet.<\/p>\n<p><strong><a href=\"https:\/\/cosyowl.com\/de_at\/zubehor-fur-die-kerzenherstellung\/parfumole-fur-die-kerzenherstellung\/alle-dufte\/winter-fae-duftol\/?wmc-currency=EUR\">Winter-Fee<\/a> -<\/strong> Ein verspielter, s\u00fc\u00dfer Duft voller <a href=\"https:\/\/cosyowl.com\/de_at\/fragrance-oils\/all-fragrances\/bubblegum-fragrance-oil\">Kaugummi<\/a>, Banana- und Birnenbonbons, weichgesp\u00fclt durch Ankl\u00e4nge von Moschus und Vanille, und abgerundet mit einem zuckrigen Zuckerwatte-Twist.<\/p>\n<p><a href=\"https:\/\/cosyowl.com\/de_at\/zubehor-fur-die-kerzenherstellung\/parfumole-fur-die-kerzenherstellung\/hochwertige-parfumole\/cosy-owl-premium-holz-salbei-meersalz-duftol\/?wmc-currency=EUR\"><strong>Holzsalbei Meersalz<\/strong><\/a> - Ein weicher, aromatischer Meeresduft mit frischen Zitrusnoten, der salzige Akkorde mit weichen H\u00f6lzern, sanfter W\u00fcrze und einem Hauch von S\u00fc\u00dfe f\u00fcr einen raffinierten, lang anhaltenden Abgang verbindet.<\/p>\n<p>&nbsp;<\/p>\n<h3><strong>Warum unser Sojawachskerzen-Set w\u00e4hlen?<\/strong><\/h3>\n<p>Wir sind stolz darauf, ausschlie\u00dflich die hochwertigsten Zutaten f\u00fcr die Herstellung von handgemachten Duftkerzen zu liefern. Im Gegensatz zu vielen Starter-Kits sind unsere Produkte sorgf\u00e4ltig auf ihre professionelle Qualit\u00e4t ausgew\u00e4hlt, damit Sie Kerzen mit exzellentem Abbrennverhalten, starkem Duft und einem sch\u00f6nen Finish herstellen k\u00f6nnen.<\/p>\n<p><strong>Unser <a href=\"https:\/\/cosyowl.com\/de_at\/guides\/how-to-make-bleeding-heart-wax-melts\">DIY<\/a> Sojakerzen-Bausatz ist ideal f\u00fcr:<\/strong><\/p>\n<ul>\n<li>Anf\u00e4nger lernen, wie man Kerzen zu Hause herstellt<\/li>\n<li>Hobbybastler, die ein zuverl\u00e4ssiges <a href=\"https:\/\/cosyowl.com\/de_at\/guides\/how-to-make-marbled-wax-melts\">Kerzenhandwerk<\/a> Bausatz<\/li>\n<li>Geschenkk\u00e4ufer auf der Suche nach einem <a href=\"https:\/\/cosyowl.com\/de_at\/guides\/ideas-and-creativity\">kreative Kerzenherstellung<\/a> Geschenk<\/li>\n<li>Jeder, der liebt <a href=\"https:\/\/cosyowl.com\/de_at\/guides\/making-a-reed-diffuser\">Raumduft<\/a> und handgefertigte Kerzen<\/li>\n<\/ul>\n<h4><\/h4>\n<h3><strong>Professionelle Kerzenherstellungsmaterialien<\/strong><\/h3>\n<p>Jeder Artikel in diesem <a href=\"https:\/\/cosyowl.com\/de_at\/guides\/vegan-candle-making-supplies\">Zubeh\u00f6r f\u00fcr die Kerzenherstellung<\/a> Kit ist so ausgew\u00e4hlt, dass Sie zu Hause gro\u00dfartige Ergebnisse erzielen k\u00f6nnen. Wir verwenden keine minderwertigen Ausgangsmaterialien, denn wir glauben, dass das Lernen mit besseren Zutaten zu besseren Kerzen f\u00fchrt.<\/p>\n<p><strong>Alle in diesem Kit enthaltenen Materialien sind:<\/strong><\/p>\n<ul>\n<li>Nachhaltig bezogen<\/li>\n<li>Umweltfreundlich<\/li>\n<li>Veganfreundlich<\/li>\n<li>Tierversuchsfrei<\/li>\n<li><a href=\"https:\/\/cosyowl.com\/de_at\/guides\/cmrs-and-phthalates-in-fragrance-oils\">Frei von<\/a> CMR und Phthalate<\/li>\n<li>Perfekt f\u00fcr Anf\u00e4nger und Kerzenliebhaber<\/li>\n<\/ul>\n<p>Wenn Sie ein Starter-Kit f\u00fcr die Kerzenherstellung, ein Sojakerzen-Kit oder ein komplettes Set f\u00fcr die Herstellung Ihrer eigenen Kerzen suchen, ist dies ein hervorragender Ausgangspunkt. Mit einfachen <a href=\"https:\/\/cosyowl.com\/de_at\/guides\/temperature-guidelines\">Anweisungen<\/a>, Mit den hochwertigen Zutaten und dem Duft Ihrer Wahl k\u00f6nnen Sie mit unserem Set ganz bequem von zu Hause aus den kreativen Prozess der Kerzenherstellung genie\u00dfen.<\/p>\n<h3 data-start=\"2493\" data-end=\"2542\"><\/h3>\n<h3 data-start=\"2493\" data-end=\"2542\"><strong>Hilfreiche Ressourcen f\u00fcr eine erfolgreiche Kerzenherstellung<\/strong><\/h3>\n<ul>\n<li><strong><span style=\"color: #ff6600\"><a style=\"color: #ff6600\" href=\"https:\/\/cosyowl.com\/de_at\/leitfaden\/wie-man-eine-kerze-macht\/?wmc-currency=EUR\">Wie man eine Kerze herstellt\u00a0<\/a><\/span><\/strong><\/li>\n<li><strong><span style=\"color: #ff6600\"><a style=\"color: #ff6600\" href=\"https:\/\/cosyowl.com\/de_at\/leitfaden\/container-kerzenfuhrer\/?wmc-currency=EUR\">Anleitung zur Herstellung von Beh\u00e4lterkerzen<\/a><\/span><\/strong><\/li>\n<li><strong><span style=\"color: #ff6600\"><a style=\"color: #ff6600\" href=\"https:\/\/cosyowl.com\/de_at\/leitfaden\/anleitung-zur-herstellung-einer-kerze-fur-anfanger\/?wmc-currency=EUR\">Anleitung zur Herstellung einer Kerze f\u00fcr Anf\u00e4nger<\/a><\/span><\/strong><strong><br \/>\n<\/strong><\/li>\n<li class=\"entry-title\"><strong><span style=\"color: #ff6600\"><a style=\"color: #ff6600\" href=\"https:\/\/cosyowl.com\/de_at\/leitfaden\/wie-man-duftole-verwendet\/?wmc-currency=EUR\">Wie man Duft\u00f6le verwendet<\/a><\/span><\/strong><\/li>\n<li><strong><span style=\"color: #ff6600\"><a style=\"color: #ff6600\" href=\"https:\/\/cosyowl.com\/de_at\/leitfaden\/fehlersuche\/?wmc-currency=EUR\">Fehlerbehebung bei Problemen bei der Kerzenherstellung<\/a><\/span><\/strong><\/li>\n<li><strong><span style=\"color: #ff6600\"><a style=\"color: #ff6600\" href=\"https:\/\/cosyowl.com\/de_at\/leitfaden\/faq\/?wmc-currency=EUR\">FAQs zur Kerzenherstellung<\/a><\/span><\/strong><\/li>\n<li><strong><span style=\"color: #ff6600\"><a style=\"color: #ff6600\" href=\"https:\/\/cosyowl.com\/de_at\/leitfaden\/?wmc-currency=EUR\">Leitf\u00e4den &amp; Rezepte<\/a><\/span><\/strong><\/li>\n<\/ul>","protected":false},"excerpt":{"rendered":"<p>Our Candle Making Kit makes it easy to create beautifully scented soy candles at home. Ideal for beginners and experienced makers alike, this all-in-one kit includes everything you need to make up to five fragranced candles using high-quality materials.\u00a0Perfect as a gift or a fun home craft project, each kit includes one fragrance so you [&hellip;]<\/p>\n","protected":false},"featured_media":126805,"comment_status":"open","ping_status":"closed","template":"","meta":{"_acf_changed":false},"product_brand":[],"product_cat":[530,720,653],"product_tag":[917],"class_list":{"0":"post-126498","1":"product","2":"type-product","3":"status-publish","4":"has-post-thumbnail","6":"product_cat-candle-making-kits","7":"product_cat-candle-making-kits-candle-making-supplies","8":"product_cat-craft-kits","9":"product_tag-candle-making-kit","10":"product_shipping_class-royal_mail_kits","12":"first","13":"instock","14":"taxable","15":"shipping-taxable","16":"purchasable","17":"product-type-variable"},"acf":[],"_links":{"self":[{"href":"https:\/\/cosyowl.com\/de_at\/wp-json\/wp\/v2\/product\/126498","targetHints":{"allow":["GET"]}}],"collection":[{"href":"https:\/\/cosyowl.com\/de_at\/wp-json\/wp\/v2\/product"}],"about":[{"href":"https:\/\/cosyowl.com\/de_at\/wp-json\/wp\/v2\/types\/product"}],"replies":[{"embeddable":true,"href":"https:\/\/cosyowl.com\/de_at\/wp-json\/wp\/v2\/comments?post=126498"}],"wp:featuredmedia":[{"embeddable":true,"href":"https:\/\/cosyowl.com\/de_at\/wp-json\/wp\/v2\/media\/126805"}],"wp:attachment":[{"href":"https:\/\/cosyowl.com\/de_at\/wp-json\/wp\/v2\/media?parent=126498"}],"wp:term":[{"taxonomy":"product_brand","embeddable":true,"href":"https:\/\/cosyowl.com\/de_at\/wp-json\/wp\/v2\/product_brand?post=126498"},{"taxonomy":"product_cat","embeddable":true,"href":"https:\/\/cosyowl.com\/de_at\/wp-json\/wp\/v2\/product_cat?post=126498"},{"taxonomy":"product_tag","embeddable":true,"href":"https:\/\/cosyowl.com\/de_at\/wp-json\/wp\/v2\/product_tag?post=126498"}],"curies":[{"name":"wp","href":"https:\/\/api.w.org\/{rel}","templated":true}]}}