{"id":126420,"date":"2026-03-23T09:22:59","date_gmt":"2026-03-23T09:22:59","guid":{"rendered":"https:\/\/cosyowl.com\/?post_type=product&#038;p=126420"},"modified":"2026-05-01T13:08:56","modified_gmt":"2026-05-01T12:08:56","slug":"kerzenherstellungsset-aus-soja-zum-selbermachen-von-5-duftkerzen-zu-hause-fruchtige-dufte","status":"publish","type":"product","link":"https:\/\/cosyowl.com\/de_at\/craft-kits\/candle-making-kits\/soy-candle-making-kit-make-5-scented-candles-at-home-fruity-scents","title":{"rendered":"Sojakerzen-Herstellungsset \u2013 Stellen Sie 5 duftende Kerzen zu Hause her | Fruchtige D\u00fcfte"},"content":{"rendered":"<h4 style=\"text-align: left\"><strong>Unser Kerzen-Set macht es einfach, zu Hause wundersch\u00f6n duftende Sojakerzen herzustellen. Dieses Komplettpaket ist ideal f\u00fcr Anf\u00e4nger und erfahrene Kerzenhersteller gleicherma\u00dfen und enth\u00e4lt alles, was Sie brauchen, um mit hochwertigen Materialien bis zu f\u00fcnf duftende Kerzen herzustellen. Perfekt als Geschenk oder als unterhaltsames Bastelprojekt f\u00fcr zu Hause, jedes Set enth\u00e4lt einen Duft, damit Sie Kerzen kreieren k\u00f6nnen, die Ihrem Stil und Ihren R\u00e4umen entsprechen. Mit allem, was Sie zum sofortigen Start ben\u00f6tigen, ist es eine einfache und lohnende M\u00f6glichkeit, Kerzenherstellung zu Hause zu genie\u00dfen.<\/strong><\/h4>\n<p>&nbsp;<\/p>\n<h3 style=\"text-align: left\"><strong>Was ist in Ihrem Kerzenherstellungsset enthalten?<\/strong><\/h3>\n<p>800g Von <strong>Hochwertige Qualit\u00e4t <a href=\"https:\/\/cosyowl.com\/de_at\/candle-making-supplies\/candle-wax\/soy-wax\/kerasoy-4130-container-wax\">KeraSoy 4130<\/a> Soja Container Wachs<\/strong> F\u00fcr A <a href=\"https:\/\/cosyowl.com\/de_at\/candle-making-supplies\/glitters\/pure-white-biodegradable\">Sauber<\/a>, Gleichm\u00e4\u00dfige Verbrennung<\/p>\n<p><a href=\"https:\/\/cosyowl.com\/de_at\/candle-tins\/silver-round-candle-tin-with-window-lid-50ml\">50ml<\/a> <strong><a href=\"https:\/\/cosyowl.com\/de_at\/candle-making-supplies\/fragrance-oils-for-candle-making\/premium-fragrance-oils\/cosy-owl-premium-1-million-type-fragrance-oil\">Parf\u00fcm\u00f6l<\/a><\/strong><\/p>\n<p>5 <strong>Eco 10 Dochte<\/strong> F\u00fcr optimale Flammenleistung<\/p>\n<p>5 <strong>Holzzentrierdorne<\/strong><\/p>\n<p>5 G<strong>Punkte<\/strong><\/p>\n<p>5 <strong><a href=\"https:\/\/cosyowl.com\/de_at\/candle-making-supplies\/candle-containers\/candle-glasses\/glass-candle-containers-20cl-karen-round-pack-of-12\">20cl<\/a> <a href=\"https:\/\/cosyowl.com\/de_at\/candle-making-supplies\/candle-containers\/candle-glasses\/glass-candle-container-30cl-karen-round\">Karen Rund<\/a> Brillen<\/strong> Perfekte Beh\u00e4lter f\u00fcr den Hausgebrauch oder als Geschenk<\/p>\n<p>Einfach zu befolgen, <strong>Schritt-f\u00fcr-Schritt <a href=\"https:\/\/cosyowl.com\/de_at\/guides\/how-to-make-a-candle\">Kerzenherstellung<\/a> <a href=\"https:\/\/cosyowl.com\/de_at\/guides\/a-guide-to-creating-your-own-soap-products\">Leitfaden<\/a><\/strong> Perfekt f\u00fcr Anf\u00e4nger<\/p>\n<h3><strong>W\u00e4hlen Sie Ihren Lieblingskerzenduft<\/strong><\/h3>\n<p>Der Duft ist einer der wichtigsten Bestandteile eines jeden <a href=\"https:\/\/cosyowl.com\/de_at\/guides\/a-summers-beach-gel-votive-candle\">Kerze<\/a>. Er tr\u00e4gt zur Atmosph\u00e4re bei, weckt Erinnerungen und verleiht jeder Kerze eine pers\u00f6nliche Note, die Sie herstellen. Deshalb k\u00f6nnen Sie bei diesem Kerzenherstellungsset mit Duft\u00f6l Ihren bevorzugten Duft aus dem Dropdown-Men\u00fc ausw\u00e4hlen. Unsere Kollektion von Premium <a href=\"https:\/\/cosyowl.com\/de_at\/guides\/2023-spring-fragrance-oil-trends\">Parf\u00fcm\u00f6le<\/a> umfasst eine breite Palette von D\u00fcften f\u00fcr jeden Geschmack, von <a href=\"https:\/\/cosyowl.com\/de_at\/candle-making-supplies\/essential-oils\/eucalyptus-globulus-essential-oil\">frisch<\/a> und saubere Aromen zu <a href=\"https:\/\/cosyowl.com\/de_at\/craft-kits\/candle-making-kits\/soy-wax-mulled-wine-christmas-candle-making-kit\">warm<\/a>, <a href=\"https:\/\/cosyowl.com\/de_at\/fragrance-oils\/chocolate-orange\">reich<\/a>, und beruhigende Mischungen. Jedes Duft\u00f6l ist hochkonzentriert, so dass eine kleine Menge ausreicht und Sie die volle Kontrolle \u00fcber die Duftst\u00e4rke Ihrer fertigen Kerzen haben. Diese Parf\u00fcm\u00f6le sind speziell so formuliert, dass sie sich reibungslos mit dem Wachs vermischen und eine hervorragende Duftleistung bieten, ohne die Konsistenz zu beeintr\u00e4chtigen. <a href=\"https:\/\/cosyowl.com\/de_at\/candle-wicks\/wedo-lx-wick-raw\">Qualit\u00e4t<\/a> oder das Abbrennen Ihrer Kerze.<\/p>\n<p><strong><a href=\"https:\/\/cosyowl.com\/de_at\/parfumole\/duftol-brombeere-und-lorbeer\/?wmc-currency=EUR\">Brombeere &amp; Bucht<\/a> <\/strong>- Ein frischer, fruchtig-blumiger Duft, der mit Brombeere und Grapefruit beginnt und in eine <a href=\"https:\/\/cosyowl.com\/de_at\/candle-making-supplies\/fragrance-oils-for-candle-making\/all-fragrances\/parma-violets-fragrance-oil\">zart gebl\u00fcmt<\/a> und m\u00fcndet in eine raffinierte Basis aus Vetiver, Zedernholz und Lorbeer.<\/p>\n<p><a href=\"https:\/\/cosyowl.com\/de_at\/zubehor-fur-die-kerzenherstellung\/parfumole-fur-die-kerzenherstellung\/alle-dufte\/duftol-schwarzkirsche\/?wmc-currency=EUR\"><strong>Schwarze Kirsche<\/strong><\/a> - Ein reichhaltiger, vollmundiger Duft, der mit Kirsche und Granatapfel er\u00f6ffnet und in ein saftiges Herz aus gezuckerter Pflaume m\u00fcndet, <a href=\"https:\/\/cosyowl.com\/de_at\/fragrance-oils\/raspberry\">Himbeere<\/a>und <a href=\"https:\/\/cosyowl.com\/de_at\/candle-making-supplies\/fragrance-oils-for-candle-making\/all-fragrances\/black-cherry-fragrance-oil\">schwarze Kirsche<\/a>, und m\u00fcndet in eine weiche Basis aus schwarzem Tee, metallischen Noten und Kaschmir-Moschus.<\/p>\n<p><strong><a href=\"https:\/\/cosyowl.com\/de_at\/zubehor-fur-die-kerzenherstellung\/parfumole-fur-die-kerzenherstellung\/alle-dufte\/blaubeer-vanille-duftol\/?wmc-currency=EUR\">Heidelbeere &amp; Vanille<\/a><\/strong> - A <a href=\"https:\/\/cosyowl.com\/de_at\/fragrance-oils\/candy-floss\">s\u00fc\u00df<\/a>, <a href=\"https:\/\/cosyowl.com\/de_at\/craft-kits\/candle-making-kits\/soy-wax-cheeky-cherry-candle-making-kit\">fruchtig<\/a> Duft, der saftige Heidelbeeren mit knackigen <a href=\"https:\/\/cosyowl.com\/de_at\/fragrance-oils\/fresh-cut-grass\">gr\u00fcn<\/a> Apfel und ein Hauch von Pfirsich, abgerundet mit einer reichhaltigen, weichen Vanillebasis.<\/p>\n<p><strong><a href=\"https:\/\/cosyowl.com\/de_at\/zubehor-fur-die-kerzenherstellung\/parfumole-fur-die-kerzenherstellung\/alle-dufte\/zimt-orangen-duftol\/?wmc-currency=EUR\">Zimt-Orange<\/a> <\/strong>- A <a href=\"https:\/\/cosyowl.com\/de_at\/candle-making-supplies\/glitters\/lake-blue-biodegradable\">lebendige<\/a>, <a href=\"https:\/\/cosyowl.com\/de_at\/fragrance-oils\/coffee\">aromatisch<\/a> Duft\u00f6ffnung mit <a href=\"https:\/\/cosyowl.com\/de_at\/candle-making-supplies\/fragrance-oils-for-candle-making\/all-fragrances\/cinnamon-orange-fragrance-oil\">pikante Orange<\/a> und Mandarine, die zu einem warmen, w\u00fcrzigen Herzen aus Zimt, Ingwer und Nelke f\u00fchren und mit einem weichen Finale enden, <a href=\"https:\/\/cosyowl.com\/de_at\/candle-making-supplies\/fragrance-oils-for-candle-making\/all-fragrances\/french-vanilla-fragrance-oil\">cremig<\/a> Basis von Vanille.<\/p>\n<p><strong><a href=\"https:\/\/cosyowl.com\/de_at\/parfumole\/kokosnuss\/?wmc-currency=EUR\">Kokosnuss<\/a> <\/strong>- A <a href=\"https:\/\/cosyowl.com\/de_at\/candle-making-supplies\/fragrance-oils-for-candle-making\/all-fragrances\/black-coconut-fragrance-oil\">tropisch<\/a>, Der cremige Duft er\u00f6ffnet mit gr\u00fcner Mandarine, Ingwer und wei\u00dfem Rum, \u00fcberlagert von Hibiskus, <a href=\"https:\/\/cosyowl.com\/de_at\/fragrance-oils\/coconut\">Kokosnuss<\/a>, Zuckerrohr und Frangipani und endet mit einer weichen Basis aus Moschus, Vanille und Sandelholz.<\/p>\n<p><strong><a href=\"https:\/\/cosyowl.com\/de_at\/parfumole\/kokosnusskalk\/?wmc-currency=EUR\">Kokosnuss-Limette<\/a> <\/strong>- Eine neue, <a href=\"https:\/\/cosyowl.com\/de_at\/craft-kits\/wax-melt-making-kits\/coconut-lime-wax-melt-making-kit\">tropischer Duft<\/a> \u00d6ffnung mit Kalk, <a href=\"https:\/\/cosyowl.com\/de_at\/fragrance-oils\/lemon\">Zitrone<\/a> Palme, Freesie und Bergamotte, die in ein saftiges Herz aus Kokosnusswasser, Zuckerrohr und Drachenfrucht \u00fcbergehen und in eine weiche Basis aus Vetiver und Bourbon-Vanille m\u00fcnden.<\/p>\n<p><a href=\"https:\/\/cosyowl.com\/de_at\/parfumole\/gurke-melone\/?wmc-currency=EUR\"><strong>Gurke Melone<\/strong><\/a> - Ein frischer, saftiger Duft, der mit Cantaloupe, Honigmelone und knackiger Gurke er\u00f6ffnet, zu sanften Noten von Freesien, wei\u00dfen Blumen und Pfirsichnektar f\u00fchrt und in einer sanften Basis aus <a href=\"https:\/\/cosyowl.com\/de_at\/candle-making-supplies\/fragrance-oils-for-candle-making\/all-fragrances\/jasmine-fragrance-oil\">jasmin<\/a>, Vanille und leichter Moschus.<\/p>\n<p><a href=\"https:\/\/cosyowl.com\/de_at\/zubehor-fur-die-kerzenherstellung\/parfumole-fur-die-kerzenherstellung\/hochwertige-parfumole\/cosy-owl-premium-englische-birne-freesie-duftol\/?wmc-currency=EUR\"><strong>Englische Birne &amp; Freesie<\/strong><\/a> - Eine neue, <a href=\"https:\/\/cosyowl.com\/de_at\/candle-making-supplies\/candle-containers\/candle-glasses\/glass-candle-container-50cl-classic-jar-with-lid\">elegant<\/a> Duft mit saftiger Birne in der Kopfnote, einer weichen Herznote aus Freesie und einer sanften Basis aus Patchouli.<\/p>\n<p><strong><a href=\"https:\/\/cosyowl.com\/de_at\/zubehor-fur-die-kerzenherstellung\/parfumole-fur-die-kerzenherstellung\/alle-dufte\/feigen-duftol\/?wmc-currency=EUR\">Abbildung<\/a> <\/strong>- Ein reichhaltiger, fruchtig-gr\u00fcner Duft, der mit rosa Freesie, Tonka und Eukalyptus er\u00f6ffnet und in ein saftiges Herz aus <a href=\"https:\/\/cosyowl.com\/de_at\/candle-making-supplies\/fragrance-oils-for-candle-making\/all-fragrances\/fig-fragrance-oil\">Abbildung<\/a>, Die Basisnote besteht aus Sandelholz, Moschus, Zedernholz und schwarzem Amber.<\/p>\n<p><strong><a href=\"https:\/\/cosyowl.com\/de_at\/parfumole\/holzbirne\/?wmc-currency=EUR\">Franz\u00f6sische Birne<\/a><\/strong> - Ein frischer, fruchtiger Duft, der mit gr\u00fcnem Apfel, wei\u00dfer Lilie und Osmanthus er\u00f6ffnet, zu einem weichen Herz aus Jasmin und Nashi-Birne f\u00fchrt und in eine warme, cremige Basis aus Tonka, Zimt, Vanille, Schlagsahne und Honig \u00fcbergeht.<\/p>\n<p><a href=\"https:\/\/cosyowl.com\/de_at\/zubehor-fur-die-kerzenherstellung\/parfumole-fur-die-kerzenherstellung\/alle-dufte\/frische-minze-rhabarber-duftol\/?wmc-currency=EUR\">F<strong>Frische Minze &amp; Rhabarber<\/strong><\/a> - Eine neue, <a href=\"https:\/\/cosyowl.com\/de_at\/candle-making-supplies\/fragrance-oils-for-candle-making\/all-fragrances\/lime-basil-mandarin-fragrance-oil\">pikant<\/a> Der Duft von knackigem Rhabarber, Birne und Apfel, ges\u00fc\u00dft mit karamellisiertem Zucker, verfeinert mit Gartenminze und einem Hauch von Zitrone.<\/p>\n<p><strong><a href=\"https:\/\/cosyowl.com\/de_at\/parfumole\/saftige-orange\/?wmc-currency=EUR\">Saftige Orange<\/a><\/strong> - A <a href=\"https:\/\/cosyowl.com\/de_at\/candle-making-supplies\/glitters\/fluorescent-peach\">hell<\/a>, Zitrusduft, der mit Orangenschalen, Zitrone und Ingwer beginnt und in sanfte Noten von <a href=\"https:\/\/cosyowl.com\/de_at\/candle-making-supplies\/fragrance-oils-for-candle-making\/all-fragrances\/pink-grapefruit-fragrance-oil\">Zitrusfr\u00fcchte<\/a> Zucker und Orangenbl\u00fcten und m\u00fcndet in eine leicht w\u00fcrzige Basis aus Zuckerrohr und rosa Pfeffer.<\/p>\n<p><strong><a href=\"https:\/\/cosyowl.com\/de_at\/parfumole\/zitrone\/?wmc-currency=EUR\">Zitrone<\/a> <\/strong>- Ein frischer, spritziger Duft, der mit <a href=\"https:\/\/cosyowl.com\/de_at\/candle-making-supplies\/fragrance-oils-for-candle-making\/all-fragrances\/lemon-lavender-fragrance-oil\">Zitronenschale<\/a>, Zitronenzucker und Bergamotte, die zu subtilen Noten von Zitrone und Blattgem\u00fcse f\u00fchren und mit einer weichen Basis aus leichtem Moschus enden.<\/p>\n<p><strong><a href=\"https:\/\/cosyowl.com\/de_at\/zubehor-fur-die-kerzenherstellung\/parfumole-fur-die-kerzenherstellung\/alle-dufte\/zitronen-lavendel-duftol\/?wmc-currency=EUR\">Zitrone &amp; Lavendel<\/a><\/strong> - Ein frischer, belebender Duft, der spritzige Zitrone mit beruhigendem Lavendel mischt, erg\u00e4nzt durch frischen Eukalyptus und gr\u00fcne, fruchtige Noten von Tomatenbl\u00e4ttern und Limetten.<\/p>\n<p><a href=\"https:\/\/cosyowl.com\/de_at\/zubehor-fur-die-kerzenherstellung\/parfumole-fur-die-kerzenherstellung\/alle-dufte\/limetten-basilikum-mandarinen-duftol\/?wmc-currency=EUR\"><strong>Limette-Basilikum-Mandarine<\/strong><\/a> - Ein frischer, spritziger Duft mit Limetten-, Basilikum-, Mandarinen- und Orangenschalen im Auftakt, \u00fcberlagert von schwarzem Pfeffer und Geranium, <a href=\"https:\/\/cosyowl.com\/de_at\/fragrance-oils\/lilac\">fliederfarben<\/a>, und Thymian, und zum Schluss mit einem <a href=\"https:\/\/cosyowl.com\/de_at\/candle-making-supplies\/fragrance-oils-for-candle-making\/all-fragrances\/honey-fragrance-oil\">nat\u00fcrlich<\/a> Basis aus Moos, Patchouli, Moschus und wei\u00dfem Zedernholz.<\/p>\n<p><a href=\"https:\/\/cosyowl.com\/de_at\/zubehor-fur-die-kerzenherstellung\/parfumole-fur-die-kerzenherstellung\/hochwertige-parfumole\/kuschelige-eule-premium-verloren-kirsche-typ-duftol\/?wmc-currency=EUR\"><strong>Verlorene Kirsche Typ<\/strong><\/a> - Ein reichhaltiger, s\u00fc\u00dfer Duft, der mit Kirsche, Lik\u00f6r und Mandel beginnt, zu weichen, duftenden Mittelnoten f\u00fchrt und in einen sanften Duft \u00fcbergeht. <a href=\"https:\/\/cosyowl.com\/de_at\/fragrance-oils\/teakwood\">Woody<\/a> Basis f\u00fcr einen tiefen, abgerundeten Abgang.<\/p>\n<p><strong><a href=\"https:\/\/cosyowl.com\/de_at\/zubehor-fur-die-kerzenherstellung\/parfumole-fur-die-kerzenherstellung\/alle-dufte\/mandarinen-orangen-duftol\/?wmc-currency=EUR\">Mandarine-Orange<\/a><\/strong> - Ein heller, zitrusartiger Duft, der mit Mandarine, Grapefruit, Orange, Zitrone und Limette er\u00f6ffnet, zu einem frischen Herz aus gr\u00fcnen Bl\u00e4ttern und Litschi f\u00fchrt und in einer warmen Basis aus getrockneten Fr\u00fcchten endet.<\/p>\n<p><strong><a href=\"https:\/\/cosyowl.com\/de_at\/parfumole\/ananas-mango\/?wmc-currency=EUR\">Ananas-Mango<\/a><\/strong> - Ein lebendiger, tropischer Duft, der mit Ananas, Honigtau, rosa Grapefruit und Orangenschale er\u00f6ffnet, zu einem saftigen Herzen aus Mango, Guave, Alpenveilchen und Rosenoxid f\u00fchrt und in eine weiche Basis aus fruchtigem Moschus, Vanilleschote und cremiger Muskatnuss m\u00fcndet.<\/p>\n<p><strong><a href=\"https:\/\/cosyowl.com\/de_at\/zubehor-fur-die-kerzenherstellung\/parfumole-fur-die-kerzenherstellung\/alle-dufte\/rosa-grapefruit-duftol\/?wmc-currency=EUR\">Rosa Grapefruit<\/a><\/strong> - Eine neue, <a href=\"https:\/\/cosyowl.com\/de_at\/craft-supplies\/wax-melt-supplies\/mica-powder-glitter\/bright-peach-biodegradable-candle-glitter\">prickelnd<\/a> Duft mit frischen Noten von rosa Grapefruit, Mark, Aldehyden, Zitrone und subtilen gr\u00fcnen Ankl\u00e4ngen.<\/p>\n<p><a href=\"https:\/\/cosyowl.com\/de_at\/zubehor-fur-die-kerzenherstellung\/parfumole-fur-die-kerzenherstellung\/alle-dufte\/pflaumen-maulbeer-duftol\/?wmc-currency=EUR\"><strong>Pflaume &amp; Maulbeere<\/strong><\/a> - Ein reichhaltiger, fruchtiger Duft mit roten Beeren, Apfel, Birne, Litschi, Pflaume, Maulbeere, Cassis und Pfirsich, gemildert durch eine <a href=\"https:\/\/cosyowl.com\/de_at\/candle-making-supplies\/fragrance-oils-for-candle-making\/all-fragrances\/peony-petals-fragrance-oil\">zartes Bl\u00fcmchen<\/a> <a href=\"https:\/\/cosyowl.com\/de_at\/about\">Hintergrund<\/a>.<\/p>\n<p><a href=\"https:\/\/cosyowl.com\/de_at\/zubehor-fur-die-kerzenherstellung\/parfumole-fur-die-kerzenherstellung\/alle-dufte\/granatapfel-noir-duftol\/?wmc-currency=EUR\"><strong>Granatapfel Noir<\/strong><\/a> - Ein heller, fruchtiger Duft, der mit Limetten- und Zitronenschalen er\u00f6ffnet, zu einem saftigen Herz aus Granatapfel, Himbeere und Pflaume f\u00fchrt und in eine weiche Basis aus Vanille, s\u00fc\u00dfem Moschus und Moos \u00fcbergeht.<\/p>\n<p><strong><a href=\"https:\/\/cosyowl.com\/de_at\/zubehor-fur-die-kerzenherstellung\/parfumole-fur-die-kerzenherstellung\/alle-dufte\/erdbeer-duftol\/?wmc-currency=EUR\">Strawberry<\/a> <\/strong>- Ein s\u00fc\u00dfer, fruchtiger Duft, der mit <a href=\"https:\/\/cosyowl.com\/de_at\/candle-making-supplies\/fragrance-oils-for-candle-making\/all-fragrances\/strawberry-fragrance-oil\">Erdbeere<\/a>, Melone und Kumquat, die zu weichen Noten von Heidelbeeren und Zuckerrohr f\u00fchren und mit einer cremigen Basis aus Vanilleschoten und Cr\u00e8me abschlie\u00dfen.<\/p>\n<p><a href=\"https:\/\/cosyowl.com\/de_at\/zubehor-fur-die-kerzenherstellung\/parfumole-fur-die-kerzenherstellung\/alle-dufte\/erdbeer-vanille-duftol\/?wmc-currency=EUR\"><strong>Erdbeere Vanille<\/strong><\/a> - Ein s\u00fc\u00dfer, fruchtiger Duft, der mit Pfirsich, Orangenschale, Erdbeere und Pflaume er\u00f6ffnet, zu einer weichen Herznote aus Himbeere, Milchakkord, Brombeere und Muskatnuss f\u00fchrt und in eine cremige Basis aus Vanille, fruchtigem Moschus und Tonkabohne m\u00fcndet.<\/p>\n<p><a href=\"https:\/\/cosyowl.com\/de_at\/zubehor-fur-die-kerzenherstellung\/parfumole-fur-die-kerzenherstellung\/hochwertige-parfumole\/kuschelige-eule-premium-zuckerbeeren-duftol\/?wmc-currency=EUR\"><strong>Gezuckerte Beere<\/strong><\/a> - Ein s\u00fc\u00dfer, femininer Duft mit saftig-fruchtigen Noten, zarten Bl\u00fcten von Freesien und Himbeeren und einer sanften Vanillebasis, die einen leichten und doch komplexen und luftigen Abgang bildet.<\/p>\n<p><strong><a href=\"https:\/\/cosyowl.com\/de_at\/zubehor-fur-die-kerzenherstellung\/parfumole-fur-die-kerzenherstellung\/hochwertige-parfumole\/cosy-owl-premium-sonnenverwohntes-apricot-rose-duftol\/?wmc-currency=EUR\">Sonnenverw\u00f6hnte Aprikosenrose<\/a><\/strong> - Ein reichhaltiger, intensiver Duft, der mit Aprikosen- und Nektarinenbl\u00fcten er\u00f6ffnet und in ein blumiges Herz aus Rosen und <a href=\"https:\/\/cosyowl.com\/de_at\/fragrance-oils\/gardenia\">Gardenie<\/a>, und geht \u00fcber in eine tiefe, moschusartige Basis f\u00fcr einen <a href=\"https:\/\/cosyowl.com\/de_at\/candle-making-supplies\/glitters\/fluorescent-green\">fett<\/a>, <a href=\"https:\/\/cosyowl.com\/de_at\/candle-making-supplies\/candle-containers\/metal-containers\/rose-gold-round-candle-tin-with-welded-side-seam-250ml-single\">luxuri\u00f6se Verarbeitung<\/a>.<\/p>\n<p><a href=\"https:\/\/cosyowl.com\/de_at\/parfumole\/suse-feige\/?wmc-currency=EUR\"><strong>S\u00fc\u00dfe Feige<\/strong><\/a> - Ein reichhaltiger, fruchtiger Duft, der mit wei\u00dfer Traube, schwarzer Feige und Bergamotte er\u00f6ffnet, zu weichen Noten von Nelkenknospen, Brombeeren und wei\u00dfen Bl\u00fcten f\u00fchrt und in eine warme Basis aus Vetiver, Zimt, Vanille, Absinth und Zedernholz \u00fcbergeht.<\/p>\n<p><strong><a href=\"https:\/\/cosyowl.com\/de_at\/zubehor-fur-die-kerzenherstellung\/parfumole-fur-die-kerzenherstellung\/alle-dufte\/tropen-duftol\/?wmc-currency=EUR\">Tropen<\/a> <\/strong>- Ein lebendiger, tropischer Duft, der mit Ananas, Pfirsich, Passionsfrucht und Grapefruit er\u00f6ffnet und in ein saftiges Herz aus Mango und <a href=\"https:\/\/cosyowl.com\/de_at\/all-fragrances\/sumptious-fruits-fragrance-oil\">exotische Fr\u00fcchte<\/a>, und m\u00fcndet in eine weiche, warme Basis aus Moschus.<\/p>\n<p><strong><a href=\"https:\/\/cosyowl.com\/de_at\/zubehor-fur-die-kerzenherstellung\/parfumole-fur-die-kerzenherstellung\/alle-dufte\/sehr-beeriges-duftol\/?wmc-currency=EUR\">Sehr Beere<\/a> <\/strong>- Ein reichhaltiger, fruchtiger Duft mit Pflaume, Feige, Holunderbl\u00fcte, Blaubeere und Himbeere, umh\u00fcllt von einer weichen Basis aus Patchouli, Vetiver und Moschus.<\/p>\n<p>&nbsp;<\/p>\n<h3><strong>Warum unser Sojawachskerzen-Set w\u00e4hlen?<\/strong><\/h3>\n<p>Wir sind stolz darauf, ausschlie\u00dflich die hochwertigsten Zutaten f\u00fcr die Herstellung von handgemachten Duftkerzen zu liefern. Im Gegensatz zu vielen Starter-Kits sind unsere Produkte sorgf\u00e4ltig auf ihre professionelle Qualit\u00e4t ausgew\u00e4hlt, damit Sie Kerzen mit exzellentem Abbrennverhalten, starkem Duft und einem sch\u00f6nen Finish herstellen k\u00f6nnen.<\/p>\n<p><strong>Unser <a href=\"https:\/\/cosyowl.com\/de_at\/guides\/how-to-make-bleeding-heart-wax-melts\">DIY<\/a> Sojakerzen-Bausatz ist ideal f\u00fcr:<\/strong><\/p>\n<ul>\n<li>Anf\u00e4nger lernen, wie man Kerzen zu Hause herstellt<\/li>\n<li>Hobbybastler, die ein zuverl\u00e4ssiges <a href=\"https:\/\/cosyowl.com\/de_at\/guides\/how-to-make-marbled-wax-melts\">Kerzenhandwerk<\/a> Bausatz<\/li>\n<li>Geschenkk\u00e4ufer auf der Suche nach einem <a href=\"https:\/\/cosyowl.com\/de_at\/guides\/ideas-and-creativity\">kreative Kerzenherstellung<\/a> Geschenk<\/li>\n<li>Jeder, der liebt <a href=\"https:\/\/cosyowl.com\/de_at\/guides\/making-a-reed-diffuser\">Raumduft<\/a> und handgefertigte Kerzen<\/li>\n<\/ul>\n<h4><\/h4>\n<h3><strong>Professionelle Kerzenherstellungsmaterialien<\/strong><\/h3>\n<p>Jeder Artikel in diesem <a href=\"https:\/\/cosyowl.com\/de_at\/guides\/vegan-candle-making-supplies\">Zubeh\u00f6r f\u00fcr die Kerzenherstellung<\/a> Kit ist so ausgew\u00e4hlt, dass Sie zu Hause gro\u00dfartige Ergebnisse erzielen k\u00f6nnen. Wir verwenden keine minderwertigen Ausgangsmaterialien, denn wir glauben, dass das Lernen mit besseren Zutaten zu besseren Kerzen f\u00fchrt.<\/p>\n<p><strong>Alle in diesem Kit enthaltenen Materialien sind:<\/strong><\/p>\n<ul>\n<li>Nachhaltig bezogen<\/li>\n<li>Umweltfreundlich<\/li>\n<li>Veganfreundlich<\/li>\n<li>Tierversuchsfrei<\/li>\n<li><a href=\"https:\/\/cosyowl.com\/de_at\/guides\/cmrs-and-phthalates-in-fragrance-oils\">Frei von<\/a> CMR und Phthalate<\/li>\n<li>Perfekt f\u00fcr Anf\u00e4nger und Kerzenliebhaber<\/li>\n<\/ul>\n<p>Wenn Sie ein Starter-Kit f\u00fcr die Kerzenherstellung, ein Sojakerzen-Kit oder ein komplettes Set f\u00fcr die Herstellung Ihrer eigenen Kerzen suchen, ist dies ein hervorragender Ausgangspunkt. Mit einfachen <a href=\"https:\/\/cosyowl.com\/de_at\/guides\/temperature-guidelines\">Anweisungen<\/a>, Mit den hochwertigen Zutaten und dem Duft Ihrer Wahl k\u00f6nnen Sie mit unserem Set ganz bequem von zu Hause aus den kreativen Prozess der Kerzenherstellung genie\u00dfen.<\/p>\n<h3 data-start=\"2493\" data-end=\"2542\"><\/h3>\n<h3 data-start=\"2493\" data-end=\"2542\"><strong>Hilfreiche Ressourcen f\u00fcr eine erfolgreiche Kerzenherstellung<\/strong><\/h3>\n<ul>\n<li><strong><span style=\"color: #ff6600\"><a style=\"color: #ff6600\" href=\"https:\/\/cosyowl.com\/de_at\/leitfaden\/wie-man-eine-kerze-macht\/?wmc-currency=EUR\">Wie man eine Kerze herstellt\u00a0<\/a><\/span><\/strong><\/li>\n<li><strong><span style=\"color: #ff6600\"><a style=\"color: #ff6600\" href=\"https:\/\/cosyowl.com\/de_at\/leitfaden\/container-kerzenfuhrer\/?wmc-currency=EUR\">Anleitung zur Herstellung von Beh\u00e4lterkerzen<\/a><\/span><\/strong><\/li>\n<li><strong><span style=\"color: #ff6600\"><a style=\"color: #ff6600\" href=\"https:\/\/cosyowl.com\/de_at\/leitfaden\/anleitung-zur-herstellung-einer-kerze-fur-anfanger\/?wmc-currency=EUR\">Anleitung zur Herstellung einer Kerze f\u00fcr Anf\u00e4nger<\/a><\/span><\/strong><strong><br \/>\n<\/strong><\/li>\n<li class=\"entry-title\"><strong><span style=\"color: #ff6600\"><a style=\"color: #ff6600\" href=\"https:\/\/cosyowl.com\/de_at\/leitfaden\/wie-man-duftole-verwendet\/?wmc-currency=EUR\">Wie man Duft\u00f6le verwendet<\/a><\/span><\/strong><\/li>\n<li><strong><span style=\"color: #ff6600\"><a style=\"color: #ff6600\" href=\"https:\/\/cosyowl.com\/de_at\/leitfaden\/fehlersuche\/?wmc-currency=EUR\">Fehlerbehebung bei Problemen bei der Kerzenherstellung<\/a><\/span><\/strong><\/li>\n<li><strong><span style=\"color: #ff6600\"><a style=\"color: #ff6600\" href=\"https:\/\/cosyowl.com\/de_at\/leitfaden\/faq\/?wmc-currency=EUR\">FAQs zur Kerzenherstellung<\/a><\/span><\/strong><\/li>\n<li><strong><span style=\"color: #ff6600\"><a style=\"color: #ff6600\" href=\"https:\/\/cosyowl.com\/de_at\/leitfaden\/?wmc-currency=EUR\">Leitf\u00e4den &amp; Rezepte<\/a><\/span><\/strong><\/li>\n<\/ul>","protected":false},"excerpt":{"rendered":"<p>Our Candle Making Kit makes it easy to create beautifully scented soy candles at home. Ideal for beginners and experienced makers alike, this all-in-one kit includes everything you need to make up to five fragranced candles using high-quality materials.\u00a0Perfect as a gift or a fun home craft project, each kit includes one fragrance so you [&hellip;]<\/p>\n","protected":false},"featured_media":126805,"comment_status":"open","ping_status":"closed","template":"","meta":{"_acf_changed":false},"product_brand":[],"product_cat":[530,720,653],"product_tag":[917],"class_list":{"0":"post-126420","1":"product","2":"type-product","3":"status-publish","4":"has-post-thumbnail","6":"product_cat-candle-making-kits","7":"product_cat-candle-making-kits-candle-making-supplies","8":"product_cat-craft-kits","9":"product_tag-candle-making-kit","10":"product_shipping_class-royal_mail_kits","12":"first","13":"instock","14":"taxable","15":"shipping-taxable","16":"purchasable","17":"product-type-variable"},"acf":[],"_links":{"self":[{"href":"https:\/\/cosyowl.com\/de_at\/wp-json\/wp\/v2\/product\/126420","targetHints":{"allow":["GET"]}}],"collection":[{"href":"https:\/\/cosyowl.com\/de_at\/wp-json\/wp\/v2\/product"}],"about":[{"href":"https:\/\/cosyowl.com\/de_at\/wp-json\/wp\/v2\/types\/product"}],"replies":[{"embeddable":true,"href":"https:\/\/cosyowl.com\/de_at\/wp-json\/wp\/v2\/comments?post=126420"}],"wp:featuredmedia":[{"embeddable":true,"href":"https:\/\/cosyowl.com\/de_at\/wp-json\/wp\/v2\/media\/126805"}],"wp:attachment":[{"href":"https:\/\/cosyowl.com\/de_at\/wp-json\/wp\/v2\/media?parent=126420"}],"wp:term":[{"taxonomy":"product_brand","embeddable":true,"href":"https:\/\/cosyowl.com\/de_at\/wp-json\/wp\/v2\/product_brand?post=126420"},{"taxonomy":"product_cat","embeddable":true,"href":"https:\/\/cosyowl.com\/de_at\/wp-json\/wp\/v2\/product_cat?post=126420"},{"taxonomy":"product_tag","embeddable":true,"href":"https:\/\/cosyowl.com\/de_at\/wp-json\/wp\/v2\/product_tag?post=126420"}],"curies":[{"name":"wp","href":"https:\/\/api.w.org\/{rel}","templated":true}]}}