{"id":126376,"date":"2026-03-23T09:23:04","date_gmt":"2026-03-23T09:23:04","guid":{"rendered":"https:\/\/cosyowl.com\/?post_type=product&#038;p=126376"},"modified":"2026-05-01T13:08:54","modified_gmt":"2026-05-01T12:08:54","slug":"soja-kerzen-set-5-duftende-kerzen-zu-hause-herstellen-frische-dufte","status":"publish","type":"product","link":"https:\/\/cosyowl.com\/de_at\/craft-kits\/candle-making-kits\/soy-candle-making-kit-make-5-scented-candles-at-home-fresh-scents","title":{"rendered":"Soja-Kerzen-Set \u2013 Machen Sie 5 Duftkerzen zu Hause | Frische D\u00fcfte"},"content":{"rendered":"<h4 style=\"text-align: left\"><strong>Unser Kerzen-Set macht es einfach, zu Hause wundersch\u00f6n duftende Sojakerzen herzustellen. Dieses Komplettpaket ist ideal f\u00fcr Anf\u00e4nger und erfahrene Kerzenhersteller gleicherma\u00dfen und enth\u00e4lt alles, was Sie brauchen, um mit hochwertigen Materialien bis zu f\u00fcnf duftende Kerzen herzustellen. Perfekt als Geschenk oder als unterhaltsames Bastelprojekt f\u00fcr zu Hause, jedes Set enth\u00e4lt einen Duft, damit Sie Kerzen kreieren k\u00f6nnen, die Ihrem Stil und Ihren R\u00e4umen entsprechen. Mit allem, was Sie zum sofortigen Start ben\u00f6tigen, ist es eine einfache und lohnende M\u00f6glichkeit, Kerzenherstellung zu Hause zu genie\u00dfen.<\/strong><\/h4>\n<p>&nbsp;<\/p>\n<h3 style=\"text-align: left\"><strong>Was ist in Ihrem Kerzenherstellungsset enthalten?<\/strong><\/h3>\n<p>800g Von <strong>Hochwertige Qualit\u00e4t <a href=\"https:\/\/cosyowl.com\/de_at\/candle-making-supplies\/candle-wax\/soy-wax\/kerasoy-4130-container-wax\">KeraSoy 4130<\/a> Soja Container Wachs<\/strong> F\u00fcr A <a href=\"https:\/\/cosyowl.com\/de_at\/candle-making-supplies\/glitters\/pure-white-biodegradable\">Sauber<\/a>, Gleichm\u00e4\u00dfige Verbrennung<\/p>\n<p><a href=\"https:\/\/cosyowl.com\/de_at\/candle-tins\/silver-round-candle-tin-with-window-lid-50ml\">50ml<\/a> <strong><a href=\"https:\/\/cosyowl.com\/de_at\/candle-making-supplies\/fragrance-oils-for-candle-making\/premium-fragrance-oils\/cosy-owl-premium-1-million-type-fragrance-oil\">Parf\u00fcm\u00f6l<\/a><\/strong><\/p>\n<p>5 <strong>Eco 10 Dochte<\/strong> F\u00fcr optimale Flammenleistung<\/p>\n<p>5 <strong>Holzzentrierdorne<\/strong><\/p>\n<p>5 G<strong>Punkte<\/strong><\/p>\n<p>5 <strong><a href=\"https:\/\/cosyowl.com\/de_at\/candle-making-supplies\/candle-containers\/candle-glasses\/glass-candle-containers-20cl-karen-round-pack-of-12\">20cl<\/a> <a href=\"https:\/\/cosyowl.com\/de_at\/candle-making-supplies\/candle-containers\/candle-glasses\/glass-candle-container-30cl-karen-round\">Karen Rund<\/a> Brillen<\/strong> Perfekte Beh\u00e4lter f\u00fcr den Hausgebrauch oder als Geschenk<\/p>\n<p>Einfach zu befolgen, <strong>Schritt-f\u00fcr-Schritt <a href=\"https:\/\/cosyowl.com\/de_at\/guides\/how-to-make-a-candle\">Kerzenherstellung<\/a> <a href=\"https:\/\/cosyowl.com\/de_at\/guides\/a-guide-to-creating-your-own-soap-products\">Leitfaden<\/a><\/strong> Perfekt f\u00fcr Anf\u00e4nger<\/p>\n<h3><strong>W\u00e4hlen Sie Ihren Lieblingskerzenduft<\/strong><\/h3>\n<p>Der Duft ist einer der wichtigsten Bestandteile eines jeden <a href=\"https:\/\/cosyowl.com\/de_at\/guides\/a-summers-beach-gel-votive-candle\">Kerze<\/a>. Er tr\u00e4gt zur Atmosph\u00e4re bei, weckt Erinnerungen und verleiht jeder Kerze eine pers\u00f6nliche Note, die Sie herstellen. Deshalb k\u00f6nnen Sie bei diesem Kerzenherstellungsset mit Duft\u00f6l Ihren bevorzugten Duft aus dem Dropdown-Men\u00fc ausw\u00e4hlen. Unsere Kollektion von Premium <a href=\"https:\/\/cosyowl.com\/de_at\/guides\/2023-spring-fragrance-oil-trends\">Parf\u00fcm\u00f6le<\/a> umfasst eine breite Palette von D\u00fcften f\u00fcr jeden Geschmack, von <a href=\"https:\/\/cosyowl.com\/de_at\/candle-making-supplies\/essential-oils\/eucalyptus-globulus-essential-oil\">frisch<\/a> und saubere Aromen zu <a href=\"https:\/\/cosyowl.com\/de_at\/craft-kits\/candle-making-kits\/soy-wax-mulled-wine-christmas-candle-making-kit\">warm<\/a>, <a href=\"https:\/\/cosyowl.com\/de_at\/fragrance-oils\/chocolate-orange\">reich<\/a>, und beruhigende Mischungen. Jedes Duft\u00f6l ist hochkonzentriert, so dass eine kleine Menge ausreicht und Sie die volle Kontrolle \u00fcber die Duftst\u00e4rke Ihrer fertigen Kerzen haben. Diese Parf\u00fcm\u00f6le sind speziell so formuliert, dass sie sich reibungslos mit dem Wachs vermischen und eine hervorragende Duftleistung bieten, ohne die Konsistenz zu beeintr\u00e4chtigen. <a href=\"https:\/\/cosyowl.com\/de_at\/candle-wicks\/wedo-lx-wick-raw\">Qualit\u00e4t<\/a> oder das Abbrennen Ihrer Kerze.<\/p>\n<p><strong><a href=\"https:\/\/cosyowl.com\/de_at\/parfumole\/babypuder\/?wmc-currency=EUR\">Babypuder<\/a> <\/strong>- Ein weicher, sauberer Duft, der mit Freesien, Bergamotte und wei\u00dfen Blumen er\u00f6ffnet, zu sanften Lavendelnoten f\u00fchrt und in eine beruhigende Basis aus wei\u00dfem Patchouli, Moschus und Vanilleschoten m\u00fcndet.<\/p>\n<p><strong><a href=\"https:\/\/cosyowl.com\/de_at\/parfumole\/zitronengras\/?wmc-currency=EUR\">Zitronengras<\/a>\u00a0<\/strong>- Eine neue, <a href=\"https:\/\/cosyowl.com\/de_at\/candle-making-supplies\/essential-oils\/clary-sage-essential-oil\">Kr\u00e4uterduft<\/a> Er\u00f6ffnung mit <a href=\"https:\/\/cosyowl.com\/de_at\/fragrance-oils\/lemon\">Zitrone<\/a>, Bergamotte, Eukalyptus und Kamille, mit weichen Noten von Lavendel, Zitrone und Geranie, die in einem <a href=\"https:\/\/cosyowl.com\/de_at\/fragrance-oils\/fresh-cut-grass\">gr\u00fcn<\/a> Basis aus Tannenreisig, Rosmarin, Majoran und Thymian.<\/p>\n<p><strong><a href=\"https:\/\/cosyowl.com\/de_at\/parfumole\/zitrusbasilikum\/?wmc-currency=EUR\">Zitrus-Basilikum<\/a> - <\/strong>Frisch, <a href=\"https:\/\/cosyowl.com\/de_at\/candle-making-supplies\/fragrance-oils-for-candle-making\/all-fragrances\/lime-basil-mandarin-fragrance-oil\">pikant<\/a> Duft mit einer Er\u00f6ffnung von Grapefruit, Ingwer, blauer Mandarine und Basilikum, die zu <a href=\"https:\/\/cosyowl.com\/de_at\/fragrance-oils\/coffee\">aromatisch<\/a> Noten von Estragon, Safran und Salbei, die sich in einer warmen Basis aus Sandelholz, Vetiver und \u00e4gyptischem Moschus niederlassen.<\/p>\n<p><strong><a href=\"https:\/\/cosyowl.com\/de_at\/zubehor-fur-die-kerzenherstellung\/parfumole-fur-die-kerzenherstellung\/alle-dufte\/immergrunes-duftol\/?wmc-currency=EUR\">Immergr\u00fcn<\/a> - <\/strong>Ein frischer, gr\u00fcner Duft, der mit Bergamotte, Wildblume und schwarzer Johannisbeere er\u00f6ffnet, \u00fcberleitet zu weichen Noten von Balsam, Kaschmirholz und Tonka und in einem <a href=\"https:\/\/cosyowl.com\/de_at\/candle-making-supplies\/fragrance-oils-for-candle-making\/all-fragrances\/honey-fragrance-oil\">nat\u00fcrlich<\/a> Basis von <a href=\"https:\/\/cosyowl.com\/de_at\/candle-making-kits\/winter-pine-candle-making-kit\">Kiefer<\/a>, bernsteinfarben, Sandelholz und Eichenmoos.<\/p>\n<p><strong><a href=\"https:\/\/cosyowl.com\/de_at\/parfumole\/frisch-geschnittenes-gras\/?wmc-currency=EUR\">Frisch geschnittenes Gras<\/a> <\/strong>- Ein frischer, gr\u00fcner Duft, der mit Narzisse und Veilchen er\u00f6ffnet, zu sanften Noten von Seerose, Feldgras und Osmanthus f\u00fchrt und in eine nat\u00fcrliche Basis aus Buchsbaum, Zypresse und Pfingstrose m\u00fcndet.<\/p>\n<p><strong><a href=\"https:\/\/cosyowl.com\/de_at\/zubehor-fur-die-kerzenherstellung\/parfumole-fur-die-kerzenherstellung\/alle-dufte\/frisches-unstoppables-duftol\/?wmc-currency=EUR\">Frische Unstoppables<\/a> <\/strong>\u2013 Ein frischer, fruchtig-blumiger Duft, der sich mit ozonischen Noten \u00f6ffnet, <a href=\"https:\/\/cosyowl.com\/de_at\/candle-making-supplies\/fragrance-oils-for-candle-making\/all-fragrances\/pink-grapefruit-fragrance-oil\">Zitrusfr\u00fcchte<\/a> Orange, Pfirsich und gr\u00fcner Apfel, die zu einem zarten Herz aus <a href=\"https:\/\/cosyowl.com\/de_at\/candle-making-supplies\/fragrance-oils-for-candle-making\/all-fragrances\/jasmine-fragrance-oil\">jasmin<\/a>, Rose, Neroli, Anis und Eukalyptus, und m\u00fcndet in eine weiche Basis aus Patchouli und Vanille.<\/p>\n<p><strong><a href=\"https:\/\/cosyowl.com\/de_at\/zubehor-fur-die-kerzenherstellung\/parfumole-fur-die-kerzenherstellung\/alle-dufte\/lenora-blue-duftol\/?wmc-currency=EUR\">Lenora Blau<\/a> <\/strong>\u2013 Ein frischer, sauberer aldehydischer floraler Duft, der mit Nelke beginnt und zu einem sanften Herzen aus Rose, Jasmin, Lilie und <a href=\"https:\/\/cosyowl.com\/de_at\/candle-making-supplies\/fragrance-oils-for-candle-making\/all-fragrances\/ocean-fragrance-oil\">Marine<\/a> Noten, und sich in einer beruhigenden Basis aus Moschus und Sandelholz niederlassen, die an frisch gewaschene W\u00e4sche erinnert.<\/p>\n<p><strong><a href=\"https:\/\/cosyowl.com\/de_at\/parfumole\/frische-bettwasche\/?wmc-currency=EUR\">Frische Leinen<\/a> <\/strong>\u2013 Ein frischer, sauberer Duft, der mit Kamille, Lilie und Freesie beginnt und zu <a href=\"https:\/\/cosyowl.com\/de_at\/candle-making-supplies\/fragrance-oils-for-candle-making\/all-fragrances\/parma-violets-fragrance-oil\">zart gebl\u00fcmt<\/a> Notizen von <a href=\"https:\/\/cosyowl.com\/de_at\/fragrance-oils\/gardenia\">Gardenie<\/a>, Iris und wei\u00dfen Bl\u00fcten, und bettet sich auf eine beruhigende Basis aus Vanille und wei\u00dfem Moschus.<\/p>\n<p><strong><a href=\"https:\/\/cosyowl.com\/de_at\/zubehor-fur-die-kerzenherstellung\/parfumole-fur-die-kerzenherstellung\/alle-dufte\/meeres-duftol\/?wmc-currency=EUR\">Ozean<\/a> <\/strong>\u2013 Ein frischer, mariner Duft, der mit Bergamotte, Orangenschale und ozonischen Noten beginnt, \u00fcberleitet in weiche Ankl\u00e4nge von Seerose und Calone und sich in einer dezenten Basis aus <a href=\"https:\/\/cosyowl.com\/de_at\/candle-making-supplies\/fragrance-oils-for-candle-making\/all-fragrances\/black-coconut-fragrance-oil\">exotisch<\/a> Wald.<\/p>\n<p><strong><a href=\"https:\/\/cosyowl.com\/de_at\/parfumole\/eukalyptus-duftol-mit-suser-minze\/?wmc-currency=EUR\">S\u00fc\u00dfe Minze &amp; Eukalyptus<\/a> <\/strong>- Ein frischer, aromatischer Duft, der Minze und Eukalyptus mit warmen Noten von Nelke, Patchouli, Vanille und Zedernholz f\u00fcr einen reichen, ausgewogenen Abgang verbindet.<\/p>\n<h3><strong>Warum unser Sojawachskerzen-Set w\u00e4hlen?<\/strong><\/h3>\n<p>Wir sind stolz darauf, ausschlie\u00dflich die hochwertigsten Zutaten f\u00fcr die Herstellung von handgemachten Duftkerzen zu liefern. Im Gegensatz zu vielen Starter-Kits sind unsere Produkte sorgf\u00e4ltig auf ihre professionelle Qualit\u00e4t ausgew\u00e4hlt, damit Sie Kerzen mit exzellentem Abbrennverhalten, starkem Duft und einem sch\u00f6nen Finish herstellen k\u00f6nnen.<\/p>\n<p><strong>Unser <a href=\"https:\/\/cosyowl.com\/de_at\/guides\/how-to-make-bleeding-heart-wax-melts\">DIY<\/a> Sojakerzen-Bausatz ist ideal f\u00fcr:<\/strong><\/p>\n<ul>\n<li>Anf\u00e4nger lernen, wie man Kerzen zu Hause herstellt<\/li>\n<li>Hobbybastler, die ein zuverl\u00e4ssiges <a href=\"https:\/\/cosyowl.com\/de_at\/guides\/how-to-make-marbled-wax-melts\">Kerzenhandwerk<\/a> Bausatz<\/li>\n<li>Geschenkk\u00e4ufer auf der Suche nach einem <a href=\"https:\/\/cosyowl.com\/de_at\/guides\/ideas-and-creativity\">kreative Kerzenherstellung<\/a> Geschenk<\/li>\n<li>Jeder, der liebt <a href=\"https:\/\/cosyowl.com\/de_at\/guides\/making-a-reed-diffuser\">Raumduft<\/a> und handgefertigte Kerzen<\/li>\n<\/ul>\n<h4><\/h4>\n<h3><strong>Professionelle Kerzenherstellungsmaterialien<\/strong><\/h3>\n<p>Jeder Artikel in diesem <a href=\"https:\/\/cosyowl.com\/de_at\/guides\/vegan-candle-making-supplies\">Zubeh\u00f6r f\u00fcr die Kerzenherstellung<\/a> Kit ist so ausgew\u00e4hlt, dass Sie zu Hause gro\u00dfartige Ergebnisse erzielen k\u00f6nnen. Wir verwenden keine minderwertigen Ausgangsmaterialien, denn wir glauben, dass das Lernen mit besseren Zutaten zu besseren Kerzen f\u00fchrt.<\/p>\n<p><strong>Alle in diesem Kit enthaltenen Materialien sind:<\/strong><\/p>\n<ul>\n<li>Nachhaltig bezogen<\/li>\n<li>Umweltfreundlich<\/li>\n<li>Veganfreundlich<\/li>\n<li>Tierversuchsfrei<\/li>\n<li><a href=\"https:\/\/cosyowl.com\/de_at\/guides\/cmrs-and-phthalates-in-fragrance-oils\">Frei von<\/a> CMR und Phthalate<\/li>\n<li>Perfekt f\u00fcr Anf\u00e4nger und Kerzenliebhaber<\/li>\n<\/ul>\n<p>Wenn Sie ein Starter-Kit f\u00fcr die Kerzenherstellung, ein Sojakerzen-Kit oder ein komplettes Set f\u00fcr die Herstellung Ihrer eigenen Kerzen suchen, ist dies ein hervorragender Ausgangspunkt. Mit einfachen <a href=\"https:\/\/cosyowl.com\/de_at\/guides\/temperature-guidelines\">Anweisungen<\/a>, Mit den hochwertigen Zutaten und dem Duft Ihrer Wahl k\u00f6nnen Sie mit unserem Set ganz bequem von zu Hause aus den kreativen Prozess der Kerzenherstellung genie\u00dfen.<\/p>\n<h3 data-start=\"2493\" data-end=\"2542\"><\/h3>\n<h3 data-start=\"2493\" data-end=\"2542\"><strong>Hilfreiche Ressourcen f\u00fcr eine erfolgreiche Kerzenherstellung<\/strong><\/h3>\n<ul>\n<li><strong><span style=\"color: #ff6600\"><a style=\"color: #ff6600\" href=\"https:\/\/cosyowl.com\/de_at\/leitfaden\/wie-man-eine-kerze-macht\/?wmc-currency=EUR\">Wie man eine Kerze herstellt\u00a0<\/a><\/span><\/strong><\/li>\n<li><strong><span style=\"color: #ff6600\"><a style=\"color: #ff6600\" href=\"https:\/\/cosyowl.com\/de_at\/leitfaden\/container-kerzenfuhrer\/?wmc-currency=EUR\">Anleitung zur Herstellung von Beh\u00e4lterkerzen<\/a><\/span><\/strong><\/li>\n<li><strong><span style=\"color: #ff6600\"><a style=\"color: #ff6600\" href=\"https:\/\/cosyowl.com\/de_at\/leitfaden\/anleitung-zur-herstellung-einer-kerze-fur-anfanger\/?wmc-currency=EUR\">Anleitung zur Herstellung einer Kerze f\u00fcr Anf\u00e4nger<\/a><\/span><\/strong><strong><br \/>\n<\/strong><\/li>\n<li class=\"entry-title\"><strong><span style=\"color: #ff6600\"><a style=\"color: #ff6600\" href=\"https:\/\/cosyowl.com\/de_at\/leitfaden\/wie-man-duftole-verwendet\/?wmc-currency=EUR\">Wie man Duft\u00f6le verwendet<\/a><\/span><\/strong><\/li>\n<li><strong><span style=\"color: #ff6600\"><a style=\"color: #ff6600\" href=\"https:\/\/cosyowl.com\/de_at\/leitfaden\/fehlersuche\/?wmc-currency=EUR\">Fehlerbehebung bei Problemen bei der Kerzenherstellung<\/a><\/span><\/strong><\/li>\n<li><strong><span style=\"color: #ff6600\"><a style=\"color: #ff6600\" href=\"https:\/\/cosyowl.com\/de_at\/leitfaden\/faq\/?wmc-currency=EUR\">FAQs zur Kerzenherstellung<\/a><\/span><\/strong><\/li>\n<li><strong><span style=\"color: #ff6600\"><a style=\"color: #ff6600\" href=\"https:\/\/cosyowl.com\/de_at\/leitfaden\/?wmc-currency=EUR\">Leitf\u00e4den &amp; Rezepte<\/a><\/span><\/strong><\/li>\n<\/ul>","protected":false},"excerpt":{"rendered":"<p>Our Candle Making Kit makes it easy to create beautifully scented soy candles at home. Ideal for beginners and experienced makers alike, this all-in-one kit includes everything you need to make up to five fragranced candles using high-quality materials.\u00a0Perfect as a gift or a fun home craft project, each kit includes one fragrance so you [&hellip;]<\/p>\n","protected":false},"featured_media":126805,"comment_status":"open","ping_status":"closed","template":"","meta":{"_acf_changed":false},"product_brand":[],"product_cat":[530,720,653],"product_tag":[917],"class_list":{"0":"post-126376","1":"product","2":"type-product","3":"status-publish","4":"has-post-thumbnail","6":"product_cat-candle-making-kits","7":"product_cat-candle-making-kits-candle-making-supplies","8":"product_cat-craft-kits","9":"product_tag-candle-making-kit","10":"product_shipping_class-royal_mail_kits","12":"first","13":"instock","14":"taxable","15":"shipping-taxable","16":"purchasable","17":"product-type-variable"},"acf":[],"_links":{"self":[{"href":"https:\/\/cosyowl.com\/de_at\/wp-json\/wp\/v2\/product\/126376","targetHints":{"allow":["GET"]}}],"collection":[{"href":"https:\/\/cosyowl.com\/de_at\/wp-json\/wp\/v2\/product"}],"about":[{"href":"https:\/\/cosyowl.com\/de_at\/wp-json\/wp\/v2\/types\/product"}],"replies":[{"embeddable":true,"href":"https:\/\/cosyowl.com\/de_at\/wp-json\/wp\/v2\/comments?post=126376"}],"wp:featuredmedia":[{"embeddable":true,"href":"https:\/\/cosyowl.com\/de_at\/wp-json\/wp\/v2\/media\/126805"}],"wp:attachment":[{"href":"https:\/\/cosyowl.com\/de_at\/wp-json\/wp\/v2\/media?parent=126376"}],"wp:term":[{"taxonomy":"product_brand","embeddable":true,"href":"https:\/\/cosyowl.com\/de_at\/wp-json\/wp\/v2\/product_brand?post=126376"},{"taxonomy":"product_cat","embeddable":true,"href":"https:\/\/cosyowl.com\/de_at\/wp-json\/wp\/v2\/product_cat?post=126376"},{"taxonomy":"product_tag","embeddable":true,"href":"https:\/\/cosyowl.com\/de_at\/wp-json\/wp\/v2\/product_tag?post=126376"}],"curies":[{"name":"wp","href":"https:\/\/api.w.org\/{rel}","templated":true}]}}