{"id":126349,"date":"2026-03-23T09:23:08","date_gmt":"2026-03-23T09:23:08","guid":{"rendered":"https:\/\/cosyowl.com\/?post_type=product&#038;p=126349"},"modified":"2026-05-01T13:08:54","modified_gmt":"2026-05-01T12:08:54","slug":"soja-kerzen-giessset-zur-herstellung-von-5-duftkerzen-zu-hause-florale-dufte","status":"publish","type":"product","link":"https:\/\/cosyowl.com\/de_at\/craft-kits\/candle-making-kits\/soy-candle-making-kit-make-5-scented-candles-at-home-floral-scents","title":{"rendered":"Sojawachs Kerzen-Set \u2013 Basteln Sie 5 duftende Kerzen zu Hause | Blumend\u00fcfte"},"content":{"rendered":"<h4 style=\"text-align: left\"><strong>Unser Kerzen-Set macht es einfach, zu Hause wundersch\u00f6n duftende Sojakerzen herzustellen. Dieses Komplettpaket ist ideal f\u00fcr Anf\u00e4nger und erfahrene Kerzenhersteller gleicherma\u00dfen und enth\u00e4lt alles, was Sie brauchen, um mit hochwertigen Materialien bis zu f\u00fcnf duftende Kerzen herzustellen. Perfekt als Geschenk oder als unterhaltsames Bastelprojekt f\u00fcr zu Hause, jedes Set enth\u00e4lt einen Duft, damit Sie Kerzen kreieren k\u00f6nnen, die Ihrem Stil und Ihren R\u00e4umen entsprechen. Mit allem, was Sie zum sofortigen Start ben\u00f6tigen, ist es eine einfache und lohnende M\u00f6glichkeit, Kerzenherstellung zu Hause zu genie\u00dfen.<\/strong><\/h4>\n<p>&nbsp;<\/p>\n<h3 style=\"text-align: left\"><strong>Was ist in Ihrem Kerzenherstellungsset enthalten?<\/strong><\/h3>\n<p>800g Von <strong>Hochwertige Qualit\u00e4t <a href=\"https:\/\/cosyowl.com\/de_at\/candle-making-supplies\/candle-wax\/soy-wax\/kerasoy-4130-container-wax\">KeraSoy 4130<\/a> Soja Container Wachs<\/strong> F\u00fcr A <a href=\"https:\/\/cosyowl.com\/de_at\/candle-making-supplies\/glitters\/pure-white-biodegradable\">Sauber<\/a>, Gleichm\u00e4\u00dfige Verbrennung<\/p>\n<p><a href=\"https:\/\/cosyowl.com\/de_at\/candle-tins\/silver-round-candle-tin-with-window-lid-50ml\">50ml<\/a> <strong><a href=\"https:\/\/cosyowl.com\/de_at\/candle-making-supplies\/fragrance-oils-for-candle-making\/premium-fragrance-oils\/cosy-owl-premium-1-million-type-fragrance-oil\">Parf\u00fcm\u00f6l<\/a><\/strong><\/p>\n<p>5 <strong>Eco 10 Dochte<\/strong> F\u00fcr optimale Flammenleistung<\/p>\n<p>5 <strong>Holzzentrierdorne<\/strong><\/p>\n<p>5 G<strong>Punkte<\/strong><\/p>\n<p>5 <strong><a href=\"https:\/\/cosyowl.com\/de_at\/candle-making-supplies\/candle-containers\/candle-glasses\/glass-candle-containers-20cl-karen-round-pack-of-12\">20cl<\/a> <a href=\"https:\/\/cosyowl.com\/de_at\/candle-making-supplies\/candle-containers\/candle-glasses\/glass-candle-container-30cl-karen-round\">Karen Rund<\/a> Brillen<\/strong> Perfekte Beh\u00e4lter f\u00fcr den Hausgebrauch oder als Geschenk<\/p>\n<p>Einfach zu befolgen, <strong>Schritt-f\u00fcr-Schritt <a href=\"https:\/\/cosyowl.com\/de_at\/guides\/how-to-make-a-candle\">Kerzenherstellung<\/a> <a href=\"https:\/\/cosyowl.com\/de_at\/guides\/a-guide-to-creating-your-own-soap-products\">Leitfaden<\/a><\/strong> Perfekt f\u00fcr Anf\u00e4nger<\/p>\n<h3><strong>W\u00e4hlen Sie Ihren Lieblingskerzenduft<\/strong><\/h3>\n<p>Der Duft ist einer der wichtigsten Bestandteile eines jeden <a href=\"https:\/\/cosyowl.com\/de_at\/guides\/a-summers-beach-gel-votive-candle\">Kerze<\/a>. Er tr\u00e4gt zur Atmosph\u00e4re bei, weckt Erinnerungen und verleiht jeder Kerze eine pers\u00f6nliche Note, die Sie herstellen. Deshalb k\u00f6nnen Sie bei diesem Kerzenherstellungsset mit Duft\u00f6l Ihren bevorzugten Duft aus dem Dropdown-Men\u00fc ausw\u00e4hlen. Unsere Kollektion von Premium <a href=\"https:\/\/cosyowl.com\/de_at\/guides\/2023-spring-fragrance-oil-trends\">Parf\u00fcm\u00f6le<\/a> umfasst eine breite Palette von D\u00fcften f\u00fcr jeden Geschmack, von <a href=\"https:\/\/cosyowl.com\/de_at\/candle-making-supplies\/essential-oils\/eucalyptus-globulus-essential-oil\">frisch<\/a> und saubere Aromen zu <a href=\"https:\/\/cosyowl.com\/de_at\/craft-kits\/candle-making-kits\/soy-wax-mulled-wine-christmas-candle-making-kit\">warm<\/a>, <a href=\"https:\/\/cosyowl.com\/de_at\/fragrance-oils\/chocolate-orange\">reich<\/a>, und beruhigende Mischungen. Jedes Duft\u00f6l ist hochkonzentriert, so dass eine kleine Menge ausreicht und Sie die volle Kontrolle \u00fcber die Duftst\u00e4rke Ihrer fertigen Kerzen haben. Diese Parf\u00fcm\u00f6le sind speziell so formuliert, dass sie sich reibungslos mit dem Wachs vermischen und eine hervorragende Duftleistung bieten, ohne die Konsistenz zu beeintr\u00e4chtigen. <a href=\"https:\/\/cosyowl.com\/de_at\/candle-wicks\/wedo-lx-wick-raw\">Qualit\u00e4t<\/a> oder das Abbrennen Ihrer Kerze.<\/p>\n<p><strong><a href=\"https:\/\/cosyowl.com\/de_at\/parfumole\/kamille\/?wmc-currency=EUR\">Kamille<\/a> <\/strong>\u2013 Ein sanfter, beruhigender Duft, der mit Eukalyptus und <a href=\"https:\/\/cosyowl.com\/de_at\/fragrance-oils\/candy-floss\">s\u00fc\u00df<\/a> Freesie, die zu einem sanften Herzen aus Kamille, Geranie und <a href=\"https:\/\/cosyowl.com\/de_at\/fragrance-oils\/lilac\">fliederfarben<\/a>, und sich in einer warmen Basis aus Zedernholz, Moschus und Zimtblatt niederlassen.<\/p>\n<p><strong><a href=\"https:\/\/cosyowl.com\/de_at\/zubehor-fur-die-kerzenherstellung\/parfumole-fur-die-kerzenherstellung\/alle-dufte\/franzosisches-lavendel-duftol\/?wmc-currency=EUR\">Franz\u00f6sischer Lavendel<\/a><\/strong> - Eine neue, <a href=\"https:\/\/cosyowl.com\/de_at\/fragrance-oils\/coffee\">aromatisch<\/a> Duft mit einem Auftakt von Bergamotte und Lavendel, der in weiche \u00fcbergeht <a href=\"https:\/\/cosyowl.com\/de_at\/candle-making-supplies\/essential-oils\/rosemary-essential-oil\">pflanzlich<\/a> Noten von Muskatellersalbei und Zimtblatt, die in einer warmen Basis aus <a href=\"https:\/\/cosyowl.com\/de_at\/candle-making-supplies\/fragrance-oils-for-candle-making\/all-fragrances\/french-vanilla-fragrance-oil\">Franz\u00f6sische Vanille<\/a>, Galbanum und Rosenholz.<\/p>\n<p><strong><a href=\"https:\/\/cosyowl.com\/de_at\/parfumole\/gardenie\/?wmc-currency=EUR\">Gardenie<\/a> <\/strong>Ein reicher, blumiger Duft, der mit Bergamotte, Orangenbl\u00fcte und Grapefruit beginnt, \u00fcbergeht in ein \u00fcppiges Herz aus Magnolie, Hyazinthe, <a href=\"https:\/\/cosyowl.com\/de_at\/fragrance-oils\/gardenia\">Gardenie<\/a>und <a href=\"https:\/\/cosyowl.com\/de_at\/candle-making-supplies\/fragrance-oils-for-candle-making\/all-fragrances\/jasmine-fragrance-oil\">jasmin<\/a>, und sich in einer warmen Basis aus Moschus, Nelkenknospe, Geranie und Sandelholz niederlassen.<\/p>\n<p><strong><a href=\"https:\/\/cosyowl.com\/de_at\/zubehor-fur-die-kerzenherstellung\/parfumole-fur-die-kerzenherstellung\/alle-dufte\/jasmin-duftol\/?wmc-currency=EUR\">Jasmin<\/a> <\/strong>- Ein reichhaltiger, blumiger Duft, der mit Jasmin und Orangenschale er\u00f6ffnet, zu sanften Noten von Bitterorange und Madagaskar-Vanille f\u00fchrt und in eine warme Basis aus Honig und Moschus m\u00fcndet.<\/p>\n<p><strong><a href=\"https:\/\/cosyowl.com\/de_at\/zubehor-fur-die-kerzenherstellung\/parfumole-fur-die-kerzenherstellung\/alle-dufte\/duftol-aus-lavendel-und-kamille\/?wmc-currency=EUR\">Lavendel &amp; Kamille<\/a> <\/strong>- Ein frischer, beruhigender Duft, der mit Lavendel und Kamille er\u00f6ffnet, zu einem weichen Herz aus Geranien f\u00fchrt und in einer erdenden Basis aus Patchouli und Moos endet.<\/p>\n<p><strong><a href=\"https:\/\/cosyowl.com\/de_at\/zubehor-fur-die-kerzenherstellung\/parfumole-fur-die-kerzenherstellung\/alle-dufte\/lavendel-duftol\/?wmc-currency=EUR\">Lavendel<\/a> <\/strong>\u2013 Ein frischer, aromatischer Duft, der mit Eukalyptus und Bergamotte er\u00f6ffnet, zu einem warmen Herzen aus Lavendel, Patschuli und Tonkabohne f\u00fchrt und in einer weichen Basis aus Moos und <a href=\"https:\/\/cosyowl.com\/de_at\/fragrance-oils\/teakwood\">Woody<\/a> Moschus.<\/p>\n<p><strong><a href=\"https:\/\/cosyowl.com\/de_at\/zubehor-fur-die-kerzenherstellung\/parfumole-fur-die-kerzenherstellung\/alle-dufte\/pfingstrosenbluten-duftol\/?wmc-currency=EUR\">Pfingstrosenbl\u00fcten<\/a><\/strong> - Ein s\u00fc\u00dfer, blumiger Duft, der mit rosafarbenem Zucker, roter Johannisbeere und Granatapfel er\u00f6ffnet und in eine weiche Herznote aus Pfirsich, Pfingstrose, Geranie und Tonka \u00fcbergeht, die in eine warme Basis aus Vanilleschote, Moschus und Amber \u00fcbergeht.<\/p>\n<p><strong><a href=\"https:\/\/cosyowl.com\/de_at\/zubehor-fur-die-kerzenherstellung\/parfumole-fur-die-kerzenherstellung\/alle-dufte\/duftol-rote-rosen\/?wmc-currency=EUR\">Rote Rosen<\/a><\/strong> \u2013 Ein frischer, romantischer Duft, der sich \u00f6ffnet mit <a href=\"https:\/\/cosyowl.com\/de_at\/candle-making-supplies\/fragrance-oils-for-candle-making\/all-fragrances\/lemon-lavender-fragrance-oil\">Zitronenschale<\/a>, Bergamotte, Pflaume und knackiger Apfel, die zu einem zarten Rosenherz f\u00fchren, <a href=\"https:\/\/cosyowl.com\/de_at\/candle-making-supplies\/fragrance-oils-for-candle-making\/all-fragrances\/ocean-fragrance-oil\">Marine<\/a> Noten und Ylang-Ylang, und m\u00fcndet in einer weichen Basis aus Moschus und wei\u00dfem Sandelholz.<\/p>\n<p><strong><a href=\"https:\/\/cosyowl.com\/de_at\/zubehor-fur-die-kerzenherstellung\/parfumole-fur-die-kerzenherstellung\/alle-dufte\/tropen-duftol\/?wmc-currency=EUR\">Tropen<\/a> <\/strong>\u2013 Ein frischer, knackiger Duft, der mit Bergamotte beginnt, <a href=\"https:\/\/cosyowl.com\/de_at\/fragrance-oils\/lemon\">Zitrone<\/a>, wei\u00dfe Minze und Grapefruit, unterlegt mit Ankl\u00e4ngen von Calon, Gew\u00fcrznelkenblatt und Thymian, und ruhend auf einer <a href=\"https:\/\/cosyowl.com\/de_at\/candle-making-supplies\/fragrance-oils-for-candle-making\/all-fragrances\/honey-fragrance-oil\">nat\u00fcrlich<\/a> Basis von <a href=\"https:\/\/cosyowl.com\/de_at\/candle-making-kits\/winter-pine-candle-making-kit\">Kiefer<\/a>, Zedernholz, Sandelholz, Fenchel und weiche H\u00f6lzer.<\/p>\n<p><strong><a href=\"https:\/\/cosyowl.com\/de_at\/zubehor-fur-die-kerzenherstellung\/parfumole-fur-die-kerzenherstellung\/alle-dufte\/duftol-samtrose-oud\/?wmc-currency=EUR\">Samtrose &amp; Oud<\/a> <\/strong>- Ein reichhaltiger orientalisch-blumiger Duft, der mit Oud, Rose, Geranie, Jasmin und einem Hauch von Nelke er\u00f6ffnet, von Pralin\u00e9 ges\u00fc\u00dft wird und in eine samtige Basis aus Zedernholz, Sandelholz, Vetiver, Amber, Moschus, Vanille, Patchouli und <a href=\"https:\/\/cosyowl.com\/de_at\/fragrance-oils\/raspberry\">Himbeere<\/a>.<\/p>\n<p>&nbsp;<\/p>\n<h3><strong>Warum unser Sojawachskerzen-Set w\u00e4hlen?<\/strong><\/h3>\n<p>Wir sind stolz darauf, ausschlie\u00dflich die hochwertigsten Zutaten f\u00fcr die Herstellung von handgemachten Duftkerzen zu liefern. Im Gegensatz zu vielen Starter-Kits sind unsere Produkte sorgf\u00e4ltig auf ihre professionelle Qualit\u00e4t ausgew\u00e4hlt, damit Sie Kerzen mit exzellentem Abbrennverhalten, starkem Duft und einem sch\u00f6nen Finish herstellen k\u00f6nnen.<\/p>\n<p><strong>Unser <a href=\"https:\/\/cosyowl.com\/de_at\/guides\/how-to-make-bleeding-heart-wax-melts\">DIY<\/a> Sojakerzen-Bausatz ist ideal f\u00fcr:<\/strong><\/p>\n<ul>\n<li>Anf\u00e4nger lernen, wie man Kerzen zu Hause herstellt<\/li>\n<li>Hobbybastler, die ein zuverl\u00e4ssiges <a href=\"https:\/\/cosyowl.com\/de_at\/guides\/how-to-make-marbled-wax-melts\">Kerzenhandwerk<\/a> Bausatz<\/li>\n<li>Geschenkk\u00e4ufer auf der Suche nach einem <a href=\"https:\/\/cosyowl.com\/de_at\/guides\/ideas-and-creativity\">kreative Kerzenherstellung<\/a> Geschenk<\/li>\n<li>Jeder, der liebt <a href=\"https:\/\/cosyowl.com\/de_at\/guides\/making-a-reed-diffuser\">Raumduft<\/a> und handgefertigte Kerzen<\/li>\n<\/ul>\n<h3><strong>Professionelle Kerzenherstellungsmaterialien<\/strong><\/h3>\n<p>Jeder Artikel in diesem <a href=\"https:\/\/cosyowl.com\/de_at\/guides\/vegan-candle-making-supplies\">Zubeh\u00f6r f\u00fcr die Kerzenherstellung<\/a> Kit ist so ausgew\u00e4hlt, dass Sie zu Hause gro\u00dfartige Ergebnisse erzielen k\u00f6nnen. Wir verwenden keine minderwertigen Ausgangsmaterialien, denn wir glauben, dass das Lernen mit besseren Zutaten zu besseren Kerzen f\u00fchrt.<\/p>\n<p><strong>Alle in diesem Kit enthaltenen Materialien sind:<\/strong><\/p>\n<ul>\n<li>Nachhaltig bezogen<\/li>\n<li>Umweltfreundlich<\/li>\n<li>Veganfreundlich<\/li>\n<li>Tierversuchsfrei<\/li>\n<li><a href=\"https:\/\/cosyowl.com\/de_at\/guides\/cmrs-and-phthalates-in-fragrance-oils\">Frei von<\/a> CMR und Phthalate<\/li>\n<li>Perfekt f\u00fcr Anf\u00e4nger und Kerzenliebhaber<\/li>\n<\/ul>\n<p>Wenn Sie ein Starter-Kit f\u00fcr die Kerzenherstellung, ein Sojakerzen-Kit oder ein komplettes Set f\u00fcr die Herstellung Ihrer eigenen Kerzen suchen, ist dies ein hervorragender Ausgangspunkt. Mit einfachen <a href=\"https:\/\/cosyowl.com\/de_at\/guides\/temperature-guidelines\">Anweisungen<\/a>, Mit den hochwertigen Zutaten und dem Duft Ihrer Wahl k\u00f6nnen Sie mit unserem Set ganz bequem von zu Hause aus den kreativen Prozess der Kerzenherstellung genie\u00dfen.<\/p>\n<h3 data-start=\"2493\" data-end=\"2542\"><\/h3>\n<h3 data-start=\"2493\" data-end=\"2542\"><strong>Hilfreiche Ressourcen f\u00fcr eine erfolgreiche Kerzenherstellung<\/strong><\/h3>\n<ul>\n<li><strong><span style=\"color: #ff6600\"><a style=\"color: #ff6600\" href=\"https:\/\/cosyowl.com\/de_at\/leitfaden\/wie-man-eine-kerze-macht\/?wmc-currency=EUR\">Wie man eine Kerze herstellt\u00a0<\/a><\/span><\/strong><\/li>\n<li><strong><span style=\"color: #ff6600\"><a style=\"color: #ff6600\" href=\"https:\/\/cosyowl.com\/de_at\/leitfaden\/container-kerzenfuhrer\/?wmc-currency=EUR\">Anleitung zur Herstellung von Beh\u00e4lterkerzen<\/a><\/span><\/strong><\/li>\n<li><strong><span style=\"color: #ff6600\"><a style=\"color: #ff6600\" href=\"https:\/\/cosyowl.com\/de_at\/leitfaden\/anleitung-zur-herstellung-einer-kerze-fur-anfanger\/?wmc-currency=EUR\">Anleitung zur Herstellung einer Kerze f\u00fcr Anf\u00e4nger<\/a><\/span><\/strong><strong><br \/>\n<\/strong><\/li>\n<li class=\"entry-title\"><strong><span style=\"color: #ff6600\"><a style=\"color: #ff6600\" href=\"https:\/\/cosyowl.com\/de_at\/leitfaden\/wie-man-duftole-verwendet\/?wmc-currency=EUR\">Wie man Duft\u00f6le verwendet<\/a><\/span><\/strong><\/li>\n<li><strong><span style=\"color: #ff6600\"><a style=\"color: #ff6600\" href=\"https:\/\/cosyowl.com\/de_at\/leitfaden\/fehlersuche\/?wmc-currency=EUR\">Fehlerbehebung bei Problemen bei der Kerzenherstellung<\/a><\/span><\/strong><\/li>\n<li><strong><span style=\"color: #ff6600\"><a style=\"color: #ff6600\" href=\"https:\/\/cosyowl.com\/de_at\/leitfaden\/faq\/?wmc-currency=EUR\">FAQs zur Kerzenherstellung<\/a><\/span><\/strong><\/li>\n<li><strong><span style=\"color: #ff6600\"><a style=\"color: #ff6600\" href=\"https:\/\/cosyowl.com\/de_at\/leitfaden\/?wmc-currency=EUR\">Leitf\u00e4den &amp; Rezepte<\/a><\/span><\/strong><\/li>\n<\/ul>","protected":false},"excerpt":{"rendered":"<p>Our Candle Making Kit makes it easy to create beautifully scented soy candles at home. Ideal for beginners and experienced makers alike, this all-in-one kit includes everything you need to make up to five fragranced candles using high-quality materials.\u00a0Perfect as a gift or a fun home craft project, each kit includes one fragrance so you [&hellip;]<\/p>\n","protected":false},"featured_media":126805,"comment_status":"open","ping_status":"closed","template":"","meta":{"_acf_changed":false},"product_brand":[],"product_cat":[530,720,653],"product_tag":[917],"class_list":{"0":"post-126349","1":"product","2":"type-product","3":"status-publish","4":"has-post-thumbnail","6":"product_cat-candle-making-kits","7":"product_cat-candle-making-kits-candle-making-supplies","8":"product_cat-craft-kits","9":"product_tag-candle-making-kit","10":"product_shipping_class-royal_mail_kits","12":"first","13":"instock","14":"taxable","15":"shipping-taxable","16":"purchasable","17":"product-type-variable"},"acf":[],"_links":{"self":[{"href":"https:\/\/cosyowl.com\/de_at\/wp-json\/wp\/v2\/product\/126349","targetHints":{"allow":["GET"]}}],"collection":[{"href":"https:\/\/cosyowl.com\/de_at\/wp-json\/wp\/v2\/product"}],"about":[{"href":"https:\/\/cosyowl.com\/de_at\/wp-json\/wp\/v2\/types\/product"}],"replies":[{"embeddable":true,"href":"https:\/\/cosyowl.com\/de_at\/wp-json\/wp\/v2\/comments?post=126349"}],"wp:featuredmedia":[{"embeddable":true,"href":"https:\/\/cosyowl.com\/de_at\/wp-json\/wp\/v2\/media\/126805"}],"wp:attachment":[{"href":"https:\/\/cosyowl.com\/de_at\/wp-json\/wp\/v2\/media?parent=126349"}],"wp:term":[{"taxonomy":"product_brand","embeddable":true,"href":"https:\/\/cosyowl.com\/de_at\/wp-json\/wp\/v2\/product_brand?post=126349"},{"taxonomy":"product_cat","embeddable":true,"href":"https:\/\/cosyowl.com\/de_at\/wp-json\/wp\/v2\/product_cat?post=126349"},{"taxonomy":"product_tag","embeddable":true,"href":"https:\/\/cosyowl.com\/de_at\/wp-json\/wp\/v2\/product_tag?post=126349"}],"curies":[{"name":"wp","href":"https:\/\/api.w.org\/{rel}","templated":true}]}}