{"id":126265,"date":"2026-03-23T09:22:38","date_gmt":"2026-03-23T09:22:38","guid":{"rendered":"https:\/\/cosyowl.com\/?post_type=product&#038;p=126265"},"modified":"2026-05-01T13:08:54","modified_gmt":"2026-05-01T12:08:54","slug":"sojakerzen-herstellungsset-stelle-5-duftkerzen-zu-hause-her-inspiriert-von-herbst-und-winterduften","status":"publish","type":"product","link":"https:\/\/cosyowl.com\/de_at\/craft-kits\/candle-making-kits\/soy-candle-making-kit-make-5-scented-candles-at-home-autumn-winter-inspired-scents","title":{"rendered":"Soja-Kerzen-Set \u2013 Selber machen: 5 Duftkerzen f\u00fcr Zuhause | D\u00fcfte inspiriert vom Herbst\/Winter"},"content":{"rendered":"<h4 style=\"text-align: left\"><strong>Unser Kerzen-Set macht es einfach, zu Hause wundersch\u00f6n duftende Sojakerzen herzustellen. Dieses Komplettpaket ist ideal f\u00fcr Anf\u00e4nger und erfahrene Kerzenhersteller gleicherma\u00dfen und enth\u00e4lt alles, was Sie brauchen, um mit hochwertigen Materialien bis zu f\u00fcnf duftende Kerzen herzustellen. Perfekt als Geschenk oder als unterhaltsames Bastelprojekt f\u00fcr zu Hause, jedes Set enth\u00e4lt einen Duft, damit Sie Kerzen kreieren k\u00f6nnen, die Ihrem Stil und Ihren R\u00e4umen entsprechen. Mit allem, was Sie zum sofortigen Start ben\u00f6tigen, ist es eine einfache und lohnende M\u00f6glichkeit, Kerzenherstellung zu Hause zu genie\u00dfen.<\/strong><\/h4>\n<p>&nbsp;<\/p>\n<h3 style=\"text-align: left\"><strong>Was ist in Ihrem Kerzenherstellungsset enthalten?<\/strong><\/h3>\n<p>800g Von <strong>Hochwertige Qualit\u00e4t <a href=\"https:\/\/cosyowl.com\/de_at\/candle-making-supplies\/candle-wax\/soy-wax\/kerasoy-4130-container-wax\">KeraSoy 4130<\/a> Soja Container Wachs<\/strong> F\u00fcr A <a href=\"https:\/\/cosyowl.com\/de_at\/candle-making-supplies\/glitters\/pure-white-biodegradable\">Sauber<\/a>, Gleichm\u00e4\u00dfige Verbrennung<\/p>\n<p><a href=\"https:\/\/cosyowl.com\/de_at\/candle-tins\/silver-round-candle-tin-with-window-lid-50ml\">50ml<\/a> <strong><a href=\"https:\/\/cosyowl.com\/de_at\/candle-making-supplies\/fragrance-oils-for-candle-making\/premium-fragrance-oils\/cosy-owl-premium-1-million-type-fragrance-oil\">Parf\u00fcm\u00f6l<\/a><\/strong><\/p>\n<p>5 <strong>Eco 10 Dochte<\/strong> F\u00fcr optimale Flammenleistung<\/p>\n<p>5 <strong>Holzzentrierdorne<\/strong><\/p>\n<p>5 G<strong>Punkte<\/strong><\/p>\n<p>5 <strong><a href=\"https:\/\/cosyowl.com\/de_at\/candle-making-supplies\/candle-containers\/candle-glasses\/glass-candle-containers-20cl-karen-round-pack-of-12\">20cl<\/a> <a href=\"https:\/\/cosyowl.com\/de_at\/candle-making-supplies\/candle-containers\/candle-glasses\/glass-candle-container-30cl-karen-round\">Karen Rund<\/a> Brillen<\/strong> Perfekte Beh\u00e4lter f\u00fcr den Hausgebrauch oder als Geschenk<\/p>\n<p>Einfach zu befolgen, <strong>Schritt-f\u00fcr-Schritt <a href=\"https:\/\/cosyowl.com\/de_at\/guides\/how-to-make-a-candle\">Kerzenherstellung<\/a> <a href=\"https:\/\/cosyowl.com\/de_at\/guides\/a-guide-to-creating-your-own-soap-products\">Leitfaden<\/a><\/strong> Perfekt f\u00fcr Anf\u00e4nger<\/p>\n<h3><strong>W\u00e4hlen Sie Ihren Lieblingskerzenduft<\/strong><\/h3>\n<p>Der Duft ist einer der wichtigsten Bestandteile eines jeden <a href=\"https:\/\/cosyowl.com\/de_at\/guides\/a-summers-beach-gel-votive-candle\">Kerze<\/a>. Er tr\u00e4gt zur Atmosph\u00e4re bei, weckt Erinnerungen und verleiht jeder Kerze eine pers\u00f6nliche Note, die Sie herstellen. Deshalb k\u00f6nnen Sie bei diesem Kerzenherstellungsset mit Duft\u00f6l Ihren bevorzugten Duft aus dem Dropdown-Men\u00fc ausw\u00e4hlen. Unsere Kollektion von Premium <a href=\"https:\/\/cosyowl.com\/de_at\/guides\/2023-spring-fragrance-oil-trends\">Parf\u00fcm\u00f6le<\/a> umfasst eine breite Palette von D\u00fcften f\u00fcr jeden Geschmack, von <a href=\"https:\/\/cosyowl.com\/de_at\/candle-making-supplies\/essential-oils\/eucalyptus-globulus-essential-oil\">frisch<\/a> und saubere Aromen zu <a href=\"https:\/\/cosyowl.com\/de_at\/craft-kits\/candle-making-kits\/soy-wax-mulled-wine-christmas-candle-making-kit\">warm<\/a>, <a href=\"https:\/\/cosyowl.com\/de_at\/fragrance-oils\/chocolate-orange\">reich<\/a>, und beruhigende Mischungen. Jedes Duft\u00f6l ist hochkonzentriert, so dass eine kleine Menge ausreicht und Sie die volle Kontrolle \u00fcber die Duftst\u00e4rke Ihrer fertigen Kerzen haben. Diese Parf\u00fcm\u00f6le sind speziell so formuliert, dass sie sich reibungslos mit dem Wachs vermischen und eine hervorragende Duftleistung bieten, ohne die Konsistenz zu beeintr\u00e4chtigen. <a href=\"https:\/\/cosyowl.com\/de_at\/candle-wicks\/wedo-lx-wick-raw\">Qualit\u00e4t<\/a> oder das Abbrennen Ihrer Kerze.<\/p>\n<p><a href=\"https:\/\/cosyowl.com\/de_at\/zubehor-fur-die-kerzenherstellung\/parfumole-fur-die-kerzenherstellung\/alle-dufte\/apfel-zimt-duftol\/?wmc-currency=EUR\"><strong>Apfel-Zimt<\/strong><\/a> - Ein warmer, einladender Duft mit Bratapfel als dominanter Note, \u00fcberlagert von subtilen Ankl\u00e4ngen an Zimt, Muskatnuss, Koriander und Nelke, abgerundet durch eine weiche, lang anhaltende Basis aus Vanille, Amber, Moschus und karamellisiertem Zucker.<\/p>\n<p><a href=\"https:\/\/cosyowl.com\/de_at\/zubehor-fur-die-kerzenherstellung\/parfumole-fur-die-kerzenherstellung\/alle-dufte\/weihnachtsbaum-duftol\/?wmc-currency=EUR\"><strong>Weihnachtsbaum<\/strong><\/a> - A <a href=\"https:\/\/cosyowl.com\/de_at\/candle-making-kits\/soy-wax-christmas-spice-candle-making-kit\">festlich<\/a>, <a href=\"https:\/\/cosyowl.com\/de_at\/fragrance-oils\/coffee\">aromatisch<\/a> Duft mit frischem <a href=\"https:\/\/cosyowl.com\/de_at\/candle-making-kits\/winter-pine-candle-making-kit\">Kiefer<\/a> Nadel-Kopfnoten, vermischt mit warmen Ankl\u00e4ngen von Nelke, Zimt und Piment, und abgerundet mit reichhaltigem Tannenbalsam und rauchigen H\u00f6lzern f\u00fcr ein gem\u00fctliches Wald-Finish.<\/p>\n<p><a href=\"https:\/\/cosyowl.com\/de_at\/parfumole\/zimtstange\/?wmc-currency=EUR\"><strong>Zimtstange<\/strong><\/a> - A <a href=\"https:\/\/cosyowl.com\/de_at\/candle-making-supplies\/glitters\/fluorescent-green\">fett<\/a>, <a href=\"https:\/\/cosyowl.com\/de_at\/fragrance-oils\/nutcracker\">w\u00fcrzig<\/a> Duft\u00f6ffnung mit <a href=\"https:\/\/cosyowl.com\/de_at\/candle-making-supplies\/glitters\/lake-blue-biodegradable\">lebendige<\/a> Noten von Blutorange, <a href=\"https:\/\/cosyowl.com\/de_at\/candle-making-supplies\/fragrance-oils-for-candle-making\/all-fragrances\/pink-grapefruit-fragrance-oil\">Zitrusfr\u00fcchte<\/a>, und Pfeffer, abgemildert durch warme Ankl\u00e4nge von Zimt und Iris, und abgeschlossen mit einer sanften Basis aus Muskatnuss und Vanilleschote.<\/p>\n<p><a href=\"https:\/\/cosyowl.com\/de_at\/parfumole\/zimt-vanille\/?wmc-currency=EUR\"><strong>Zimt Vanille<\/strong><\/a> - A <a href=\"https:\/\/cosyowl.com\/de_at\/fragrance-oils\/candy-floss\">s\u00fc\u00df<\/a> und w\u00fcrziger Duftabschied mit <a href=\"https:\/\/cosyowl.com\/de_at\/candle-making-supplies\/glitters\/fluorescent-peach\">hell<\/a> Notizen von <a href=\"https:\/\/cosyowl.com\/de_at\/fragrance-oils\/lemon\">Zitrone<\/a> Flaum und Zuckerrohr, unterlegt mit warmen Ankl\u00e4ngen von Zimt, Piment und Gew\u00fcrznelkenblatt, abgerundet mit einer reichhaltigen Basis aus Vanilleschote, Muskatnuss und Tonkabohne.<\/p>\n<p><a href=\"https:\/\/cosyowl.com\/de_at\/zubehor-fur-die-kerzenherstellung\/parfumole-fur-die-kerzenherstellung\/weihrauch-myrrhe-duftol\/?wmc-currency=EUR\"><strong>Weihrauch &amp; Myrrhe<\/strong><\/a> - Ein frischer, aromatischer Duft, der mit Zitrusfr\u00fcchten, Eukalyptus, Wacholder und Lavendel er\u00f6ffnet, in ein warmes, w\u00fcrziges Herz aus Zimt, Nelke und Iris \u00fcbergeht und in eine reichhaltige Basis aus Amber, Sandelholz, Zedernholz, Patchouli, Moschus und Vanille m\u00fcndet.<\/p>\n<p><a href=\"https:\/\/cosyowl.com\/de_at\/zubehor-fur-die-kerzenherstellung\/parfumole-fur-die-kerzenherstellung\/alle-dufte\/duftol-mit-gefrosteten-preiselbeeren\/?wmc-currency=EUR\"><strong>Mattierte Preiselbeeren<\/strong><\/a> \u2013 Ein helles, <a href=\"https:\/\/cosyowl.com\/de_at\/craft-supplies\/wax-melt-supplies\/mica-powder-glitter\/bright-peach-biodegradable-candle-glitter\">prickelnd<\/a> Duft mit sprudelnden Bl\u00e4schen, saftiger Pomelo und s\u00e4uerlicher Cranberry, abgemildert durch eine beruhigende Basis aus Karamell, Vanille und Iris.<\/p>\n<p><a href=\"https:\/\/cosyowl.com\/de_at\/parfumole\/heiser-apfelkuchen\/?wmc-currency=EUR\"><strong>Hei\u00dfer Apfelkuchen<\/strong><\/a> - Ein warmer, beruhigender Duft mit s\u00fc\u00dfen Apfel-, Zitronen- und Schlagsahne-Kopfnoten, \u00fcberlagert von sanften Noten von Zimt, Nelke und Anis, und abgeschlossen mit einer reichhaltigen Basis aus Vanillebuttercreme, Kuchenkruste und Muskatnuss.<\/p>\n<p><a href=\"https:\/\/cosyowl.com\/de_at\/zubehor-fur-die-kerzenherstellung\/parfumole-fur-die-kerzenherstellung\/alle-dufte\/mitternachtsschreck-duftol\/?wmc-currency=EUR\"><strong>Mitternachtsschreck<\/strong><\/a> \u2013 Ein dunkler, fruchtig-holziger Duft mit satten Noten von schwarzer <a href=\"https:\/\/cosyowl.com\/de_at\/fragrance-oils\/raspberry\">Himbeere<\/a>, Datum, <a href=\"https:\/\/cosyowl.com\/de_at\/candle-making-supplies\/fragrance-oils-for-candle-making\/all-fragrances\/fig-fragrance-oil\">Abbildung<\/a>, Rosine und frisch <a href=\"https:\/\/cosyowl.com\/de_at\/candle-making-supplies\/fragrance-oils-for-candle-making\/all-fragrances\/strawberry-fragrance-oil\">Erdbeere<\/a>, angehoben durch subtile Gew\u00fcrze und geerdet in einer warmen Basis aus Vanille, Zeder und Moschus.<\/p>\n<p><a href=\"https:\/\/cosyowl.com\/de_at\/zubehor-fur-die-kerzenherstellung\/parfumole-fur-die-kerzenherstellung\/alle-dufte\/gluhwein-duftol\/?wmc-currency=EUR\"><strong>Gl\u00fchwein<\/strong><\/a> - Ein reichhaltiger, festlicher Duft mit saftigen Noten von Trauben, Pflaumen und wei\u00dfem Ingwer, erw\u00e4rmt durch einen Hauch von Nelkenknospen, Brombeeren und Anis und abgeschlossen mit einer weichen Basis aus Vanilleschoten, Moschus und trockenem Amber.<\/p>\n<p><a href=\"https:\/\/cosyowl.com\/de_at\/zubehor-fur-die-kerzenherstellung\/parfumole-fur-die-kerzenherstellung\/alle-dufte\/orangen-nelken-duftol\/?wmc-currency=EUR\"><strong>Orange Nelke<\/strong><\/a> - Ein warmer, w\u00fcrziger Duft, der leuchtende Orange mit beruhigenden Noten von Zimt, Nelke und Muskatnuss verbindet.<\/p>\n<p><a href=\"https:\/\/cosyowl.com\/de_at\/parfumole\/kurbisgewurz\/?wmc-currency=EUR\"><strong>K\u00fcrbisgew\u00fcrz<\/strong><\/a> - Eine reiche, <a href=\"https:\/\/cosyowl.com\/de_at\/craft-kits\/candle-making-kits\/soy-wax-cheeky-cherry-candle-making-kit\">fruchtig<\/a> Duft mit reifer Orange und K\u00fcrbis, akzentuiert durch warme Gew\u00fcrznoten von Zimt.<\/p>\n<p><a href=\"https:\/\/cosyowl.com\/de_at\/parfumole\/schneeflocke\/?wmc-currency=EUR\"><strong>Schneeflocke<\/strong><\/a> - Eine neue, <a href=\"https:\/\/cosyowl.com\/de_at\/fragrance-oils\/gardenia\">Blumen<\/a> Duft mit knackigen Minz- und Zitruskopfnoten, einem weichen Herz aus <a href=\"https:\/\/cosyowl.com\/de_at\/fragrance-oils\/fresh-cut-grass\">gr\u00fcn<\/a> Apfel, <a href=\"https:\/\/cosyowl.com\/de_at\/candle-making-supplies\/fragrance-oils-for-candle-making\/all-fragrances\/jasmine-fragrance-oil\">jasmin<\/a>, und Rosenblatt, und eine sanfte Basis aus H\u00f6lzern und Moschus.<\/p>\n<p><a href=\"https:\/\/cosyowl.com\/de_at\/zubehor-fur-die-kerzenherstellung\/parfumole-fur-die-kerzenherstellung\/alle-dufte\/duftol-snowkissed-lodge\/?wmc-currency=EUR\"><strong>Snowkissed Lodge<\/strong><\/a> - Ein frischer, winterlicher Duft, der mit Kiefer, Zitrone und Eukalyptus er\u00f6ffnet, zu einer Herznote aus Waldfr\u00fcchten, Jasmin, Lavendel und Menthol f\u00fchrt und in eine gem\u00fctliche Basis aus Amber, Moschus und Moos m\u00fcndet.<\/p>\n<p><a href=\"https:\/\/cosyowl.com\/de_at\/zubehor-fur-die-kerzenherstellung\/parfumole-fur-die-kerzenherstellung\/alle-dufte\/winter-fae-duftol\/?wmc-currency=EUR\"><strong>Winter-Fee<\/strong><\/a> \u2013 Ein spielerischer, s\u00fc\u00dfer Duft, der vor Energie strotzt <a href=\"https:\/\/cosyowl.com\/de_at\/fragrance-oils\/all-fragrances\/bubblegum-fragrance-oil\">Kaugummi<\/a>, Banana- und Birnenbonbons, weichgesp\u00fclt durch Ankl\u00e4nge von Moschus und Vanille, und abgerundet mit einem zuckrigen Zuckerwatte-Twist.<\/p>\n<p><a href=\"https:\/\/cosyowl.com\/de_at\/zubehor-fur-die-kerzenherstellung\/parfumole-fur-die-kerzenherstellung\/alle-dufte\/duftol-winterkiefer\/?wmc-currency=EUR\"><strong>Winterkiefer<\/strong><\/a> \u2013 Ein frischer, knackiger Duft, der mit Bergamotte, Zitrone, wei\u00dfer Minze und Grapefruit er\u00f6ffnet, unterlegt mit Hauch von Calone, Nelkenblatt und Thymian, und ruht auf einem <a href=\"https:\/\/cosyowl.com\/de_at\/candle-making-supplies\/fragrance-oils-for-candle-making\/all-fragrances\/honey-fragrance-oil\">nat\u00fcrlich<\/a> Basis aus Kiefer, Zeder, Sandelholz, Fenchel und weichen H\u00f6lzern.<\/p>\n<h3><strong>Warum unser Sojawachskerzen-Set w\u00e4hlen?<\/strong><\/h3>\n<p>Wir sind stolz darauf, ausschlie\u00dflich die hochwertigsten Zutaten f\u00fcr die Herstellung von handgemachten Duftkerzen zu liefern. Im Gegensatz zu vielen Starter-Kits sind unsere Produkte sorgf\u00e4ltig auf ihre professionelle Qualit\u00e4t ausgew\u00e4hlt, damit Sie Kerzen mit exzellentem Abbrennverhalten, starkem Duft und einem sch\u00f6nen Finish herstellen k\u00f6nnen.<\/p>\n<p><strong>Unser <a href=\"https:\/\/cosyowl.com\/de_at\/guides\/how-to-make-bleeding-heart-wax-melts\">DIY<\/a> Sojakerzen-Bausatz ist ideal f\u00fcr:<\/strong><\/p>\n<ul>\n<li>Anf\u00e4nger lernen, wie man Kerzen zu Hause herstellt<\/li>\n<li>Hobbybastler, die ein zuverl\u00e4ssiges <a href=\"https:\/\/cosyowl.com\/de_at\/guides\/how-to-make-marbled-wax-melts\">Kerzenhandwerk<\/a> Bausatz<\/li>\n<li>Geschenkk\u00e4ufer auf der Suche nach einem <a href=\"https:\/\/cosyowl.com\/de_at\/guides\/ideas-and-creativity\">kreative Kerzenherstellung<\/a> Geschenk<\/li>\n<li>Jeder, der liebt <a href=\"https:\/\/cosyowl.com\/de_at\/guides\/making-a-reed-diffuser\">Raumduft<\/a> und handgefertigte Kerzen<\/li>\n<\/ul>\n<h4><\/h4>\n<h3><strong>Professionelle Kerzenherstellungsmaterialien<\/strong><\/h3>\n<p>Jeder Artikel in diesem <a href=\"https:\/\/cosyowl.com\/de_at\/guides\/vegan-candle-making-supplies\">Zubeh\u00f6r f\u00fcr die Kerzenherstellung<\/a> Kit ist so ausgew\u00e4hlt, dass Sie zu Hause gro\u00dfartige Ergebnisse erzielen k\u00f6nnen. Wir verwenden keine minderwertigen Ausgangsmaterialien, denn wir glauben, dass das Lernen mit besseren Zutaten zu besseren Kerzen f\u00fchrt.<\/p>\n<p><strong>Alle in diesem Kit enthaltenen Materialien sind:<\/strong><\/p>\n<ul>\n<li>Nachhaltig bezogen<\/li>\n<li>Umweltfreundlich<\/li>\n<li>Veganfreundlich<\/li>\n<li>Tierversuchsfrei<\/li>\n<li><a href=\"https:\/\/cosyowl.com\/de_at\/guides\/cmrs-and-phthalates-in-fragrance-oils\">Frei von<\/a> CMR und Phthalate<\/li>\n<li>Perfekt f\u00fcr Anf\u00e4nger und Kerzenliebhaber<\/li>\n<\/ul>\n<p>Wenn Sie ein Starter-Kit f\u00fcr die Kerzenherstellung, ein Sojakerzen-Kit oder ein komplettes Set f\u00fcr die Herstellung Ihrer eigenen Kerzen suchen, ist dies ein hervorragender Ausgangspunkt. Mit einfachen <a href=\"https:\/\/cosyowl.com\/de_at\/guides\/temperature-guidelines\">Anweisungen<\/a>, Mit den hochwertigen Zutaten und dem Duft Ihrer Wahl k\u00f6nnen Sie mit unserem Set ganz bequem von zu Hause aus den kreativen Prozess der Kerzenherstellung genie\u00dfen.<\/p>\n<h3 data-start=\"2493\" data-end=\"2542\"><\/h3>\n<h3 data-start=\"2493\" data-end=\"2542\"><strong>Hilfreiche Ressourcen f\u00fcr eine erfolgreiche Kerzenherstellung<\/strong><\/h3>\n<ul>\n<li><strong><span style=\"color: #ff6600\"><a style=\"color: #ff6600\" href=\"https:\/\/cosyowl.com\/de_at\/leitfaden\/wie-man-eine-kerze-macht\/?wmc-currency=EUR\">Wie man eine Kerze herstellt\u00a0<\/a><\/span><\/strong><\/li>\n<li><strong><span style=\"color: #ff6600\"><a style=\"color: #ff6600\" href=\"https:\/\/cosyowl.com\/de_at\/leitfaden\/container-kerzenfuhrer\/?wmc-currency=EUR\">Anleitung zur Herstellung von Beh\u00e4lterkerzen<\/a><\/span><\/strong><\/li>\n<li><strong><span style=\"color: #ff6600\"><a style=\"color: #ff6600\" href=\"https:\/\/cosyowl.com\/de_at\/leitfaden\/anleitung-zur-herstellung-einer-kerze-fur-anfanger\/?wmc-currency=EUR\">Anleitung zur Herstellung einer Kerze f\u00fcr Anf\u00e4nger<\/a><\/span><\/strong><strong><br \/>\n<\/strong><\/li>\n<li class=\"entry-title\"><strong><span style=\"color: #ff6600\"><a style=\"color: #ff6600\" href=\"https:\/\/cosyowl.com\/de_at\/leitfaden\/wie-man-duftole-verwendet\/?wmc-currency=EUR\">Wie man Duft\u00f6le verwendet<\/a><\/span><\/strong><\/li>\n<li><strong><span style=\"color: #ff6600\"><a style=\"color: #ff6600\" href=\"https:\/\/cosyowl.com\/de_at\/leitfaden\/fehlersuche\/?wmc-currency=EUR\">Fehlerbehebung bei Problemen bei der Kerzenherstellung<\/a><\/span><\/strong><\/li>\n<li><strong><span style=\"color: #ff6600\"><a style=\"color: #ff6600\" href=\"https:\/\/cosyowl.com\/de_at\/leitfaden\/faq\/?wmc-currency=EUR\">FAQs zur Kerzenherstellung<\/a><\/span><\/strong><\/li>\n<li><strong><span style=\"color: #ff6600\"><a style=\"color: #ff6600\" href=\"https:\/\/cosyowl.com\/de_at\/leitfaden\/?wmc-currency=EUR\">Leitf\u00e4den &amp; Rezepte<\/a><\/span><\/strong><\/li>\n<\/ul>","protected":false},"excerpt":{"rendered":"<p>Our Candle Making Kit makes it easy to create beautifully scented soy candles at home. Ideal for beginners and experienced makers alike, this all-in-one kit includes everything you need to make up to five fragranced candles using high-quality materials.\u00a0Perfect as a gift or a fun home craft project, each kit includes one fragrance so you [&hellip;]<\/p>\n","protected":false},"featured_media":126805,"comment_status":"open","ping_status":"closed","template":"","meta":{"_acf_changed":false},"product_brand":[],"product_cat":[530,720,653],"product_tag":[917],"class_list":{"0":"post-126265","1":"product","2":"type-product","3":"status-publish","4":"has-post-thumbnail","6":"product_cat-candle-making-kits","7":"product_cat-candle-making-kits-candle-making-supplies","8":"product_cat-craft-kits","9":"product_tag-candle-making-kit","10":"product_shipping_class-royal_mail_kits","12":"first","13":"instock","14":"taxable","15":"shipping-taxable","16":"purchasable","17":"product-type-variable"},"acf":[],"_links":{"self":[{"href":"https:\/\/cosyowl.com\/de_at\/wp-json\/wp\/v2\/product\/126265","targetHints":{"allow":["GET"]}}],"collection":[{"href":"https:\/\/cosyowl.com\/de_at\/wp-json\/wp\/v2\/product"}],"about":[{"href":"https:\/\/cosyowl.com\/de_at\/wp-json\/wp\/v2\/types\/product"}],"replies":[{"embeddable":true,"href":"https:\/\/cosyowl.com\/de_at\/wp-json\/wp\/v2\/comments?post=126265"}],"wp:featuredmedia":[{"embeddable":true,"href":"https:\/\/cosyowl.com\/de_at\/wp-json\/wp\/v2\/media\/126805"}],"wp:attachment":[{"href":"https:\/\/cosyowl.com\/de_at\/wp-json\/wp\/v2\/media?parent=126265"}],"wp:term":[{"taxonomy":"product_brand","embeddable":true,"href":"https:\/\/cosyowl.com\/de_at\/wp-json\/wp\/v2\/product_brand?post=126265"},{"taxonomy":"product_cat","embeddable":true,"href":"https:\/\/cosyowl.com\/de_at\/wp-json\/wp\/v2\/product_cat?post=126265"},{"taxonomy":"product_tag","embeddable":true,"href":"https:\/\/cosyowl.com\/de_at\/wp-json\/wp\/v2\/product_tag?post=126265"}],"curies":[{"name":"wp","href":"https:\/\/api.w.org\/{rel}","templated":true}]}}