{"id":11499,"date":"2021-10-01T06:16:00","date_gmt":"2021-10-01T05:16:00","guid":{"rendered":"https:\/\/cosyowl.com\/product\/uncategorized\/wax-melt-mould-hearts-10"},"modified":"2026-03-03T13:45:25","modified_gmt":"2026-03-03T13:45:25","slug":"wachsschmelzform-herzen-10","status":"publish","type":"product","link":"https:\/\/cosyowl.com\/de_at\/craft-supplies\/wax-melt-supplies\/moulds-for-wax-melts\/wax-melt-mould-hearts-10","title":{"rendered":"Wachsschmelzform - Herzen - 10"},"content":{"rendered":"<p>\u2018<\/p>\n<p>Diese herzf\u00f6rmige Wachsschmelze ist eine niedliche Erg\u00e4nzung f\u00fcr Ihre Wachsschmelzsammlung. Diese Schmelze ergibt 10 kleinere Herzformen.<\/p>\n<p><a href=\"https:\/\/cosyowl.com\/de_at\/guides\/weighing-fragrance\">Messungen<\/a> dieser Form*:<\/p>\n<p>Volle Form (Breite): 153 mm<\/p>\n<p>*Bitte beachten Sie, dass alle Ma\u00dfe ungef\u00e4hre Angaben sind.<\/p>","protected":false},"excerpt":{"rendered":"<p>\u2018Diese herzf\u00f6rmige Wachsschmelze ist eine niedliche Erg\u00e4nzung f\u00fcr Ihre Wachsschmelzsammlung. Diese Schmelzform ergibt 10 kleinere Herzformen. Abmessungen dieser Form*: Volle Form (Breite): 153mm *Bitte beachten Sie, dass alle Ma\u00dfe ungef\u00e4hre Angaben sind.<\/p>","protected":false},"featured_media":18339,"comment_status":"open","ping_status":"closed","template":"","meta":{"_acf_changed":false},"product_brand":[],"product_cat":[752,535,717,750],"product_tag":[926,1596],"class_list":{"0":"post-11499","1":"product","2":"type-product","3":"status-publish","4":"has-post-thumbnail","6":"product_cat-sale-containers","7":"product_cat-wax-melts-moulds","8":"product_cat-sale","9":"product_cat-valentines-day","10":"product_tag-mould","11":"product_tag-valentines","12":"product_shipping_class-royal_mail","14":"first","15":"outofstock","16":"taxable","17":"shipping-taxable","18":"purchasable","19":"product-type-simple"},"acf":[],"_links":{"self":[{"href":"https:\/\/cosyowl.com\/de_at\/wp-json\/wp\/v2\/product\/11499","targetHints":{"allow":["GET"]}}],"collection":[{"href":"https:\/\/cosyowl.com\/de_at\/wp-json\/wp\/v2\/product"}],"about":[{"href":"https:\/\/cosyowl.com\/de_at\/wp-json\/wp\/v2\/types\/product"}],"replies":[{"embeddable":true,"href":"https:\/\/cosyowl.com\/de_at\/wp-json\/wp\/v2\/comments?post=11499"}],"wp:featuredmedia":[{"embeddable":true,"href":"https:\/\/cosyowl.com\/de_at\/wp-json\/wp\/v2\/media\/18339"}],"wp:attachment":[{"href":"https:\/\/cosyowl.com\/de_at\/wp-json\/wp\/v2\/media?parent=11499"}],"wp:term":[{"taxonomy":"product_brand","embeddable":true,"href":"https:\/\/cosyowl.com\/de_at\/wp-json\/wp\/v2\/product_brand?post=11499"},{"taxonomy":"product_cat","embeddable":true,"href":"https:\/\/cosyowl.com\/de_at\/wp-json\/wp\/v2\/product_cat?post=11499"},{"taxonomy":"product_tag","embeddable":true,"href":"https:\/\/cosyowl.com\/de_at\/wp-json\/wp\/v2\/product_tag?post=11499"}],"curies":[{"name":"wp","href":"https:\/\/api.w.org\/{rel}","templated":true}]}}