{"id":11494,"date":"2021-10-01T06:16:00","date_gmt":"2021-10-01T05:16:00","guid":{"rendered":"https:\/\/cosyowl.com\/product\/uncategorized\/wax-melt-mould-pigs-15"},"modified":"2026-03-03T13:45:24","modified_gmt":"2026-03-03T13:45:24","slug":"wachsschmelzform-molche-15","status":"publish","type":"product","link":"https:\/\/cosyowl.com\/de_at\/craft-supplies\/wax-melt-supplies\/moulds-for-wax-melts\/wax-melt-mould-pigs-15","title":{"rendered":"Wachsschmelzform - Schweine - 15"},"content":{"rendered":"<p>\u2018<\/p>\n<p>Diese lustige Wachsform macht Schweinegesichter mit verschiedenen Ausdr\u00fccken.<\/p>\n<p><a href=\"https:\/\/cosyowl.com\/de_at\/guides\/weighing-fragrance\">Messungen<\/a> dieser Form*:<\/p>\n<p>Volle Form (L\u00e4nge x Breite): 204mm x 108mm<\/p>\n<p>*Bitte beachten Sie, dass alle Ma\u00dfe ungef\u00e4hre Angaben sind.<\/p>","protected":false},"excerpt":{"rendered":"<p>Diese lustige Wachsform macht Schweinegesichter mit verschiedenen Ausdr\u00fccken. Ma\u00dfe dieser Form*: Volle Form (L\u00e4nge x Breite): 204mm x 108mm *Bitte beachten Sie, dass alle Ma\u00dfe ungef\u00e4hre Angaben sind.<\/p>","protected":false},"featured_media":18333,"comment_status":"open","ping_status":"closed","template":"","meta":{"_acf_changed":false},"product_brand":[],"product_cat":[752,790,535,717],"product_tag":[1595,926],"class_list":{"0":"post-11494","1":"product","2":"type-product","3":"status-publish","4":"has-post-thumbnail","6":"product_cat-sale-containers","7":"product_cat-easter","8":"product_cat-wax-melts-moulds","9":"product_cat-sale","10":"product_tag-easter","11":"product_tag-mould","12":"product_shipping_class-royal_mail","14":"first","15":"instock","16":"taxable","17":"shipping-taxable","18":"purchasable","19":"product-type-simple"},"acf":[],"_links":{"self":[{"href":"https:\/\/cosyowl.com\/de_at\/wp-json\/wp\/v2\/product\/11494","targetHints":{"allow":["GET"]}}],"collection":[{"href":"https:\/\/cosyowl.com\/de_at\/wp-json\/wp\/v2\/product"}],"about":[{"href":"https:\/\/cosyowl.com\/de_at\/wp-json\/wp\/v2\/types\/product"}],"replies":[{"embeddable":true,"href":"https:\/\/cosyowl.com\/de_at\/wp-json\/wp\/v2\/comments?post=11494"}],"wp:featuredmedia":[{"embeddable":true,"href":"https:\/\/cosyowl.com\/de_at\/wp-json\/wp\/v2\/media\/18333"}],"wp:attachment":[{"href":"https:\/\/cosyowl.com\/de_at\/wp-json\/wp\/v2\/media?parent=11494"}],"wp:term":[{"taxonomy":"product_brand","embeddable":true,"href":"https:\/\/cosyowl.com\/de_at\/wp-json\/wp\/v2\/product_brand?post=11494"},{"taxonomy":"product_cat","embeddable":true,"href":"https:\/\/cosyowl.com\/de_at\/wp-json\/wp\/v2\/product_cat?post=11494"},{"taxonomy":"product_tag","embeddable":true,"href":"https:\/\/cosyowl.com\/de_at\/wp-json\/wp\/v2\/product_tag?post=11494"}],"curies":[{"name":"wp","href":"https:\/\/api.w.org\/{rel}","templated":true}]}}