{"id":11484,"date":"2021-10-01T06:15:00","date_gmt":"2021-10-01T05:15:00","guid":{"rendered":"https:\/\/cosyowl.com\/product\/uncategorized\/wax-melt-cup-mould-12"},"modified":"2026-04-30T16:22:54","modified_gmt":"2026-04-30T15:22:54","slug":"wachsschmelzbecher-form-12","status":"publish","type":"product","link":"https:\/\/cosyowl.com\/de_at\/craft-supplies\/wax-melt-supplies\/moulds-for-wax-melts\/wax-melt-cup-mould-12","title":{"rendered":"Wachsschmelzbecher-Formen - 12"},"content":{"rendered":"<p>\u2018<\/p>\n<p>Diese Tassenform ist perfekt f\u00fcr die Herstellung gr\u00f6\u00dferer <a href=\"https:\/\/cosyowl.com\/de_at\/guides\/sandalwood-vanilla-leaf-wax-melts-guide\">Wachsschmelzen<\/a>.<\/p>\n<p><a href=\"https:\/\/cosyowl.com\/de_at\/guides\/weighing-fragrance\">Messungen<\/a> dieser Form*:<\/p>\n<p>Vollform (L\u00e4nge x Breite): 295mm x 223mm<\/p>\n<p>*Bitte beachten Sie, dass alle Ma\u00dfe ungef\u00e4hre Angaben sind.<\/p>","protected":false},"excerpt":{"rendered":"<p>\u2018Diese Becherform ist perfekt f\u00fcr die Herstellung gr\u00f6\u00dferer Wachsschmelzen. Abmessungen dieser Form*: Volle Form (L\u00e4nge x Breite): 295mm x 223mm *Bitte beachten Sie, dass alle Ma\u00dfe ungef\u00e4hre Angaben sind.<\/p>","protected":false},"featured_media":54549,"comment_status":"open","ping_status":"closed","template":"","meta":{"_acf_changed":false},"product_brand":[],"product_cat":[535,752,717],"product_tag":[926],"class_list":{"0":"post-11484","1":"product","2":"type-product","3":"status-publish","4":"has-post-thumbnail","6":"product_cat-wax-melts-moulds","7":"product_cat-sale-containers","8":"product_cat-sale","9":"product_tag-mould","10":"product_shipping_class-royal_mail","12":"first","13":"instock","14":"sale","15":"taxable","16":"shipping-taxable","17":"purchasable","18":"product-type-simple"},"acf":[],"_links":{"self":[{"href":"https:\/\/cosyowl.com\/de_at\/wp-json\/wp\/v2\/product\/11484","targetHints":{"allow":["GET"]}}],"collection":[{"href":"https:\/\/cosyowl.com\/de_at\/wp-json\/wp\/v2\/product"}],"about":[{"href":"https:\/\/cosyowl.com\/de_at\/wp-json\/wp\/v2\/types\/product"}],"replies":[{"embeddable":true,"href":"https:\/\/cosyowl.com\/de_at\/wp-json\/wp\/v2\/comments?post=11484"}],"wp:featuredmedia":[{"embeddable":true,"href":"https:\/\/cosyowl.com\/de_at\/wp-json\/wp\/v2\/media\/54549"}],"wp:attachment":[{"href":"https:\/\/cosyowl.com\/de_at\/wp-json\/wp\/v2\/media?parent=11484"}],"wp:term":[{"taxonomy":"product_brand","embeddable":true,"href":"https:\/\/cosyowl.com\/de_at\/wp-json\/wp\/v2\/product_brand?post=11484"},{"taxonomy":"product_cat","embeddable":true,"href":"https:\/\/cosyowl.com\/de_at\/wp-json\/wp\/v2\/product_cat?post=11484"},{"taxonomy":"product_tag","embeddable":true,"href":"https:\/\/cosyowl.com\/de_at\/wp-json\/wp\/v2\/product_tag?post=11484"}],"curies":[{"name":"wp","href":"https:\/\/api.w.org\/{rel}","templated":true}]}}