{"id":11483,"date":"2021-10-01T06:15:00","date_gmt":"2021-10-01T05:15:00","guid":{"rendered":"https:\/\/cosyowl.com\/product\/uncategorized\/wax-melt-flower-mould-15"},"modified":"2026-04-30T16:22:54","modified_gmt":"2026-04-30T15:22:54","slug":"wachsschmelze-blumenform-15","status":"publish","type":"product","link":"https:\/\/cosyowl.com\/de_at\/craft-supplies\/wax-melt-supplies\/moulds-for-wax-melts\/wax-melt-flower-mould-15","title":{"rendered":"Wachsschmelzblumenform - 15"},"content":{"rendered":"<p>\u2018<\/p>\n<p>Mit dieser sch\u00f6nen 8-bl\u00e4ttrigen Blumenform lassen sich h\u00fcbsche Blumen in <a href=\"https:\/\/cosyowl.com\/de_at\/wholesale-candle-making-supplies\">Masse<\/a>.<\/p>\n<p><a href=\"https:\/\/cosyowl.com\/de_at\/guides\/weighing-fragrance\">Messungen<\/a> dieser Form*:<\/p>\n<p>Volle Form (L\u00e4nge x Breite): 210mm x 105mm<\/p>\n<p>Gr\u00f6\u00dfe der Schmelze (Breite x Tiefe): 32mm x 12mm<\/p>\n<p>*Bitte beachten Sie, dass alle Ma\u00dfe ungef\u00e4hre Angaben sind.<\/p>","protected":false},"excerpt":{"rendered":"<p>Diese sch\u00f6ne Form mit 8 Bl\u00fctenbl\u00e4ttern eignet sich hervorragend, um niedliche Blumen in gro\u00dfen Mengen herzustellen. Ma\u00dfe dieser Form*: Volle Form (L\u00e4nge x Breite): 210mm x 105mm Schmelzgr\u00f6\u00dfe (Breite x Tiefe): 32mm x 12mm *Bitte beachten Sie, dass alle Ma\u00dfe ungef\u00e4hre Angaben sind.<\/p>","protected":false},"featured_media":12132,"comment_status":"open","ping_status":"closed","template":"","meta":{"_acf_changed":false},"product_brand":[],"product_cat":[535,752,790,717,750],"product_tag":[1595,926,1596],"class_list":{"0":"post-11483","1":"product","2":"type-product","3":"status-publish","4":"has-post-thumbnail","6":"product_cat-wax-melts-moulds","7":"product_cat-sale-containers","8":"product_cat-easter","9":"product_cat-sale","10":"product_cat-valentines-day","11":"product_tag-easter","12":"product_tag-mould","13":"product_tag-valentines","14":"product_shipping_class-royal_mail","16":"first","17":"instock","18":"sale","19":"taxable","20":"shipping-taxable","21":"purchasable","22":"product-type-simple"},"acf":[],"_links":{"self":[{"href":"https:\/\/cosyowl.com\/de_at\/wp-json\/wp\/v2\/product\/11483","targetHints":{"allow":["GET"]}}],"collection":[{"href":"https:\/\/cosyowl.com\/de_at\/wp-json\/wp\/v2\/product"}],"about":[{"href":"https:\/\/cosyowl.com\/de_at\/wp-json\/wp\/v2\/types\/product"}],"replies":[{"embeddable":true,"href":"https:\/\/cosyowl.com\/de_at\/wp-json\/wp\/v2\/comments?post=11483"}],"wp:featuredmedia":[{"embeddable":true,"href":"https:\/\/cosyowl.com\/de_at\/wp-json\/wp\/v2\/media\/12132"}],"wp:attachment":[{"href":"https:\/\/cosyowl.com\/de_at\/wp-json\/wp\/v2\/media?parent=11483"}],"wp:term":[{"taxonomy":"product_brand","embeddable":true,"href":"https:\/\/cosyowl.com\/de_at\/wp-json\/wp\/v2\/product_brand?post=11483"},{"taxonomy":"product_cat","embeddable":true,"href":"https:\/\/cosyowl.com\/de_at\/wp-json\/wp\/v2\/product_cat?post=11483"},{"taxonomy":"product_tag","embeddable":true,"href":"https:\/\/cosyowl.com\/de_at\/wp-json\/wp\/v2\/product_tag?post=11483"}],"curies":[{"name":"wp","href":"https:\/\/api.w.org\/{rel}","templated":true}]}}