{"id":11437,"date":"2021-01-07T06:15:00","date_gmt":"2021-01-07T06:15:00","guid":{"rendered":"https:\/\/cosyowl.com\/product\/uncategorized\/import-placeholder-for-tcdl-ccar-bowl-njoj-544"},"modified":"2026-04-30T16:22:55","modified_gmt":"2026-04-30T15:22:55","slug":"raffiniertes-jojoba-tragerol","status":"publish","type":"product","link":"https:\/\/cosyowl.com\/de_at\/craft-supplies\/body-care-supplies\/base-oils-and-butters-for-body-care\/refined-jojoba-carrier-oil","title":{"rendered":"Jojoba-Tr\u00e4ger\u00f6l"},"content":{"rendered":"<p>Dieses atemberaubende raffinierte Jojoba-Tr\u00e4ger\u00f6l ist ein <a href=\"https:\/\/cosyowl.com\/de_at\/fragrance-oils\/strawberry-bon-bon\">entz\u00fcckend<\/a> Tr\u00e4ger f\u00fcr Ihr <a href=\"https:\/\/cosyowl.com\/de_at\/craft-supplies\/body-care-supplies\/fragrance-oils-for-body-care\/tea-tree-fragrance-oil\">\u00e4therisches \u00d6l<\/a>. Jojoba\u00f6l wird aus den Samen des in Nordamerika beheimateten Jojoba-Strauchs gewonnen. Dieses \u00d6l hat viele entz\u00fcndungshemmende Eigenschaften und h\u00e4lt Ihre Haut <a href=\"https:\/\/cosyowl.com\/de_at\/guides\/scent-and-relaxation\">ruhig<\/a> Der Vitamin-B-Komplex tr\u00e4gt zum Schutz und zur Wiederherstellung der Hautbarriere bei. Jojoba\u00f6l enth\u00e4lt au\u00dferdem Gadoleins\u00e4ure, die daf\u00fcr sorgt, dass das \u00d6l die Poren der Haut nicht verstopft und den freien Fluss von Sauerstoff erm\u00f6glicht.<\/p>\n<p>Lagern Sie Ihr Jojoba\u00f6l in einem <a href=\"https:\/\/cosyowl.com\/de_at\/candle-making-supplies\/glitters\/lake-blue-biodegradable\">cool<\/a>Wenn Sie ein k\u00e4lteres, festeres \u00d6l bevorzugen, k\u00f6nnen Sie es auch im K\u00fchlschrank aufbewahren.<\/p>\n<p>Bitte beachten Sie, dass es sich um ein kaltgepresstes \u00d6l handelt, das nicht raffiniert wurde. Es ist typisch, dass bei k\u00fchleren Temperaturen die <a href=\"https:\/\/cosyowl.com\/de_at\/candle-making-supplies\/fragrance-oils-for-candle-making\/all-fragrances\/honey-fragrance-oil\">nat\u00fcrlich<\/a> Die im \u00d6l enthaltenen Wachse verfestigen sich, wodurch das \u00d6l tr\u00fcbe erscheint und\/oder wachsartige Partikel bildet. Dieses Erscheinungsbild hat keinen Einfluss auf die <a href=\"https:\/\/cosyowl.com\/de_at\/candle-wicks\/wedo-lx-wick-raw\">Qualit\u00e4t<\/a> des \u00d6ls. Durch vorsichtiges Erw\u00e4rmen des \u00d6ls auf Raumtemperatur schmelzen diese Wachse, so dass das \u00d6l <a href=\"https:\/\/cosyowl.com\/de_at\/candle-making-extras\/50mm-candle-safety-label-white-black-text\">klar<\/a> und hell.<\/p>\n<p><strong>Spezifische Schwerkraft<\/strong> 20\/25\u00b0<br \/>\n<strong>Brechungsindex<\/strong> 20\/40\u00b0 1.450-1.470<\/p>\n<p><em>Bitte beachten Sie, dass unser Jojoba-Gold\u00f6l nur f\u00fcr kosmetische Zwecke geeignet ist.\u00a0<\/em><\/p>","protected":false},"excerpt":{"rendered":"<p>This stunning Refined Jojoba Carrier Oil is a delightful carrier for your essential oil. Jojoba oil is extracted from the seeds of the Jojoba bush, native to North America. This oil has many anti-inflammatory properties, keeping your skin calm and comfortable while the Vitamin B complex helps to protect and repair the skin barrier. Jojoba [&hellip;]<\/p>\n","protected":false},"featured_media":53359,"comment_status":"open","ping_status":"closed","template":"","meta":{"_acf_changed":false},"product_brand":[],"product_cat":[646,579,577,547,752,717],"product_tag":[932],"class_list":{"0":"post-11437","1":"product","2":"type-product","3":"status-publish","4":"has-post-thumbnail","6":"product_cat-soap-making-supplies-base","7":"product_cat-body-care-base-oils-butters","8":"product_cat-hair-care-carrier-oils","9":"product_cat-beard-oil-carrier-oils","10":"product_cat-sale-containers","11":"product_cat-sale","12":"product_tag-carrier-oil","13":"pa_bottle-size-100ml","14":"pa_bottle-size-1litre","15":"pa_bottle-size-250ml","16":"pa_bottle-size-5litre","17":"pa_bottle-size-500ml","19":"first","20":"instock","21":"sale","22":"taxable","23":"shipping-taxable","24":"purchasable","25":"product-type-variable"},"acf":[],"_links":{"self":[{"href":"https:\/\/cosyowl.com\/de_at\/wp-json\/wp\/v2\/product\/11437","targetHints":{"allow":["GET"]}}],"collection":[{"href":"https:\/\/cosyowl.com\/de_at\/wp-json\/wp\/v2\/product"}],"about":[{"href":"https:\/\/cosyowl.com\/de_at\/wp-json\/wp\/v2\/types\/product"}],"replies":[{"embeddable":true,"href":"https:\/\/cosyowl.com\/de_at\/wp-json\/wp\/v2\/comments?post=11437"}],"wp:featuredmedia":[{"embeddable":true,"href":"https:\/\/cosyowl.com\/de_at\/wp-json\/wp\/v2\/media\/53359"}],"wp:attachment":[{"href":"https:\/\/cosyowl.com\/de_at\/wp-json\/wp\/v2\/media?parent=11437"}],"wp:term":[{"taxonomy":"product_brand","embeddable":true,"href":"https:\/\/cosyowl.com\/de_at\/wp-json\/wp\/v2\/product_brand?post=11437"},{"taxonomy":"product_cat","embeddable":true,"href":"https:\/\/cosyowl.com\/de_at\/wp-json\/wp\/v2\/product_cat?post=11437"},{"taxonomy":"product_tag","embeddable":true,"href":"https:\/\/cosyowl.com\/de_at\/wp-json\/wp\/v2\/product_tag?post=11437"}],"curies":[{"name":"wp","href":"https:\/\/api.w.org\/{rel}","templated":true}]}}