{"id":11348,"date":"2021-07-01T06:14:00","date_gmt":"2021-07-01T05:14:00","guid":{"rendered":"https:\/\/cosyowl.com\/product\/uncategorized\/import-placeholder-for-tcdl-cess-bowl-nrse-508"},"modified":"2026-04-30T16:22:52","modified_gmt":"2026-04-30T15:22:52","slug":"atherisches-rosmarinol","status":"publish","type":"product","link":"https:\/\/cosyowl.com\/de_at\/candle-making-supplies\/essential-oils\/rosemary-essential-oil","title":{"rendered":"\u00c4therisches Rosmarin\u00f6l"},"content":{"rendered":"<p>Diese <strong>erbaulicher Rosmarin <a href=\"https:\/\/cosyowl.com\/de_at\/craft-supplies\/body-care-supplies\/fragrance-oils-for-body-care\/tea-tree-fragrance-oil\">\u00e4therisches \u00d6l<\/a><\/strong> ist <strong><a href=\"https:\/\/cosyowl.com\/de_at\/craft-kits\/candle-making-kits\/soy-wax-mulled-wine-christmas-candle-making-kit\">warm<\/a> und anregend <\/strong>mit einer <strong><a href=\"https:\/\/cosyowl.com\/de_at\/candle-making-supplies\/essential-oils\/marjoram-essential-oil\">krautige<\/a> Geruch<\/strong> und eine <strong>zitrusartiger Unterton<\/strong>. Er kann einzeln oder als Teil eines ma\u00dfgeschneiderten Duftmedleys verwendet werden und l\u00e4sst sich hervorragend mit anderen <a href=\"https:\/\/cosyowl.com\/de_at\/guides\/essential-oil-benefits\">\u00e4therische \u00d6le<\/a> wie zum Beispiel: <strong>Zitronengras<\/strong> und <strong>Pfefferminz<\/strong>. Dieses \u00e4therische \u00d6l kann in Kerzen, Seifen und Diffusoren verwendet werden.<\/p>\n<p>Alle unsere \u00e4therischen \u00d6le sind exklusiv f\u00fcr <a href=\"https:\/\/cosyowl.com\/de_at\/\">Kuschelige Eule<\/a> und wurden von unseren Experten entwickelt, um einen hervorragenden Duft und bemerkenswerte aromatherapeutische Eigenschaften zu erzielen. Unsere \u00d6le sind 100% konzentriert sind kompatibel mit allen unseren Wachsen, <a href=\"https:\/\/cosyowl.com\/de_at\/guides\/how-to-melt-wax-soap-bases\">Seifengrundlagen<\/a> und Augeo\u00f6l.<\/p>\n<p>\u00c4therische \u00d6le sollten gelagert werden in <a href=\"https:\/\/cosyowl.com\/de_at\/candle-making-supplies\/glitters\/lake-blue-biodegradable\">cool<\/a>an dunklen Orten, um Oxidation zu vermeiden. Am besten werden sie im K\u00fchlschrank aufbewahrt, aber wenn das nicht ideal ist, sollten sie vor direktem Licht und hohen Temperaturen gesch\u00fctzt werden.<\/p>\n<p><strong>Wie viel \u00e4therisches \u00d6l sollte ich hinzuf\u00fcgen?<\/strong><\/p>\n<p>Alle unsere \u00e4therischen \u00d6le sind hoch <a href=\"https:\/\/cosyowl.com\/de_at\/candle-wicks\/wedo-lx-wick-raw\">Qualit\u00e4t<\/a> und fachm\u00e4nnisch entwickelt, um einen erstaunlichen Duftwurf und aromatherapeutische Eigenschaften zu erzielen, so dass im Allgemeinen weniger mehr ist. \u00c4therische \u00d6le sollten in einer geringen Konzentration verd\u00fcnnt werden, wie zum Beispiel:<\/p>\n<ul>\n<li>2% zur Verd\u00fcnnung in einem Tr\u00e4ger\u00f6l<\/li>\n<li>3% zur Verd\u00fcnnung in Seifenbasis<\/li>\n<li>3% zur Verd\u00fcnnung in <a href=\"https:\/\/cosyowl.com\/de_at\/guides\/a-summers-beach-gel-votive-candle\">Kerze<\/a> Wachs<\/li>\n<li>25% zur Verd\u00fcnnung in Aug\u00e4o\u00f6l<\/li>\n<\/ul>\n<p>Alle \u00e4therischen \u00d6le haben einen so genannten Flammpunkt - die niedrigste Temperatur, bei der das \u00d6l zu brennen beginnt und sowohl der Duft als auch die heilenden Eigenschaften freigesetzt werden.<\/p>\n<p>Die<strong> Der Flammpunkt von Rosmarin betr\u00e4gt 43\u00b0c<\/strong> ,f\u00fcr weitere Informationen \u00fcber Flash Points <a href=\"https:\/\/cosyowl.com\/de_at\/leitfaden\/?p=770&wmc-currency=EUR\">Folgen Sie diesem Link<\/a><\/p>\n<p><strong>Relative Dichte @ 20\u00b0C<\/strong> - 0.890-0.912<br \/>\n<strong>Brechungsindex @ 20\u00b0C<\/strong> - 1.464-1.476<br \/>\n<strong>Optische Drehung (\u00b0C)<\/strong> -6,0 bis 12,0<\/p>\n<p><strong><em>Bitte beachten Sie, dass unser \u00e4therisches Rosmarin\u00f6l nicht biologisch ist.<\/em><\/strong><\/p>","protected":false},"excerpt":{"rendered":"<p>This uplifting Rosemary essential oil is warm and energizing with an herbaceous aroma and a citrus-like undertone. It can be used individually or as part of a bespoke fragrance medley, pairing brilliantly well with other essential oils such as: Lemongrass and Peppermint. This essential oil can be used in candles, soaps and diffusers. All our [&hellip;]<\/p>\n","protected":false},"featured_media":12086,"comment_status":"open","ping_status":"closed","template":"","meta":{"_acf_changed":false},"product_brand":[],"product_cat":[542,544,585,582,649,543,545,637,753,717],"product_tag":[938],"class_list":{"0":"post-11348","1":"product","2":"type-product","3":"status-publish","4":"has-post-thumbnail","6":"product_cat-candle-making-supplies-essential-oils","7":"product_cat-beard-oil-essential-oils","8":"product_cat-hair-care-essential-oils","9":"product_cat-lip-balm-essential-oils","10":"product_cat-reed-diffusers-essential-oils","11":"product_cat-soap-making-supplies-essential-oils","12":"product_cat-wax-melts-essential-oils","13":"product_cat-body-care-essential-oils","14":"product_cat-sale-fragrance-oils","15":"product_cat-sale","16":"product_tag-essential-oil","17":"pa_bottle-size-10ml","18":"pa_bottle-size-30ml","19":"pa_bottle-size-50ml","21":"first","22":"instock","23":"sale","24":"taxable","25":"shipping-taxable","26":"purchasable","27":"product-type-variable"},"acf":[],"_links":{"self":[{"href":"https:\/\/cosyowl.com\/de_at\/wp-json\/wp\/v2\/product\/11348","targetHints":{"allow":["GET"]}}],"collection":[{"href":"https:\/\/cosyowl.com\/de_at\/wp-json\/wp\/v2\/product"}],"about":[{"href":"https:\/\/cosyowl.com\/de_at\/wp-json\/wp\/v2\/types\/product"}],"replies":[{"embeddable":true,"href":"https:\/\/cosyowl.com\/de_at\/wp-json\/wp\/v2\/comments?post=11348"}],"wp:featuredmedia":[{"embeddable":true,"href":"https:\/\/cosyowl.com\/de_at\/wp-json\/wp\/v2\/media\/12086"}],"wp:attachment":[{"href":"https:\/\/cosyowl.com\/de_at\/wp-json\/wp\/v2\/media?parent=11348"}],"wp:term":[{"taxonomy":"product_brand","embeddable":true,"href":"https:\/\/cosyowl.com\/de_at\/wp-json\/wp\/v2\/product_brand?post=11348"},{"taxonomy":"product_cat","embeddable":true,"href":"https:\/\/cosyowl.com\/de_at\/wp-json\/wp\/v2\/product_cat?post=11348"},{"taxonomy":"product_tag","embeddable":true,"href":"https:\/\/cosyowl.com\/de_at\/wp-json\/wp\/v2\/product_tag?post=11348"}],"curies":[{"name":"wp","href":"https:\/\/api.w.org\/{rel}","templated":true}]}}