{"id":11191,"date":"2021-01-10T06:12:00","date_gmt":"2021-01-10T06:12:00","guid":{"rendered":"https:\/\/cosyowl.com\/product\/uncategorized\/import-placeholder-for-marbles-473"},"modified":"2026-04-30T16:22:52","modified_gmt":"2026-04-30T15:22:52","slug":"14mm-klarglas-marmorkugeln-fur-diffusorflaschen","status":"publish","type":"product","link":"https:\/\/cosyowl.com\/de_at\/craft-supplies\/reed-diffuser-supplies\/reed-diffuser-bottles\/14mm-clear-glass-marble-balls-for-diffuser-bottles","title":{"rendered":"14mm Klarglas-Marmorkugeln f\u00fcr Diffusorflaschen"},"content":{"rendered":"<p>Machen Sie Ihre Diffusorflaschen interessanter, indem Sie diese <a href=\"https:\/\/cosyowl.com\/de_at\/candle-making-supplies\/glitters\/heart-candle-glitter\">dekorativ<\/a> <a href=\"https:\/\/cosyowl.com\/de_at\/candle-making-extras\/50mm-candle-safety-label-white-black-text\">klar<\/a> Glaskugeln. Sie werden aus recyceltem Glas hergestellt und k\u00f6nnen einfach durch den Hals in eine Diffusorflasche gegeben und immer wieder verwendet werden. F\u00fcgen Sie so viele oder so wenige Kugeln in die Flasche, wie Sie m\u00f6chten, um die gew\u00fcnschte Wirkung zu erzielen. 14 mm Durchmesser<\/p>\n<p>Wir verkaufen sie in Packungen zu 50, 100 und 500 St\u00fcck.<\/p>\n<p>Bitte beachten Sie, dass dieses Produkt nur f\u00fcr Murmeln gedacht ist - Diffusorflaschen sind separat erh\u00e4ltlich und werden auf dem Bild nur zu Illustrationszwecken gezeigt.<\/p>","protected":false},"excerpt":{"rendered":"<p>Add some more interest to your diffuser bottles by adding these decorative clear glass balls. These are made from recycled glass and are easily added to a diffuser bottle through the neck and can be re-used time and again. Add as few or as many as you like to bottle to achieve the desired effect.They [&hellip;]<\/p>\n","protected":false},"featured_media":12036,"comment_status":"open","ping_status":"closed","template":"","meta":{"_acf_changed":false},"product_brand":[],"product_cat":[650,717],"product_tag":[933],"class_list":{"0":"post-11191","1":"product","2":"type-product","3":"status-publish","4":"has-post-thumbnail","6":"product_cat-reed-diffusers-bottles","7":"product_cat-sale","8":"product_tag-marbles","10":"first","11":"instock","12":"sale","13":"taxable","14":"shipping-taxable","15":"purchasable","16":"product-type-variable"},"acf":[],"_links":{"self":[{"href":"https:\/\/cosyowl.com\/de_at\/wp-json\/wp\/v2\/product\/11191","targetHints":{"allow":["GET"]}}],"collection":[{"href":"https:\/\/cosyowl.com\/de_at\/wp-json\/wp\/v2\/product"}],"about":[{"href":"https:\/\/cosyowl.com\/de_at\/wp-json\/wp\/v2\/types\/product"}],"replies":[{"embeddable":true,"href":"https:\/\/cosyowl.com\/de_at\/wp-json\/wp\/v2\/comments?post=11191"}],"wp:featuredmedia":[{"embeddable":true,"href":"https:\/\/cosyowl.com\/de_at\/wp-json\/wp\/v2\/media\/12036"}],"wp:attachment":[{"href":"https:\/\/cosyowl.com\/de_at\/wp-json\/wp\/v2\/media?parent=11191"}],"wp:term":[{"taxonomy":"product_brand","embeddable":true,"href":"https:\/\/cosyowl.com\/de_at\/wp-json\/wp\/v2\/product_brand?post=11191"},{"taxonomy":"product_cat","embeddable":true,"href":"https:\/\/cosyowl.com\/de_at\/wp-json\/wp\/v2\/product_cat?post=11191"},{"taxonomy":"product_tag","embeddable":true,"href":"https:\/\/cosyowl.com\/de_at\/wp-json\/wp\/v2\/product_tag?post=11191"}],"curies":[{"name":"wp","href":"https:\/\/api.w.org\/{rel}","templated":true}]}}