{"id":11169,"date":"2021-01-10T06:11:22","date_gmt":"2021-01-10T06:11:22","guid":{"rendered":"https:\/\/cosyowl.com\/product\/uncategorized\/segment-deli-pots-and-lids-mould"},"modified":"2026-03-03T13:45:12","modified_gmt":"2026-03-03T13:45:12","slug":"segment-feinkosttopfe-und-deckelform","status":"publish","type":"product","link":"https:\/\/cosyowl.com\/de_at\/candle-making-supplies\/candle-containers\/other-containers\/segment-deli-pots-and-lids-mould","title":{"rendered":"Segment Deli T\u00f6pfe Form (ohne Deckel)"},"content":{"rendered":"<p>(Bitte beachten Sie, dass der Deckel nicht im Lieferumfang enthalten ist, da er nicht auf Lager ist)<\/p>\n<p>Diese Form ist ideal f\u00fcr die Herstellung von Delikatessensegmenten, die leicht in 6 einzelne Schmelzen zerlegt werden k\u00f6nnen.<\/p>\n<p>Die Abmessungen f\u00fcr diesen Beh\u00e4lter sind: Durchmesser (65 mm), Tiefe der Form (22 mm).<\/p>\n<p>Diese Form ist vollst\u00e4ndig recycelbar.<\/p>","protected":false},"excerpt":{"rendered":"<p>(Bitte beachten Sie, dass der Deckel nicht im Lieferumfang enthalten ist, da er nicht mehr auf Lager ist) Diese Form ist ideal f\u00fcr die Herstellung eines Segments von Delikatessent\u00f6pfen, die leicht in 6 einzelne Schmelzen aufgeteilt werden k\u00f6nnen. Die Abmessungen f\u00fcr diesen Beh\u00e4lter sind: Durchmesser (65mm), Tiefe der Form (22mm). Diese Form ist vollst\u00e4ndig recycelbar.<\/p>","protected":false},"featured_media":71401,"comment_status":"open","ping_status":"closed","template":"","meta":{"_acf_changed":false},"product_brand":[],"product_cat":[502,535],"product_tag":[926],"class_list":{"0":"post-11169","1":"product","2":"type-product","3":"status-publish","4":"has-post-thumbnail","6":"product_cat-candle-containers-other-containers","7":"product_cat-wax-melts-moulds","8":"product_tag-mould","10":"first","11":"instock","12":"taxable","13":"shipping-taxable","14":"purchasable","15":"product-type-variable"},"acf":[],"_links":{"self":[{"href":"https:\/\/cosyowl.com\/de_at\/wp-json\/wp\/v2\/product\/11169","targetHints":{"allow":["GET"]}}],"collection":[{"href":"https:\/\/cosyowl.com\/de_at\/wp-json\/wp\/v2\/product"}],"about":[{"href":"https:\/\/cosyowl.com\/de_at\/wp-json\/wp\/v2\/types\/product"}],"replies":[{"embeddable":true,"href":"https:\/\/cosyowl.com\/de_at\/wp-json\/wp\/v2\/comments?post=11169"}],"wp:featuredmedia":[{"embeddable":true,"href":"https:\/\/cosyowl.com\/de_at\/wp-json\/wp\/v2\/media\/71401"}],"wp:attachment":[{"href":"https:\/\/cosyowl.com\/de_at\/wp-json\/wp\/v2\/media?parent=11169"}],"wp:term":[{"taxonomy":"product_brand","embeddable":true,"href":"https:\/\/cosyowl.com\/de_at\/wp-json\/wp\/v2\/product_brand?post=11169"},{"taxonomy":"product_cat","embeddable":true,"href":"https:\/\/cosyowl.com\/de_at\/wp-json\/wp\/v2\/product_cat?post=11169"},{"taxonomy":"product_tag","embeddable":true,"href":"https:\/\/cosyowl.com\/de_at\/wp-json\/wp\/v2\/product_tag?post=11169"}],"curies":[{"name":"wp","href":"https:\/\/api.w.org\/{rel}","templated":true}]}}