{"id":11162,"date":"2021-10-01T06:11:00","date_gmt":"2021-10-01T05:11:00","guid":{"rendered":"https:\/\/cosyowl.com\/product\/uncategorized\/wax-pouring-jug-1-5-litre"},"modified":"2026-03-03T13:45:10","modified_gmt":"2026-03-03T13:45:10","slug":"wachsgieskanne-1-5-liter","status":"publish","type":"product","link":"https:\/\/cosyowl.com\/de_at\/candle-making-supplies\/tools-equipment\/wax-pouring-jug-15-litre","title":{"rendered":"Wachs-Gie\u00dfkanne (1,5 Liter)"},"content":{"rendered":"<p>Dies ist eine sehr n\u00fctzliche 1,5-Liter-Edelstahl-Wachsausgie\u00dfkanne mit einem hohen <a href=\"https:\/\/cosyowl.com\/de_at\/candle-wicks\/wedo-lx-wick-raw\">Qualit\u00e4t<\/a> geschwei\u00dfter Stahlgriff, der sowohl von Amateuren <a href=\"https:\/\/cosyowl.com\/de_at\/guides\/a-summers-beach-gel-votive-candle\">Kerze<\/a> Hersteller und die Profis. Die Gie\u00dfkanne ist einfach und schnell zu <a href=\"https:\/\/cosyowl.com\/de_at\/candle-making-supplies\/glitters\/pure-white-biodegradable\">sauber<\/a> und ist unverzichtbar, wenn Sie effizienter und vor allem weniger chaotisch in Ihrem Unternehmen arbeiten wollen. <a href=\"https:\/\/cosyowl.com\/de_at\/guides\/how-to-make-a-candle\">Kerzenherstellung<\/a>. Sein gro\u00dfer Griff ist relativ <a href=\"https:\/\/cosyowl.com\/de_at\/candle-making-supplies\/glitters\/lake-blue-biodegradable\">cool<\/a> und l\u00e4sst sich leicht halten und gie\u00dfen. Sie k\u00f6nnen geschmolzenes Wachs aus einer Pfanne in die Gie\u00dfkanne umf\u00fcllen oder alternativ Wasser in einer Pfanne erhitzen und die Kanne mit dem ungeschmolzenen Wachs in die Pfanne stellen; halten Sie die Hitze des Wassers aufrecht (es muss nicht kochen), was wiederum das Wachs in der Kanne zum Schmelzen bringt.<\/p>\n<p>Nicht in der Sp\u00fclmaschine oder mit anderen Pfannen, T\u00f6pfen usw. reinigen.<\/p>\n<p>Der Krug ist 15,5 cm hoch und hat einen Durchmesser\/Breite einschlie\u00dflich Henkel von 16,5 cm oben und 12 cm unten.<\/p>","protected":false},"excerpt":{"rendered":"<p>This is a very useful 1.5 Litre stainless steel Wax Pouring Jug with a high quality welded steel handle used by both amateur candle makers and the professionals. The pouring jug is straightforward and quick to clean and is essential if you want to be more efficient and certainly less messy in your candle making. [&hellip;]<\/p>\n","protected":false},"featured_media":12027,"comment_status":"open","ping_status":"closed","template":"","meta":{"_acf_changed":false},"product_brand":[],"product_cat":[532,638,667,729,641,643,645],"product_tag":[911],"class_list":{"0":"post-11162","1":"product","2":"type-product","3":"status-publish","4":"has-post-thumbnail","6":"product_cat-tools-equipment","7":"product_cat-body-care-equipment","8":"product_cat-soap-making-supplies-equipment","9":"product_cat-equipment","10":"product_cat-hair-care-equipment","11":"product_cat-wax-melts-equipment","12":"product_cat-lip-balm-equipment","13":"product_tag-jug","14":"product_shipping_class-royal_mail","16":"first","17":"instock","18":"taxable","19":"shipping-taxable","20":"purchasable","21":"product-type-simple"},"acf":[],"_links":{"self":[{"href":"https:\/\/cosyowl.com\/de_at\/wp-json\/wp\/v2\/product\/11162","targetHints":{"allow":["GET"]}}],"collection":[{"href":"https:\/\/cosyowl.com\/de_at\/wp-json\/wp\/v2\/product"}],"about":[{"href":"https:\/\/cosyowl.com\/de_at\/wp-json\/wp\/v2\/types\/product"}],"replies":[{"embeddable":true,"href":"https:\/\/cosyowl.com\/de_at\/wp-json\/wp\/v2\/comments?post=11162"}],"wp:featuredmedia":[{"embeddable":true,"href":"https:\/\/cosyowl.com\/de_at\/wp-json\/wp\/v2\/media\/12027"}],"wp:attachment":[{"href":"https:\/\/cosyowl.com\/de_at\/wp-json\/wp\/v2\/media?parent=11162"}],"wp:term":[{"taxonomy":"product_brand","embeddable":true,"href":"https:\/\/cosyowl.com\/de_at\/wp-json\/wp\/v2\/product_brand?post=11162"},{"taxonomy":"product_cat","embeddable":true,"href":"https:\/\/cosyowl.com\/de_at\/wp-json\/wp\/v2\/product_cat?post=11162"},{"taxonomy":"product_tag","embeddable":true,"href":"https:\/\/cosyowl.com\/de_at\/wp-json\/wp\/v2\/product_tag?post=11162"}],"curies":[{"name":"wp","href":"https:\/\/api.w.org\/{rel}","templated":true}]}}