{"id":11144,"date":"2021-01-10T06:11:00","date_gmt":"2021-01-10T06:11:00","guid":{"rendered":"https:\/\/cosyowl.com\/product\/uncategorized\/import-placeholder-for-tcdl-ccon-bowl-cscs-448"},"modified":"2026-03-03T13:45:12","modified_gmt":"2026-03-03T13:45:12","slug":"sternmuschelform","status":"publish","type":"product","link":"https:\/\/cosyowl.com\/de_at\/candle-making-supplies\/candle-containers\/other-containers\/star-wax-melt-clamshell-mould","title":{"rendered":"Star Wax Melt Clamshell Mould"},"content":{"rendered":"<p>Diese Form ist ideal f\u00fcr die Herstellung eines Blocks von Wachssternen, der leicht in 6 einzelne Schmelzen zerlegt werden kann. Bitte beachten Sie, dass die Form nicht mit Wachs geliefert wird.<\/p>\n<p>Vorschl\u00e4ge f\u00fcr die Herstellung Ihrer Sternmuscheln<\/p>\n<ul>\n<li>Schmelzen Sie das Wachs und lassen Sie es <a href=\"https:\/\/cosyowl.com\/de_at\/candle-making-supplies\/glitters\/lake-blue-biodegradable\">cool<\/a> auf 55\u00b0C abk\u00fchlen lassen, bevor sie vorsichtig in die Formen gegossen wird (wenn sie bei einer h\u00f6heren Temperatur in die Formen gegossen wird, kann die Schmelze besch\u00e4digt werden und auslaufen) - immer eine flache, hitzebest\u00e4ndige Oberfl\u00e4che verwenden (die meisten K\u00fcchenarbeitsplatten sind hitzebest\u00e4ndig)<\/li>\n<li>F\u00fcr einfarbige Sterne gie\u00dfen Sie das Wachs einfach bis zur maximalen H\u00f6he in die Form.<\/li>\n<li>Wenn Sie Farben kombinieren m\u00f6chten, gie\u00dfen Sie zun\u00e4chst eine kleine Menge des Wachses, das Sie auf der Oberseite des Sterns haben m\u00f6chten, in die Vertiefung und lassen Sie es leicht abbinden - f\u00fcgen Sie dann nach Bedarf weitere Farben hinzu (wir empfehlen nicht mehr als drei Farben pro Stern).<\/li>\n<li>Lassen Sie das Wachs abk\u00fchlen, damit es sich <a href=\"https:\/\/cosyowl.com\/de_at\/candle-making-extras\/50mm-candle-safety-label-white-black-text\">klar<\/a> vor dem Schlie\u00dfen des Deckels pr\u00fcfen, ob sie fest wird, und aush\u00e4rten lassen, bis sie ausgeh\u00e4rtet ist<\/li>\n<li>Die meisten unserer Kunden bevorzugen eine S\u00e4ulenwachsmischung, da diese Art von Wachs h\u00e4rter ist und sich die erstarrten Sterne leicht aus der Form l\u00f6sen lassen.<\/li>\n<\/ul>\n<p>Vergessen Sie nicht, Ihren Lieblingsduft hinzuzuf\u00fcgen, um das so wichtige gew\u00fcnschte Aroma zu erzeugen.<\/p>\n<p>Diese Form ist vollst\u00e4ndig recycelbar.<\/p>","protected":false},"excerpt":{"rendered":"<p>This mould is ideal for making a block of wax stars that can easily be broken down in to 6 individual melts. Please note, the mold does not come with wax. Suggestions for making your Star Clam Shells Melt the wax and allow it to cool to 55\u00b0C before pouring it carefully into the moulds [&hellip;]<\/p>\n","protected":false},"featured_media":12026,"comment_status":"open","ping_status":"closed","template":"","meta":{"_acf_changed":false},"product_brand":[],"product_cat":[502,498,752,535,717],"product_tag":[1594,926],"class_list":{"0":"post-11144","1":"product","2":"type-product","3":"status-publish","4":"has-post-thumbnail","6":"product_cat-candle-containers-other-containers","7":"product_cat-christmas","8":"product_cat-sale-containers","9":"product_cat-wax-melts-moulds","10":"product_cat-sale","11":"product_tag-christmas","12":"product_tag-mould","14":"first","15":"instock","16":"taxable","17":"shipping-taxable","18":"purchasable","19":"product-type-variable"},"acf":[],"_links":{"self":[{"href":"https:\/\/cosyowl.com\/de_at\/wp-json\/wp\/v2\/product\/11144","targetHints":{"allow":["GET"]}}],"collection":[{"href":"https:\/\/cosyowl.com\/de_at\/wp-json\/wp\/v2\/product"}],"about":[{"href":"https:\/\/cosyowl.com\/de_at\/wp-json\/wp\/v2\/types\/product"}],"replies":[{"embeddable":true,"href":"https:\/\/cosyowl.com\/de_at\/wp-json\/wp\/v2\/comments?post=11144"}],"wp:featuredmedia":[{"embeddable":true,"href":"https:\/\/cosyowl.com\/de_at\/wp-json\/wp\/v2\/media\/12026"}],"wp:attachment":[{"href":"https:\/\/cosyowl.com\/de_at\/wp-json\/wp\/v2\/media?parent=11144"}],"wp:term":[{"taxonomy":"product_brand","embeddable":true,"href":"https:\/\/cosyowl.com\/de_at\/wp-json\/wp\/v2\/product_brand?post=11144"},{"taxonomy":"product_cat","embeddable":true,"href":"https:\/\/cosyowl.com\/de_at\/wp-json\/wp\/v2\/product_cat?post=11144"},{"taxonomy":"product_tag","embeddable":true,"href":"https:\/\/cosyowl.com\/de_at\/wp-json\/wp\/v2\/product_tag?post=11144"}],"curies":[{"name":"wp","href":"https:\/\/api.w.org\/{rel}","templated":true}]}}