{"id":11143,"date":"2021-01-10T06:11:00","date_gmt":"2021-01-10T06:11:00","guid":{"rendered":"https:\/\/cosyowl.com\/product\/uncategorized\/import-placeholder-for-tcdl-ccon-bowl-chcl-447"},"modified":"2026-03-03T13:45:12","modified_gmt":"2026-03-03T13:45:12","slug":"herz-muschelform","status":"publish","type":"product","link":"https:\/\/cosyowl.com\/de_at\/candle-making-supplies\/candle-containers\/other-containers\/heart-wax-melt-clamshell-mould","title":{"rendered":"Herz Wachs Schmelzen Clamshell Mould"},"content":{"rendered":"<p>\u2018<\/p>\n<p>Diese Form ist ideal f\u00fcr die Herstellung eines Blocks anbetungsw\u00fcrdiger Wachsherzen, die leicht in 6 einzelne Schmelzen zerlegt werden k\u00f6nnen. Bitte beachten Sie, dass die Form nicht mit Wachs geliefert wird.<\/p>\n<p>Vorschl\u00e4ge f\u00fcr die Herstellung Ihrer Herzmuscheln<\/p>\n<ul>\n<li>Schmelzen Sie das Wachs und lassen Sie es <a href=\"https:\/\/cosyowl.com\/de_at\/candle-making-supplies\/glitters\/lake-blue-biodegradable\">cool<\/a> auf 55\u00b0C abk\u00fchlen lassen, bevor sie vorsichtig in die Formen gegossen wird (wenn sie bei einer h\u00f6heren Temperatur in die Formen gegossen wird, kann die Schmelze besch\u00e4digt werden und auslaufen) - immer eine flache, hitzebest\u00e4ndige Oberfl\u00e4che verwenden (die meisten K\u00fcchenarbeitsplatten sind hitzebest\u00e4ndig)<\/li>\n<li>F\u00fcr einfarbige Herzen gie\u00dfen Sie das Wachs einfach bis zur maximalen H\u00f6he in die Form.<\/li>\n<li>Wenn Sie Farben kombinieren m\u00f6chten, gie\u00dfen Sie zun\u00e4chst eine kleine Menge des Wachses, das Sie auf der Oberseite des Herzens haben m\u00f6chten, in die Vertiefung und lassen Sie es leicht abbinden - f\u00fcgen Sie dann nach Bedarf weitere Farben hinzu (wir empfehlen nicht mehr als drei Farben pro Herz)<\/li>\n<li>Lassen Sie das Wachs abk\u00fchlen, damit es sich <a href=\"https:\/\/cosyowl.com\/de_at\/candle-making-extras\/50mm-candle-safety-label-white-black-text\">klar<\/a> vor dem Schlie\u00dfen des Deckels pr\u00fcfen, ob sie fest wird, und aush\u00e4rten lassen, bis sie ausgeh\u00e4rtet ist<\/li>\n<li>Die meisten unserer Kunden bevorzugen eine S\u00e4ulenwachsmischung, da diese Art von Wachs h\u00e4rter ist und die verfestigten Herzen leicht aus der Form entfernt werden k\u00f6nnen.<\/li>\n<\/ul>\n<p>Denken Sie daran, dass die besten Liebesherzen diejenigen sind, die den perfekten Duft enthalten, um das so wichtige zarte Aroma zu erzeugen. Eine Auswahl an vorgeschlagenen D\u00fcften finden Sie in unserem <strong><a href=\"https:\/\/cosyowl.com\/de_at\/candle-making-supplies\/fragrance-oils-for-candle-making\/all-fragrances\/charming-love-fragrance-oil\">Love Fragrance<\/a> \u00d6le<\/strong> darunter beliebte Aromen wie 'Midnight Passion' und 'French Lavender'.<\/p>\n<p>Diese Form ist vollst\u00e4ndig recycelbar.<\/p>","protected":false},"excerpt":{"rendered":"<p>&#8216; This mould is ideal for making a block of adoring wax hearts that can easily be broken down in to 6 individual melts. Please note, the mould does not come with wax. Suggestions for making your Heart Clam Shells Melt the wax and allow it to cool to 55\u00b0C before pouring it carefully into [&hellip;]<\/p>\n","protected":false},"featured_media":12025,"comment_status":"open","ping_status":"closed","template":"","meta":{"_acf_changed":false},"product_brand":[],"product_cat":[502,535,750],"product_tag":[926,1596],"class_list":{"0":"post-11143","1":"product","2":"type-product","3":"status-publish","4":"has-post-thumbnail","6":"product_cat-candle-containers-other-containers","7":"product_cat-wax-melts-moulds","8":"product_cat-valentines-day","9":"product_tag-mould","10":"product_tag-valentines","12":"first","13":"outofstock","14":"taxable","15":"shipping-taxable","16":"purchasable","17":"product-type-variable"},"acf":[],"_links":{"self":[{"href":"https:\/\/cosyowl.com\/de_at\/wp-json\/wp\/v2\/product\/11143","targetHints":{"allow":["GET"]}}],"collection":[{"href":"https:\/\/cosyowl.com\/de_at\/wp-json\/wp\/v2\/product"}],"about":[{"href":"https:\/\/cosyowl.com\/de_at\/wp-json\/wp\/v2\/types\/product"}],"replies":[{"embeddable":true,"href":"https:\/\/cosyowl.com\/de_at\/wp-json\/wp\/v2\/comments?post=11143"}],"wp:featuredmedia":[{"embeddable":true,"href":"https:\/\/cosyowl.com\/de_at\/wp-json\/wp\/v2\/media\/12025"}],"wp:attachment":[{"href":"https:\/\/cosyowl.com\/de_at\/wp-json\/wp\/v2\/media?parent=11143"}],"wp:term":[{"taxonomy":"product_brand","embeddable":true,"href":"https:\/\/cosyowl.com\/de_at\/wp-json\/wp\/v2\/product_brand?post=11143"},{"taxonomy":"product_cat","embeddable":true,"href":"https:\/\/cosyowl.com\/de_at\/wp-json\/wp\/v2\/product_cat?post=11143"},{"taxonomy":"product_tag","embeddable":true,"href":"https:\/\/cosyowl.com\/de_at\/wp-json\/wp\/v2\/product_tag?post=11143"}],"curies":[{"name":"wp","href":"https:\/\/api.w.org\/{rel}","templated":true}]}}