{"id":11112,"date":"2021-10-01T06:11:00","date_gmt":"2021-10-01T05:11:00","guid":{"rendered":"https:\/\/cosyowl.com\/product\/uncategorized\/import-placeholder-for-tcdl-cfra-bowl-nbis-439"},"modified":"2026-05-01T13:08:31","modified_gmt":"2026-05-01T12:08:31","slug":"kuschelige-eule-premium-baies-duftol","status":"publish","type":"product","link":"https:\/\/cosyowl.com\/de_at\/candle-making-supplies\/fragrance-oils-for-candle-making\/premium-fragrance-oils\/cosy-owl-premium-baies-fragrance-oil","title":{"rendered":"Cosy Owl Premium Baies Parf\u00fcm\u00f6l"},"content":{"rendered":"<p><strong>Bitte beachten Sie - alle 5kg, 10kg und 25kg <a href=\"https:\/\/cosyowl.com\/de_at\/guides\/2023-spring-fragrance-oil-trends\">Parf\u00fcmierte \u00d6le<\/a> sind ma\u00dfgeschneiderte Einzelanfertigungen und haben eine Lieferfrist von bis zu 6 Wochen, die sich nicht in den Versandoptionen widerspiegelt, die unter <a href=\"https:\/\/cosyowl.com\/de_at\/checkout\">Zur Kasse<\/a>. Wenn Ihr <a href=\"https:\/\/cosyowl.com\/de_at\/basket\">Bestellung<\/a> umfasst 5kg, 10kg oder 25kg Duft\u00f6le, betr\u00e4gt die Lieferzeit f\u00fcr die gesamte Bestellung bis zu 6 Wochen. 5kg, 10kg oder 25kg ma\u00dfgeschneiderte Duft\u00f6le sind ebenfalls nicht erstattungsf\u00e4hig.<\/strong><\/p>\n<p>Einer der meistverkauften D\u00fcfte von einem der f\u00fchrenden <a href=\"https:\/\/cosyowl.com\/de_at\/guides\/a-summers-beach-gel-votive-candle\">Kerze<\/a> Dieser Duft entf\u00fchrt Sie nach Frankreich mit all der Romantik und Raffinesse der Kultur. Mit Noten von Sommerbeeren, Rosen, Freesien und schwarzen Johannisbeerbl\u00e4ttern. Mit diesem <a href=\"https:\/\/cosyowl.com\/de_at\/guides\/new-cosy-owl-premium-candle-fragrances\">Kuschelige Eule Premium<\/a> Duft k\u00f6nnen Sie diesen originalgetreu nachgebildeten Duft jetzt f\u00fcr Ihre Produkte verwenden und ihnen damit einen echten Hauch von Klasse verleihen.<\/p>\n<p>Als einer der <a href=\"https:\/\/cosyowl.com\/de_at\/\">Kuschelige Eule<\/a> Premium-D\u00fcfte, sind wir \u00fcberzeugt, dass es alles \u00fcbertrifft, was derzeit auf dem Markt erh\u00e4ltlich ist. <a href=\"https:\/\/cosyowl.com\/de_at\/guides\/how-to-make-a-candle\">Kerzenherstellung<\/a> derzeit auf dem Markt erh\u00e4ltlich. Wir haben monatelang mit Branchenexperten zusammengearbeitet, um eine neue Palette von D\u00fcften mit gr\u00f6\u00dferer St\u00e4rke, Tiefe, Rundheit und Duftausstrahlung zu entwickeln. Wir haben die h\u00f6chsten <a href=\"https:\/\/cosyowl.com\/de_at\/candle-wicks\/wedo-lx-wick-raw\">Qualit\u00e4t<\/a> und teuersten Inhaltsstoffe, komplexere Mischungen von Inhaltsstoffen und eine weitaus konzentriertere Mischung, was bedeutet, dass es sich um viel st\u00e4rkere und rundere D\u00fcfte handeln wird.<\/p>\n<p>Das Beste daran ist jedoch, dass diese D\u00fcfte zwar in der Anschaffung teurer sind, Sie aber im Vergleich zu Standardd\u00fcften Geld sparen k\u00f6nnen, da Sie weniger verwenden m\u00fcssen, um die gleiche St\u00e4rke zu erhalten - was auch eine bessere Qualit\u00e4t der Endprodukte bedeutet.<\/p>\n<p>Entdecken Sie unsere luxuri\u00f6se Auswahl an hochwertigen Duftduplikaten - klicken Sie auf den Link, um mehr zu erfahren und Ihren perfekten Duft zu finden\u00a0<a href=\"https:\/\/cosyowl.com\/de_at\/leitfaden\/unsere-parfumduplikate-sind-luxuriose-dufte-ohne-den-luxuspreis\/?wmc-currency=EUR\">Parf\u00fcm\u00f6l-Dupe-Liste<\/a><\/p>\n<p>Alle Parf\u00fcm\u00f6le haben einen so genannten Flammpunkt, d. h. die Temperatur, bei der das \u00d6l zu brennen beginnt und der Duft freigesetzt wird.<\/p>\n<p>Die <strong>Flammpunkt f\u00fcr Baies ist 93\u00b0C<\/strong>Weitere Informationen zu Flash Points finden Sie unter folgendem Link <a href=\"https:\/\/cosyowl.com\/de_at\/leitfaden\/wie-man-duftole-verwendet\/?wmc-currency=EUR\">https:\/\/www.cosyowl.com\/guides\/how-to-use-fragrance-oils\/<\/a><\/p>\n<p>Hier finden Sie weitere Informationen \u00fcber unsere neue Cosy Owl Premium Range, wie und warum diese D\u00fcfte besser sind und welche Vorteile sie haben, <a href=\"https:\/\/cosyowl.com\/de_at\/leitfaden\/neue-kuschelige-eule-premium-kerzendufte\/?wmc-currency=EUR\" target=\"_blank\" rel=\"noopener\">siehe unseren Artikel<\/a>.<\/p>\n<p>Bitte beachten Sie vor dem Kauf auch unseren CLP-Hinweis zur Verwendung von Duft\u00f6len in Kerzen. Diese Informationen beziehen sich auf die chemische Zusammensetzung des \u00d6ls sowie auf Vorsichtsma\u00dfnahmen in Bezug auf m\u00f6gliche allergische Reaktionen.<\/p>\n<p><strong> Wir raten allen Kunden, D\u00fcfte mit unseren 10-ml-Testerflaschen zu testen, bevor sie gr\u00f6\u00dfere Gr\u00f6\u00dfen oder Mengen bestellen, f\u00fcr den unwahrscheinlichen Fall, dass Sie mit einem Duft unzufrieden sind. <a href=\"https:\/\/cosyowl.com\/de_at\/candle-making-supplies\/fragrance-oils-for-candle-making\/premium-fragrance-oils\/cosy-owl-premium-1-million-type-fragrance-oil\">Parf\u00fcm\u00f6l<\/a>. Bitte sehen Sie unser <a href=\"\/index.php?main_page=shippinginfo\">Lieferung und R\u00fcckgabe<\/a> Seite f\u00fcr vollst\u00e4ndige <a href=\"https:\/\/cosyowl.com\/de_at\/privacy\">Bedingungen<\/a> und Bedingungen.<\/strong><\/p>\n<p>Parf\u00fcm\u00f6le haben in der Regel ein Verfallsdatum von einem Jahr ab dem Herstellungsdatum. Viele Parf\u00fcm\u00f6le k\u00f6nnen jedoch bei richtiger Lagerung Monate oder sogar Jahre \u00fcber dieses Datum hinaus haltbar sein. Duft\u00f6le k\u00f6nnen getestet werden (wir bieten diesen Service nicht an), um ihre Eignung nach Ablauf der Haltbarkeit zu bestimmen.<\/p>","protected":false},"excerpt":{"rendered":"<p>Please note &#8211; all 5kg, 10kg and 25kg Fragrance Oils are bespoke made-to-order items and have an up to 6-week delivery lead time which isn\u2019t reflected in the shipping options presented at checkout. If your order includes any 5kg, 10kg or 25kg Fragrance Oils, lead time for the entirety of the order will be up [&hellip;]<\/p>\n","protected":false},"featured_media":11858,"comment_status":"open","ping_status":"closed","template":"","meta":{"_acf_changed":false},"product_brand":[],"product_cat":[536,505,504,636,586,509,512,511,698,1590,524,750],"product_tag":[909,908,1597,1596],"class_list":{"0":"post-11112","1":"product","2":"type-product","3":"status-publish","4":"has-post-thumbnail","6":"product_cat-fragrance-oils-premium-fragrances","7":"product_cat-fragrance-oils-designer","8":"product_cat-fragrance-oils-all-fragrances","9":"product_cat-body-care-fragrance-oils","10":"product_cat-hair-care-fragrance-oils","11":"product_cat-soap-making-supplies-fragrances","12":"product_cat-wax-melts-fragrances","13":"product_cat-beard-oil-fragrances","14":"product_cat-fruit-fragrance-oils","15":"product_cat-summer-fragrances","16":"product_cat-fragrance-oils-tropical","17":"product_cat-valentines-day","18":"product_tag-black-friday","19":"product_tag-fragrance-oil","20":"product_tag-summer","21":"product_tag-valentines","22":"pa_bottle-size-100ml","23":"pa_bottle-size-10kg","24":"pa_bottle-size-250ml","25":"pa_bottle-size-25kg","26":"pa_bottle-size-500ml","27":"pa_bottle-size-50ml","28":"pa_bottle-size-5kg","29":"pa_bottle-size-950ml","30":"pa_bottle-size-sample","32":"first","33":"instock","34":"taxable","35":"shipping-taxable","36":"purchasable","37":"product-type-variable"},"acf":[],"_links":{"self":[{"href":"https:\/\/cosyowl.com\/de_at\/wp-json\/wp\/v2\/product\/11112","targetHints":{"allow":["GET"]}}],"collection":[{"href":"https:\/\/cosyowl.com\/de_at\/wp-json\/wp\/v2\/product"}],"about":[{"href":"https:\/\/cosyowl.com\/de_at\/wp-json\/wp\/v2\/types\/product"}],"replies":[{"embeddable":true,"href":"https:\/\/cosyowl.com\/de_at\/wp-json\/wp\/v2\/comments?post=11112"}],"wp:featuredmedia":[{"embeddable":true,"href":"https:\/\/cosyowl.com\/de_at\/wp-json\/wp\/v2\/media\/11858"}],"wp:attachment":[{"href":"https:\/\/cosyowl.com\/de_at\/wp-json\/wp\/v2\/media?parent=11112"}],"wp:term":[{"taxonomy":"product_brand","embeddable":true,"href":"https:\/\/cosyowl.com\/de_at\/wp-json\/wp\/v2\/product_brand?post=11112"},{"taxonomy":"product_cat","embeddable":true,"href":"https:\/\/cosyowl.com\/de_at\/wp-json\/wp\/v2\/product_cat?post=11112"},{"taxonomy":"product_tag","embeddable":true,"href":"https:\/\/cosyowl.com\/de_at\/wp-json\/wp\/v2\/product_tag?post=11112"}],"curies":[{"name":"wp","href":"https:\/\/api.w.org\/{rel}","templated":true}]}}