{"id":10994,"date":"2021-01-07T06:10:00","date_gmt":"2021-01-07T06:10:00","guid":{"rendered":"https:\/\/cosyowl.com\/product\/uncategorized\/import-placeholder-for-tcdl-ccon-bowl-ctin4-414"},"modified":"2026-03-03T13:44:58","modified_gmt":"2026-03-03T13:44:58","slug":"rosegoldene-runde-kerzendose-mit-geschweister-seitennaht-100ml","status":"publish","type":"product","link":"https:\/\/cosyowl.com\/de_at\/candle-making-supplies\/candle-containers\/metal-containers\/rose-gold-round-candle-tin-with-welded-side-seam-100ml","title":{"rendered":"Rose Gold Runde Kerze Dose mit geschwei\u00dften Seitennaht - 100ml"},"content":{"rendered":"<p>Diese Dosen sind in zwei Gr\u00f6\u00dfen, 100 ml und 250 ml, in den Farben Silber oder Rose Gold erh\u00e4ltlich. Sie haben ein sichtbares <a href=\"https:\/\/cosyowl.com\/de_at\/candle-containers\/candle-tins\/rose-gold-round-candle-tin-with-welded-side-seam-100ml-single\">geschwei\u00dfte Seitennaht<\/a> die silberfarben ist. Der St\u00fclpdeckel hat eine kleine Stufe, so dass er sich leicht stapeln, aufbewahren oder ausstellen l\u00e4sst.<\/p>\n<p>Unser <a href=\"https:\/\/cosyowl.com\/de_at\/guides\/a-summers-beach-gel-votive-candle\">Kerze<\/a> Die Dosen sind sehr preisg\u00fcnstig und k\u00f6nnen jedem Raum einen Hauch von Klasse verleihen.<\/p>\n<p>Gr\u00f6\u00dfe und Volumen:<\/p>\n<ul>\n<li style=\"list-style-type: none\">\n<ul>\n<li>Diese 100ml-Dose fasst ca. 80g Wachs*.<\/li>\n<li>Gr\u00f6\u00dfe: 61mm (\u00d8) x 48mm (H)<\/li>\n<\/ul>\n<\/li>\n<\/ul>\n<h3>Dochtempfehlungen**<\/h3>\n<table class=\"notesTableBorder\">\n<tbody>\n<tr>\n<th>Kerasoy Wachs (Soja)<\/th>\n<th>Kerawachs (Paraffin)<\/th>\n<th>Sowohl Soja als auch Paraffin<\/th>\n<th>Mehrere Dochte <a href=\"https:\/\/cosyowl.com\/de_at\/guides\/using-cotton-wicks-with-soyaluna-container-wax-recommendations\">Empfehlungen<\/a><\/th>\n<\/tr>\n<tr>\n<td>ECO 2<\/td>\n<td>LX 16<\/td>\n<td>TCR 24\/14<\/td>\n<td>K.A.<\/td>\n<\/tr>\n<tr>\n<td>ECO 4<\/td>\n<td>LX 18<\/td>\n<td>TCR 27\/16<\/td>\n<td>K.A.<\/td>\n<\/tr>\n<\/tbody>\n<\/table>\n<p>*Bitte beachten Sie, die empfohlene Wachsmenge ist eine <a href=\"https:\/\/cosyowl.com\/de_at\/guides\/a-guide-to-creating-your-own-soap-products\">Leitfaden<\/a> und basiert auf dem maximalen Fassungsverm\u00f6gen f\u00fcr diesen speziellen Beh\u00e4lter. Daher ist es m\u00f6glich, weniger Wachs zu verwenden, aber wir w\u00fcrden nicht empfehlen, die maximale Kapazit\u00e4t zu \u00fcberschreiten. Wir empfehlen, die angegebenen Wachsmengen nur als Ausgangspunkt zu verwenden und diese anzupassen <a href=\"https:\/\/cosyowl.com\/de_at\/guides\/weighing-fragrance\">Messungen<\/a> wie Sie es w\u00fcnschen.<\/p>\n<p>**Bitte beachten Sie, dass alle Dochtempfehlungen nur auf der Verwendung mit unserem Wachs basieren. Die kleinste <a href=\"https:\/\/cosyowl.com\/de_at\/guides\/candle-wick-size-chart\">Dochtgr\u00f6\u00dfe<\/a> ist nur f\u00fcr die Verwendung mit Wachs empfohlen. Die gr\u00f6\u00dfte empfohlene Dochtgr\u00f6\u00dfe ist f\u00fcr die Verwendung bei <a href=\"https:\/\/cosyowl.com\/de_at\/candle-making-supplies\/fragrance-oils-for-candle-making\/premium-fragrance-oils\/cosy-owl-premium-1-million-type-fragrance-oil\">Parf\u00fcm\u00f6l<\/a> und\/oder Farbstoff vorhanden sind. Alle Angaben dienen lediglich als Orientierungshilfe, um einen Ausgangspunkt f\u00fcr das Experimentieren mit Dochten zu finden, da unterschiedliche Temperaturen und <a href=\"https:\/\/cosyowl.com\/de_at\/guides\/2023-spring-fragrance-oil-trends\">Parf\u00fcmierte \u00d6le<\/a> wird sich auf den Erfolg eines Dochts auswirken.<\/p>","protected":false},"excerpt":{"rendered":"<p>These tins are available in two sizes, 100ml and 250ml, with colour choices of Silver or Rose Gold. They feature a visible welded side seam which is silver in colour. The slip lid features a small step, making it easy for stacking, storing or displaying. Our candle tins are very competitively priced and really can [&hellip;]<\/p>\n","protected":false},"featured_media":12014,"comment_status":"open","ping_status":"closed","template":"","meta":{"_acf_changed":false},"product_brand":[],"product_cat":[501,639,642],"product_tag":[918],"class_list":{"0":"post-10994","1":"product","2":"type-product","3":"status-publish","4":"has-post-thumbnail","6":"product_cat-metal-containers","7":"product_cat-body-care-containers","8":"product_cat-hair-care-containers","9":"product_tag-candle-tin","11":"first","12":"instock","13":"taxable","14":"shipping-taxable","15":"purchasable","16":"product-type-variable"},"acf":[],"_links":{"self":[{"href":"https:\/\/cosyowl.com\/de_at\/wp-json\/wp\/v2\/product\/10994","targetHints":{"allow":["GET"]}}],"collection":[{"href":"https:\/\/cosyowl.com\/de_at\/wp-json\/wp\/v2\/product"}],"about":[{"href":"https:\/\/cosyowl.com\/de_at\/wp-json\/wp\/v2\/types\/product"}],"replies":[{"embeddable":true,"href":"https:\/\/cosyowl.com\/de_at\/wp-json\/wp\/v2\/comments?post=10994"}],"wp:featuredmedia":[{"embeddable":true,"href":"https:\/\/cosyowl.com\/de_at\/wp-json\/wp\/v2\/media\/12014"}],"wp:attachment":[{"href":"https:\/\/cosyowl.com\/de_at\/wp-json\/wp\/v2\/media?parent=10994"}],"wp:term":[{"taxonomy":"product_brand","embeddable":true,"href":"https:\/\/cosyowl.com\/de_at\/wp-json\/wp\/v2\/product_brand?post=10994"},{"taxonomy":"product_cat","embeddable":true,"href":"https:\/\/cosyowl.com\/de_at\/wp-json\/wp\/v2\/product_cat?post=10994"},{"taxonomy":"product_tag","embeddable":true,"href":"https:\/\/cosyowl.com\/de_at\/wp-json\/wp\/v2\/product_tag?post=10994"}],"curies":[{"name":"wp","href":"https:\/\/api.w.org\/{rel}","templated":true}]}}