{"id":10991,"date":"2021-10-01T06:10:00","date_gmt":"2021-10-01T05:10:00","guid":{"rendered":"https:\/\/cosyowl.com\/product\/uncategorized\/import-placeholder-for-tcdl-cacc-bowl-cwct-411"},"modified":"2026-03-03T13:44:56","modified_gmt":"2026-03-03T13:44:56","slug":"dochtzentrierwerkzeug","status":"publish","type":"product","link":"https:\/\/cosyowl.com\/de_at\/candle-making-supplies\/tools-equipment\/candle-wick-centering-tool","title":{"rendered":"Kerzendocht-Zentrierwerkzeug"},"content":{"rendered":"<p>A <strong>Dochtzentrierwerkzeug<\/strong> ist ein sehr einfaches Ger\u00e4t, das Ihre <a href=\"https:\/\/cosyowl.com\/de_at\/guides\/a-summers-beach-gel-votive-candle\">Kerze<\/a> Docht an Ort und Stelle. Hierbei handelt es sich um einen \u00e4u\u00dferst robusten Stahladapter, der auf die Oberseite Ihrer Kerzens\u00e4ule, Ihres T-Lichts oder eines anderen Beh\u00e4lters aufgesetzt wird, um den Docht an der gew\u00fcnschten Stelle zu halten - normalerweise in der Mitte. Im Gegensatz zu anderen Zentrierwerkzeugen im Internet ist dieser Adapter wesentlich robuster als seine Gegenst\u00fccke aus Kunststoff und erm\u00f6glicht es, bei Bedarf mehr als einen Docht in Ihre Kerze zu h\u00e4ngen.<\/p>\n<p>Erh\u00e4ltlich in Packungen zu 10 oder 50 St\u00fcck.<\/p>","protected":false},"excerpt":{"rendered":"<p>A wick centering tool is a very simplistic device that holds your candle wick in place. This is a highly durable steel adapter that is placed on the top of your candle pillar, T-lights or other container to hold the wick in the location required &#8211; normally the centre. Unlike other centring tools on the [&hellip;]<\/p>\n","protected":false},"featured_media":12011,"comment_status":"open","ping_status":"closed","template":"","meta":{"_acf_changed":false},"product_brand":[],"product_cat":[532,499],"product_tag":[935],"class_list":{"0":"post-10991","1":"product","2":"type-product","3":"status-publish","4":"has-post-thumbnail","6":"product_cat-tools-equipment","7":"product_cat-candle-wicks","8":"product_tag-wick-centering-tool","10":"first","11":"instock","12":"taxable","13":"shipping-taxable","14":"purchasable","15":"product-type-variable"},"acf":[],"_links":{"self":[{"href":"https:\/\/cosyowl.com\/de_at\/wp-json\/wp\/v2\/product\/10991","targetHints":{"allow":["GET"]}}],"collection":[{"href":"https:\/\/cosyowl.com\/de_at\/wp-json\/wp\/v2\/product"}],"about":[{"href":"https:\/\/cosyowl.com\/de_at\/wp-json\/wp\/v2\/types\/product"}],"replies":[{"embeddable":true,"href":"https:\/\/cosyowl.com\/de_at\/wp-json\/wp\/v2\/comments?post=10991"}],"wp:featuredmedia":[{"embeddable":true,"href":"https:\/\/cosyowl.com\/de_at\/wp-json\/wp\/v2\/media\/12011"}],"wp:attachment":[{"href":"https:\/\/cosyowl.com\/de_at\/wp-json\/wp\/v2\/media?parent=10991"}],"wp:term":[{"taxonomy":"product_brand","embeddable":true,"href":"https:\/\/cosyowl.com\/de_at\/wp-json\/wp\/v2\/product_brand?post=10991"},{"taxonomy":"product_cat","embeddable":true,"href":"https:\/\/cosyowl.com\/de_at\/wp-json\/wp\/v2\/product_cat?post=10991"},{"taxonomy":"product_tag","embeddable":true,"href":"https:\/\/cosyowl.com\/de_at\/wp-json\/wp\/v2\/product_tag?post=10991"}],"curies":[{"name":"wp","href":"https:\/\/api.w.org\/{rel}","templated":true}]}}