{"id":10966,"date":"2021-10-01T06:10:00","date_gmt":"2021-10-01T05:10:00","guid":{"rendered":"https:\/\/cosyowl.com\/product\/uncategorized\/import-placeholder-for-tcdl-cacc-bowl-s1000p-cwgd-410"},"modified":"2026-03-03T13:44:55","modified_gmt":"2026-03-03T13:44:55","slug":"klebepunkte-packung-mit-1000-stuck-in-2-grosen","status":"publish","type":"product","link":"https:\/\/cosyowl.com\/de_at\/candle-making-supplies\/tools-equipment\/glue-dots-pack-of-1000","title":{"rendered":"Klebepunkte (Packung mit 1000 St\u00fcck)"},"content":{"rendered":"<p>Die <a href=\"https:\/\/cosyowl.com\/de_at\/guides\/how-to-make-a-candle\">Kerzenherstellung<\/a> doppelseitig <strong><a href=\"https:\/\/cosyowl.com\/de_at\/candle-making-supplies\/tools-equipment\/glue-dots-pack-of-100\">Klebepunkte<\/a><\/strong> werden verwendet, um den Docht effektiv an der Basis des Ger\u00e4ts zu befestigen. <a href=\"https:\/\/cosyowl.com\/de_at\/guides\/a-summers-beach-gel-votive-candle\">Kerze<\/a> und sind f\u00fcr eine Temperatur von \u00fcber 70\u00b0C ausgelegt. Zur Verwendung einfach auf die Basis des Dochtes kleben, in der Mitte des Beh\u00e4lters platzieren und dann fest nach unten dr\u00fccken, um den Docht zu fixieren. Dadurch wird das l\u00e4stige Verrutschen des Dochtes beim Einf\u00fcllen des Kerzenwachses in den Beh\u00e4lter verhindert. Bitte beachten Sie, dass sich dieses Produkt in seiner Funktion und Verwendung nicht von den so genannten Klebelaschen unterscheidet.<\/p>\n<p>Erh\u00e4ltlich in einer Rolle mit etwa 1000 Klebepunkten - das sind eine Menge Kerzen!<\/p>","protected":false},"excerpt":{"rendered":"<p>The candle making double sided Glue Dots are used to effectively secure the wick to the base of your candle container and are rated in excess of 70\u00b0C. To use, simply stick to the base of the wick, locate in the centre of the container and then press firmly down to secure the wick in [&hellip;]<\/p>\n","protected":false},"featured_media":12008,"comment_status":"open","ping_status":"closed","template":"","meta":{"_acf_changed":false},"product_brand":[],"product_cat":[532],"product_tag":[913],"class_list":{"0":"post-10966","1":"product","2":"type-product","3":"status-publish","4":"has-post-thumbnail","6":"product_cat-tools-equipment","7":"product_tag-glue-dots","8":"product_shipping_class-royal_mail","10":"first","11":"outofstock","12":"taxable","13":"shipping-taxable","14":"purchasable","15":"product-type-simple"},"acf":[],"_links":{"self":[{"href":"https:\/\/cosyowl.com\/de_at\/wp-json\/wp\/v2\/product\/10966","targetHints":{"allow":["GET"]}}],"collection":[{"href":"https:\/\/cosyowl.com\/de_at\/wp-json\/wp\/v2\/product"}],"about":[{"href":"https:\/\/cosyowl.com\/de_at\/wp-json\/wp\/v2\/types\/product"}],"replies":[{"embeddable":true,"href":"https:\/\/cosyowl.com\/de_at\/wp-json\/wp\/v2\/comments?post=10966"}],"wp:featuredmedia":[{"embeddable":true,"href":"https:\/\/cosyowl.com\/de_at\/wp-json\/wp\/v2\/media\/12008"}],"wp:attachment":[{"href":"https:\/\/cosyowl.com\/de_at\/wp-json\/wp\/v2\/media?parent=10966"}],"wp:term":[{"taxonomy":"product_brand","embeddable":true,"href":"https:\/\/cosyowl.com\/de_at\/wp-json\/wp\/v2\/product_brand?post=10966"},{"taxonomy":"product_cat","embeddable":true,"href":"https:\/\/cosyowl.com\/de_at\/wp-json\/wp\/v2\/product_cat?post=10966"},{"taxonomy":"product_tag","embeddable":true,"href":"https:\/\/cosyowl.com\/de_at\/wp-json\/wp\/v2\/product_tag?post=10966"}],"curies":[{"name":"wp","href":"https:\/\/api.w.org\/{rel}","templated":true}]}}