{"id":10852,"date":"2021-10-01T06:08:00","date_gmt":"2021-10-01T05:08:00","guid":{"rendered":"https:\/\/cosyowl.com\/product\/uncategorized\/import-placeholder-for-tcdl-ccmk-bowl-ncsp-cscw-381"},"modified":"2026-04-20T08:58:46","modified_gmt":"2026-04-20T07:58:46","slug":"sojawachs-weihnachtsgewurz-kerzen-bausatz","status":"publish","type":"product","link":"https:\/\/cosyowl.com\/de_at\/candle-making-kits\/soy-wax-christmas-spice-candle-making-kit","title":{"rendered":"Sojawachs-Weihnachtsgew\u00fcrz-Kerzen-Bausatz"},"content":{"rendered":"<p data-start=\"130\" data-end=\"386\">Unsere Kits sind perfekt f\u00fcr alle, die gerne kreativ werden und sich in die <a href=\"https:\/\/cosyowl.com\/de_at\/guides\/how-to-make-a-candle\">Kerzenherstellung<\/a>. Diese <strong data-start=\"218\" data-end=\"255\"><a href=\"https:\/\/cosyowl.com\/de_at\/fragrance-oils\/christmas-spice\">Weihnachtsgew\u00fcrz<\/a> <a href=\"https:\/\/cosyowl.com\/de_at\/guides\/a-summers-beach-gel-votive-candle\">Kerze<\/a> Bausatz<\/strong> bietet alles, was Sie brauchen, um <a href=\"https:\/\/cosyowl.com\/de_at\/guides\/how-to-make-wax-melts-at-home\">Handwerk<\/a> <strong data-start=\"294\" data-end=\"324\">bis zu f\u00fcnf Festtagskerzen<\/strong> gef\u00fcllt mit dem <a href=\"https:\/\/cosyowl.com\/de_at\/craft-kits\/candle-making-kits\/soy-wax-mulled-wine-christmas-candle-making-kit\">warm<\/a>, beruhigendes Aroma von <strong data-start=\"367\" data-end=\"385\"><a href=\"https:\/\/cosyowl.com\/de_at\/candle-making-kits\/winter-pine-candle-making-kit\">Urlaub<\/a> Gew\u00fcrze<\/strong>. Jede Kerze hat ein reichhaltiges <strong data-start=\"416\" data-end=\"447\">rostorange Farbe der Saison<\/strong>und bringen die gem\u00fctliche Stimmung der Feiertage direkt in Ihr Zuhause. Ob f\u00fcr Sie selbst oder als Geschenk, mit diesem Set wird das Kerzenbasteln einfach, macht Spa\u00df und ist eine wahre Freude.<\/p>\n<h3>Was ist in Ihrem Kerzenherstellungsset enthalten?<\/h3>\n<ul>\n<li><span style=\"color: #0a0101\"><a style=\"color: #0a0000\" href=\"https:\/\/cosyowl.com\/de_at\/zubehor-fur-die-kerzenherstellung\/kerzenwachs\/sojawachs\/kerasoy-4130-behalterwachs\/?wmc-currency=EUR\">800 g hochwertige<\/a> <\/span><span style=\"color: #ff6600\"><strong><a style=\"color: #ff6600\" href=\"https:\/\/cosyowl.com\/de_at\/zubehor-fur-die-kerzenherstellung\/kerzenwachs\/sojawachs\/naturliche-wachse-soyaluna-behalterwachs\/?wmc-currency=EUR\">Soja Container Wachs<\/a><\/strong><\/span> <span style=\"color: #0a0000\"><a style=\"color: #0a0000\" href=\"https:\/\/cosyowl.com\/de_at\/zubehor-fur-die-kerzenherstellung\/kerzenwachs\/sojawachs\/kerasoy-4130-behalterwachs\/?wmc-currency=EUR\">f\u00fcr eine saubere, gleichm\u00e4\u00dfige Verbrennung<\/a><\/span><\/li>\n<li><span style=\"color: #080000\"><a style=\"color: #080000\" href=\"https:\/\/cosyowl.com\/de_at\/parfumole\/weihnachtliches-gewurz\/?wmc-currency=EUR\">50ml<\/a><span style=\"color: #ff6600\"><strong><a style=\"color: #ff6600\" href=\"https:\/\/cosyowl.com\/de_at\/parfumole\/weihnachtliches-gewurz\/?wmc-currency=EUR\">\u00a0Parf\u00fcm\u00f6l Weihnachtsgew\u00fcrz <\/a><\/strong><\/span><a style=\"color: #080000\" href=\"https:\/\/cosyowl.com\/de_at\/parfumole\/weihnachtliches-gewurz\/?wmc-currency=EUR\">(Flammpunkt von 76\u00b0C) bietet ein warmes, festliches Aroma mit einem Hauch von Zimt, Nelke und Orangenschale<\/a><\/span><\/li>\n<li><span style=\"color: #080000\">1g von <a style=\"color: #080000\" href=\"https:\/\/cosyowl.com\/de_at\/kerzenfarbstoffe\/bekro-5024-27-orange-kerzenfarbe\/?wmc-currency=EUR\"><span style=\"color: #ff6600\"><strong>Rostorange Bekro F\u00e4rbung <\/strong><\/span>(5024\/27), um Ihren Kerzen einen satten, saisonalen Farbton zu verleihen<\/a><\/span><\/li>\n<li><span style=\"color: #0a0101\">5 <span style=\"color: #ff6600\"><strong><a style=\"color: #ff6600\" href=\"https:\/\/cosyowl.com\/de_at\/kerzendochte\/wedo-oko-docht-120mm\/?wmc-currency=EUR\">\u00d6ko-Dochte <\/a><\/strong><\/span><a style=\"color: #0a0101\" href=\"https:\/\/cosyowl.com\/de_at\/kerzendochte\/wedo-oko-docht-120mm\/?wmc-currency=EUR\"><span style=\"color: #0a0000\">f\u00fcr optimale Flammenleistung<\/span><\/a><\/span><\/li>\n<li><span style=\"color: #0a0101\">5 <span style=\"color: #ff6600\"><strong><a style=\"color: #ff6600\" href=\"https:\/\/cosyowl.com\/de_at\/zubehor-fur-die-kerzenherstellung\/kerzenbehalter\/kerzenglaser\/glas-kerzenbehalter-20cl-karen-rund\/?wmc-currency=EUR\">20cl Karen Runde Gl\u00e4ser Beh\u00e4lter <\/a><\/strong><\/span><a style=\"color: #0a0101\" href=\"https:\/\/cosyowl.com\/de_at\/zubehor-fur-die-kerzenherstellung\/kerzenbehalter\/kerzenglaser\/glas-kerzenbehalter-20cl-karen-rund\/?wmc-currency=EUR\">perfekt f\u00fcr den Hausgebrauch oder als Geschenk<\/a><\/span><\/li>\n<li><span style=\"color: #0a0000\">Leicht nachvollziehbar, <span style=\"color: #ff6600\"><strong><a style=\"color: #ff6600\" href=\"https:\/\/cosyowl.com\/de_at\/leitfaden\/wie-man-eine-kerze-macht\/?wmc-currency=EUR\">Schritt-f\u00fcr-Schritt-Anleitung zur Kerzenherstellung<\/a><\/strong><\/span> perfekt f\u00fcr Anf\u00e4nger<\/span><\/li>\n<\/ul>\n<p><span style=\"color: #0a0101\">Wir sind stolz darauf, dass wir die h\u00f6chsten <a href=\"https:\/\/cosyowl.com\/de_at\/candle-wicks\/wedo-lx-wick-raw\">Qualit\u00e4t<\/a> Zutaten, die auf dem Markt erh\u00e4ltlich sind, um die perfekte Kerze zu Hause herzustellen. Unsere Sets eignen sich sowohl f\u00fcr Anf\u00e4nger als auch f\u00fcr Fortgeschrittene, also schnappen Sie sich Ihre Sch\u00fcrze und fangen Sie an zu basteln. Wer noch kreativer werden will, kann auch eine andere Farbe kaufen und die Dinge durcheinander bringen.<\/span><\/p>\n<h3>Informationen zu D\u00fcften<\/h3>\n<p>Unser <strong><span style=\"color: #ff6600\"><a style=\"color: #ff6600\" href=\"https:\/\/cosyowl.com\/de_at\/parfumole\/weihnachtliches-gewurz\/?wmc-currency=EUR\">Parf\u00fcm\u00f6l Weihnachtsgew\u00fcrz <\/a><\/span><\/strong>wurde speziell formuliert, um das vertraute Gef\u00fchl zu wecken <a href=\"https:\/\/cosyowl.com\/de_at\/candle-making-supplies\/fragrance-oils-for-candle-making\/all-fragrances\/tonka-bean-myrrh-fragrance-oil\">reiches Aroma<\/a> Der Duft ist eine Mischung aus einigen der bekanntesten Gew\u00fcrze, die sowohl in der K\u00fcche als auch in der Parf\u00fcmerie verwendet werden und in der Weihnachtszeit nie fehl am Platz sind. Dieser intensive und klangvolle Duft verstr\u00f6mt einen starken und markanten Geruch, der mit<strong> Bergamotte, Ingwer, Orangenschalen und Eukalyptus<\/strong>. Dieses anf\u00e4ngliche Aroma ist am st\u00e4rksten ausgepr\u00e4gt, wenn die Kerze zu brennen beginnt, und f\u00fcllt den Raum mit einem Duft, der dann durch leichte Untert\u00f6ne von <strong>Nelkenknospe und Zimt<\/strong>. In die Formulierung f\u00fcr diesen unverwechselbaren Duft ist ein <a href=\"https:\/\/cosyowl.com\/de_at\/fragrance-oils\/strawberry-bon-bon\">entz\u00fcckend<\/a> Spur Nachgeschmack von<strong> Moschus, Kardamom und Vanille<\/strong>.<\/p>\n<p><span style=\"color: #ff6600\"><a style=\"color: #ff6600\" href=\"https:\/\/cosyowl.com\/de_at\/datenblatter-fur-duftstoffe-und-atherische-ole\/?wmc-currency=EUR\">(Datenbl\u00e4tter f\u00fcr Christmas Spice Parf\u00fcm\u00f6l)<\/a><\/span><\/p>\n<h3>Informationen \u00fcber unsere Produkte<\/h3>\n<p><a href=\"https:\/\/cosyowl.com\/de_at\/shop\">Alle Produkte<\/a> in diesem Kit sind von professioneller Qualit\u00e4t, um die h\u00f6chste Qualit\u00e4t Kerzen, die sch\u00f6n und vollst\u00e4ndig mit hervorragenden Duft werfen brennen zu schaffen. Wir bieten keine Starter-Kits mit billigeren Materialien an, da wir der Meinung sind, dass es am besten ist, mit den hochwertigsten Materialien zu lernen. Au\u00dferdem sind wir stolz darauf, nicht nur die beste Qualit\u00e4t, sondern auch die ethischsten und besten Materialien zu beschaffen. <a href=\"https:\/\/cosyowl.com\/de_at\/candle-wicks\/wedo-eco-wick-raw\">nachhaltig<\/a> Materialien. Alle Materialien sind:<\/p>\n<ul>\n<li>Nachhaltig beschafft<\/li>\n<li>Umweltschonend<\/li>\n<li>Veganerfreundlich<\/li>\n<li>Grausamkeitsfrei<\/li>\n<li><a href=\"https:\/\/cosyowl.com\/de_at\/guides\/cmrs-and-phthalates-in-fragrance-oils\">Frei von<\/a> CMR und Phthalat<\/li>\n<\/ul>\n<h3 data-start=\"2493\" data-end=\"2542\">Hilfreiche Ressourcen f\u00fcr eine erfolgreiche Kerzenherstellung<\/h3>\n<ul>\n<li><strong><span style=\"color: #ff6600\"><a style=\"color: #ff6600\" href=\"https:\/\/cosyowl.com\/de_at\/leitfaden\/wie-man-eine-kerze-macht\/?wmc-currency=EUR\">Wie man eine Kerze herstellt\u00a0<\/a><\/span><\/strong><\/li>\n<li><strong><span style=\"color: #ff6600\"><a style=\"color: #ff6600\" href=\"https:\/\/cosyowl.com\/de_at\/leitfaden\/container-kerzenfuhrer\/?wmc-currency=EUR\">Anleitung zur Herstellung von Beh\u00e4lterkerzen<\/a><\/span><\/strong><\/li>\n<li><strong><span style=\"color: #ff6600\"><a style=\"color: #ff6600\" href=\"https:\/\/cosyowl.com\/de_at\/leitfaden\/anleitung-zur-herstellung-einer-kerze-fur-anfanger\/?wmc-currency=EUR\">Anleitung zur Herstellung einer Kerze f\u00fcr Anf\u00e4nger<\/a><\/span><\/strong><\/li>\n<li class=\"entry-title\"><strong><span style=\"color: #ff6600\"><a style=\"color: #ff6600\" href=\"https:\/\/cosyowl.com\/de_at\/leitfaden\/anleitung-zur-verwendung-von-begro-wachsfarben\/?wmc-currency=EUR\" rel=\"bookmark\">Leitfaden f\u00fcr die Verwendung von Bekro Wachsfarbstoff<\/a><\/span><\/strong><\/li>\n<li class=\"entry-title\"><strong><span style=\"color: #ff6600\"><a style=\"color: #ff6600\" href=\"https:\/\/cosyowl.com\/de_at\/leitfaden\/wie-man-duftole-verwendet\/?wmc-currency=EUR\">Wie man Duft\u00f6le verwendet<\/a><\/span><\/strong><\/li>\n<li><strong><span style=\"color: #ff6600\"><a style=\"color: #ff6600\" href=\"https:\/\/cosyowl.com\/de_at\/leitfaden\/fehlersuche\/?wmc-currency=EUR\">Fehlerbehebung bei Problemen bei der Kerzenherstellung<\/a><\/span><\/strong><\/li>\n<li><strong><span style=\"color: #ff6600\"><a style=\"color: #ff6600\" href=\"https:\/\/cosyowl.com\/de_at\/leitfaden\/faq\/?wmc-currency=EUR\">FAQs zur Kerzenherstellung<\/a><\/span><\/strong><\/li>\n<li><strong><span style=\"color: #ff6600\"><a style=\"color: #ff6600\" href=\"https:\/\/cosyowl.com\/de_at\/leitfaden\/?wmc-currency=EUR\">Leitf\u00e4den &amp; Rezepte<\/a><\/span><\/strong><\/li>\n<\/ul>","protected":false},"excerpt":{"rendered":"<p>Our kits are perfect for anyone eager to get creative and dive into candle making. This Christmas Spice Candle Making Kit provides everything you need to craft up to five festive candles filled with the warm, comforting aroma of holiday spices.\u00a0Each candle features a rich seasonal rust orange colour, bringing the cosy spirit of the [&hellip;]<\/p>\n","protected":false},"featured_media":60392,"comment_status":"open","ping_status":"closed","template":"","meta":{"_acf_changed":false},"product_brand":[],"product_cat":[530,720,498],"product_tag":[917,1594],"class_list":{"0":"post-10852","1":"product","2":"type-product","3":"status-publish","4":"has-post-thumbnail","6":"product_cat-candle-making-kits","7":"product_cat-candle-making-kits-candle-making-supplies","8":"product_cat-christmas","9":"product_tag-candle-making-kit","10":"product_tag-christmas","11":"product_shipping_class-royal_mail_kits","13":"first","14":"instock","15":"taxable","16":"shipping-taxable","17":"purchasable","18":"product-type-simple"},"acf":[],"_links":{"self":[{"href":"https:\/\/cosyowl.com\/de_at\/wp-json\/wp\/v2\/product\/10852","targetHints":{"allow":["GET"]}}],"collection":[{"href":"https:\/\/cosyowl.com\/de_at\/wp-json\/wp\/v2\/product"}],"about":[{"href":"https:\/\/cosyowl.com\/de_at\/wp-json\/wp\/v2\/types\/product"}],"replies":[{"embeddable":true,"href":"https:\/\/cosyowl.com\/de_at\/wp-json\/wp\/v2\/comments?post=10852"}],"wp:featuredmedia":[{"embeddable":true,"href":"https:\/\/cosyowl.com\/de_at\/wp-json\/wp\/v2\/media\/60392"}],"wp:attachment":[{"href":"https:\/\/cosyowl.com\/de_at\/wp-json\/wp\/v2\/media?parent=10852"}],"wp:term":[{"taxonomy":"product_brand","embeddable":true,"href":"https:\/\/cosyowl.com\/de_at\/wp-json\/wp\/v2\/product_brand?post=10852"},{"taxonomy":"product_cat","embeddable":true,"href":"https:\/\/cosyowl.com\/de_at\/wp-json\/wp\/v2\/product_cat?post=10852"},{"taxonomy":"product_tag","embeddable":true,"href":"https:\/\/cosyowl.com\/de_at\/wp-json\/wp\/v2\/product_tag?post=10852"}],"curies":[{"name":"wp","href":"https:\/\/api.w.org\/{rel}","templated":true}]}}