{"id":10822,"date":"2021-10-01T06:08:00","date_gmt":"2021-10-01T05:08:00","guid":{"rendered":"https:\/\/cosyowl.com\/product\/uncategorized\/import-placeholder-for-tcdl-ccmk-bowl-nmuw-cscw-376"},"modified":"2026-03-25T10:48:58","modified_gmt":"2026-03-25T10:48:58","slug":"sojawachs-gluhwein-weihnachtskerzen-bausatz","status":"publish","type":"product","link":"https:\/\/cosyowl.com\/de_at\/craft-kits\/candle-making-kits\/soy-wax-mulled-wine-christmas-candle-making-kit","title":{"rendered":"Sojawachs-Gl\u00fchwein-Weihnachtskerzen-Bausatz"},"content":{"rendered":"<p data-start=\"162\" data-end=\"418\">Suchen Sie nach einem gem\u00fctlichen, kreativen Projekt? Unser <a href=\"https:\/\/cosyowl.com\/de_at\/guides\/how-to-make-a-candle\">Kerzenherstellung<\/a> Kits sind perfekt f\u00fcr alle, die die Welt der <a href=\"https:\/\/cosyowl.com\/de_at\/guides\/a-summers-beach-gel-votive-candle\">Kerze<\/a> Basteln. Diese <strong data-start=\"298\" data-end=\"331\"><a href=\"https:\/\/cosyowl.com\/de_at\/candle-making-supplies\/fragrance-oils-for-candle-making\/all-fragrances\/mulled-wine-fragrance-oil\">Gl\u00fchwein<\/a> Bausatz zur Kerzenherstellung<\/strong> enth\u00e4lt alles, was Sie brauchen, um <strong data-start=\"371\" data-end=\"403\">bis zu f\u00fcnf luxuri\u00f6se Kerzen<\/strong> direkt zu Hause. Jede Kerze ist mit dem <strong data-start=\"452\" data-end=\"489\"><a href=\"https:\/\/cosyowl.com\/de_at\/candle-making-supplies\/fragrance-oils-for-candle-making\/all-fragrances\/honey-fragrance-oil\">warm<\/a>Gew\u00fcrzaroma von Gl\u00fchwein<\/strong>, gepaart mit einer <strong data-start=\"505\" data-end=\"530\">satte, tiefrote Farbe<\/strong> die das Herz der Menschen <a href=\"https:\/\/cosyowl.com\/de_at\/candle-making-kits\/soy-wax-christmas-spice-candle-making-kit\">festlich<\/a> Jahreszeit. Egal, ob Sie etwas verschenken, dekorieren oder sich selbst etwas Gutes tun wollen, dieses Set bringt den Duft und die Stimmung des Winters direkt in Ihren Raum.<\/p>\n<h3><strong data-start=\"715\" data-end=\"756\">Was ist in Ihrem Kerzenherstellungsset enthalten?<\/strong><\/h3>\n<ul>\n<li><span style=\"color: #0a0101\"><a style=\"color: #0a0000\" href=\"https:\/\/cosyowl.com\/de_at\/zubehor-fur-die-kerzenherstellung\/kerzenwachs\/sojawachs\/kerasoy-4130-behalterwachs\/?wmc-currency=EUR\">800 g hochwertige<\/a> <\/span><span style=\"color: #ff6600\"><strong><a style=\"color: #ff6600\" href=\"https:\/\/cosyowl.com\/de_at\/zubehor-fur-die-kerzenherstellung\/kerzenwachs\/sojawachs\/naturliche-wachse-soyaluna-behalterwachs\/?wmc-currency=EUR\">Soja Container Wachs<\/a><\/strong><\/span> <span style=\"color: #0a0000\"><a style=\"color: #0a0000\" href=\"https:\/\/cosyowl.com\/de_at\/zubehor-fur-die-kerzenherstellung\/kerzenwachs\/sojawachs\/kerasoy-4130-behalterwachs\/?wmc-currency=EUR\">f\u00fcr eine saubere, gleichm\u00e4\u00dfige Verbrennung<\/a><\/span><span style=\"color: #0d0101\"><br \/>\n<\/span><\/li>\n<li><span style=\"color: #0d0101\"><a style=\"color: #0d0101\" href=\"https:\/\/cosyowl.com\/de_at\/zubehor-fur-die-kerzenherstellung\/parfumole-fur-die-kerzenherstellung\/alle-dufte\/gluhwein-duftol\/?wmc-currency=EUR\">50ml<\/a><span style=\"color: #ff6600\"><strong><a style=\"color: #ff6600\" href=\"https:\/\/cosyowl.com\/de_at\/zubehor-fur-die-kerzenherstellung\/parfumole-fur-die-kerzenherstellung\/alle-dufte\/gluhwein-duftol\/?wmc-currency=EUR\">\u00a0Gl\u00fchwein-Duft\u00f6l <\/a><\/strong><\/span><a style=\"color: #0d0101\" href=\"https:\/\/cosyowl.com\/de_at\/zubehor-fur-die-kerzenherstellung\/parfumole-fur-die-kerzenherstellung\/alle-dufte\/gluhwein-duftol\/?wmc-currency=EUR\">(Flammpunkt von 93,3\u00b0C) Ein festliches Aroma mit Noten von warmem Rotwein, Nelken, Zimt und Orange<\/a><\/span><\/li>\n<li><span style=\"color: #0d0101\"><span style=\"color: #080000\">1g <\/span>von <span style=\"color: #ff6600\"><strong><a style=\"color: #ff6600\" href=\"https:\/\/cosyowl.com\/de_at\/kerzenfarbstoffe\/bekro-6133-34-roter-kerzenfarbstoff\/?wmc-currency=EUR\">Dunkelroter Bekro-Farbstoff <\/a><\/strong><\/span><a style=\"color: #0d0101\" href=\"https:\/\/cosyowl.com\/de_at\/kerzenfarbstoffe\/bekro-6133-34-roter-kerzenfarbstoff\/?wmc-currency=EUR\">(6133\/34) Ergibt tiefrote, elegante Kerzen, perfekt f\u00fcr die Weihnachtsdekoration<\/a><\/span><\/li>\n<li><span style=\"color: #0a0101\">5 <span style=\"color: #ff6600\"><strong><a style=\"color: #ff6600\" href=\"https:\/\/cosyowl.com\/de_at\/kerzendochte\/wedo-oko-docht-120mm\/?wmc-currency=EUR\">\u00d6ko-Dochte <\/a><\/strong><\/span><a style=\"color: #0a0101\" href=\"https:\/\/cosyowl.com\/de_at\/kerzendochte\/wedo-oko-docht-120mm\/?wmc-currency=EUR\"><span style=\"color: #0a0000\">f\u00fcr optimale Flammenleistung<\/span><\/a><\/span><\/li>\n<li><span style=\"color: #0a0101\">5 <strong><a style=\"color: #0a0101\" href=\"https:\/\/cosyowl.com\/de_at\/zubehor-fur-die-kerzenherstellung\/kerzenbehalter\/kerzenglaser\/glas-kerzenbehalter-20cl-karen-rund\/?wmc-currency=EUR\">2<span style=\"color: #ff6600\">0cl Karen Runde Gl\u00e4ser Beh\u00e4lter <\/span><\/a><\/strong><a style=\"color: #0a0101\" href=\"https:\/\/cosyowl.com\/de_at\/zubehor-fur-die-kerzenherstellung\/kerzenbehalter\/kerzenglaser\/glas-kerzenbehalter-20cl-karen-rund\/?wmc-currency=EUR\">perfekt f\u00fcr den Hausgebrauch oder als Geschenk<\/a><\/span><\/li>\n<li><span style=\"color: #0a0000\">Leicht nachvollziehbar, <span style=\"color: #ff6600\"><strong><a style=\"color: #ff6600\" href=\"https:\/\/cosyowl.com\/de_at\/leitfaden\/wie-man-eine-kerze-macht\/?wmc-currency=EUR\">Schritt-f\u00fcr-Schritt-Anleitung zur Kerzenherstellung<\/a><\/strong><\/span> perfekt f\u00fcr Anf\u00e4nger<\/span><\/li>\n<\/ul>\n<p><span style=\"color: #0a0101\">Wir sind stolz darauf, dass wir die h\u00f6chsten <a href=\"https:\/\/cosyowl.com\/de_at\/candle-wicks\/wedo-lx-wick-raw\">Qualit\u00e4t<\/a> Zutaten, die auf dem Markt erh\u00e4ltlich sind, um die perfekte Kerze zu Hause herzustellen. Unsere Sets eignen sich sowohl f\u00fcr Anf\u00e4nger als auch f\u00fcr Fortgeschrittene, also schnappen Sie sich Ihre Sch\u00fcrze und fangen Sie an zu basteln. Wer noch kreativer werden will, kann auch eine andere Farbe kaufen und die Dinge durcheinander bringen.<\/span><\/p>\n<h3>Informationen zu D\u00fcften<\/h3>\n<p>Unser <span style=\"color: #ff6600\"><strong><a style=\"color: #ff6600\" href=\"https:\/\/cosyowl.com\/de_at\/zubehor-fur-die-kerzenherstellung\/parfumole-fur-die-kerzenherstellung\/alle-dufte\/gluhwein-duftol\/?wmc-currency=EUR\">Gl\u00fchwein-Duft\u00f6l<\/a><\/strong>\u00a0<\/span>wurde speziell formuliert, um die <a href=\"https:\/\/cosyowl.com\/de_at\/fragrance-oils\/nutcracker\">w\u00fcrzig<\/a> Aroma, das mit diesem beliebten Getr\u00e4nk assoziiert wird und die Freude an Weihnachten hervorruft. Das \u00d6l ruft diesen allgemein gesch\u00e4tzten und beliebten Duft hervor, der insbesondere mit<strong> Traubenkern, Pflaume und wei\u00dfer Ingwer<\/strong>. Dieses anf\u00e4ngliche Aroma ist am st\u00e4rksten ausgepr\u00e4gt, wenn die Kerze zu brennen beginnt, und f\u00fcllt den Raum mit einem Duft, der dann durch leichte Untert\u00f6ne von<strong> Nelkenknospe, Brombeere und Anis<\/strong>. In die Formulierung f\u00fcr diesen unverwechselbaren Duft ist ein <a href=\"https:\/\/cosyowl.com\/de_at\/fragrance-oils\/strawberry-bon-bon\">entz\u00fcckend<\/a> Spur Nachgeschmack von<strong> Vanilleschote, Moschus und trockener Bernstein<\/strong>.<\/p>\n<p><span style=\"color: #ff6600\"><a style=\"color: #ff6600\" href=\"https:\/\/cosyowl.com\/de_at\/datenblatter-fur-duftstoffe-und-atherische-ole\/?wmc-currency=EUR\">(Datenbl\u00e4tter f\u00fcr Mulled Wine Fragrance Oil)<\/a><\/span><\/p>\n<h3>Informationen \u00fcber unsere Produkte<\/h3>\n<p><a href=\"https:\/\/cosyowl.com\/de_at\/shop\">Alle Produkte<\/a> in diesem Kit sind von professioneller Qualit\u00e4t, um die h\u00f6chste Qualit\u00e4t Kerzen, die sch\u00f6n und vollst\u00e4ndig mit hervorragenden Duft werfen brennen zu schaffen. Wir bieten keine Starter-Kits mit billigeren Materialien an, da wir der Meinung sind, dass es am besten ist, mit den hochwertigsten Materialien zu lernen. Au\u00dferdem sind wir stolz darauf, nicht nur die beste Qualit\u00e4t, sondern auch die ethischsten und besten Materialien zu beschaffen. <a href=\"https:\/\/cosyowl.com\/de_at\/candle-wicks\/wedo-eco-wick-raw\">nachhaltig<\/a> Materialien. Alle Materialien sind:<\/p>\n<ul>\n<li>Nachhaltig beschafft<\/li>\n<li>Umweltschonend<\/li>\n<li>Veganerfreundlich<\/li>\n<li>Grausamkeitsfrei<\/li>\n<li><a href=\"https:\/\/cosyowl.com\/de_at\/guides\/cmrs-and-phthalates-in-fragrance-oils\">Frei von<\/a> CMR und Phthalat<\/li>\n<\/ul>\n<h3 data-start=\"2493\" data-end=\"2542\">Hilfreiche Ressourcen f\u00fcr eine erfolgreiche Kerzenherstellung<\/h3>\n<ul>\n<li><strong><span style=\"color: #ff6600\"><a style=\"color: #ff6600\" href=\"https:\/\/cosyowl.com\/de_at\/leitfaden\/wie-man-eine-kerze-macht\/?wmc-currency=EUR\">Wie man eine Kerze herstellt\u00a0<\/a><\/span><\/strong><\/li>\n<li><strong><span style=\"color: #ff6600\"><a style=\"color: #ff6600\" href=\"https:\/\/cosyowl.com\/de_at\/leitfaden\/container-kerzenfuhrer\/?wmc-currency=EUR\">Anleitung zur Herstellung von Beh\u00e4lterkerzen<\/a><\/span><\/strong><\/li>\n<li><strong><span style=\"color: #ff6600\"><a style=\"color: #ff6600\" href=\"https:\/\/cosyowl.com\/de_at\/leitfaden\/anleitung-zur-herstellung-einer-kerze-fur-anfanger\/?wmc-currency=EUR\">Anleitung zur Herstellung einer Kerze f\u00fcr Anf\u00e4nger<\/a><\/span><\/strong><\/li>\n<li class=\"entry-title\"><strong><span style=\"color: #ff6600\"><a style=\"color: #ff6600\" href=\"https:\/\/cosyowl.com\/de_at\/leitfaden\/anleitung-zur-verwendung-von-begro-wachsfarben\/?wmc-currency=EUR\" rel=\"bookmark\">Leitfaden f\u00fcr die Verwendung von Bekro Wachsfarbstoff<\/a><\/span><\/strong><\/li>\n<li class=\"entry-title\"><strong><span style=\"color: #ff6600\"><a style=\"color: #ff6600\" href=\"https:\/\/cosyowl.com\/de_at\/leitfaden\/wie-man-duftole-verwendet\/?wmc-currency=EUR\">Wie man Duft\u00f6le verwendet<\/a><\/span><\/strong><\/li>\n<li><strong><span style=\"color: #ff6600\"><a style=\"color: #ff6600\" href=\"https:\/\/cosyowl.com\/de_at\/leitfaden\/fehlersuche\/?wmc-currency=EUR\">Fehlerbehebung bei Problemen bei der Kerzenherstellung<\/a><\/span><\/strong><\/li>\n<li><strong><span style=\"color: #ff6600\"><a style=\"color: #ff6600\" href=\"https:\/\/cosyowl.com\/de_at\/leitfaden\/faq\/?wmc-currency=EUR\">FAQs zur Kerzenherstellung<\/a><\/span><\/strong><\/li>\n<li><strong><span style=\"color: #ff6600\"><a style=\"color: #ff6600\" href=\"https:\/\/cosyowl.com\/de_at\/leitfaden\/?wmc-currency=EUR\">Leitf\u00e4den &amp; Rezepte<\/a><\/span><\/strong><\/li>\n<\/ul>","protected":false},"excerpt":{"rendered":"<p>Looking for a cosy, creative project? Our candle making kits are perfect for anyone ready to explore the world of candle crafting. This Mulled Wine Candle Making Kit includes everything you need to create up to five luxurious candles right at home.\u00a0Each candle is infused with the warm, spiced aroma of mulled wine, paired with [&hellip;]<\/p>\n","protected":false},"featured_media":60382,"comment_status":"open","ping_status":"closed","template":"","meta":{"_acf_changed":false},"product_brand":[],"product_cat":[530,720,498],"product_tag":[917,1594],"class_list":{"0":"post-10822","1":"product","2":"type-product","3":"status-publish","4":"has-post-thumbnail","6":"product_cat-candle-making-kits","7":"product_cat-candle-making-kits-candle-making-supplies","8":"product_cat-christmas","9":"product_tag-candle-making-kit","10":"product_tag-christmas","11":"product_shipping_class-royal_mail_kits","13":"first","14":"instock","15":"taxable","16":"shipping-taxable","17":"purchasable","18":"product-type-simple"},"acf":[],"_links":{"self":[{"href":"https:\/\/cosyowl.com\/de_at\/wp-json\/wp\/v2\/product\/10822","targetHints":{"allow":["GET"]}}],"collection":[{"href":"https:\/\/cosyowl.com\/de_at\/wp-json\/wp\/v2\/product"}],"about":[{"href":"https:\/\/cosyowl.com\/de_at\/wp-json\/wp\/v2\/types\/product"}],"replies":[{"embeddable":true,"href":"https:\/\/cosyowl.com\/de_at\/wp-json\/wp\/v2\/comments?post=10822"}],"wp:featuredmedia":[{"embeddable":true,"href":"https:\/\/cosyowl.com\/de_at\/wp-json\/wp\/v2\/media\/60382"}],"wp:attachment":[{"href":"https:\/\/cosyowl.com\/de_at\/wp-json\/wp\/v2\/media?parent=10822"}],"wp:term":[{"taxonomy":"product_brand","embeddable":true,"href":"https:\/\/cosyowl.com\/de_at\/wp-json\/wp\/v2\/product_brand?post=10822"},{"taxonomy":"product_cat","embeddable":true,"href":"https:\/\/cosyowl.com\/de_at\/wp-json\/wp\/v2\/product_cat?post=10822"},{"taxonomy":"product_tag","embeddable":true,"href":"https:\/\/cosyowl.com\/de_at\/wp-json\/wp\/v2\/product_tag?post=10822"}],"curies":[{"name":"wp","href":"https:\/\/api.w.org\/{rel}","templated":true}]}}