{"id":10820,"date":"2021-10-01T06:08:00","date_gmt":"2021-10-01T05:08:00","guid":{"rendered":"https:\/\/cosyowl.com\/product\/uncategorized\/import-placeholder-for-tcdl-ccmk-bowl-nblc-cscw-374"},"modified":"2026-05-08T15:24:21","modified_gmt":"2026-05-08T14:24:21","slug":"sojawachs-kerzenbausatz-freche-kirsche","status":"publish","type":"product","link":"https:\/\/cosyowl.com\/de_at\/craft-kits\/candle-making-kits\/soy-wax-cheeky-cherry-candle-making-kit","title":{"rendered":"Sojawachs Cheeky Cherry Kerze Making Kit"},"content":{"rendered":"<p data-start=\"136\" data-end=\"407\">Suchen Sie nicht weiter, wenn Sie sich nach einer kreativen Flucht mit einem <a href=\"https:\/\/cosyowl.com\/de_at\/candle-making-supplies\/glitters\/fluorescent-green\">fett<\/a>eine sch\u00f6ne Wendung. Die <strong>Frechdachs Kirsche<\/strong> <strong data-start=\"222\" data-end=\"258\"><a href=\"https:\/\/cosyowl.com\/de_at\/guides\/how-to-make-a-candle\">Kerzenherstellung<\/a> Bausatz<\/strong> enth\u00e4lt alles, was Sie brauchen, um <a href=\"https:\/\/cosyowl.com\/de_at\/guides\/how-to-make-wax-melts-at-home\">Handwerk<\/a> <strong data-start=\"297\" data-end=\"319\">bis zu f\u00fcnf Kerzen<\/strong> zum Bersten gef\u00fcllt mit <strong data-start=\"336\" data-end=\"371\">k\u00f6stlicher Kirschduft<\/strong> und eine <strong data-start=\"378\" data-end=\"406\">romantische tiefrote Farbe<\/strong>. Dieser Bausatz eignet sich perfekt als pers\u00f6nliches Geschenk f\u00fcr die Bastelfreunde in Ihrem Leben und bietet eine unterhaltsame, praktische Erfahrung, die Ihren Raum mit Leben f\u00fcllt, <a href=\"https:\/\/cosyowl.com\/de_at\/all-fragrances\/sumptious-fruits-fragrance-oil\">fruchtiges Aroma<\/a> und <a href=\"https:\/\/cosyowl.com\/de_at\/craft-supplies\/wax-melt-supplies\/mica-powder-glitter\/bright-peach-biodegradable-candle-glitter\">lebendige<\/a> Farbe. Lassen Sie Ihrer Kreativit\u00e4t freien Lauf - eine <a href=\"https:\/\/cosyowl.com\/de_at\/guides\/a-summers-beach-gel-votive-candle\">Kerze<\/a> zu einer Zeit.<\/p>\n<h3>Was ist in Ihrem Kerzenherstellungsset enthalten?<\/h3>\n<ul>\n<li><span style=\"color: #0a0101\"><a style=\"color: #0a0000\" href=\"https:\/\/cosyowl.com\/de_at\/zubehor-fur-die-kerzenherstellung\/kerzenwachs\/sojawachs\/kerasoy-4130-behalterwachs\/?wmc-currency=EUR\">800 g hochwertige<\/a> <\/span><span style=\"color: #ff6600\"><strong><a style=\"color: #ff6600\" href=\"https:\/\/cosyowl.com\/de_at\/zubehor-fur-die-kerzenherstellung\/kerzenwachs\/sojawachs\/naturliche-wachse-soyaluna-behalterwachs\/?wmc-currency=EUR\">Soja Container Wachs<\/a><\/strong><\/span> <span style=\"color: #0a0000\"><a style=\"color: #0a0000\" href=\"https:\/\/cosyowl.com\/de_at\/zubehor-fur-die-kerzenherstellung\/kerzenwachs\/sojawachs\/kerasoy-4130-behalterwachs\/?wmc-currency=EUR\">f\u00fcr eine saubere, gleichm\u00e4\u00dfige Verbrennung<\/a><\/span><span style=\"color: #000000\"><br \/>\n<\/span><\/li>\n<li><span style=\"color: #000000\"><a style=\"color: #000000\" href=\"https:\/\/cosyowl.com\/de_at\/zubehor-fur-die-kerzenherstellung\/parfumole-fur-die-kerzenherstellung\/alle-dufte\/duftol-schwarzkirsche\/?wmc-currency=EUR\">50ml<span style=\"color: #ff6600\"><strong>\u00a0Black Cherry Parf\u00fcm\u00f6l <\/strong><\/span>(Flammpunkt von 76\u00b0C) S\u00fc\u00dfer, intensiver Kirschduft mit fruchtiger Tiefe<\/a><\/span><\/li>\n<li><span style=\"color: #000000\"><span style=\"color: #080000\">1g <\/span>von <span style=\"color: #ff6600\"><strong><a style=\"color: #ff6600\" href=\"https:\/\/cosyowl.com\/de_at\/kerzenfarbstoffe\/bekro-6133-34-roter-kerzenfarbstoff\/?wmc-currency=EUR\">Dunkelroter Bekro-Farbstoff <\/a><\/strong><\/span><a style=\"color: #000000\" href=\"https:\/\/cosyowl.com\/de_at\/kerzenfarbstoffe\/bekro-6133-34-roter-kerzenfarbstoff\/?wmc-currency=EUR\">(6133\/34) Ergibt tiefe, sattrote Kerzen, die zu jeder Jahreszeit passen<\/a><\/span><\/li>\n<li><span style=\"color: #0a0101\">5 <span style=\"color: #ff6600\"><strong><a style=\"color: #ff6600\" href=\"https:\/\/cosyowl.com\/de_at\/kerzendochte\/wedo-oko-docht-120mm\/?wmc-currency=EUR\">\u00d6ko-Dochte <\/a><\/strong><\/span><a style=\"color: #0a0101\" href=\"https:\/\/cosyowl.com\/de_at\/kerzendochte\/wedo-oko-docht-120mm\/?wmc-currency=EUR\"><span style=\"color: #0a0000\">f\u00fcr optimale Flammenleistung<\/span><\/a><\/span><\/li>\n<li><span style=\"color: #0a0101\">5<span style=\"color: #ff6600\"> <strong><a style=\"color: #ff6600\" href=\"https:\/\/cosyowl.com\/de_at\/zubehor-fur-die-kerzenherstellung\/kerzenbehalter\/kerzenglaser\/glas-kerzenbehalter-20cl-karen-rund\/?wmc-currency=EUR\">20cl Karen Runde Gl\u00e4ser Beh\u00e4lter <\/a><\/strong><\/span><a style=\"color: #0a0101\" href=\"https:\/\/cosyowl.com\/de_at\/zubehor-fur-die-kerzenherstellung\/kerzenbehalter\/kerzenglaser\/glas-kerzenbehalter-20cl-karen-rund\/?wmc-currency=EUR\">perfekt f\u00fcr den Hausgebrauch oder als Geschenk<\/a><\/span><\/li>\n<li><span style=\"color: #0a0000\">Leicht nachvollziehbar, <strong><a style=\"color: #0a0000\" href=\"https:\/\/cosyowl.com\/de_at\/leitfaden\/wie-man-eine-kerze-macht\/?wmc-currency=EUR\"><span style=\"color: #ff6600\">Schritt-f\u00fcr-Schritt-Anleitung zur Kerzenherstellung<\/span><\/a><\/strong> perfekt f\u00fcr Anf\u00e4nger<\/span><\/li>\n<\/ul>\n<p>Wir sind stolz darauf, dass wir die h\u00f6chsten <a href=\"https:\/\/cosyowl.com\/de_at\/candle-wicks\/wedo-lx-wick-raw\">Qualit\u00e4t<\/a> Zutaten, die auf dem Markt erh\u00e4ltlich sind, um die perfekte Kerze zu Hause herzustellen. Unsere Kits sind perfekt f\u00fcr alle, die gerade erst anfangen, und f\u00fcr diejenigen, die das Handwerk bereits beherrschen - also schnappen Sie sich Ihre Sch\u00fcrze und legen Sie los.<\/p>\n<h3>Informationen zu D\u00fcften<\/h3>\n<p>Unser <span style=\"color: #ff6600\"><a style=\"color: #ff6600\" href=\"https:\/\/cosyowl.com\/de_at\/zubehor-fur-die-kerzenherstellung\/parfumole-fur-die-kerzenherstellung\/alle-dufte\/duftol-schwarzkirsche\/?wmc-currency=EUR\"><strong>Black Cherry Parf\u00fcm\u00f6l<\/strong> <\/a><\/span>wurde speziell formuliert, um die vertrauten und beliebten <a href=\"https:\/\/cosyowl.com\/de_at\/candle-making-supplies\/fragrance-oils-for-candle-making\/all-fragrances\/opium-fragrance-oil\">intensiver Duft<\/a> die mit dieser reichen, vollmundigen Frucht verbunden sind. Der Duft verstr\u00f6mt zun\u00e4chst einen starken und markanten Geruch, der sowohl mit<strong> Kirsche und Granatapfel<\/strong>. Dieses Aroma ist am st\u00e4rksten ausgepr\u00e4gt, wenn die Kerze zu brennen beginnt, und f\u00fcllt den Raum mit einem Duft, der dann durch leichte Untert\u00f6ne von<strong> gezuckerte Pflaume, <a href=\"https:\/\/cosyowl.com\/de_at\/fragrance-oils\/raspberry\">Himbeere<\/a> und <a href=\"https:\/\/cosyowl.com\/de_at\/candle-making-supplies\/fragrance-oils-for-candle-making\/all-fragrances\/black-cherry-fragrance-oil\">schwarze Kirsche<\/a><\/strong>. In die Formulierung f\u00fcr diesen unverwechselbaren Duft ist ein <a href=\"https:\/\/cosyowl.com\/de_at\/fragrance-oils\/strawberry-bon-bon\">entz\u00fcckend<\/a> Spur Nachgeschmack von <strong>Schwarzer Tee, metallische Noten und Kaschmir-Moschus<\/strong>.<\/p>\n<p><span style=\"color: #ff6600\"><a style=\"color: #ff6600\" href=\"https:\/\/cosyowl.com\/de_at\/datenblatter-fur-duftstoffe-und-atherische-ole\/?wmc-currency=EUR#NCNL\">(Datenbl\u00e4tter f\u00fcr Black Cherry Parf\u00fcm\u00f6l)<\/a><\/span><\/p>\n<h3>Informationen \u00fcber unsere Produkte<\/h3>\n<p><a href=\"https:\/\/cosyowl.com\/de_at\/shop\">Alle Produkte<\/a> in diesem Kit sind von professioneller Qualit\u00e4t, um die h\u00f6chste Qualit\u00e4t Kerzen, die sch\u00f6n und vollst\u00e4ndig mit hervorragenden Duft werfen brennen zu schaffen. Wir bieten keine Starter-Kits mit billigeren Materialien an, da wir der Meinung sind, dass es am besten ist, mit den hochwertigsten Materialien zu lernen. Au\u00dferdem sind wir stolz darauf, nicht nur die beste Qualit\u00e4t, sondern auch die ethischsten und besten Materialien zu beschaffen. <a href=\"https:\/\/cosyowl.com\/de_at\/candle-wicks\/wedo-eco-wick-raw\">nachhaltig<\/a> Materialien. Alle Materialien sind:<\/p>\n<ul>\n<li>Nachhaltig beschafft<\/li>\n<li>Umweltschonend<\/li>\n<li>Veganerfreundlich<\/li>\n<li>Grausamkeitsfrei<\/li>\n<li><a href=\"https:\/\/cosyowl.com\/de_at\/guides\/cmrs-and-phthalates-in-fragrance-oils\">Frei von<\/a> CMR und Phthalat<\/li>\n<\/ul>\n<h3 data-start=\"2493\" data-end=\"2542\">Hilfreiche Ressourcen f\u00fcr eine erfolgreiche Kerzenherstellung<\/h3>\n<ul>\n<li><strong><span style=\"color: #ff6600\"><a style=\"color: #ff6600\" href=\"https:\/\/cosyowl.com\/de_at\/leitfaden\/wie-man-eine-kerze-macht\/?wmc-currency=EUR\">Wie man eine Kerze herstellt\u00a0<\/a><\/span><\/strong><\/li>\n<li><strong><span style=\"color: #ff6600\"><a style=\"color: #ff6600\" href=\"https:\/\/cosyowl.com\/de_at\/leitfaden\/container-kerzenfuhrer\/?wmc-currency=EUR\">Anleitung zur Herstellung von Beh\u00e4lterkerzen<\/a><\/span><\/strong><\/li>\n<li><strong><span style=\"color: #ff6600\"><a style=\"color: #ff6600\" href=\"https:\/\/cosyowl.com\/de_at\/leitfaden\/anleitung-zur-herstellung-einer-kerze-fur-anfanger\/?wmc-currency=EUR\">Anleitung zur Herstellung einer Kerze f\u00fcr Anf\u00e4nger<\/a><\/span><\/strong><\/li>\n<li class=\"entry-title\"><strong><span style=\"color: #ff6600\"><a style=\"color: #ff6600\" href=\"https:\/\/cosyowl.com\/de_at\/leitfaden\/anleitung-zur-verwendung-von-begro-wachsfarben\/?wmc-currency=EUR\" rel=\"bookmark\">Leitfaden f\u00fcr die Verwendung von Bekro Wachsfarbstoff<\/a><\/span><\/strong><\/li>\n<li class=\"entry-title\"><strong><span style=\"color: #ff6600\"><a style=\"color: #ff6600\" href=\"https:\/\/cosyowl.com\/de_at\/leitfaden\/wie-man-duftole-verwendet\/?wmc-currency=EUR\">Wie man Duft\u00f6le verwendet<\/a><\/span><\/strong><\/li>\n<li><strong><span style=\"color: #ff6600\"><a style=\"color: #ff6600\" href=\"https:\/\/cosyowl.com\/de_at\/leitfaden\/fehlersuche\/?wmc-currency=EUR\">Fehlerbehebung bei Problemen bei der Kerzenherstellung<\/a><\/span><\/strong><\/li>\n<li><strong><span style=\"color: #ff6600\"><a style=\"color: #ff6600\" href=\"https:\/\/cosyowl.com\/de_at\/leitfaden\/faq\/?wmc-currency=EUR\">FAQs zur Kerzenherstellung<\/a><\/span><\/strong><\/li>\n<li><strong><span style=\"color: #ff6600\"><a style=\"color: #ff6600\" href=\"https:\/\/cosyowl.com\/de_at\/leitfaden\/?wmc-currency=EUR\">Leitf\u00e4den &amp; Rezepte<\/a><\/span><\/strong><\/li>\n<\/ul>","protected":false},"excerpt":{"rendered":"<p>Look no further if you&#8217;re craving a creative escape with a bold, beautiful twist. The Cheeky Cherry Candle Making Kit includes everything you need to craft up to five candles bursting with a mouth-watering cherry fragrance and a romantic deep red colour.\u00a0Perfect as a personal treat or a thoughtful gift for the craft lovers in [&hellip;]<\/p>\n","protected":false},"featured_media":60370,"comment_status":"open","ping_status":"closed","template":"","meta":{"_acf_changed":false},"product_brand":[],"product_cat":[530,720],"product_tag":[917],"class_list":{"0":"post-10820","1":"product","2":"type-product","3":"status-publish","4":"has-post-thumbnail","6":"product_cat-candle-making-kits","7":"product_cat-candle-making-kits-candle-making-supplies","8":"product_tag-candle-making-kit","9":"product_shipping_class-royal_mail_kits","11":"first","12":"instock","13":"taxable","14":"shipping-taxable","15":"purchasable","16":"product-type-simple"},"acf":[],"_links":{"self":[{"href":"https:\/\/cosyowl.com\/de_at\/wp-json\/wp\/v2\/product\/10820","targetHints":{"allow":["GET"]}}],"collection":[{"href":"https:\/\/cosyowl.com\/de_at\/wp-json\/wp\/v2\/product"}],"about":[{"href":"https:\/\/cosyowl.com\/de_at\/wp-json\/wp\/v2\/types\/product"}],"replies":[{"embeddable":true,"href":"https:\/\/cosyowl.com\/de_at\/wp-json\/wp\/v2\/comments?post=10820"}],"wp:featuredmedia":[{"embeddable":true,"href":"https:\/\/cosyowl.com\/de_at\/wp-json\/wp\/v2\/media\/60370"}],"wp:attachment":[{"href":"https:\/\/cosyowl.com\/de_at\/wp-json\/wp\/v2\/media?parent=10820"}],"wp:term":[{"taxonomy":"product_brand","embeddable":true,"href":"https:\/\/cosyowl.com\/de_at\/wp-json\/wp\/v2\/product_brand?post=10820"},{"taxonomy":"product_cat","embeddable":true,"href":"https:\/\/cosyowl.com\/de_at\/wp-json\/wp\/v2\/product_cat?post=10820"},{"taxonomy":"product_tag","embeddable":true,"href":"https:\/\/cosyowl.com\/de_at\/wp-json\/wp\/v2\/product_tag?post=10820"}],"curies":[{"name":"wp","href":"https:\/\/api.w.org\/{rel}","templated":true}]}}