{"id":10753,"date":"2021-01-10T06:08:00","date_gmt":"2021-01-10T06:08:00","guid":{"rendered":"https:\/\/cosyowl.com\/product\/uncategorized\/glass-container-100cl-classic-jar-with-lid"},"modified":"2026-03-03T13:44:46","modified_gmt":"2026-03-03T13:44:46","slug":"glasbehalter-100cl-klassisches-glas-mit-deckel","status":"publish","type":"product","link":"https:\/\/cosyowl.com\/de_at\/candle-making-supplies\/candle-containers\/candle-glasses\/glass-candle-container-100cl-classic-jar-with-lid","title":{"rendered":"Glas-Kerzenbeh\u00e4lter - 100cl Klassisches Glas mit Deckel"},"content":{"rendered":"<p>\u2018<\/p>\n<p>Es handelt sich um ein klassisches Glasgef\u00e4\u00df, das mit einem passenden Deckel und einer Silikondichtung geliefert wird, um einen festen Sitz und eine hochwertige Verarbeitung zu gew\u00e4hrleisten.<\/p>\n<p>Die starke, hitzebest\u00e4ndige Struktur des Gef\u00e4\u00dfes eignet sich hervorragend zur Aufbewahrung von Kerzen. Dieses Modell fasst 100 cl Wachs und hat einen Durchmesser von 100 mm und eine H\u00f6he von 136 mm.<\/p>\n<p>Das 100Cl Classic Glasgef\u00e4\u00df fasst ca. 800g Wachs*.<\/p>\n<h3>Dochtempfehlungen** (wegen der H\u00f6he des Beh\u00e4lters wird ein roher Docht ben\u00f6tigt)<\/h3>\n<table class=\"notesTableBorder\">\n<tbody>\n<tr>\n<th>Kerasoy Wachs (Soja)<\/th>\n<th>Kerawachs (Paraffin)<\/th>\n<th>Sowohl Soja als auch Paraffin<\/th>\n<th>Mehrere Dochte <a href=\"https:\/\/cosyowl.com\/de_at\/guides\/using-cotton-wicks-with-soyaluna-container-wax-recommendations\">Empfehlungen<\/a><\/th>\n<\/tr>\n<tr>\n<td>ECO N\/A<\/td>\n<td>LX N\/A<\/td>\n<td>TCR 36\/20<\/td>\n<td>2 x LX 4 (<a href=\"https:\/\/cosyowl.com\/de_at\/guides\/the-truth-about-paraffin-wax-being-vegan-friendly\">Paraffin-Wachs<\/a>)<\/td>\n<\/tr>\n<tr>\n<td>ECO N\/A<\/td>\n<td>LX N\/A<\/td>\n<td>TCR 36\/22<\/td>\n<td>2 x ECO 16 oder 2 x TCR 24\/12 (beide Wachse)<\/td>\n<\/tr>\n<\/tbody>\n<\/table>\n<p>*Bitte beachten Sie, dass die empfohlene Wachsmenge nur ein Richtwert ist und auf dem maximalen Fassungsverm\u00f6gen f\u00fcr den jeweiligen Beh\u00e4lter basiert. Daher ist es m\u00f6glich, weniger Wachs zu verwenden, aber wir w\u00fcrden nicht empfehlen, die maximale Kapazit\u00e4t zu \u00fcberschreiten. Wir empfehlen, die angegebenen Wachsmengen nur als Ausgangspunkt zu verwenden und diese Ma\u00dfe nach Ihren W\u00fcnschen anzupassen.<\/p>\n<p>**Bitte beachten Sie, dass alle Dochtempfehlungen nur auf der Verwendung mit unserem Wachs basieren. Die kleinste <a href=\"https:\/\/cosyowl.com\/de_at\/guides\/candle-wick-size-chart\">Dochtgr\u00f6\u00dfe<\/a> ist nur f\u00fcr die Verwendung mit Wachs empfohlen. Die gr\u00f6\u00dfte empfohlene Dochtgr\u00f6\u00dfe ist f\u00fcr die Verwendung bei <a href=\"https:\/\/cosyowl.com\/de_at\/candle-making-supplies\/fragrance-oils-for-candle-making\/premium-fragrance-oils\/cosy-owl-premium-1-million-type-fragrance-oil\">Parf\u00fcm\u00f6l<\/a> und\/oder Farbstoff vorhanden sind. Alle Angaben dienen lediglich als Orientierungshilfe, um einen Ausgangspunkt f\u00fcr das Experimentieren mit Dochten zu finden, da unterschiedliche Temperaturen und <a href=\"https:\/\/cosyowl.com\/de_at\/guides\/2023-spring-fragrance-oil-trends\">Parf\u00fcmierte \u00d6le<\/a> wird sich auf den Erfolg eines Dochts auswirken.<\/p>","protected":false},"excerpt":{"rendered":"<p>&#8216; This is a classic glass jar that comes complete with a matching lid and silicone seal to ensure a tight fit and high-quality finish. The strong, heat resistant structure of the jar makes this perfect for containing candles and this model can hold 100cl of wax and measures 100mm in diameter and 136mm in [&hellip;]<\/p>\n","protected":false},"featured_media":96773,"comment_status":"open","ping_status":"closed","template":"","meta":{"_acf_changed":false},"product_brand":[],"product_cat":[527],"product_tag":[921],"class_list":{"0":"post-10753","1":"product","2":"type-product","3":"status-publish","4":"has-post-thumbnail","6":"product_cat-candle-glasses","7":"product_tag-glass-container","8":"product_shipping_class-royal_mail","10":"first","11":"instock","12":"taxable","13":"shipping-taxable","14":"purchasable","15":"product-type-simple"},"acf":[],"_links":{"self":[{"href":"https:\/\/cosyowl.com\/de_at\/wp-json\/wp\/v2\/product\/10753","targetHints":{"allow":["GET"]}}],"collection":[{"href":"https:\/\/cosyowl.com\/de_at\/wp-json\/wp\/v2\/product"}],"about":[{"href":"https:\/\/cosyowl.com\/de_at\/wp-json\/wp\/v2\/types\/product"}],"replies":[{"embeddable":true,"href":"https:\/\/cosyowl.com\/de_at\/wp-json\/wp\/v2\/comments?post=10753"}],"wp:featuredmedia":[{"embeddable":true,"href":"https:\/\/cosyowl.com\/de_at\/wp-json\/wp\/v2\/media\/96773"}],"wp:attachment":[{"href":"https:\/\/cosyowl.com\/de_at\/wp-json\/wp\/v2\/media?parent=10753"}],"wp:term":[{"taxonomy":"product_brand","embeddable":true,"href":"https:\/\/cosyowl.com\/de_at\/wp-json\/wp\/v2\/product_brand?post=10753"},{"taxonomy":"product_cat","embeddable":true,"href":"https:\/\/cosyowl.com\/de_at\/wp-json\/wp\/v2\/product_cat?post=10753"},{"taxonomy":"product_tag","embeddable":true,"href":"https:\/\/cosyowl.com\/de_at\/wp-json\/wp\/v2\/product_tag?post=10753"}],"curies":[{"name":"wp","href":"https:\/\/api.w.org\/{rel}","templated":true}]}}