{"id":10670,"date":"2021-10-01T06:07:00","date_gmt":"2021-10-01T05:07:00","guid":{"rendered":"https:\/\/cosyowl.com\/product\/uncategorized\/import-placeholder-for-tcdl-cfra-bowl-nmpa-349"},"modified":"2026-04-30T16:22:59","modified_gmt":"2026-04-30T15:22:59","slug":"mango-passionsfrucht-duftol","status":"publish","type":"product","link":"https:\/\/cosyowl.com\/de_at\/fragrance-oils\/mango-amp-passionfruit","title":{"rendered":"Parf\u00fcm\u00f6l Mango &amp; Passionsfrucht"},"content":{"rendered":"<p><strong>Bitte beachten Sie - Die 10kg und 25kg <a href=\"https:\/\/cosyowl.com\/de_at\/guides\/2023-spring-fragrance-oil-trends\">Parf\u00fcm\u00f6le<\/a> haben eine gesch\u00e4tzte Vorlaufzeit von 2-3 Wochen f\u00fcr die Lieferung.<\/strong><\/p>\n<p>Hergestellt mit <a href=\"https:\/\/cosyowl.com\/de_at\/candle-making-supplies\/fragrance-oils-for-candle-making\/all-fragrances\/honey-fragrance-oil\">nat\u00fcrlich<\/a> Inhaltsstoffe und \u00e4therische \u00d6le*.<\/p>\n<p>Unser <strong>Mango &amp; Passionsfrucht Typ <a href=\"https:\/\/cosyowl.com\/de_at\/candle-making-supplies\/fragrance-oils-for-candle-making\/premium-fragrance-oils\/cosy-owl-premium-1-million-type-fragrance-oil\">Parf\u00fcm\u00f6l<\/a><\/strong> wurde speziell formuliert, um den herrlichen Duft dieses <a href=\"https:\/\/cosyowl.com\/de_at\/candle-making-supplies\/fragrance-oils-for-candle-making\/all-fragrances\/black-coconut-fragrance-oil\">tropisch<\/a> fruchtige Kombination und bietet zun\u00e4chst einen starken und markanten Geruch, der mit<strong> s\u00fc\u00dfe saftige Mango und <a href=\"https:\/\/cosyowl.com\/de_at\/candle-making-supplies\/glitters\/lake-blue-biodegradable\">cool<\/a> \u00fcppige Papaya<\/strong>. Dieses Aroma ist am st\u00e4rksten ausgepr\u00e4gt, wenn Ihr <a href=\"https:\/\/cosyowl.com\/de_at\/guides\/a-summers-beach-gel-votive-candle\">Kerze<\/a> beginnt zu brennen und f\u00fcllt den Raum mit einem Duft, der durch leichte Untert\u00f6ne von <strong><a href=\"https:\/\/cosyowl.com\/de_at\/candle-making-supplies\/essential-oils\/eucalyptus-globulus-essential-oil\">frisch<\/a> Passionsfrucht, s\u00fc\u00dfe Melone und Pfirsich<\/strong>. In der Formulierung dieses unverwechselbaren Duftes ist ein wunderbarer Nachgeschmack von <strong>Moschus<\/strong>.<\/p>\n<p>Alle unsere Duft\u00f6le sind exklusiv f\u00fcr <a href=\"https:\/\/cosyowl.com\/de_at\/\">Kuschelige Eule<\/a> und wurden von unseren Experten f\u00fcr eine hervorragende Duftentfaltung in einer Kerze entwickelt und f\u00fcr die Verwendung mit unserem Wachs optimiert. Unsere \u00d6le sind 100% konzentriert und sind vollst\u00e4ndig kompatibel f\u00fcr die Verwendung mit allen unseren Wachsen.<\/p>\n<p>Alle unsere D\u00fcfte sind hoch <a href=\"https:\/\/cosyowl.com\/de_at\/candle-wicks\/wedo-lx-wick-raw\">Qualit\u00e4t<\/a> und speziell f\u00fcr eine exzellente Geruchsabgabe entwickelt, was bedeutet, dass im Allgemeinen weniger mehr ist. Die Dosierung ist etwas kompliziert, und wir haben eine <a href=\"https:\/\/cosyowl.com\/de_at\/guides\/a-guide-to-creating-your-own-soap-products\">Leitfaden<\/a> um Ihnen hier mehr Details zu geben. Im Allgemeinen ist es jedoch eine gute Idee, mit 5-8% anzufangen, und bis zu 10% f\u00fcr weniger starke D\u00fcfte sollten mehr als ausreichend sein. Es ist immer am besten, mit jeder Duft- und Wachskombination zu experimentieren und niedrig anzufangen und sich hochzuarbeiten. Solange Sie sich an die Anleitung halten und den Flammpunkt beachten, erhalten Sie mit etwas \u00dcbung wunderbar duftende Kerzen. Im Allgemeinen sollten Sie nie mehr als 12% Duftstoff einf\u00fcllen, da die Kerze sonst buchst\u00e4blich zu schwitzen beginnt oder den Duft auslaugt.<\/p>\n<p>Alle unsere D\u00fcfte sind auch speziell f\u00fcr die Verwendung in festen Seifen formuliert. Im Sicherheitsdatenblatt* finden Sie Informationen \u00fcber die maximale Menge von % jedes Duftes, die in Seifen verwendet werden kann. <a href=\"https:\/\/cosyowl.com\/de_at\/guides\/a-beginners-guide-to-soap-making\">Seifenherstellung<\/a> Anwendungen.<\/p>\n<p>Bitte beachten Sie vor dem Kauf auch unseren CLP-Hinweis* zur Verwendung von Duft\u00f6len in Kerzen. Diese Informationen beziehen sich auf die chemische Zusammensetzung des \u00d6ls sowie auf Vorsichtsma\u00dfnahmen in Bezug auf m\u00f6gliche allergische Reaktionen.<\/p>\n<p>* Das Sicherheitsdatenblatt und der CLP-Hinweis sind f\u00fcr diesen Duft leider noch nicht verf\u00fcgbar, werden aber in K\u00fcrze hinzugef\u00fcgt - bitte schauen Sie sp\u00e4ter wieder vorbei.<\/p>\n<p><strong> Wir raten allen Kunden, D\u00fcfte mit unseren 10-ml-Testerflaschen zu testen, bevor sie gr\u00f6\u00dfere Gr\u00f6\u00dfen oder Mengen bestellen, f\u00fcr den unwahrscheinlichen Fall, dass Sie mit einem Duft\u00f6l unzufrieden sind. Bitte beachten Sie unser <a href=\"\/de_at\/versandinformationen\/?wmc-currency=EUR\" target=\"_blank\" rel=\"noopener\">Lieferung und R\u00fcckgabe<\/a> Seite f\u00fcr vollst\u00e4ndige <a href=\"https:\/\/cosyowl.com\/de_at\/privacy\">Bedingungen<\/a> und Bedingungen.<\/strong><\/p>\n<p>*Dieser Duft enth\u00e4lt nat\u00fcrliche Elemente (<a href=\"https:\/\/cosyowl.com\/de_at\/guides\/essential-oil-benefits\">\u00e4therische \u00d6le<\/a>(Extrakte, Harze, Isolate), ist aber nicht vollst\u00e4ndig nat\u00fcrlich. Unsere Parf\u00fcm\u00f6le wurden entwickelt, um so einfach wie m\u00f6glich zu sein, <a href=\"https:\/\/cosyowl.com\/de_at\/candle-making-supplies\/glitters\/pure-white-biodegradable\">sauber<\/a> und so nat\u00fcrlich wie m\u00f6glich zu sein und gleichzeitig den besten Duft und die beste Bandbreite an Duftnoten zu bieten. Verbindungen, die nicht direkt aus der Natur stammen, sind entweder chemisch identisch mit den in der Natur vorkommenden Verbindungen, werden k\u00fcnstlich hergestellt oder leicht ver\u00e4ndert, in der Regel um einen etwas st\u00e4rkeren Duft zu erzeugen. Gelegentlich werden Duftstoffe, die in der Natur nicht vorkommen, verwendet, um den unverwechselbaren Duft zu erzeugen, der f\u00fcr einige eher k\u00fcnstliche Duftstoffe erforderlich ist. Dies gilt auch f\u00fcr alle heute auf dem Markt befindlichen Parf\u00fcm\u00f6le.<\/p>\n<p>Parf\u00fcm\u00f6le haben in der Regel ein Verfallsdatum von einem Jahr ab dem Herstellungsdatum. Viele Parf\u00fcm\u00f6le k\u00f6nnen jedoch bei richtiger Lagerung Monate oder sogar Jahre \u00fcber dieses Datum hinaus haltbar sein. Duft\u00f6le k\u00f6nnen getestet werden (wir bieten diesen Service nicht an), um ihre Eignung nach Ablauf der Haltbarkeit zu bestimmen.<\/p>","protected":false},"excerpt":{"rendered":"<p>Please note \u2013 The 10kg and 25kg fragrance oils have an estimated lead time of 2-3 weeks for delivery. Made with natural ingredients and essential oils*. Our Mango &amp; Passionfruit Type Fragrance Oil has been specially formulated to release the lovely scent of this tropical fruity combination and initially provides a strong and prominent smell [&hellip;]<\/p>\n","protected":false},"featured_media":11823,"comment_status":"open","ping_status":"closed","template":"","meta":{"_acf_changed":false},"product_brand":[],"product_cat":[788,504,518,698,1590,516,524],"product_tag":[908,1598,1597],"class_list":{"0":"post-10670","1":"product","2":"type-product","3":"status-publish","4":"has-post-thumbnail","6":"product_cat-spring","7":"product_cat-fragrance-oils-all-fragrances","8":"product_cat-fragrance-oils-fresh","9":"product_cat-fruit-fragrance-oils","10":"product_cat-summer-fragrances","11":"product_cat-fragrance-oils-sweet","12":"product_cat-fragrance-oils-tropical","13":"product_tag-fragrance-oil","14":"product_tag-spring","15":"product_tag-summer","16":"pa_bottle-size-100ml","17":"pa_bottle-size-10kg","18":"pa_bottle-size-250ml","19":"pa_bottle-size-25kg","20":"pa_bottle-size-500ml","21":"pa_bottle-size-50ml","22":"pa_bottle-size-950ml","23":"pa_bottle-size-sample","25":"first","26":"instock","27":"taxable","28":"shipping-taxable","29":"purchasable","30":"product-type-variable"},"acf":[],"_links":{"self":[{"href":"https:\/\/cosyowl.com\/de_at\/wp-json\/wp\/v2\/product\/10670","targetHints":{"allow":["GET"]}}],"collection":[{"href":"https:\/\/cosyowl.com\/de_at\/wp-json\/wp\/v2\/product"}],"about":[{"href":"https:\/\/cosyowl.com\/de_at\/wp-json\/wp\/v2\/types\/product"}],"replies":[{"embeddable":true,"href":"https:\/\/cosyowl.com\/de_at\/wp-json\/wp\/v2\/comments?post=10670"}],"wp:featuredmedia":[{"embeddable":true,"href":"https:\/\/cosyowl.com\/de_at\/wp-json\/wp\/v2\/media\/11823"}],"wp:attachment":[{"href":"https:\/\/cosyowl.com\/de_at\/wp-json\/wp\/v2\/media?parent=10670"}],"wp:term":[{"taxonomy":"product_brand","embeddable":true,"href":"https:\/\/cosyowl.com\/de_at\/wp-json\/wp\/v2\/product_brand?post=10670"},{"taxonomy":"product_cat","embeddable":true,"href":"https:\/\/cosyowl.com\/de_at\/wp-json\/wp\/v2\/product_cat?post=10670"},{"taxonomy":"product_tag","embeddable":true,"href":"https:\/\/cosyowl.com\/de_at\/wp-json\/wp\/v2\/product_tag?post=10670"}],"curies":[{"name":"wp","href":"https:\/\/api.w.org\/{rel}","templated":true}]}}