{"id":10550,"date":"2021-10-01T06:06:00","date_gmt":"2021-10-01T05:06:00","guid":{"rendered":"https:\/\/cosyowl.com\/product\/uncategorized\/import-placeholder-for-tcdl-cfra-bowl-ncof-333"},"modified":"2026-03-24T16:27:36","modified_gmt":"2026-03-24T16:27:36","slug":"kaffee-duftol","status":"publish","type":"product","link":"https:\/\/cosyowl.com\/de_at\/fragrance-oils\/coffee","title":{"rendered":"Kaffee-Duft\u00f6l"},"content":{"rendered":"<p><strong>Bitte beachten Sie - alle 5kg, 10kg und 25kg <a href=\"https:\/\/cosyowl.com\/de_at\/guides\/2023-spring-fragrance-oil-trends\">Parf\u00fcmierte \u00d6le<\/a> sind ma\u00dfgeschneiderte Einzelanfertigungen und haben eine Lieferfrist von bis zu 6 Wochen, die sich nicht in den Versandoptionen widerspiegelt, die unter <a href=\"https:\/\/cosyowl.com\/de_at\/checkout\">Zur Kasse<\/a>. Wenn Ihr <a href=\"https:\/\/cosyowl.com\/de_at\/basket\">Bestellung<\/a> umfasst 5kg, 10kg oder 25kg Duft\u00f6le, betr\u00e4gt die Lieferzeit f\u00fcr die gesamte Bestellung bis zu 6 Wochen. 5kg, 10kg oder 25kg ma\u00dfgeschneiderte Duft\u00f6le sind ebenfalls nicht erstattungsf\u00e4hig.<\/strong><\/p>\n<p>Hergestellt mit <a href=\"https:\/\/cosyowl.com\/de_at\/candle-making-supplies\/fragrance-oils-for-candle-making\/all-fragrances\/honey-fragrance-oil\">nat\u00fcrlich<\/a> Inhaltsstoffe und \u00e4therische \u00d6le*.<\/p>\n<p>Unser <strong>Kaffee-Typ <a href=\"https:\/\/cosyowl.com\/de_at\/candle-making-supplies\/fragrance-oils-for-candle-making\/premium-fragrance-oils\/cosy-owl-premium-1-million-type-fragrance-oil\">Parf\u00fcm\u00f6l<\/a><\/strong> wurde speziell formuliert, um einen der h\u00e4ufigsten Ger\u00fcche freizusetzen, n\u00e4mlich den herrlichen Duft von reichhaltigem Kaffee. Dieses \u00d6l bietet einen starken und markanten Geruch, der mit <strong>Arabica-Bohnenkaffee, Espresso und Kardamom<\/strong>. Dieses anf\u00e4ngliche Aroma ist am st\u00e4rksten ausgepr\u00e4gt, wenn Ihr <a href=\"https:\/\/cosyowl.com\/de_at\/guides\/a-summers-beach-gel-votive-candle\">Kerze<\/a> beginnt zu brennen und f\u00fcllt den Raum mit einem Duft, der durch leichte Untert\u00f6ne von <strong>Haselnuss und Atlaszeder<\/strong>. In der Formulierung dieses unverwechselbaren Duftes ist ein wunderbarer Nachgeschmack von<strong> Vanilleschote und Tonkabohne<\/strong>.<\/p>\n<p>Alle unsere Duft\u00f6le sind exklusiv f\u00fcr <a href=\"https:\/\/cosyowl.com\/de_at\/\">Kuschelige Eule<\/a> und wurden von unseren Experten f\u00fcr eine hervorragende Duftentfaltung in einer Kerze entwickelt und f\u00fcr die Verwendung mit unserem Wachs optimiert. Unsere \u00d6le sind 100% konzentriert und sind vollst\u00e4ndig kompatibel f\u00fcr die Verwendung mit allen unseren Wachsen.<\/p>\n<p><strong>Wie viel Duftstoff sollte ich hinzuf\u00fcgen?<\/strong><\/p>\n<p>Alle unsere D\u00fcfte sind hoch <a href=\"https:\/\/cosyowl.com\/de_at\/candle-wicks\/wedo-lx-wick-raw\">Qualit\u00e4t<\/a> und speziell f\u00fcr eine exzellente Geruchsabgabe entwickelt, was bedeutet, dass im Allgemeinen weniger mehr ist. Die Dosierung ist etwas kompliziert, und wir haben eine <a href=\"https:\/\/cosyowl.com\/de_at\/guides\/a-guide-to-creating-your-own-soap-products\">Leitfaden<\/a> um Ihnen hier mehr Details zu geben. Im Allgemeinen ist es jedoch eine gute Idee, mit 5-8% anzufangen, und bis zu 10% f\u00fcr weniger starke D\u00fcfte sollten mehr als ausreichend sein. Es ist immer am besten, mit jeder Duft- und Wachskombination zu experimentieren und niedrig anzufangen und sich hochzuarbeiten. Solange Sie sich an die Anleitung halten und den Flammpunkt beachten, erhalten Sie mit etwas \u00dcbung wunderbar duftende Kerzen. Im Allgemeinen sollten Sie nie mehr als 12% Duftstoff einf\u00fcllen, da die Kerze sonst buchst\u00e4blich zu schwitzen beginnt oder den Duft auslaugt.<\/p>\n<p>Alle Parf\u00fcm\u00f6le haben einen so genannten Flammpunkt, d. h. die Temperatur, bei der das \u00d6l zu brennen beginnt und der Duft freigesetzt wird.<\/p>\n<p>Die <strong>Flammpunkt f\u00fcr Kaffee ist 93,33\u00b0C<\/strong>Weitere Informationen zu Flash Points finden Sie unter folgendem Link <a href=\"https:\/\/cosyowl.com\/de_at\/leitfaden\/wie-man-duftole-verwendet\/?wmc-currency=EUR\">https:\/\/www.cosyowl.com\/guides\/how-to-use-fragrance-oils\/<\/a><\/p>\n<p>Bitte beachten Sie vor dem Kauf auch unseren CLP-Hinweis zur Verwendung von Duft\u00f6len in Kerzen. Diese Informationen beziehen sich auf die chemische Zusammensetzung des \u00d6ls sowie auf Vorsichtsma\u00dfnahmen in Bezug auf m\u00f6gliche allergische Reaktionen.<\/p>\n<p><strong>Grausamkeitsfrei<\/strong><\/p>\n<p>Die ethische Beschaffung von Produkten ist f\u00fcr uns von gr\u00f6\u00dfter Bedeutung und wir sind sehr stolz darauf, dass alle von Cosy Owl gelieferten Duft\u00f6le und ihre <a href=\"https:\/\/cosyowl.com\/de_at\/candle-wicks\/tcr-series-wick-raw\">roh<\/a> Materialien, sind frei von Grausamkeiten und es finden absolut keine Tests an Tieren oder Menschen statt. Wir verstehen jedoch, dass es einige Verwirrung geben kann, da die Sicherheit <a href=\"https:\/\/cosyowl.com\/de_at\/data-sheets\">Datenbl\u00e4tter<\/a> (SDS) enthalten Toxizit\u00e4tswerte f\u00fcr Ratten und Kaninchen. Dieser besondere Abschnitt bezieht sich auf die LD50 (Toxizit\u00e4t) bestimmter Inhaltsstoffe, die f\u00fcr andere Branchen (z. B. f\u00fcr die Verwendung in Lebensmitteln) erforderlich sind, und es ist obligatorisch, dass wir diese angeben, sofern sie vorhanden sind. In einigen F\u00e4llen wurden diese Tests von einer Regierungsbeh\u00f6rde vorgeschrieben oder vor Jahrzehnten durchgef\u00fchrt, und es wurden kategorisch keine Tests f\u00fcr die Verwendung dieser Inhaltsstoffe in den von uns gelieferten Produkten durchgef\u00fchrt.<\/p>\n<p><strong> Wir raten allen Kunden, D\u00fcfte mit unseren 10-ml-Testerflaschen zu testen, bevor sie gr\u00f6\u00dfere Gr\u00f6\u00dfen oder Mengen bestellen, f\u00fcr den unwahrscheinlichen Fall, dass Sie mit einem Duft\u00f6l unzufrieden sind. Bitte beachten Sie unser <a href=\"\/de_at\/versandinformationen\/?wmc-currency=EUR\" target=\"_blank\" rel=\"noopener\">Lieferung und R\u00fcckgabe<\/a> Seite f\u00fcr vollst\u00e4ndige <a href=\"https:\/\/cosyowl.com\/de_at\/privacy\">Bedingungen<\/a> und Bedingungen.<\/strong><\/p>\n<p>*Dieser Duft enth\u00e4lt nat\u00fcrliche Elemente (<a href=\"https:\/\/cosyowl.com\/de_at\/guides\/essential-oil-benefits\">\u00e4therische \u00d6le<\/a>(Extrakte, Harze, Isolate), ist aber nicht vollst\u00e4ndig nat\u00fcrlich. Unsere Parf\u00fcm\u00f6le wurden entwickelt, um so einfach wie m\u00f6glich zu sein, <a href=\"https:\/\/cosyowl.com\/de_at\/candle-making-supplies\/glitters\/pure-white-biodegradable\">sauber<\/a> und so nat\u00fcrlich wie m\u00f6glich zu sein und gleichzeitig den besten Duft und die beste Bandbreite an Duftnoten zu bieten. Verbindungen, die nicht direkt aus der Natur stammen, sind entweder chemisch identisch mit den in der Natur vorkommenden Verbindungen, werden k\u00fcnstlich hergestellt oder leicht ver\u00e4ndert, in der Regel um einen etwas st\u00e4rkeren Duft zu erzeugen. Gelegentlich werden Duftstoffe, die in der Natur nicht vorkommen, verwendet, um den unverwechselbaren Duft zu erzeugen, der f\u00fcr einige eher k\u00fcnstliche Duftstoffe erforderlich ist. Dies gilt auch f\u00fcr alle heute auf dem Markt befindlichen Parf\u00fcm\u00f6le.<\/p>\n<p>Parf\u00fcm\u00f6le haben in der Regel ein Verfallsdatum von einem Jahr ab dem Herstellungsdatum. Viele Parf\u00fcm\u00f6le k\u00f6nnen jedoch bei richtiger Lagerung Monate oder sogar Jahre \u00fcber dieses Datum hinaus haltbar sein. Duft\u00f6le k\u00f6nnen getestet werden (wir bieten diesen Service nicht an), um ihre Eignung nach Ablauf der Haltbarkeit zu bestimmen.<\/p>","protected":false},"excerpt":{"rendered":"<p>Please note &#8211; all 5kg, 10kg and 25kg Fragrance Oils are bespoke made-to-order items and have an up to 6-week delivery lead time which isn\u2019t reflected in the shipping options presented at checkout. If your order includes any 5kg, 10kg or 25kg Fragrance Oils, lead time for the entirety of the order will be up [&hellip;]<\/p>\n","protected":false},"featured_media":11832,"comment_status":"open","ping_status":"closed","template":"","meta":{"_acf_changed":false},"product_brand":[],"product_cat":[504,517,636,586,509,512,511,506],"product_tag":[909,908],"class_list":{"0":"post-10550","1":"product","2":"type-product","3":"status-publish","4":"has-post-thumbnail","6":"product_cat-fragrance-oils-all-fragrances","7":"product_cat-fragrance-oils-cravings","8":"product_cat-body-care-fragrance-oils","9":"product_cat-hair-care-fragrance-oils","10":"product_cat-soap-making-supplies-fragrances","11":"product_cat-wax-melts-fragrances","12":"product_cat-beard-oil-fragrances","13":"product_cat-fragrance-oils-masculine-fragrances","14":"product_tag-black-friday","15":"product_tag-fragrance-oil","16":"pa_bottle-size-100ml","17":"pa_bottle-size-10kg","18":"pa_bottle-size-250ml","19":"pa_bottle-size-25kg","20":"pa_bottle-size-500ml","21":"pa_bottle-size-50ml","22":"pa_bottle-size-5kg","23":"pa_bottle-size-950ml","24":"pa_bottle-size-sample","26":"first","27":"instock","28":"taxable","29":"shipping-taxable","30":"purchasable","31":"product-type-variable"},"acf":[],"_links":{"self":[{"href":"https:\/\/cosyowl.com\/de_at\/wp-json\/wp\/v2\/product\/10550","targetHints":{"allow":["GET"]}}],"collection":[{"href":"https:\/\/cosyowl.com\/de_at\/wp-json\/wp\/v2\/product"}],"about":[{"href":"https:\/\/cosyowl.com\/de_at\/wp-json\/wp\/v2\/types\/product"}],"replies":[{"embeddable":true,"href":"https:\/\/cosyowl.com\/de_at\/wp-json\/wp\/v2\/comments?post=10550"}],"wp:featuredmedia":[{"embeddable":true,"href":"https:\/\/cosyowl.com\/de_at\/wp-json\/wp\/v2\/media\/11832"}],"wp:attachment":[{"href":"https:\/\/cosyowl.com\/de_at\/wp-json\/wp\/v2\/media?parent=10550"}],"wp:term":[{"taxonomy":"product_brand","embeddable":true,"href":"https:\/\/cosyowl.com\/de_at\/wp-json\/wp\/v2\/product_brand?post=10550"},{"taxonomy":"product_cat","embeddable":true,"href":"https:\/\/cosyowl.com\/de_at\/wp-json\/wp\/v2\/product_cat?post=10550"},{"taxonomy":"product_tag","embeddable":true,"href":"https:\/\/cosyowl.com\/de_at\/wp-json\/wp\/v2\/product_tag?post=10550"}],"curies":[{"name":"wp","href":"https:\/\/api.w.org\/{rel}","templated":true}]}}