{"id":10490,"date":"2021-01-07T06:06:00","date_gmt":"2021-01-07T06:06:00","guid":{"rendered":"https:\/\/cosyowl.com\/product\/uncategorized\/import-placeholder-for-tcdl-ccon-bowl-ctin7-317"},"modified":"2026-04-30T16:22:50","modified_gmt":"2026-04-30T15:22:50","slug":"silberne-runde-kerzendose-mit-fensterdeckel-50ml","status":"publish","type":"product","link":"https:\/\/cosyowl.com\/de_at\/candle-tins\/silver-round-candle-tin-with-window-lid-50ml","title":{"rendered":"Silberne runde Kerzendose mit Fensterdeckel - 50ml"},"content":{"rendered":"<p>Dieses Produkt ist eine runde matt silberne Oberfl\u00e4che <a href=\"https:\/\/cosyowl.com\/de_at\/guides\/a-summers-beach-gel-votive-candle\">Kerze<\/a> Dose mit gl\u00e4nzenden silberfarbenen R\u00e4ndern am Boden und an der Ober- und Unterseite des Deckels. Die Kerzendose hat einen St\u00fclpdeckel mit einem integrierten <a href=\"https:\/\/cosyowl.com\/de_at\/candle-making-extras\/50mm-candle-safety-label-white-black-text\">klar<\/a> Fenster, das die Kerze und den Docht freilegt, und wird durch ein verstecktes starkes <a href=\"https:\/\/cosyowl.com\/de_at\/candle-containers\/candle-tins\/rose-gold-round-candle-tin-with-welded-side-seam-100ml-single\">geschwei\u00dfte Seitennaht<\/a>. Unsere Kerzendosen sind sehr preisg\u00fcnstig und k\u00f6nnen wirklich einen Hauch von Klasse in jeden Raum bringen.<\/p>\n<p>Unser <a href=\"https:\/\/cosyowl.com\/de_at\/\">Kuschelige Eule<\/a> Die Kerzendosen sind in verschiedenen Gr\u00f6\u00dfen und in den Farben Wei\u00df und Rosa mit goldfarbenen R\u00e4ndern erh\u00e4ltlich.<\/p>\n<p>Gr\u00f6\u00dfe und Volumen:<\/p>\n<ul>\n<li style=\"list-style-type: none\">\n<ul>\n<li>Diese 50ml-Dose fasst ca. 40g Wachs*.<\/li>\n<li>Gr\u00f6\u00dfe: 48mm (\u00d8) x 30mm (H)<\/li>\n<\/ul>\n<\/li>\n<\/ul>\n<h3>Dochtempfehlungen**<\/h3>\n<p><strong>Bitte klicken Sie auf den untenstehenden Link, um unsere Dochte zu entdecken <a href=\"https:\/\/cosyowl.com\/de_at\/guides\/using-cotton-wicks-with-soyaluna-container-wax-recommendations\">Empfehlungen<\/a> zugeschnitten auf Ihre Bed\u00fcrfnisse bei der Kerzenherstellung.<\/strong><\/p>\n<p><a href=\"https:\/\/cosyowl.com\/de_at\/leitfaden\/prozentsatze-und-messungen\/?wmc-currency=EUR\">Kuscheliger Eulendocht Empfehlungen<\/a><\/p>\n<p>*Bitte beachten Sie, die empfohlene Wachsmenge ist eine <a href=\"https:\/\/cosyowl.com\/de_at\/guides\/a-guide-to-creating-your-own-soap-products\">Leitfaden<\/a> und basiert auf dem maximalen Fassungsverm\u00f6gen f\u00fcr diesen speziellen Beh\u00e4lter. Daher ist es m\u00f6glich, weniger Wachs zu verwenden, aber wir w\u00fcrden nicht empfehlen, die maximale Kapazit\u00e4t zu \u00fcberschreiten. Wir empfehlen, die angegebenen Wachsmengen nur als Ausgangspunkt zu verwenden und diese anzupassen <a href=\"https:\/\/cosyowl.com\/de_at\/guides\/weighing-fragrance\">Messungen<\/a> wie Sie es w\u00fcnschen.<\/p>\n<p>**Bitte beachten Sie, dass alle Dochtempfehlungen nur auf der Verwendung mit unserem Wachs basieren. Die kleinste <a href=\"https:\/\/cosyowl.com\/de_at\/guides\/candle-wick-size-chart\">Dochtgr\u00f6\u00dfe<\/a> ist nur f\u00fcr die Verwendung mit Wachs empfohlen. Die gr\u00f6\u00dfte empfohlene Dochtgr\u00f6\u00dfe ist f\u00fcr die Verwendung bei <a href=\"https:\/\/cosyowl.com\/de_at\/candle-making-supplies\/fragrance-oils-for-candle-making\/premium-fragrance-oils\/cosy-owl-premium-1-million-type-fragrance-oil\">Parf\u00fcm\u00f6l<\/a> und\/oder Farbstoff vorhanden sind. Alle Angaben dienen lediglich als Orientierungshilfe, um einen Ausgangspunkt f\u00fcr das Experimentieren mit Dochten zu finden, da unterschiedliche Temperaturen und <a href=\"https:\/\/cosyowl.com\/de_at\/guides\/2023-spring-fragrance-oil-trends\">Parf\u00fcmierte \u00d6le<\/a> wird sich auf den Erfolg eines Dochts auswirken.<\/p>","protected":false},"excerpt":{"rendered":"<p>This product is a round matt silver finished candle tin featuring shiny silver coloured rims at the base and around the top and bottom of the lid. The candle tin has a slip on lid incorporating an integral clear window exposing the candle and wick and is strengthened by a concealed strong welded side seam. [&hellip;]<\/p>\n","protected":false},"featured_media":11967,"comment_status":"open","ping_status":"closed","template":"","meta":{"_acf_changed":false},"product_brand":[],"product_cat":[501,639,752,642,584,717],"product_tag":[918],"class_list":{"0":"post-10490","1":"product","2":"type-product","3":"status-publish","4":"has-post-thumbnail","6":"product_cat-metal-containers","7":"product_cat-body-care-containers","8":"product_cat-sale-containers","9":"product_cat-hair-care-containers","10":"product_cat-lip-balm-containers","11":"product_cat-sale","12":"product_tag-candle-tin","14":"first","15":"instock","16":"sale","17":"taxable","18":"shipping-taxable","19":"purchasable","20":"product-type-variable"},"acf":[],"_links":{"self":[{"href":"https:\/\/cosyowl.com\/de_at\/wp-json\/wp\/v2\/product\/10490","targetHints":{"allow":["GET"]}}],"collection":[{"href":"https:\/\/cosyowl.com\/de_at\/wp-json\/wp\/v2\/product"}],"about":[{"href":"https:\/\/cosyowl.com\/de_at\/wp-json\/wp\/v2\/types\/product"}],"replies":[{"embeddable":true,"href":"https:\/\/cosyowl.com\/de_at\/wp-json\/wp\/v2\/comments?post=10490"}],"wp:featuredmedia":[{"embeddable":true,"href":"https:\/\/cosyowl.com\/de_at\/wp-json\/wp\/v2\/media\/11967"}],"wp:attachment":[{"href":"https:\/\/cosyowl.com\/de_at\/wp-json\/wp\/v2\/media?parent=10490"}],"wp:term":[{"taxonomy":"product_brand","embeddable":true,"href":"https:\/\/cosyowl.com\/de_at\/wp-json\/wp\/v2\/product_brand?post=10490"},{"taxonomy":"product_cat","embeddable":true,"href":"https:\/\/cosyowl.com\/de_at\/wp-json\/wp\/v2\/product_cat?post=10490"},{"taxonomy":"product_tag","embeddable":true,"href":"https:\/\/cosyowl.com\/de_at\/wp-json\/wp\/v2\/product_tag?post=10490"}],"curies":[{"name":"wp","href":"https:\/\/api.w.org\/{rel}","templated":true}]}}