{"id":10462,"date":"2021-07-01T06:05:00","date_gmt":"2021-07-01T05:05:00","guid":{"rendered":"https:\/\/cosyowl.com\/product\/uncategorized\/import-placeholder-for-tcdl-ccon-bowl-ctin5-313"},"modified":"2026-04-30T16:22:50","modified_gmt":"2026-04-30T15:22:50","slug":"silberherz-kerze-dose-20ml","status":"publish","type":"product","link":"https:\/\/cosyowl.com\/de_at\/candle-making-supplies\/candle-containers\/metal-containers\/silver-heart-candle-tin-20ml","title":{"rendered":"Silbernes Herz Kerze Dose - 20ml"},"content":{"rendered":"<p>Dieses Produkt ist ein romantisch herzf\u00f6rmiges mattes Silber <a href=\"https:\/\/cosyowl.com\/de_at\/guides\/a-summers-beach-gel-votive-candle\">Kerze<\/a> Dose mit einem gl\u00e4nzenden silberfarbenen Rand um den oberen Teil des Deckels. Der Deckel hat einen dunklen silberfarbenen Akzent, der ihn von anderen, traditionelleren Kerzendosen abhebt. Alle unsere Kerzendosen sind sehr preisg\u00fcnstig und k\u00f6nnen wirklich einen Hauch von Klasse in jeden Raum bringen.<\/p>\n<p>Unser <a href=\"https:\/\/cosyowl.com\/de_at\/\">Kuschelige Eule<\/a> Die Kerzendosen sind in verschiedenen Gr\u00f6\u00dfen und in den Farben Wei\u00df und Rosa mit goldfarbenen R\u00e4ndern erh\u00e4ltlich.<\/p>\n<p>Gr\u00f6\u00dfe und Volumen:<\/p>\n<ul>\n<li style=\"list-style-type: none\">\n<ul>\n<li>Diese 20ml-Dose fasst ca. 16g Wachs*.<\/li>\n<li>Gr\u00f6\u00dfe: 45mm (L) x 45mm (B) x 20mm (H)<\/li>\n<\/ul>\n<\/li>\n<\/ul>\n<h3>Dochtempfehlungen**<\/h3>\n<p><strong>Bitte klicken Sie auf den untenstehenden Link, um unsere Dochte zu entdecken <a href=\"https:\/\/cosyowl.com\/de_at\/guides\/using-cotton-wicks-with-soyaluna-container-wax-recommendations\">Empfehlungen<\/a> zugeschnitten auf Ihre Bed\u00fcrfnisse bei der Kerzenherstellung.<\/strong><\/p>\n<p><a href=\"https:\/\/cosyowl.com\/de_at\/leitfaden\/prozentsatze-und-messungen\/?wmc-currency=EUR\">Kuscheliger Eulendocht Empfehlungen<\/a><\/p>\n<p>*Bitte beachten Sie, die empfohlene Wachsmenge ist eine <a href=\"https:\/\/cosyowl.com\/de_at\/guides\/a-guide-to-creating-your-own-soap-products\">Leitfaden<\/a> und basiert auf dem maximalen Fassungsverm\u00f6gen f\u00fcr diesen speziellen Beh\u00e4lter. Daher ist es m\u00f6glich, weniger Wachs zu verwenden, aber wir w\u00fcrden nicht empfehlen, die maximale Kapazit\u00e4t zu \u00fcberschreiten. Wir empfehlen, die angegebenen Wachsmengen nur als Ausgangspunkt zu verwenden und diese anzupassen <a href=\"https:\/\/cosyowl.com\/de_at\/guides\/weighing-fragrance\">Messungen<\/a> wie Sie es w\u00fcnschen.<\/p>\n<p>**Bitte beachten Sie, dass alle Dochtempfehlungen nur auf der Verwendung mit unserem Wachs basieren. Die kleinste <a href=\"https:\/\/cosyowl.com\/de_at\/guides\/candle-wick-size-chart\">Dochtgr\u00f6\u00dfe<\/a> ist nur f\u00fcr die Verwendung mit Wachs empfohlen. Die gr\u00f6\u00dfte empfohlene Dochtgr\u00f6\u00dfe ist f\u00fcr die Verwendung bei <a href=\"https:\/\/cosyowl.com\/de_at\/candle-making-supplies\/fragrance-oils-for-candle-making\/premium-fragrance-oils\/cosy-owl-premium-1-million-type-fragrance-oil\">Parf\u00fcm\u00f6l<\/a> und\/oder Farbstoff vorhanden sind. Alle Angaben dienen lediglich als Orientierungshilfe, um einen Ausgangspunkt f\u00fcr das Experimentieren mit Dochten zu finden, da unterschiedliche Temperaturen und <a href=\"https:\/\/cosyowl.com\/de_at\/guides\/2023-spring-fragrance-oil-trends\">Parf\u00fcmierte \u00d6le<\/a> wird sich auf den Erfolg eines Dochts auswirken.<\/p>","protected":false},"excerpt":{"rendered":"<p>This product is a romantically heart shaped matt silver finished candle tin featuring a shiny silver coloured rim around the top of the lid. The lid has a dark silver coloured emphasis to set it apart from other more traditional candle tins. All of our candle tins are very competively priced and really can bring [&hellip;]<\/p>\n","protected":false},"featured_media":11964,"comment_status":"open","ping_status":"closed","template":"","meta":{"_acf_changed":false},"product_brand":[],"product_cat":[501,639,752,642,584,717,750],"product_tag":[918,1596],"class_list":{"0":"post-10462","1":"product","2":"type-product","3":"status-publish","4":"has-post-thumbnail","6":"product_cat-metal-containers","7":"product_cat-body-care-containers","8":"product_cat-sale-containers","9":"product_cat-hair-care-containers","10":"product_cat-lip-balm-containers","11":"product_cat-sale","12":"product_cat-valentines-day","13":"product_tag-candle-tin","14":"product_tag-valentines","16":"first","17":"instock","18":"sale","19":"taxable","20":"shipping-taxable","21":"purchasable","22":"product-type-variable"},"acf":[],"_links":{"self":[{"href":"https:\/\/cosyowl.com\/de_at\/wp-json\/wp\/v2\/product\/10462","targetHints":{"allow":["GET"]}}],"collection":[{"href":"https:\/\/cosyowl.com\/de_at\/wp-json\/wp\/v2\/product"}],"about":[{"href":"https:\/\/cosyowl.com\/de_at\/wp-json\/wp\/v2\/types\/product"}],"replies":[{"embeddable":true,"href":"https:\/\/cosyowl.com\/de_at\/wp-json\/wp\/v2\/comments?post=10462"}],"wp:featuredmedia":[{"embeddable":true,"href":"https:\/\/cosyowl.com\/de_at\/wp-json\/wp\/v2\/media\/11964"}],"wp:attachment":[{"href":"https:\/\/cosyowl.com\/de_at\/wp-json\/wp\/v2\/media?parent=10462"}],"wp:term":[{"taxonomy":"product_brand","embeddable":true,"href":"https:\/\/cosyowl.com\/de_at\/wp-json\/wp\/v2\/product_brand?post=10462"},{"taxonomy":"product_cat","embeddable":true,"href":"https:\/\/cosyowl.com\/de_at\/wp-json\/wp\/v2\/product_cat?post=10462"},{"taxonomy":"product_tag","embeddable":true,"href":"https:\/\/cosyowl.com\/de_at\/wp-json\/wp\/v2\/product_tag?post=10462"}],"curies":[{"name":"wp","href":"https:\/\/api.w.org\/{rel}","templated":true}]}}