{"id":10439,"date":"2021-01-10T06:05:00","date_gmt":"2021-01-10T06:05:00","guid":{"rendered":"https:\/\/cosyowl.com\/product\/uncategorized\/glass-container-55cl-round-flat-dish"},"modified":"2026-03-09T10:40:49","modified_gmt":"2026-03-09T10:40:49","slug":"glasbehalter-55cl-runde-flache-schale","status":"publish","type":"product","link":"https:\/\/cosyowl.com\/de_at\/candle-making-supplies\/candle-containers\/candle-glasses\/glass-candle-container-55cl-round-flat-dish","title":{"rendered":"Glas-Kerzen-Container - 55cl Runde flache Schale"},"content":{"rendered":"<p>\u2018<\/p>\n<p>Dies ist eine starke hitzebest\u00e4ndige <a href=\"https:\/\/cosyowl.com\/de_at\/craft-supplies\/reed-diffuser-supplies\/reed-diffuser-bottles\/glass-container-200ml-karen-diffuser-bottle\">Glasbeh\u00e4lter<\/a> geeignet f\u00fcr die Herstellung mittelgro\u00dfer Kerzen. Benutzen Sie unser <a href=\"https:\/\/cosyowl.com\/de_at\/guides\/2023-spring-fragrance-oil-trends\">Parf\u00fcm\u00f6le<\/a> um ein starkes Aroma zu erzeugen, das die Sensation noch verst\u00e4rkt.<\/p>\n<p><strong>Gr\u00f6\u00dfe - <\/strong> Durchmesser: 125mm H\u00f6he: 70mm<\/p>\n<p>Die runde flache 55Cl-Schale fasst ca. 440 g Wachs*.<\/p>\n<p>Beachten Sie, dass das Vorheizen des Glasbeh\u00e4lters auf ca. 45\u00b0C dazu beitragen kann, die M\u00f6glichkeit der Entstehung von Fehlern in Ihrem <a href=\"https:\/\/cosyowl.com\/de_at\/guides\/a-summers-beach-gel-votive-candle\">Kerze<\/a> wenn es sich verfestigt.<\/p>\n<h3>Dochtempfehlungen**<\/h3>\n<table class=\"notesTableBorder\">\n<tbody>\n<tr>\n<th>Kerasoy Wachs (Soja)<\/th>\n<th>Kerawachs (Paraffin)<\/th>\n<th>Sowohl Soja als auch Paraffin<\/th>\n<th>Mehrere Dochte <a href=\"https:\/\/cosyowl.com\/de_at\/guides\/using-cotton-wicks-with-soyaluna-container-wax-recommendations\">Empfehlungen<\/a><\/th>\n<\/tr>\n<tr>\n<td>ECO N\/A<\/td>\n<td>LX N\/A<\/td>\n<td>TCR NICHT ZUTREFFEND<\/td>\n<td>2 x LX 8 oder <a href=\"https:\/\/cosyowl.com\/de_at\/candle-making-supplies\/candle-containers\/other-containers\/wax-melt-christmas-tree-mould-3\">3<\/a> x LX 2 (<a href=\"https:\/\/cosyowl.com\/de_at\/guides\/the-truth-about-paraffin-wax-being-vegan-friendly\">Paraffin-Wachs<\/a>)<\/td>\n<\/tr>\n<tr>\n<td>ECO N\/A<\/td>\n<td>LX N\/A<\/td>\n<td>TCR NICHT ZUTREFFEND<\/td>\n<td>2 x ECO 18 oder 2 x TCR 27\/16 oder 3 x ECO 12 oder 3 x TCR 21\/12 (beide Wachse)<\/td>\n<\/tr>\n<\/tbody>\n<\/table>\n<p>*Bitte beachten Sie, die empfohlene Wachsmenge ist eine <a href=\"https:\/\/cosyowl.com\/de_at\/guides\/a-guide-to-creating-your-own-soap-products\">Leitfaden<\/a> und basiert auf dem maximalen Fassungsverm\u00f6gen f\u00fcr diesen speziellen Beh\u00e4lter. Daher ist es m\u00f6glich, weniger Wachs zu verwenden, aber wir w\u00fcrden nicht empfehlen, die maximale Kapazit\u00e4t zu \u00fcberschreiten. Wir empfehlen, die angegebenen Wachsmengen nur als Ausgangspunkt zu verwenden und diese anzupassen <a href=\"https:\/\/cosyowl.com\/de_at\/guides\/weighing-fragrance\">Messungen<\/a> wie Sie es w\u00fcnschen.<\/p>\n<p>**Bitte beachten Sie, dass alle Dochtempfehlungen nur auf der Verwendung mit unserem Wachs basieren. Die kleinste <a href=\"https:\/\/cosyowl.com\/de_at\/guides\/candle-wick-size-chart\">Dochtgr\u00f6\u00dfe<\/a> ist nur f\u00fcr die Verwendung mit Wachs empfohlen. Die gr\u00f6\u00dfte empfohlene Dochtgr\u00f6\u00dfe ist f\u00fcr die Verwendung bei <a href=\"https:\/\/cosyowl.com\/de_at\/candle-making-supplies\/fragrance-oils-for-candle-making\/premium-fragrance-oils\/cosy-owl-premium-1-million-type-fragrance-oil\">Parf\u00fcm\u00f6l<\/a> und\/oder Farbstoff vorhanden sind. Alle Angaben dienen lediglich als Orientierungshilfe, um einen Ausgangspunkt f\u00fcr Experimente mit Dochten zu finden, da unterschiedliche Temperaturen und Duft\u00f6le den Erfolg eines Dochts beeinflussen.<\/p>","protected":false},"excerpt":{"rendered":"<p>&#8216; This is a strong heat-resistant glass container suitable for making medium sized candles. Make use of our fragrance oils to create a tremendous aroma to augment the sensation. Size &#8211; Diameter: 125mm Height: 70mm The 55Cl Round Flat Dish will hold approx. 440g of wax* Note, pre-heating your glass container to about 45\u00b0C can [&hellip;]<\/p>\n","protected":false},"featured_media":96775,"comment_status":"open","ping_status":"closed","template":"","meta":{"_acf_changed":false},"product_brand":[],"product_cat":[527,750],"product_tag":[921,1596],"class_list":{"0":"post-10439","1":"product","2":"type-product","3":"status-publish","4":"has-post-thumbnail","6":"product_cat-candle-glasses","7":"product_cat-valentines-day","8":"product_tag-glass-container","9":"product_tag-valentines","10":"product_shipping_class-royal_mail","12":"first","13":"instock","14":"taxable","15":"shipping-taxable","16":"purchasable","17":"product-type-simple"},"acf":[],"_links":{"self":[{"href":"https:\/\/cosyowl.com\/de_at\/wp-json\/wp\/v2\/product\/10439","targetHints":{"allow":["GET"]}}],"collection":[{"href":"https:\/\/cosyowl.com\/de_at\/wp-json\/wp\/v2\/product"}],"about":[{"href":"https:\/\/cosyowl.com\/de_at\/wp-json\/wp\/v2\/types\/product"}],"replies":[{"embeddable":true,"href":"https:\/\/cosyowl.com\/de_at\/wp-json\/wp\/v2\/comments?post=10439"}],"wp:featuredmedia":[{"embeddable":true,"href":"https:\/\/cosyowl.com\/de_at\/wp-json\/wp\/v2\/media\/96775"}],"wp:attachment":[{"href":"https:\/\/cosyowl.com\/de_at\/wp-json\/wp\/v2\/media?parent=10439"}],"wp:term":[{"taxonomy":"product_brand","embeddable":true,"href":"https:\/\/cosyowl.com\/de_at\/wp-json\/wp\/v2\/product_brand?post=10439"},{"taxonomy":"product_cat","embeddable":true,"href":"https:\/\/cosyowl.com\/de_at\/wp-json\/wp\/v2\/product_cat?post=10439"},{"taxonomy":"product_tag","embeddable":true,"href":"https:\/\/cosyowl.com\/de_at\/wp-json\/wp\/v2\/product_tag?post=10439"}],"curies":[{"name":"wp","href":"https:\/\/api.w.org\/{rel}","templated":true}]}}