{"id":10436,"date":"2021-01-10T06:05:00","date_gmt":"2021-01-10T06:05:00","guid":{"rendered":"https:\/\/cosyowl.com\/product\/uncategorized\/metal-shelled-diffuser-cap-gloss-silver"},"modified":"2026-03-03T13:44:30","modified_gmt":"2026-03-03T13:44:30","slug":"metallkappe-fur-diffusor-glanzend-silber","status":"publish","type":"product","link":"https:\/\/cosyowl.com\/de_at\/craft-supplies\/reed-diffuser-supplies\/reed-diffuser-bottles\/metal-shelled-diffuser-cap-gloss-silver","title":{"rendered":"Metallummantelter Diffusordeckel - Silber gl\u00e4nzend"},"content":{"rendered":"<p>\u2018<\/p>\n<p>Dieses gl\u00e4nzende Silber <a href=\"https:\/\/cosyowl.com\/de_at\/craft-supplies\/reed-diffuser-supplies\/reed-diffuser-bottles\/metal-shelled-diffuser-cap-gloss-gold\">Diffusorkappe mit Metallmantel<\/a> kann oben auf den Beh\u00e4lter gelegt werden, um ein \u00e4sthetisch ansprechenderes Aussehen zu erzielen. Die <a href=\"https:\/\/cosyowl.com\/de_at\/guides\/a-beginners-guide-to-making-reed-diffusers\">Rohrbel\u00fcfter<\/a> einfach aus der Flasche und durch das Loch in der Kappe herausragen.<\/p>\n<p>Bitte beachten Sie, dass die Diffusorflaschenstopfen separat erh\u00e4ltlich sind.<\/p>","protected":false},"excerpt":{"rendered":"<p>\u2018Diese silbergl\u00e4nzende Diffusorkappe aus Metall kann auf den Beh\u00e4lter aufgesetzt werden, um ihm ein \u00e4sthetisch ansprechendes Aussehen zu verleihen. Die Diffusoren ragen einfach aus der Flasche und durch das Loch in der Kappe heraus. Bitte beachten Sie, dass Diffusor-Flaschenstopfen separat erh\u00e4ltlich sind.<\/p>","protected":false},"featured_media":11953,"comment_status":"open","ping_status":"closed","template":"","meta":{"_acf_changed":false},"product_brand":[],"product_cat":[650],"product_tag":[920],"class_list":{"0":"post-10436","1":"product","2":"type-product","3":"status-publish","4":"has-post-thumbnail","6":"product_cat-reed-diffusers-bottles","7":"product_tag-cap","8":"product_shipping_class-royal_mail","10":"first","11":"instock","12":"taxable","13":"shipping-taxable","14":"purchasable","15":"product-type-simple"},"acf":[],"_links":{"self":[{"href":"https:\/\/cosyowl.com\/de_at\/wp-json\/wp\/v2\/product\/10436","targetHints":{"allow":["GET"]}}],"collection":[{"href":"https:\/\/cosyowl.com\/de_at\/wp-json\/wp\/v2\/product"}],"about":[{"href":"https:\/\/cosyowl.com\/de_at\/wp-json\/wp\/v2\/types\/product"}],"replies":[{"embeddable":true,"href":"https:\/\/cosyowl.com\/de_at\/wp-json\/wp\/v2\/comments?post=10436"}],"wp:featuredmedia":[{"embeddable":true,"href":"https:\/\/cosyowl.com\/de_at\/wp-json\/wp\/v2\/media\/11953"}],"wp:attachment":[{"href":"https:\/\/cosyowl.com\/de_at\/wp-json\/wp\/v2\/media?parent=10436"}],"wp:term":[{"taxonomy":"product_brand","embeddable":true,"href":"https:\/\/cosyowl.com\/de_at\/wp-json\/wp\/v2\/product_brand?post=10436"},{"taxonomy":"product_cat","embeddable":true,"href":"https:\/\/cosyowl.com\/de_at\/wp-json\/wp\/v2\/product_cat?post=10436"},{"taxonomy":"product_tag","embeddable":true,"href":"https:\/\/cosyowl.com\/de_at\/wp-json\/wp\/v2\/product_tag?post=10436"}],"curies":[{"name":"wp","href":"https:\/\/api.w.org\/{rel}","templated":true}]}}