{"id":10428,"date":"2021-01-10T06:05:00","date_gmt":"2021-01-10T06:05:00","guid":{"rendered":"https:\/\/cosyowl.com\/product\/uncategorized\/import-placeholder-for-tcdl-csus-bwed-c15x6-288"},"modified":"2026-03-03T13:44:31","modified_gmt":"2026-03-03T13:44:31","slug":"dochtstutzen-15mm-basis-6mm-hohe","status":"publish","type":"product","link":"https:\/\/cosyowl.com\/de_at\/candle-wicks\/wick-sustainers-15m-base-6mm-height","title":{"rendered":"Kerzendochtst\u00fctzen - 15mm Basis - 6mm H\u00f6he"},"content":{"rendered":"<p>Dochtst\u00fctzen (auch als Metalllaschen bezeichnet) werden ben\u00f6tigt, um den Docht am Boden des hitzebest\u00e4ndigen Beh\u00e4lters zu halten und zu verhindern, dass er einfach an die Oberfl\u00e4che der Fl\u00fcssigkeit schwimmt. <a href=\"https:\/\/cosyowl.com\/de_at\/guides\/a-summers-beach-gel-votive-candle\">Kerze<\/a> wenn Sie das geschmolzene Wachs hineingie\u00dfen. Zum Gebrauch den Docht kr\u00e4useln und in das Loch in der St\u00fctze stecken - wenn Sie das schwierig finden, versuchen Sie es mit kleinen Zangen. Sie k\u00f6nnen auch eine kleine Menge Kleber verwenden, die Sie vorher in das Loch geben und dann mit dem Docht an Ort und Stelle aush\u00e4rten lassen.<\/p>\n<p>Wenn Sie den Tr\u00e4ger auf den Boden des Beh\u00e4lters legen, k\u00f6nnen Sie, falls Sie etwas Blu Tac zur Hand haben, eine kleine Menge unter den Tr\u00e4ger legen und ihn auf den Boden des Beh\u00e4lters kleben. Alternativ k\u00f6nnen Sie auch einen doppelseitig klebenden Papierstreifen verwenden, den Sie in allen guten Schreibwarengesch\u00e4ften und in einigen Lebensmittelgesch\u00e4ften erhalten.<\/p>\n<p>Diese St\u00fctze hat eine Breite von 15 mm, ist f\u00fcr kleine bis mittelgro\u00dfe Beh\u00e4lter geeignet und wird aus Baustahl hergestellt. Wenn Sie einen relativ gro\u00dfen Beh\u00e4lter verwenden, w\u00e4hlen Sie die 20-mm-Option. Die H\u00f6he des Tr\u00e4gers kann in der Dropdown-Box oben ausgew\u00e4hlt werden. Wenn Sie es nicht gewohnt sind, Halterungen zu verwenden, kann die gr\u00f6\u00dfere der beiden (6 mm) es etwas einfacher machen, den Docht an seinem Platz zu halten.<\/p>","protected":false},"excerpt":{"rendered":"<p>Wick Sustainers (also referred to as Metal Tabs) are required to hold your wick in place at the bottom of the heat resistant container and stops the wick from simply floating to the surface of the candle when you pour in the molten wax. To use, crimp the wick and place into the hole in [&hellip;]<\/p>\n","protected":false},"featured_media":11945,"comment_status":"open","ping_status":"closed","template":"","meta":{"_acf_changed":false},"product_brand":[],"product_cat":[499],"product_tag":[941],"class_list":{"0":"post-10428","1":"product","2":"type-product","3":"status-publish","4":"has-post-thumbnail","6":"product_cat-candle-wicks","7":"product_tag-wick-sustainers","9":"first","10":"instock","11":"taxable","12":"shipping-taxable","13":"purchasable","14":"product-type-variable"},"acf":[],"_links":{"self":[{"href":"https:\/\/cosyowl.com\/de_at\/wp-json\/wp\/v2\/product\/10428","targetHints":{"allow":["GET"]}}],"collection":[{"href":"https:\/\/cosyowl.com\/de_at\/wp-json\/wp\/v2\/product"}],"about":[{"href":"https:\/\/cosyowl.com\/de_at\/wp-json\/wp\/v2\/types\/product"}],"replies":[{"embeddable":true,"href":"https:\/\/cosyowl.com\/de_at\/wp-json\/wp\/v2\/comments?post=10428"}],"wp:featuredmedia":[{"embeddable":true,"href":"https:\/\/cosyowl.com\/de_at\/wp-json\/wp\/v2\/media\/11945"}],"wp:attachment":[{"href":"https:\/\/cosyowl.com\/de_at\/wp-json\/wp\/v2\/media?parent=10428"}],"wp:term":[{"taxonomy":"product_brand","embeddable":true,"href":"https:\/\/cosyowl.com\/de_at\/wp-json\/wp\/v2\/product_brand?post=10428"},{"taxonomy":"product_cat","embeddable":true,"href":"https:\/\/cosyowl.com\/de_at\/wp-json\/wp\/v2\/product_cat?post=10428"},{"taxonomy":"product_tag","embeddable":true,"href":"https:\/\/cosyowl.com\/de_at\/wp-json\/wp\/v2\/product_tag?post=10428"}],"curies":[{"name":"wp","href":"https:\/\/api.w.org\/{rel}","templated":true}]}}