{"id":10424,"date":"2021-01-10T06:04:00","date_gmt":"2021-01-10T06:04:00","guid":{"rendered":"https:\/\/cosyowl.com\/product\/uncategorized\/glass-container-100ml-diffuser-cube"},"modified":"2026-03-03T13:44:29","modified_gmt":"2026-03-03T13:44:29","slug":"glasbehalter-100ml-diffusor-wurfel","status":"publish","type":"product","link":"https:\/\/cosyowl.com\/de_at\/craft-supplies\/reed-diffuser-supplies\/reed-diffuser-bottles\/glass-container-100ml-diffuser-cube","title":{"rendered":"Glasbeh\u00e4lter - 100ml Diffusor-W\u00fcrfel"},"content":{"rendered":"<p>\u2018<\/p>\n<p>Dies ist eine stilvolle und starke <a href=\"https:\/\/cosyowl.com\/de_at\/craft-supplies\/reed-diffuser-supplies\/reed-diffuser-bottles\/glass-container-200ml-karen-diffuser-bottle\">Glasbeh\u00e4lter<\/a> geeignet f\u00fcr bis zu 100 ml Duft. Wie Sie an seinem Aussehen erkennen k\u00f6nnen, hat er ein <a href=\"https:\/\/cosyowl.com\/de_at\/fragrance-oils\/coffee\">robust<\/a> W\u00fcrfelform. Benutzen Sie unser <a href=\"https:\/\/cosyowl.com\/de_at\/guides\/2023-spring-fragrance-oil-trends\">Parf\u00fcm\u00f6le<\/a> um einen herrlichen Duft zu erzeugen, der jeden Wohnraum erf\u00fcllt.<\/p>\n<p><strong>Gr\u00f6\u00dfe - <\/strong> Breite\/Tiefe: 59mm H\u00f6he: 77mm mit Schraubverschluss.<\/p>","protected":false},"excerpt":{"rendered":"<p>\u2018Dies ist ein eleganter und stabiler Glasbeh\u00e4lter, der bis zu 100 ml Duft enth\u00e4lt. Wie Sie an seinem Aussehen erkennen k\u00f6nnen, hat er eine robuste W\u00fcrfelform. Verwenden Sie unsere Duft\u00f6le, um ein gro\u00dfartiges Aroma zu erzeugen, das jeden Wohnraum erf\u00fcllt. Gr\u00f6\u00dfe - Breite\/Tiefe: 59mm H\u00f6he: 77mm mit Schraubverschluss.<\/p>","protected":false},"featured_media":11943,"comment_status":"open","ping_status":"closed","template":"","meta":{"_acf_changed":false},"product_brand":[],"product_cat":[650],"product_tag":[921],"class_list":{"0":"post-10424","1":"product","2":"type-product","3":"status-publish","4":"has-post-thumbnail","6":"product_cat-reed-diffusers-bottles","7":"product_tag-glass-container","8":"product_shipping_class-royal_mail","10":"first","11":"instock","12":"taxable","13":"shipping-taxable","14":"purchasable","15":"product-type-simple"},"acf":[],"_links":{"self":[{"href":"https:\/\/cosyowl.com\/de_at\/wp-json\/wp\/v2\/product\/10424","targetHints":{"allow":["GET"]}}],"collection":[{"href":"https:\/\/cosyowl.com\/de_at\/wp-json\/wp\/v2\/product"}],"about":[{"href":"https:\/\/cosyowl.com\/de_at\/wp-json\/wp\/v2\/types\/product"}],"replies":[{"embeddable":true,"href":"https:\/\/cosyowl.com\/de_at\/wp-json\/wp\/v2\/comments?post=10424"}],"wp:featuredmedia":[{"embeddable":true,"href":"https:\/\/cosyowl.com\/de_at\/wp-json\/wp\/v2\/media\/11943"}],"wp:attachment":[{"href":"https:\/\/cosyowl.com\/de_at\/wp-json\/wp\/v2\/media?parent=10424"}],"wp:term":[{"taxonomy":"product_brand","embeddable":true,"href":"https:\/\/cosyowl.com\/de_at\/wp-json\/wp\/v2\/product_brand?post=10424"},{"taxonomy":"product_cat","embeddable":true,"href":"https:\/\/cosyowl.com\/de_at\/wp-json\/wp\/v2\/product_cat?post=10424"},{"taxonomy":"product_tag","embeddable":true,"href":"https:\/\/cosyowl.com\/de_at\/wp-json\/wp\/v2\/product_tag?post=10424"}],"curies":[{"name":"wp","href":"https:\/\/api.w.org\/{rel}","templated":true}]}}