{"id":10386,"date":"2021-01-10T06:04:00","date_gmt":"2021-01-10T06:04:00","guid":{"rendered":"https:\/\/cosyowl.com\/product\/uncategorized\/import-placeholder-for-tcdl-cwax-bker-n4130-cscp-271"},"modified":"2026-04-30T16:00:27","modified_gmt":"2026-04-30T15:00:27","slug":"kerasoy-4130-behalterwachs","status":"publish","type":"product","link":"https:\/\/cosyowl.com\/de_at\/candle-making-supplies\/candle-wax\/soy-wax\/kerasoy-4130-container-wax","title":{"rendered":"KeraSoy 4130 Container-Wachs"},"content":{"rendered":"<p>Das im Vereinigten K\u00f6nigreich hergestellte Sojawachs 100% hat eine sehr glatte Textur und ein sch\u00f6nes Aussehen. <a href=\"https:\/\/cosyowl.com\/de_at\/candle-making-supplies\/glitters\/apple-green-biodegradable\">biologisch abbaubar<\/a> Dieses Sojawachs ist vegan und wurde speziell f\u00fcr die Herstellung von Kerzen aus Beh\u00e4lterwachs entwickelt. Dieses Sojawachs ben\u00f6tigt keine Zus\u00e4tze, au\u00dfer Duft- und Farbstoffe, die Sie separat erwerben k\u00f6nnen. <a href=\"https:\/\/cosyowl.com\/de_at\/\">Kuschelige Eule<\/a>. Wenn Sie Dochte f\u00fcr Ihre Sojawachs-Beh\u00e4lterkerzen kaufen, sollten Sie beachten, dass als Teil der Gruppe der <a href=\"https:\/\/cosyowl.com\/de_at\/candle-making-supplies\/fragrance-oils-for-candle-making\/all-fragrances\/honey-fragrance-oil\">Nat\u00fcrlich<\/a> Wachsen, die auf dem Markt erh\u00e4ltlich sind, wird ein etwas gr\u00f6\u00dferer Docht ben\u00f6tigt als bei der Verwendung von <a href=\"https:\/\/cosyowl.com\/de_at\/guides\/the-truth-about-paraffin-wax-being-vegan-friendly\">Paraffinwachs<\/a>. KeraSoy-Beh\u00e4lterwachs wurde f\u00fcr Duftstoffe mit einem Gehalt zwischen 10 und 12% entwickelt.<\/p>\n<p>Die Gie\u00dftemperaturen f\u00fcr Sojawachs in Beh\u00e4ltern k\u00f6nnen je nach Art und Gr\u00f6\u00dfe der Form, dem verwendeten Duft- und Farbstoff und dem gew\u00fcnschten Effekt variieren. Eine bessere Haftung auf den Beh\u00e4ltern kann durch Gie\u00dfen bei einer Temperatur nahe dem Erstarrungspunkt (ca. 45 - 55\u00b0C) erreicht werden. Der Duftstoff sollte, wenn m\u00f6glich, unmittelbar vor dem Gie\u00dfen hinzugef\u00fcgt und gemischt werden. Wenn Sie Schwierigkeiten mit der Gie\u00dftemperatur haben, versuchen Sie es mit einer niedrigeren oder h\u00f6heren Temperatur in Schritten von 5 - 10\u00b0C. Erw\u00e4gen Sie, in vorgew\u00e4rmte Formen zu gie\u00dfen, um eine bessere Haftung auf Glasbeh\u00e4ltern zu erreichen.<br \/>\nKeraSoy Beh\u00e4lterwachs ist so formuliert, dass im Gegensatz zu anderen Wachsen nur ein einziger Guss erforderlich ist, obwohl bei einigen gr\u00f6\u00dferen Beh\u00e4ltern ein kleines Nachf\u00fcllen erforderlich sein kann, um das beste Ergebnis zu erzielen. <a href=\"https:\/\/cosyowl.com\/de_at\/guides\/a-summers-beach-gel-votive-candle\">Kerze<\/a> Oberfl\u00e4che. Eine kleine Menge Sojawachs mit einer etwas w\u00e4rmeren Temperatur als die, mit der die Kerze gegossen wurde, kann zum Nachf\u00fcllen der Kerze verwendet werden, bevor die Kerze vollst\u00e4ndig ausgegossen ist. <a href=\"https:\/\/cosyowl.com\/de_at\/candle-making-supplies\/glitters\/lake-blue-biodegradable\">cool<\/a> (Wenn die Kerze nach dem vollst\u00e4ndigen Abk\u00fchlen nachgegossen wird, kann dies zu einer Verringerung der Haftung am Beh\u00e4lter f\u00fchren).<\/p>\n<p>Das in den Kerasoy-Wachsen verwendete Soja stammt aus Nordamerika und Brasilien aus rein ethischen und nicht gentechnisch ver\u00e4nderten Quellen. Es wurde ein vollst\u00e4ndiges Audit der Lieferkette durchgef\u00fchrt und es wurden nur ethische Lieferanten ausgew\u00e4hlt, die nicht zur Abholzung von W\u00e4ldern beitragen.<\/p>\n<p>Der Hauptbestandteil dieses Wachses ist Soja, aber um die gro\u00dfartigen Leistungseigenschaften zu erhalten, wird es mit leistungssteigernden Additiven gemischt, die haupts\u00e4chlich aus pflanzlichen Stoffen bestehen, aber mit dem Zusatz von Sterins\u00e4ure. W\u00e4re das Produkt 100% Sojawachs, w\u00fcrde es nicht gut funktionieren f\u00fcr <a href=\"https:\/\/cosyowl.com\/de_at\/guides\/how-to-make-a-candle\">Kerzenherstellung<\/a>.<\/p>\n<p>Produkte, die mit diesem Produkt hergestellt werden, k\u00f6nnen als hautvertr\u00e4glich, dermatologisch und klinisch getestet bezeichnet werden, vorausgesetzt, dass auch die Zusatzstoffe diese Kriterien erf\u00fcllen.<\/p>","protected":false},"excerpt":{"rendered":"<p>This UK produced 100% soy wax is tremendously smooth in texture and appearance; is biodegradable and vegan friendly and this formulation is specifically developed for making container wax candles. This Soy Wax does not require additives, other than fragrance and colour which can be purchased separately on Cosy Owl. When purchasing wicks for your soy [&hellip;]<\/p>\n","protected":false},"featured_media":53316,"comment_status":"open","ping_status":"closed","template":"","meta":{"_acf_changed":false},"product_brand":[],"product_cat":[528],"product_tag":[928],"class_list":{"0":"post-10386","1":"product","2":"type-product","3":"status-publish","4":"has-post-thumbnail","6":"product_cat-soy-wax","7":"product_tag-wax","9":"first","10":"instock","11":"taxable","12":"shipping-taxable","13":"purchasable","14":"product-type-variable"},"acf":[],"_links":{"self":[{"href":"https:\/\/cosyowl.com\/de_at\/wp-json\/wp\/v2\/product\/10386","targetHints":{"allow":["GET"]}}],"collection":[{"href":"https:\/\/cosyowl.com\/de_at\/wp-json\/wp\/v2\/product"}],"about":[{"href":"https:\/\/cosyowl.com\/de_at\/wp-json\/wp\/v2\/types\/product"}],"replies":[{"embeddable":true,"href":"https:\/\/cosyowl.com\/de_at\/wp-json\/wp\/v2\/comments?post=10386"}],"wp:featuredmedia":[{"embeddable":true,"href":"https:\/\/cosyowl.com\/de_at\/wp-json\/wp\/v2\/media\/53316"}],"wp:attachment":[{"href":"https:\/\/cosyowl.com\/de_at\/wp-json\/wp\/v2\/media?parent=10386"}],"wp:term":[{"taxonomy":"product_brand","embeddable":true,"href":"https:\/\/cosyowl.com\/de_at\/wp-json\/wp\/v2\/product_brand?post=10386"},{"taxonomy":"product_cat","embeddable":true,"href":"https:\/\/cosyowl.com\/de_at\/wp-json\/wp\/v2\/product_cat?post=10386"},{"taxonomy":"product_tag","embeddable":true,"href":"https:\/\/cosyowl.com\/de_at\/wp-json\/wp\/v2\/product_tag?post=10386"}],"curies":[{"name":"wp","href":"https:\/\/api.w.org\/{rel}","templated":true}]}}