{"id":10175,"date":"2021-01-10T06:03:00","date_gmt":"2021-01-10T06:03:00","guid":{"rendered":"https:\/\/cosyowl.com\/product\/uncategorized\/import-placeholder-for-tcdl-cfra-bowl-ndbo-234"},"modified":"2026-03-30T16:43:28","modified_gmt":"2026-03-30T15:43:28","slug":"basisol-fur-rohrdiffusoren","status":"publish","type":"product","link":"https:\/\/cosyowl.com\/de_at\/reed-diffusers\/reed-diffuser-base-oil","title":{"rendered":"Reed Diffuser Basis\u00f6l"},"content":{"rendered":"<p>Dieses Diffusor-Basis\u00f6l wird zur Erg\u00e4nzung Ihrer eigenen <a href=\"https:\/\/cosyowl.com\/de_at\/guides\/2023-spring-fragrance-oil-trends\">Parf\u00fcm\u00f6le<\/a>. <a href=\"https:\/\/cosyowl.com\/de_at\/\">Kuschelige Eule<\/a> ist einer der gr\u00f6\u00dften Anbieter im Land und bietet Ihnen eine Auswahl von \u00fcber 80 verschiedenen Duft\u00f6len. Dieses Basis\u00f6l kann zu jedem <a href=\"https:\/\/cosyowl.com\/de_at\/candle-making-supplies\/fragrance-oils-for-candle-making\/premium-fragrance-oils\/cosy-owl-premium-1-million-type-fragrance-oil\">Duft\u00f6l<\/a> f\u00fcr einen l\u00e4nger anhaltenden Duft; einfach mit einem Duft\u00f6l Ihrer Wahl in einer Mischung von 25% - 75% kombinieren und gut sch\u00fctteln, um es gr\u00fcndlich zu vermischen. Ein Vorteil der Verwendung von Basis\u00f6l ist, dass es ein Duft\u00f6l verd\u00fcnnen kann, wenn der Duft zu stark und \u00fcberw\u00e4ltigend ist. Verwendung von <a href=\"https:\/\/cosyowl.com\/de_at\/guides\/a-beginners-guide-to-making-reed-diffusers\">Rohrbel\u00fcfter<\/a> ist ein \u00e4u\u00dferst wirksames Mittel, um alle m\u00f6glichen D\u00fcfte in Ihre Wohnr\u00e4ume zu bringen.<\/p>\n<p>Die Basisverbindung ist Glycerin - eine erneuerbare Quelle und hat eine niedrige Verdampfungsrate, geringe <a href=\"https:\/\/cosyowl.com\/de_at\/candle-making-supplies\/fragrance-oils-for-candle-making\/all-fragrances\/honey-fragrance-oil\">nat\u00fcrlich<\/a> Geruch und h\u00e4lt l\u00f6sliche Duftstoffe gut fest. Abgeleitet aus Glycerin pflanzlichen Ursprungs und nach Angaben der <a href=\"https:\/\/cosyowl.com\/de_at\/candle-wicks\/tcr-series-wick-raw\">roh<\/a> Materiallieferanten kann Glycerin aus gentechnisch ver\u00e4nderten Sojabohnen gewonnen werden.<\/p>\n<p>Bitte beachten Sie, dass dieses Basis\u00f6l in seinem nat\u00fcrlichen Zustand einen schwachen chemischen Duft verstr\u00f6mt, der zwar wahrnehmbar, aber dezent ist. In Verbindung mit Duft\u00f6l verfliegt dieser Geruch jedoch.<\/p>\n<p>Bitte bewahren Sie das \u00d6l au\u00dferhalb der Reichweite von Kindern auf und waschen Sie es ab, wenn es mit Ihrer Haut in Ber\u00fchrung kommt.<\/p>","protected":false},"excerpt":{"rendered":"<p>This Diffuser Base Oil is used to supplement your own fragrance oils. Cosy Owl is one of the largest suppliers in the country and offers you a choice of over 80 different fragrance oils. This Base Oil can be added to any fragrance oil to provide a longer lasting scent; simply combine with your own [&hellip;]<\/p>\n","protected":false},"featured_media":80660,"comment_status":"open","ping_status":"closed","template":"","meta":{"_acf_changed":false},"product_brand":[],"product_cat":[651],"product_tag":[940],"class_list":{"0":"post-10175","1":"product","2":"type-product","3":"status-publish","4":"has-post-thumbnail","6":"product_cat-reed-diffusers-base","7":"product_tag-diffuser-oil","8":"pa_bottle-size-10kg-2","9":"pa_bottle-size-1kg","10":"pa_bottle-size-500g","11":"pa_bottle-size-5kg-2","13":"first","14":"instock","15":"taxable","16":"shipping-taxable","17":"purchasable","18":"product-type-variable"},"acf":[],"_links":{"self":[{"href":"https:\/\/cosyowl.com\/de_at\/wp-json\/wp\/v2\/product\/10175","targetHints":{"allow":["GET"]}}],"collection":[{"href":"https:\/\/cosyowl.com\/de_at\/wp-json\/wp\/v2\/product"}],"about":[{"href":"https:\/\/cosyowl.com\/de_at\/wp-json\/wp\/v2\/types\/product"}],"replies":[{"embeddable":true,"href":"https:\/\/cosyowl.com\/de_at\/wp-json\/wp\/v2\/comments?post=10175"}],"wp:featuredmedia":[{"embeddable":true,"href":"https:\/\/cosyowl.com\/de_at\/wp-json\/wp\/v2\/media\/80660"}],"wp:attachment":[{"href":"https:\/\/cosyowl.com\/de_at\/wp-json\/wp\/v2\/media?parent=10175"}],"wp:term":[{"taxonomy":"product_brand","embeddable":true,"href":"https:\/\/cosyowl.com\/de_at\/wp-json\/wp\/v2\/product_brand?post=10175"},{"taxonomy":"product_cat","embeddable":true,"href":"https:\/\/cosyowl.com\/de_at\/wp-json\/wp\/v2\/product_cat?post=10175"},{"taxonomy":"product_tag","embeddable":true,"href":"https:\/\/cosyowl.com\/de_at\/wp-json\/wp\/v2\/product_tag?post=10175"}],"curies":[{"name":"wp","href":"https:\/\/api.w.org\/{rel}","templated":true}]}}