{"id":90,"date":"2020-11-11T12:50:31","date_gmt":"2020-11-11T12:50:31","guid":{"rendered":"https:\/\/cosyowl.com\/?page_id=90"},"modified":"2025-11-25T15:07:50","modified_gmt":"2025-11-25T15:07:50","slug":"willkommen-bei-cosy-owl-candle-suppliers-bitte-fuhlen-sie-sich-wie-zu-hause","status":"publish","type":"page","link":"https:\/\/cosyowl.com\/de_at\/","title":{"rendered":"Willkommen bei Cosy Owl Candle Suppliers, f\u00fchlen Sie sich bitte wie zu Hause..."},"content":{"rendered":"<h2>Willkommen bei Cosy Owl Candle supplies, bitte f\u00fchlen Sie sich wie zu Hause...<\/h2>\n<p>Hier bei Cosy Owl sind wir sehr stolz auf die Vielfalt und <a href=\"https:\/\/cosyowl.com\/de_at\/candle-wicks\/wedo-lx-wick-raw\">Qualit\u00e4t<\/a> des Zubeh\u00f6rs f\u00fcr die Kerzenherstellung. Ganz gleich, ob Sie Ihre ersten Gehversuche mit dem Hobby machen oder schon ein vollwertiger <a href=\"https:\/\/cosyowl.com\/de_at\/guides\/a-summers-beach-gel-votive-candle\">Kerze<\/a> produzierenden Unternehmen hat Cosy Owl eine riesige Auswahl an Produkten, die Ihren Bed\u00fcrfnissen entsprechen.<\/p>\n<p>Aus einer Vielzahl von <a href=\"https:\/\/cosyowl.com\/de_at\/candle-making-supplies\/fragrance-oils-for-candle-making\/all-fragrances\/honey-fragrance-oil\">nat\u00fcrlich<\/a> Cosy Owl hat alles, was Sie f\u00fcr die Herstellung einer Kerze brauchen, egal ob es sich um das kleinste Teelicht oder den gr\u00f6\u00dften Tischschmuck handelt. Neben der Ausr\u00fcstung und den Materialien, die du f\u00fcr die Herstellung von Kerzen brauchst, bietet Cosy Owl auch eine gro\u00dfe Auswahl an Beh\u00e4ltern f\u00fcr deine Kerzen, darunter Dosen, Gl\u00e4ser und Aluminiumbecher, mit einer ebenso gro\u00dfen Vielfalt an Farben und Formen zur Auswahl.<\/p>\n<p>Wir beziehen unsere Materialien und Produkte nur von Qualit\u00e4tsherstellern, darunter einige der renommiertesten Wachsf\u00e4rber und Dochthersteller, und wir unternehmen gro\u00dfe Anstrengungen, um sicherzustellen, dass alles, was wir verkaufen, sicher und ungiftig ist.<\/p>","protected":false},"excerpt":{"rendered":"<p>Welcome to Cosy Owl Candle supplies, please make yourself at home\u2026 Here at Cosy Owl we take great pride in the variety and quality of the supplies for making candles. Whether you&#8217;re making your first furrows into the hobby or are a fully-fledged candle producing business, Cosy Owl has a huge selection of products to [&hellip;]<\/p>\n","protected":false},"author":3,"featured_media":0,"parent":0,"menu_order":0,"comment_status":"closed","ping_status":"closed","template":"template-canvas.php","meta":{"_acf_changed":false,"footnotes":""},"class_list":["post-90","page","type-page","status-publish","hentry"],"acf":[],"_links":{"self":[{"href":"https:\/\/cosyowl.com\/de_at\/wp-json\/wp\/v2\/pages\/90","targetHints":{"allow":["GET"]}}],"collection":[{"href":"https:\/\/cosyowl.com\/de_at\/wp-json\/wp\/v2\/pages"}],"about":[{"href":"https:\/\/cosyowl.com\/de_at\/wp-json\/wp\/v2\/types\/page"}],"author":[{"embeddable":true,"href":"https:\/\/cosyowl.com\/de_at\/wp-json\/wp\/v2\/users\/3"}],"replies":[{"embeddable":true,"href":"https:\/\/cosyowl.com\/de_at\/wp-json\/wp\/v2\/comments?post=90"}],"version-history":[{"count":0,"href":"https:\/\/cosyowl.com\/de_at\/wp-json\/wp\/v2\/pages\/90\/revisions"}],"wp:attachment":[{"href":"https:\/\/cosyowl.com\/de_at\/wp-json\/wp\/v2\/media?parent=90"}],"curies":[{"name":"wp","href":"https:\/\/api.w.org\/{rel}","templated":true}]}}