{"id":67939,"date":"2023-11-07T10:50:34","date_gmt":"2023-11-07T10:50:34","guid":{"rendered":"https:\/\/cosyowl.com\/?page_id=67939"},"modified":"2023-11-28T10:58:46","modified_gmt":"2023-11-28T10:58:46","slug":"12-tage-adventsgeschenk","status":"publish","type":"page","link":"https:\/\/cosyowl.com\/de_at\/12-day-advent-giveaway","title":{"rendered":"12-Tage-Adventsgeschenk"},"content":{"rendered":"<p><img loading=\"lazy\" decoding=\"async\" class=\"alignnone wp-image-67940\" src=\"https:\/\/cosyowl.com\/wp-content\/uploads\/2023\/11\/Pink-Green-Modern-Animated-Newsletter-Sign-up-Facebook-Post.png\" alt=\"\" width=\"637\" height=\"534\" title=\"\" srcset=\"https:\/\/cosyowl.com\/wp-content\/uploads\/2023\/11\/Pink-Green-Modern-Animated-Newsletter-Sign-up-Facebook-Post.png 940w, https:\/\/cosyowl.com\/wp-content\/uploads\/2023\/11\/Pink-Green-Modern-Animated-Newsletter-Sign-up-Facebook-Post-300x251.png 300w, https:\/\/cosyowl.com\/wp-content\/uploads\/2023\/11\/Pink-Green-Modern-Animated-Newsletter-Sign-up-Facebook-Post-768x644.png 768w, https:\/\/cosyowl.com\/wp-content\/uploads\/2023\/11\/Pink-Green-Modern-Animated-Newsletter-Sign-up-Facebook-Post-200x168.png 200w, https:\/\/cosyowl.com\/wp-content\/uploads\/2023\/11\/Pink-Green-Modern-Animated-Newsletter-Sign-up-Facebook-Post-400x335.png 400w, https:\/\/cosyowl.com\/wp-content\/uploads\/2023\/11\/Pink-Green-Modern-Animated-Newsletter-Sign-up-Facebook-Post-600x503.png 600w, https:\/\/cosyowl.com\/wp-content\/uploads\/2023\/11\/Pink-Green-Modern-Animated-Newsletter-Sign-up-Facebook-Post-800x671.png 800w, https:\/\/cosyowl.com\/wp-content\/uploads\/2023\/11\/Pink-Green-Modern-Animated-Newsletter-Sign-up-Facebook-Post-500x419.png 500w, https:\/\/cosyowl.com\/wp-content\/uploads\/2023\/11\/Pink-Green-Modern-Animated-Newsletter-Sign-up-Facebook-Post-700x587.png 700w, https:\/\/cosyowl.com\/wp-content\/uploads\/2023\/11\/Pink-Green-Modern-Animated-Newsletter-Sign-up-Facebook-Post-64x54.png 64w\" sizes=\"auto, (max-width: 637px) 100vw, 637px\" \/><\/p>\n<p>Machen Sie sich bereit, in der Vorweihnachtszeit 12 Tage lang jeden Tag einen Preis zu gewinnen, und zwar von wunderbaren Unternehmen aus ganz Gro\u00dfbritannien.<\/p>\n<p>Die Anmeldung zu unserem <a href=\"https:\/\/cosyowl.com\/de_at\/guides\/food-lovers-cravings-competition\">Werbegeschenk<\/a> Per E-Mail werden Sie jeden Tag \u00fcber die wunderbaren Preise informiert, und wir teilen Ihnen mit, sobald Sie teilnehmen k\u00f6nnen!<\/p>\n<p>*Das Gewinnspiel wird auf unserer Facebook- und Instagram-Seite durchgef\u00fchrt.<\/p>\n<p>&nbsp;<\/p>\n<p>T's&amp;C's: Einsendungen k\u00f6nnen \u00fcber unsere Instagram- und Facebook-Posts erfolgen. Sie m\u00fcssen in Gro\u00dfbritannien leben, um zu gewinnen und diesen Preis zu erhalten. Die Verlosung endet: 17 Uhr an diesem Tag. Der Gewinner wird per Zufallsprinzip ermittelt und auf unserem Adventskalender-Blog bekannt gegeben! Dieses <a href=\"https:\/\/cosyowl.com\/de_at\/guides\/2k-followers-celebratory-giveaway-competition\">Wettbewerb<\/a> ist nicht mit Facebook oder Instagram verbunden, und die Gewinner werden von <a href=\"https:\/\/cosyowl.com\/de_at\/\">Kuschelige Eule<\/a> ONLY.<\/p>","protected":false},"excerpt":{"rendered":"<p>Get ready to win a prize everyday for 12 days in the lead up to Christmas, with prizes from wonderful companies from around the UK. Signing up to our giveaway emails will mean you will be notified with the wonderful prize details each day and we will let you know as soon as you can [&hellip;]<\/p>\n","protected":false},"author":111220,"featured_media":0,"parent":0,"menu_order":0,"comment_status":"closed","ping_status":"closed","template":"","meta":{"_acf_changed":false,"footnotes":""},"class_list":["post-67939","page","type-page","status-publish","hentry"],"acf":[],"_links":{"self":[{"href":"https:\/\/cosyowl.com\/de_at\/wp-json\/wp\/v2\/pages\/67939","targetHints":{"allow":["GET"]}}],"collection":[{"href":"https:\/\/cosyowl.com\/de_at\/wp-json\/wp\/v2\/pages"}],"about":[{"href":"https:\/\/cosyowl.com\/de_at\/wp-json\/wp\/v2\/types\/page"}],"author":[{"embeddable":true,"href":"https:\/\/cosyowl.com\/de_at\/wp-json\/wp\/v2\/users\/111220"}],"replies":[{"embeddable":true,"href":"https:\/\/cosyowl.com\/de_at\/wp-json\/wp\/v2\/comments?post=67939"}],"version-history":[{"count":0,"href":"https:\/\/cosyowl.com\/de_at\/wp-json\/wp\/v2\/pages\/67939\/revisions"}],"wp:attachment":[{"href":"https:\/\/cosyowl.com\/de_at\/wp-json\/wp\/v2\/media?parent=67939"}],"curies":[{"name":"wp","href":"https:\/\/api.w.org\/{rel}","templated":true}]}}