{"id":66431,"date":"2023-10-12T14:48:26","date_gmt":"2023-10-12T13:48:26","guid":{"rendered":"https:\/\/cosyowl.com\/?page_id=66431"},"modified":"2024-05-15T23:36:19","modified_gmt":"2024-05-15T22:36:19","slug":"auf-der-suche-nach-einem-neuen-lieferanten-fur-die-herstellung-von-kerzenmaterial","status":"publish","type":"page","link":"https:\/\/cosyowl.com\/de_at\/looking-for-a-new-supplier-of-candle-making-materials","title":{"rendered":"Suchen Sie einen neuen Lieferanten f\u00fcr Kerzenherstellungsmaterialien?"},"content":{"rendered":"<style type=\"text\/css\">\r\nh1 {\r\n\ttext-align: center;\r\n}\r\nh2 {\r\n\tfont-size: calc(20px + (40 - 20) * ((100vw - 320px) \/ (1600 - 320))); \r\n\tline-height: 1.2; \r\n\tmargin: 1em 0; \r\n\tborder: 0 !important; \r\n\ttext-align: center;\r\n}\r\nh3 {\r\n\tfont-size: calc(14px + (18 - 14) * ((100vw - 320px) \/ (1600 - 320))); \r\n\tline-height: 1.2; \r\n\tmargin: 1em 0;\r\n}\r\n.section-icons {\r\n\tpadding: 10px 0 50px;\r\n}\r\n.section-icons ul {\r\n\tlist-style: none; \r\n\tmargin: 0; \r\n\tpadding: 0; \r\n\tdisplay: flex; \r\n\tflex-wrap: wrap;\r\n}\r\n.section-icons li {\r\n\twidth: 25%; \r\n\tlist-style: none; \r\n\tmargin: 0; \r\n\tpadding: 120px 3% 30px; \r\n\ttext-align: center; \r\n}\r\n.section-icons li.item1 {\r\n\tbackground: url(\"\/wp-content\/uploads\/design\/discount-icon2.webp\") no-repeat center top #fff; \r\n\tbackground-size: 100px 100px;\r\n}\r\n.section-icons li.item2 {\r\n\tbackground: url(\"\/wp-content\/uploads\/design\/no-risk-icon.webp\") no-repeat center top #fff; \r\n\tbackground-size: 100px 100px;\r\n}\r\n.section-icons li.item3 {\r\n\tbackground: url(\"\/wp-content\/uploads\/design\/trusted-icon.webp\") no-repeat center top #fff; \r\n\tbackground-size: 100px 100px;\r\n}\r\n.section-icons li.item4 {\r\n\tbackground: url(\"\/wp-content\/uploads\/design\/wholesale-icon.webp\") no-repeat center top #fff; \r\n\tbackground-size: 100px 100px;\r\n}\r\n.section-icons li.item5 {\r\n\tbackground: url(\"\/wp-content\/uploads\/design\/quality-icon.webp\") no-repeat center top #fff; \r\n\tbackground-size: 100px 100px;\r\n}\r\n.section-icons li.item6 {\r\n\tbackground: url(\"\/wp-content\/uploads\/design\/ethical-icon.webp\") no-repeat center top #fff; \r\n\tbackground-size: 100px 100px;\r\n}\r\n.section-icons li.item7 {\r\n\tbackground: url(\"\/wp-content\/uploads\/design\/service-icon.webp\") no-repeat center top #fff; \r\n\tbackground-size: 100px 100px;\r\n}\r\n.section-icons li.item8 {\r\n\tbackground: url(\"\/wp-content\/uploads\/design\/owl-icon.webp\") no-repeat center top #fff; \r\n\tbackground-size: 100px 100px;\r\n}\r\n.section-categories {\r\n\tmargin: 30px auto 50px;\r\n}\r\n.section-categories ul {\r\n\tpadding: 0;\r\n\tmargin: 0;\r\n\tlist-style: none;\r\n\tdisplay: flex;\r\n\tjustify-content: space-between;\r\n\tflex-wrap: wrap;\r\n}\r\n.section-categories li {\r\n\twidth: 11%;\r\n\tmargin: 0 0 10px;\r\n\tlist-style: none;\r\n\ttext-align: center;\r\n}\r\n.section-categories li a {\r\n\tdisplay: block;\r\n\ttext-decoration: none;\r\n\tcolor: #333;\t\r\n}\r\n.section-gallery {\r\n\tmargin: 30px auto 50px;\r\n}\r\n.section-gallery ul {\r\n\tpadding: 0;\r\n\tmargin: 0;\r\n\tlist-style: none;\r\n\tdisplay: flex;\r\n\tflex-wrap: wrap;\r\n}\r\n.section-gallery li {\r\n\twidth: 33.333%;\r\n\tmargin: 0 0 10px;\r\n\tlist-style: none;\r\n\ttext-align: center;\r\n}\r\n.section-button {\r\n\tmargin: 50px auto;\r\n\ttext-align: center;\r\n}\r\n.section-button a {\r\n\tbackground-color: #f16629;\r\n\tpadding: 12px 50px;\r\n\tcolor: #fff;\r\n\ttext-decoration: none;\r\n\tborder-radius: 4px;\r\n\tfont-weight: 600;\r\n}\r\n\r\n@media (max-width: 992px) {\r\n\t.section-categories li {\r\n\t\twidth: 24%;\r\n\t}\r\n}\r\n@media (max-width:767px) {\r\n\t.section-icons li {\r\n\t\twidth: 50%;\r\n\t}\r\n\t.section-gallery li {\r\n\t\twidth: 50%;\r\n\t}\t\r\n}\t\r\n@media (max-width:480px) {\r\n\t.section-icons li {\r\n\t\twidth: 100%;\r\n\t}\r\n\t.section-categories li {\r\n\t\twidth: 49%;\r\n\t}\r\n\t.section-gallery li {\r\n\t\twidth: 100%;\r\n\t}\t\r\n}\t\r\n<\/style>\r\n\r\n<p>Wenn Sie daran denken, einen neuen Gro\u00dfhandelslieferanten zu testen, der <a href=\"https:\/\/cosyowl.com\/de_at\/guides\/how-to-make-a-candle\">Kerzenherstellung<\/a> Waren, gibt es viele gute Gr\u00fcnde, Cosy Owl einen Versuch zu geben. Entdecken Sie selbst, warum Tausende von Kunden jedes Jahr zu Cosy Owl als ihrem bevorzugten Gro\u00dfh\u00e4ndler f\u00fcr <a href=\"https:\/\/cosyowl.com\/de_at\/guides\/a-summers-beach-gel-votive-candle\">Kerze<\/a> Materialien herzustellen.<\/p>\r\n\r\n<h2>7 Gr\u00fcnde, Cosy Owl auszuprobieren<\/h2>\r\n\r\n<div class=\"section-icons\">\r\n\t<ul>\r\n\t\t<li class=\"item1\"><strong>1)<\/strong> Wir bieten eine <strong>10% zuerst <a href=\"https:\/\/cosyowl.com\/de_at\/basket\">Bestellung<\/a> Rabatt<\/strong> um unsere Produkte und Dienstleistungen zu testen - verwenden Sie einfach den Code 'Welcome' unter <a href=\"https:\/\/cosyowl.com\/de_at\/checkout\">Zur Kasse<\/a>.<\/li>\r\n\t\t<li class=\"item2\"><strong>2)<\/strong> Wir bieten eine <strong>NO RISK-Garantie<\/strong> f\u00fcr Kunden, die zum ersten Mal eine Testbestellung aufgeben: Wenn Ihnen das Produkt nicht gef\u00e4llt, erstatten wir Ihnen den vollen Wert des Produkts, keine <a href=\"https:\/\/cosyowl.com\/de_at\/guides\/faq\">Fragen<\/a> gefragt - es besteht also wirklich kein Risiko, uns zu testen.*<\/li>\r\n\t\t<li class=\"item3\"><strong><a href=\"https:\/\/cosyowl.com\/de_at\/candle-making-supplies\/candle-containers\/other-containers\/wax-melt-christmas-tree-mould-3\">3<\/a>)<\/strong> <strong>Vertrauensw\u00fcrdiges Unternehmen<\/strong> - Wir sind seit 2011 im Gesch\u00e4ft und sind gewachsen, weil wir unsere Kunden immer wieder begeistern. Wir sind ein etabliertes Unternehmen, dem \u00fcber 60.000 Kerzenhersteller in Gro\u00dfbritannien und Europa vertrauen.<\/li>\r\n\t\t<li class=\"item4\"><strong>4)<\/strong> Wir sind der einzige Anbieter von Kerzen, der echte <strong>Gro\u00dfhandelspreisgestaltung<\/strong> - Beantragen Sie einfach ein Gro\u00dfhandelskonto, nachdem Sie ein paar Bestellungen aufgegeben haben, und Sie erhalten f\u00fcr jede Bestellung und jede Menge ma\u00dfgeschneiderte Preise f\u00fcr unser gesamtes Sortiment.<\/li>\r\n\t\t<li class=\"item5\"><strong>5)<\/strong> <strong>Pr\u00e4mie <a href=\"https:\/\/cosyowl.com\/de_at\/candle-wicks\/wedo-lx-wick-raw\">Qualit\u00e4t<\/a> und exklusive Produkte<\/strong> - konzentrieren wir uns auf die Produktqualit\u00e4t und bieten exklusive Artikel f\u00fcr Kerzenhersteller, die nicht in Fabriken arbeiten. Unsere D\u00fcfte sind besser als der Markt und bieten eine <a href=\"https:\/\/cosyowl.com\/de_at\/fragrance-oils\/strawberry-bon-bon\">entz\u00fcckend<\/a> Dufterlebnis. Unser Exklusiv <a href=\"https:\/\/cosyowl.com\/de_at\/guides\/how-to-jasmine-candle-using-soyaluna-container-wax\">SoyaLuna-Wachs<\/a> sorgt jedes Mal f\u00fcr gleichm\u00e4\u00dfige, unaufgetaute Ergebnisse - man muss es ausprobieren, um es zu glauben.<\/li>\r\n\t\t<li class=\"item6\"><strong>6)<\/strong> <strong>Ethisch erzeugte Produkte<\/strong> - Unsere Produkte stammen aus ethischen Quellen. Wir w\u00e4hlen unsere Lieferanten mit gro\u00dfer Sorgfalt aus und \u00fcberpr\u00fcfen die gesamte Lieferkette. Wir sind transparent und zeigen klar auf, was in jedem Produkt enthalten ist und welche ethischen Standards eingehalten werden. So k\u00f6nnen Sie fundierte Entscheidungen treffen, die im Einklang mit der Ethik Ihrer Marke stehen.<\/li>\r\n\t\t<li class=\"item7\"><strong>7)<\/strong> Wir bieten <strong>un\u00fcbertroffener Service<\/strong> - Versand am selben Tag am <a href=\"https:\/\/cosyowl.com\/de_at\/shop\">alle Produkte<\/a> bis 12 Uhr mittags an jedem Wochentag. Unser engagiertes <a href=\"https:\/\/cosyowl.com\/de_at\/contact-us\">Kundenbetreuung<\/a> Team steht Ihnen w\u00e4hrend Ihrer gesamten Reise zur Seite und wir sind stolz darauf, unsere Kunden dabei zu unterst\u00fctzen, ihre Erwartungen zu \u00fcbertreffen. Wir erhalten durchweg hervorragende Bewertungen in unseren Rezensionen und erreichen Weltklasse in unserem <a href=\"https:\/\/cosyowl.com\/de_at\/communication-preferences\">Kunde<\/a> Zufriedenheitsumfragen.<\/li>\r\n\t\t<li class=\"item8\">Wir w\u00fcrden gerne <a href=\"https:\/\/cosyowl.com\/de_at\/\">Willkommen<\/a> der Cosy Owl-Familie, es ist <a href=\"https:\/\/cosyowl.com\/de_at\/craft-kits\/candle-making-kits\/soy-wax-mulled-wine-christmas-candle-making-kit\">warm<\/a> und gem\u00fctlich hier. <br\/><br\/><br\/>Die *NO RISK-Garantie gilt nur f\u00fcr die kleinste verf\u00fcgbare Packungsgr\u00f6\u00dfe und nur f\u00fcr die ersten Bestellungen des Kunden.<\/li>\r\n\t<\/ul>\r\n<\/div>\r\n\r\n\r\n<div class=\"section-categories\">\r\n\t<ul>\r\n\t\t<li>\r\n\t\t\t<a href=\"\/de_at\/parfumole\/?wmc-currency=EUR\">\r\n\t\t\t\t<img decoding=\"async\" src=\"https:\/\/cosyowl.com\/wp-content\/uploads\/design\/fragrances-cat-circle.jpg\" alt=\"D\u00fcfte\" title=\"\">\r\n\t\t\t\t<span>D\u00fcfte<\/span>\r\n\t\t\t<\/a>\r\n\t\t<\/li>\r\n\t\t<li>\r\n\t\t\t<a href=\"\/de_at\/zubehor-fur-die-kerzenherstellung\/?wmc-currency=EUR\">\r\n\t\t\t\t<img decoding=\"async\" src=\"https:\/\/cosyowl.com\/wp-content\/uploads\/design\/candle-supplies-cat-circle.jpg\" alt=\"Kerze-Zubeh\u00f6r\" title=\"\">\r\n\t\t\t\t<span>Kerze-Zubeh\u00f6r<\/span>\r\n\t\t\t<\/a>\r\n\t\t<\/li>\r\n\t\t<li>\r\n\t\t\t<a href=\"\/de_at\/wachsschmelzen\/?wmc-currency=EUR\">\r\n\t\t\t\t<img decoding=\"async\" src=\"https:\/\/cosyowl.com\/wp-content\/uploads\/design\/wax-melt-supplies-cat-circle.jpg\" alt=\"Wachsschmelze-Zubeh\u00f6r\" title=\"\">\r\n\t\t\t\t<span>Wachsschmelze-Zubeh\u00f6r<\/span>\r\n\t\t\t<\/a>\r\n\t\t<\/li>\r\n\t\t<li>\r\n\t\t\t<a href=\"\/de_at\/rohrbelufter\/?wmc-currency=EUR\">\r\n\t\t\t\t<img decoding=\"async\" src=\"https:\/\/cosyowl.com\/wp-content\/uploads\/design\/diffuser-supplies-cat-circle.jpg\" alt=\"Diffusor-Zubeh\u00f6r\" title=\"\">\r\n\t\t\t\t<span>Diffusor-Zubeh\u00f6r<\/span>\r\n\t\t\t<\/a>\r\n\t\t<\/li>\r\n\t\t<li>\r\n\t\t\t<a href=\"\/de_at\/zubehor-fur-die-seifenherstellung\/?wmc-currency=EUR\">\r\n\t\t\t\t<img decoding=\"async\" src=\"https:\/\/cosyowl.com\/wp-content\/uploads\/design\/soap-supplies-cat-circle.jpg\" alt=\"Seifenbedarf\" title=\"\">\r\n\t\t\t\t<span>Seifenbedarf<\/span>\r\n\t\t\t<\/a>\r\n\t\t<\/li>\r\n\t\t<li>\r\n\t\t\t<a href=\"\/de_at\/korperpflegemittel\/?wmc-currency=EUR\">\r\n\t\t\t\t<img decoding=\"async\" src=\"https:\/\/cosyowl.com\/wp-content\/uploads\/design\/cosmetic-supplies-cat-circle.jpg\" alt=\"Kosmetischer Bedarf\" title=\"\">\r\n\t\t\t\t<span>Kosmetischer Bedarf<\/span>\r\n\t\t\t<\/a>\r\n\t\t<\/li>\r\n\t\t<li>\r\n\t\t\t<a href=\"\/de_at\/bastelpackungen\/?wmc-currency=EUR\">\r\n\t\t\t\t<img decoding=\"async\" src=\"https:\/\/cosyowl.com\/wp-content\/uploads\/design\/kits-cat-circle.jpg\" alt=\"Bastelpackungen\" title=\"\">\r\n\t\t\t\t<span>Bastelpackungen<\/span>\r\n\t\t\t<\/a>\r\n\t\t<\/li>\r\n\t\t<li>\r\n\t\t\t<a href=\"\/de_at\/bundelt\/?wmc-currency=EUR\">\r\n\t\t\t\t<img decoding=\"async\" src=\"https:\/\/cosyowl.com\/wp-content\/uploads\/design\/bundles-cat-circle.jpg\" alt=\"Bastel-B\u00fcndel\" title=\"\">\r\n\t\t\t\t<span>Bastel-B\u00fcndel<\/span>\r\n\t\t\t<\/a>\r\n\t\t<\/li>\r\n\t<\/ul>\r\n<\/div>\r\n\r\n\r\n<h2>Registrieren Sie sich noch heute f\u00fcr Ihr Gro\u00dfhandelskonto!<\/h2>\r\n\r\n<div class=\"section-button\">\r\n\t<a href=\"\/de_at\/konto\/?wmc-currency=EUR\">Jetzt registrieren<\/a>\r\n<\/div>\r\n\r\n<div class=\"section-gallery\">\r\n\t<ul>\r\n\t\t<li>\r\n\t\t\t<img decoding=\"async\" src=\"https:\/\/cosyowl.com\/wp-content\/uploads\/2023\/10\/1.png\" alt=\"D\u00fcfte\" title=\"\">\r\n\t\t<\/li>\r\n\t\t<li>\r\n\t\t\t<img decoding=\"async\" src=\"https:\/\/cosyowl.com\/wp-content\/uploads\/2023\/10\/3-1.png\" alt=\"Kerze-Zubeh\u00f6r\" title=\"\">\r\n\t\t<\/li>\r\n\t\t<li>\r\n\t\t\t<img decoding=\"async\" src=\"https:\/\/cosyowl.com\/wp-content\/uploads\/2023\/10\/5.png\" alt=\"Kerze-Zubeh\u00f6r\" title=\"\">\r\n\t\t<\/li>\t\r\n\t\t<li>\r\n\t\t\t<img decoding=\"async\" src=\"https:\/\/cosyowl.com\/wp-content\/uploads\/2023\/10\/4.png\" alt=\"D\u00fcfte\" title=\"\">\r\n\t\t<\/li>\r\n\t\t<li>\r\n\t\t\t<img decoding=\"async\" src=\"https:\/\/cosyowl.com\/wp-content\/uploads\/2023\/10\/2-1.png\" alt=\"Kerze-Zubeh\u00f6r\" title=\"\">\r\n\t\t<\/li>\r\n\t\t<li>\r\n\t\t\t<img decoding=\"async\" src=\"https:\/\/cosyowl.com\/wp-content\/uploads\/2023\/10\/7.png\" alt=\"Kerze-Zubeh\u00f6r\" title=\"\">\r\n\t\t<\/li>\r\n\t<\/ul>\r\n<\/div>","protected":false},"excerpt":{"rendered":"<p>If you are thinking about trialling a new wholesale supplier of candle making goods, there are many good reasons to give Cosy Owl a try. Discover for yourself why thousands of customers each year switch to Cosy Owl as their preferred wholesaler of candle making materials. 7 Reason&#8217;s to try Cosy Owl 1) We offer [&hellip;]<\/p>\n","protected":false},"author":111220,"featured_media":0,"parent":0,"menu_order":0,"comment_status":"closed","ping_status":"closed","template":"template-fullwidth.php","meta":{"_acf_changed":false,"footnotes":""},"class_list":["post-66431","page","type-page","status-publish","hentry"],"acf":[],"_links":{"self":[{"href":"https:\/\/cosyowl.com\/de_at\/wp-json\/wp\/v2\/pages\/66431","targetHints":{"allow":["GET"]}}],"collection":[{"href":"https:\/\/cosyowl.com\/de_at\/wp-json\/wp\/v2\/pages"}],"about":[{"href":"https:\/\/cosyowl.com\/de_at\/wp-json\/wp\/v2\/types\/page"}],"author":[{"embeddable":true,"href":"https:\/\/cosyowl.com\/de_at\/wp-json\/wp\/v2\/users\/111220"}],"replies":[{"embeddable":true,"href":"https:\/\/cosyowl.com\/de_at\/wp-json\/wp\/v2\/comments?post=66431"}],"version-history":[{"count":0,"href":"https:\/\/cosyowl.com\/de_at\/wp-json\/wp\/v2\/pages\/66431\/revisions"}],"wp:attachment":[{"href":"https:\/\/cosyowl.com\/de_at\/wp-json\/wp\/v2\/media?parent=66431"}],"curies":[{"name":"wp","href":"https:\/\/api.w.org\/{rel}","templated":true}]}}