{"id":4844,"date":"2020-12-18T12:15:48","date_gmt":"2020-12-18T12:15:48","guid":{"rendered":"https:\/\/cosyowl.com\/?page_id=4844"},"modified":"2024-10-02T18:18:45","modified_gmt":"2024-10-02T17:18:45","slug":"uber","status":"publish","type":"page","link":"https:\/\/cosyowl.com\/de_at\/about","title":{"rendered":"\u00dcber uns"},"content":{"rendered":"<p>Hier bei <a href=\"https:\/\/cosyowl.com\/de_at\/\">Kuschelige Eule<\/a> sind wir sehr stolz auf die Vielfalt und <a href=\"https:\/\/cosyowl.com\/de_at\/candle-wicks\/wedo-lx-wick-raw\">Qualit\u00e4t<\/a> der Produkte, die wir f\u00fcr die Kerzenherstellung anbieten. Egal, ob Sie Ihre ersten Gehversuche mit dem Hobby machen oder schon ein echter <a href=\"https:\/\/cosyowl.com\/de_at\/guides\/a-summers-beach-gel-votive-candle\">Kerze<\/a> produzierenden Unternehmen hat Cosy Owl eine riesige Auswahl an Produkten, die Ihren Bed\u00fcrfnissen entsprechen.<\/p>\n<p>Aus einer Vielzahl von <a href=\"https:\/\/cosyowl.com\/de_at\/candle-making-supplies\/fragrance-oils-for-candle-making\/all-fragrances\/honey-fragrance-oil\">nat\u00fcrlich<\/a> Die Cosy Owl hat alles, was Sie f\u00fcr die Herstellung einer Kerze brauchen, egal ob es sich um das kleinste Teelicht oder den gr\u00f6\u00dften Tischschmuck handelt. Neben den Ger\u00e4ten und Materialien, die Sie f\u00fcr die Herstellung von Kerzen ben\u00f6tigen, bietet The Cosy Owl auch eine gro\u00dfe Auswahl an Beh\u00e4ltern f\u00fcr Ihre Kerzen an, darunter Dosen, Gl\u00e4ser und Aluminiumbecher, mit einer ebenso gro\u00dfen Vielfalt an Farben und Formen zur Auswahl.<\/p>\n<p>Wir beziehen unsere Materialien und Produkte nur von Qualit\u00e4tsherstellern, darunter einige der renommiertesten Wachsf\u00e4rber und Dochthersteller, und wir unternehmen gro\u00dfe Anstrengungen, um sicherzustellen, dass alles, was wir verkaufen, sicher und ungiftig ist.<\/p>\n<p>Wenn Sie von der Einstellung der Gesch\u00e4ftst\u00e4tigkeit von Craftovator betroffen sind, k\u00f6nnen Sie <a href=\"https:\/\/cosyowl.com\/de_at\/contact-us\">Kontaktieren Sie uns<\/a> <a href=\"https:\/\/cosyowl.com\/de_at\/leitfaden\/craftovator-aus-dem-geschaft\/?wmc-currency=EUR\">hier um Produktbeschaffung anzufordern<\/a>.<\/p>","protected":false},"excerpt":{"rendered":"<p>Here at Cosy Owl we take great pride in the variety and quality of the products we provide for making candles. Whether you\u2019re making your first furrows into the hobby or are a fully-fledged candle producing business, Cosy Owl has a huge selection of products to meet your needs. From a variety of natural and [&hellip;]<\/p>\n","protected":false},"author":1,"featured_media":0,"parent":0,"menu_order":0,"comment_status":"closed","ping_status":"closed","template":"","meta":{"_acf_changed":false,"footnotes":""},"class_list":["post-4844","page","type-page","status-publish","hentry"],"acf":[],"_links":{"self":[{"href":"https:\/\/cosyowl.com\/de_at\/wp-json\/wp\/v2\/pages\/4844","targetHints":{"allow":["GET"]}}],"collection":[{"href":"https:\/\/cosyowl.com\/de_at\/wp-json\/wp\/v2\/pages"}],"about":[{"href":"https:\/\/cosyowl.com\/de_at\/wp-json\/wp\/v2\/types\/page"}],"author":[{"embeddable":true,"href":"https:\/\/cosyowl.com\/de_at\/wp-json\/wp\/v2\/users\/1"}],"replies":[{"embeddable":true,"href":"https:\/\/cosyowl.com\/de_at\/wp-json\/wp\/v2\/comments?post=4844"}],"version-history":[{"count":0,"href":"https:\/\/cosyowl.com\/de_at\/wp-json\/wp\/v2\/pages\/4844\/revisions"}],"wp:attachment":[{"href":"https:\/\/cosyowl.com\/de_at\/wp-json\/wp\/v2\/media?parent=4844"}],"curies":[{"name":"wp","href":"https:\/\/api.w.org\/{rel}","templated":true}]}}