{"id":4796,"date":"2020-12-16T02:21:45","date_gmt":"2020-12-16T02:21:45","guid":{"rendered":"https:\/\/cosyowl.com\/?page_id=4796"},"modified":"2024-05-15T23:21:52","modified_gmt":"2024-05-15T22:21:52","slug":"groshandel-kerzenherstellung-lieferungen","status":"publish","type":"page","link":"https:\/\/cosyowl.com\/de_at\/wholesale-candle-making-supplies","title":{"rendered":"Gro\u00dfhandel Kerzenherstellung Zubeh\u00f6r"},"content":{"rendered":"<link rel='stylesheet' href='\/wp-content\/themes\/shoptimizer-child-theme\/wholesale.css' type='text\/css' media='all' \/>\r\n\r\n<div class=\"section1\">\r\n\t<h2>Cosy Owl freut sich \u00fcber den Start unserer Gro\u00dfhandelseinrichtung f\u00fcr Kerzen<\/h2>\r\n\t<p>Exklusiv f\u00fcr gewerbliche Kunden bieten wir jetzt ma\u00dfgeschneiderte Preise und Kontoverwaltung f\u00fcr unsere regelm\u00e4\u00dfigen gewerblichen Kunden<\/p>\r\n<\/div>\r\n\r\n<div class=\"section2\">\r\n\t<p>Nach dem einfachen Prinzip: Je mehr Sie ausgeben, desto mehr Rabatt erhalten Sie <a href=\"https:\/\/cosyowl.com\/de_at\/shop\">alle Produkte<\/a>. ABER wichtig ist, dass unsere erm\u00e4\u00dfigten Gro\u00dfhandelspreise konstant bleiben, egal wie viel Sie mit jedem Platz <a href=\"https:\/\/cosyowl.com\/de_at\/checkout\">Bestellung<\/a> oder wie viele Sie von jedem Produkt kaufen.<\/p>\r\n\t<p>So k\u00f6nnen Sie sich auf eine einheitliche Kostenbasis f\u00fcr Ihr Unternehmen verlassen, egal ob Sie 1 oder <a href=\"https:\/\/cosyowl.com\/de_at\/candle-making-supplies\/tools-equipment\/glue-dots-pack-of-1000\">1000<\/a> Positionen in einem Auftrag.<\/p>\r\n\t<p>Als gesch\u00e4tzter Handel <a href=\"https:\/\/cosyowl.com\/de_at\/communication-preferences\">Kunde<\/a> Sie erhalten au\u00dferdem ein spezielles Kontomanagement, exklusiven Erstzugang zu neuen Produkten, Mitgliedervorteile und Werbung f\u00fcr Ihr Unternehmen \u00fcber unseren Blog und die sozialen Medien.<\/p>\r\n<\/div>\r\n\r\n<div class=\"section3\">\r\n<ul>\r\n\t<li class=\"item1\">Personalisierte Rabatte auf der gesamten Website, basierend auf den Gesamtausgaben - nicht auf den Ausgaben pro Bestellung oder pro Produkt<\/li>\r\n\t<li class=\"item2\">Dedizierter Kundenbetreuer<\/li>\r\n\t<li class=\"item3\">Sie erhalten immer den vereinbarten Rabatt, egal wie viel Sie auf einmal bestellen<\/li>\r\n\t<li class=\"item4\">Erh\u00f6hen Sie Ihre Rabatte, wenn Ihr Unternehmen w\u00e4chst und die Ausgaben bei uns steigen<\/li>\r\n\t<li class=\"item5\">Rabatte, die auf den Gesamtausgaben und nicht auf der Menge der einzelnen Auftr\u00e4ge basieren = einheitliche Kostenbasis f\u00fcr Ihr Unternehmen<\/li>\r\n\t<li class=\"item6\">Exklusiver erster Zugang zu neuen Produkten und Funktionen<\/li>\r\n\t<li class=\"item7\">Erm\u00e4\u00dfigungen auch bei <a href=\"https:\/\/cosyowl.com\/de_at\/wholesale-store\">Masse<\/a> Einkaufspreise<\/li>\r\n\t<li class=\"item8\">Nutzen Sie uns, um f\u00fcr Ihr Unternehmen zu werben - wir werben f\u00fcr unsere gewerblichen Kunden in den sozialen Medien und in unserem Blog<\/li>\r\n<\/ul>\r\n<br class=\"clearBoth\" \/>\r\n<\/div>\r\n\r\n<div class=\"section4\"><\/div>\r\n\r\n<div class=\"section5\">\r\n\t<div class=\"zigzag\"><\/div>\r\n\t<a name=\"apply\"><\/a>\r\n\t<h2>So werden Sie Cosy Owl-Kunde<\/h2>\r\n\t\r\n\t<div class=\"flowchart\">\r\n\t\t<div class=\"flowchart1\">\r\n\t\t\t<h3>Sie sind bereits Kunde?<\/h3>\r\n\t\t\t<img decoding=\"async\" src=\"https:\/\/cosyowl.com\/wp-content\/uploads\/design\/owl-avatar-winking-200.png\" alt=\"Gem\u00fctliche Eule Avatar\" title=\"\">\r\n\t\t\t<p>Ein Kundenbetreuer wird Ihr Konto \u00fcberpr\u00fcfen und sobald Sie in zwei aufeinanderfolgenden Monaten mehr als 150 \u00a3 pro Monat ausgegeben haben, wird er Sie in eine entsprechende Rabattstufe einordnen und Sie zur Best\u00e4tigung kontaktieren. Denken Sie daran: Je mehr Sie ausgeben, desto besser wird die Rabattstufe.<\/p>\r\n\t\t<\/div>\r\n\t\t\r\n\t\t<div class=\"flowchart2\">\r\n\t\t\t<h3>Neue Kuscheleule?<\/h3>\r\n\t\t\t<img decoding=\"async\" src=\"https:\/\/cosyowl.com\/wp-content\/uploads\/design\/owl-avatar-looking-up-200.png\" alt=\"Gem\u00fctliche Eule Avatar\" title=\"\">\r\n\t\t\t<p class=\"wholesale-button\"><a href=\"\/de_at\/konto\/?wmc-currency=EUR\">Klicken Sie hier, um sich zu registrieren.<\/a><\/p>\r\n\t\t\t<p>F\u00fcllen Sie das Anmeldeformular aus. Kreuzen Sie \"Sind Sie ein gewerblicher Kunde?\" an und machen Sie Angaben zu den gesch\u00e4tzten monatlichen Ausgaben. Formular abschicken.<\/p>\r\n\t\t\t<p>Sobald Sie in zwei aufeinanderfolgenden Monaten Bestellungen im Wert von 150 \u20ac oder mehr pro Monat get\u00e4tigt haben, wird sich ein Kundenbetreuer mit Ihnen in Verbindung setzen und Ihre Rabattstaffel einrichten. Je mehr Sie ausgeben, desto besser wird die Rabattstaffelung sein.<\/p>\r\n\t\t<\/div>\r\n\t\t\r\n\t\t<div class=\"flowchart3\">\t\t\r\n\t\t\t<p><b>Nach der Einrichtung<\/b> <br\/>Jedes Mal, wenn Sie sich einloggen, sehen Sie Ihre erm\u00e4\u00dfigten Preise f\u00fcr alle Produkte.<\/p>\r\n\t\t<\/div>\r\n\t<\/div>\r\n<\/div>\r\n\r\n<div class=\"section4\"><\/div>","protected":false},"excerpt":{"rendered":"<p>Cosy Owl are delighted to launch our wholesale candle supplies facility Exclusively for trade customers, we now offer tailor made pricing and account management for our regular trade customers Based on the simple principle of the more you spend the more discount you get across all products. BUT importantly our discounted wholesale prices remain constant [&hellip;]<\/p>\n","protected":false},"author":10,"featured_media":0,"parent":0,"menu_order":0,"comment_status":"closed","ping_status":"closed","template":"template-fullwidth.php","meta":{"_acf_changed":false,"footnotes":""},"class_list":["post-4796","page","type-page","status-publish","hentry"],"acf":[],"_links":{"self":[{"href":"https:\/\/cosyowl.com\/de_at\/wp-json\/wp\/v2\/pages\/4796","targetHints":{"allow":["GET"]}}],"collection":[{"href":"https:\/\/cosyowl.com\/de_at\/wp-json\/wp\/v2\/pages"}],"about":[{"href":"https:\/\/cosyowl.com\/de_at\/wp-json\/wp\/v2\/types\/page"}],"author":[{"embeddable":true,"href":"https:\/\/cosyowl.com\/de_at\/wp-json\/wp\/v2\/users\/10"}],"replies":[{"embeddable":true,"href":"https:\/\/cosyowl.com\/de_at\/wp-json\/wp\/v2\/comments?post=4796"}],"version-history":[{"count":0,"href":"https:\/\/cosyowl.com\/de_at\/wp-json\/wp\/v2\/pages\/4796\/revisions"}],"wp:attachment":[{"href":"https:\/\/cosyowl.com\/de_at\/wp-json\/wp\/v2\/media?parent=4796"}],"curies":[{"name":"wp","href":"https:\/\/api.w.org\/{rel}","templated":true}]}}