{"id":3,"date":"2020-10-31T22:54:05","date_gmt":"2020-10-31T22:54:05","guid":{"rendered":"https:\/\/cosyowl.com\/?page_id=3"},"modified":"2023-06-29T12:18:39","modified_gmt":"2023-06-29T11:18:39","slug":"privacy-policy","status":"publish","type":"page","link":"https:\/\/cosyowl.com\/de_at\/privacy","title":{"rendered":"Datenschutzbestimmungen"},"content":{"rendered":"<p><a href=\"https:\/\/cosyowl.com\/de_at\/\">Willkommen<\/a> zu Cosy Owl. Cosy Owl unterh\u00e4lt diese Website (die \"Website\") f\u00fcr Ihren pers\u00f6nlichen Gebrauch und bietet Informationen \u00fcber unsere Produkte und Dienstleistungen. Cosy Owl respektiert die Datenschutzbedenken der Nutzer der Website und hat diese Datenschutzrichtlinie erstellt. <a href=\"https:\/\/cosyowl.com\/de_at\/candle-making-supplies\/candle-containers\/candle-glasses\/glass-candle-container-100cl-classic-jar-with-lid\">Anweisung<\/a> um zu erkl\u00e4ren, welche Informationen wir aus Ihrem Besuch auf der Website sammeln und wie diese Informationen verwendet werden k\u00f6nnen. Cosy Owl ist gem\u00e4\u00df der Allgemeinen Datenschutzverordnung registriert, die im Mai 2018 in Kraft getreten ist.<\/p>\n<h2>Sammlung und Verwendung von Informationen<\/h2>\n<p>Als allgemeine <a href=\"https:\/\/cosyowl.com\/de_at\/shippinginfo\">Politik<\/a>Auf dieser Website werden keine personenbezogenen Daten wie Ihr Name, Ihre Adresse, Ihre Telefonnummer(n) oder Ihre E-Mail-Adresse abgefragt oder erfasst. Wenn Sie jedoch auf dieser Website Waren kaufen oder ein Konto einrichten m\u00f6chten, werden Sie aufgefordert, uns bestimmte personenbezogene Daten wie Ihren Namen, Ihre Wohn- oder Postanschrift, Ihre Telefonnummer(n) oder Ihre E-Mail-Adresse mitzuteilen. Pers\u00f6nlich identifizierbare Informationen werden nicht verkauft und ohne Ihre Zustimmung nicht an Dritte weitergegeben.<\/p>\n<p>Aus rechtlichen Gr\u00fcnden speichern wir den Inhalt des Vertrages \u00fcber den Verkauf von Waren und \u00fcbermitteln Ihnen die Angaben zu Ihrer <a href=\"https:\/\/cosyowl.com\/de_at\/checkout\">Bestellung<\/a> sowie unsere allgemeinen Gesch\u00e4ftsbedingungen per E-Mail. Sie finden die <a href=\"https:\/\/cosyowl.com\/de_at\/bedingungen\/?wmc-currency=EUR\">Verkaufsbedingungen<\/a> auf der Website. Die Details zu Ihren letzten Bestellungen finden Sie in Ihrem <a href=\"https:\/\/cosyowl.com\/de_at\/konto\/?wmc-currency=EUR\">Kunden-Login<\/a> oder durch <a href=\"https:\/\/cosyowl.com\/de_at\/kontaktieren-sie-uns\/?wmc-currency=EUR\">Kontaktaufnahme mit uns<\/a> mit anderen Mitteln.<\/p>\n<p>Ihre pers\u00f6nlichen Daten werden verwendet, um Ihnen die auf der Website angebotenen Informationen, Waren und Dienstleistungen zur Verf\u00fcgung zu stellen, sowie f\u00fcr die Rechnungsstellung und Auftragsabwicklung. Dar\u00fcber hinaus werden Ihre Daten, wie z. B. Ihre E-Mail-Adresse, von Cosy Owl nur f\u00fcr Marketingzwecke verwendet, um Sie \u00fcber Angebote und Deals zu informieren, die Sie interessieren k\u00f6nnten, wenn Sie sich f\u00fcr den angebotenen Newsletter anmelden. Bitte beachten Sie, dass Sie sich freiwillig anmelden m\u00fcssen, da diese Option nicht standardm\u00e4\u00dfig angeboten wird. Wir geben Ihre Daten niemals an Dritte weiter, es sei denn, dies ist f\u00fcr die Auftragsabwicklung erforderlich, um <a href=\"https:\/\/cosyowl.com\/de_at\/pbf-representative-example\">Beispiel<\/a> wenn ein Kurierdienst Ihren Namen, Ihre Adresse und manchmal auch Ihre Telefonnummer ben\u00f6tigt, um die von Ihnen bei uns bestellten Waren zu liefern.<\/p>\n<p>Bitte z\u00f6gern Sie nicht <a href=\"https:\/\/cosyowl.com\/de_at\/kontaktieren-sie-uns\/?wmc-currency=EUR\">Kontaktieren Sie uns<\/a> wenn Sie n\u00e4here Informationen dar\u00fcber w\u00fcnschen, welche Daten bei uns gespeichert sind und\/oder wenn Sie m\u00f6chten, dass wir Ihre Daten aus unserem System l\u00f6schen. Informationen, die sich direkt auf Kundenauftr\u00e4ge beziehen, k\u00f6nnen nicht gel\u00f6scht werden, da diese Auftr\u00e4ge vom Unternehmen aus buchhalterischen Gr\u00fcnden aufbewahrt werden m\u00fcssen (f\u00fcr einen Zeitraum von 7 Jahren). Bitte rechnen Sie mit einer Frist von bis zu f\u00fcnf Arbeitstagen f\u00fcr die L\u00f6schung der Daten (obwohl dies normalerweise auch fr\u00fcher m\u00f6glich ist).<\/p>\n<p>Sie haben das Recht, eine Kopie aller Informationen zu erhalten, die Cosy Owl \u00fcber Sie gespeichert hat - es kann eine Geb\u00fchr von \u00a310,00 erhoben werden, um die Verwaltungskosten zu decken, die mit dem Sammeln und Versenden dieser Informationen an Sie verbunden sind.<\/p>\n<p>Wenn Sie eine Beschwerde \u00fcber die Speicherung und Verarbeitung von Informationen \u00fcber Sie haben,\u00a0<a href=\"https:\/\/www.cosyowl.com\/index.php?main_page=contact_us\">nehmen Sie bitte zun\u00e4chst Kontakt mit uns auf<\/a>\u00a0und wir sind sicher, dass wir Ihre Beschwerde unverz\u00fcglich und zu Ihrer Zufriedenheit l\u00f6sen k\u00f6nnen. In dem unwahrscheinlichen Fall, dass wir dazu nicht in der Lage sind, k\u00f6nnen Sie sich mit Ihrer Beschwerde an das ICO (Information Commissioner's Office) wenden - die Kontaktdaten finden Sie unter\u00a0<a href=\"https:\/\/ico.org.uk\/\" target=\"_blank\" rel=\"noopener\">https:\/\/ico.org.uk\/<\/a>. Die ICO wird sich dann mit Cosy Owl in Verbindung setzen und eine geeignete Vorgehensweise zur Bearbeitung Ihrer Beschwerde empfehlen.<\/p>\n<h2>Ihre Rechte<\/h2>\n<p>Als betroffene Person haben Sie die folgenden Rechte gem\u00e4\u00df:<\/p>\n<ul>\n<li>Art. 15 GDPR, das Recht, Informationen \u00fcber Ihre pers\u00f6nlichen Daten zu erhalten, die wir in dem dort beschriebenen Umfang verarbeiten;<\/li>\n<li>Art. 16 GDPR das Recht, unverz\u00fcglich die Berichtigung unrichtiger oder unvollst\u00e4ndiger personenbezogener Daten, die bei uns gespeichert sind, zu verlangen;<\/li>\n<li>Art. 17 GDPR das Recht, die L\u00f6schung Ihrer bei uns gespeicherten personenbezogenen Daten zu verlangen, sofern keine weitere Verarbeitung erforderlich ist;\n<ul>\n<li>das Recht auf freie Meinungs\u00e4u\u00dferung und Informationsfreiheit auszu\u00fcben;<\/li>\n<li>f\u00fcr die Einhaltung der gesetzlichen Verpflichtung;<\/li>\n<li>aus Gr\u00fcnden des \u00f6ffentlichen Interesses oder<\/li>\n<li>zur Begr\u00fcndung, Geltendmachung oder Verteidigung von Rechtsanspr\u00fcchen;<\/li>\n<\/ul>\n<\/li>\n<li>Art. 18 GDPR das Recht, die Einschr\u00e4nkung der Verarbeitung Ihrer personenbezogenen Daten zu verlangen, sofern\n<ul>\n<li>die Richtigkeit der Daten von Ihnen bestritten wird;<\/li>\n<li>die Verarbeitung rechtswidrig ist, Sie aber ihre L\u00f6schung ablehnen;<\/li>\n<li>wir die Daten nicht mehr ben\u00f6tigen, Sie sie aber zur Begr\u00fcndung, Aus\u00fcbung oder Verteidigung von Rechtsanspr\u00fcchen ben\u00f6tigen oder<\/li>\n<li>Sie haben gem\u00e4\u00df Art. 21 DSGVO Widerspruch gegen die Verarbeitung eingelegt. 21 GDPR EINGELEGT;<\/li>\n<\/ul>\n<\/li>\n<li>Art. 20 DSGVO das Recht, Ihre personenbezogenen Daten, die Sie uns zur Verf\u00fcgung gestellt haben, in einem strukturierten, g\u00e4ngigen und maschinenlesbaren Format zu erhalten oder deren \u00dcbermittlung an einen anderen Verantwortlichen zu verlangen;<\/li>\n<li>Art. 77 DSGVO, das Recht auf Beschwerde bei einer Aufsichtsbeh\u00f6rde.  In der Regel k\u00f6nnen Sie sich an die Aufsichtsbeh\u00f6rde an Ihrem gew\u00f6hnlichen Wohnsitz oder Arbeitsplatz oder an unserem Firmensitz wenden.<\/li>\n<\/ul>\n<h2>Sicherheit<\/h2>\n<p>Die Sicherheit aller pers\u00f6nlich identifizierbaren Informationen ist f\u00fcr uns von gr\u00f6\u00dfter Bedeutung. Aus diesem Grund verwenden wir die neueste SSL (Secure Socket Layer) Verschl\u00fcsselungstechnologie. Leider kann bei keiner Daten\u00fcbertragung \u00fcber das Internet garantiert werden, dass sie 100% sicher ist. Obwohl wir uns bem\u00fchen, Ihre pers\u00f6nlichen Daten zu sch\u00fctzen, kann Cosy Owl die Sicherheit der Daten, die Sie uns \u00fcbermitteln, nicht gew\u00e4hrleisten oder garantieren. Sobald wir Ihre \"\u00dcbermittlung\" (die uns zur Verf\u00fcgung gestellten Informationen) erhalten haben, unternehmen wir alle m\u00f6glichen Anstrengungen, um deren Sicherheit in unseren Systemen zu gew\u00e4hrleisten.<\/p>\n<h2>Altersgerechter Zugang<\/h2>\n<p>Diese Website ist weder an Personen unter 18 Jahren gerichtet noch auf sie ausgerichtet.<\/p>\n<h2>Cookies<a name=\"cookies\"><\/a><\/h2>\n<p>Cookies sind Informationen, die von einer Website \u00fcbertragen und auf Ihrem Computer\/Ger\u00e4t zu Aufzeichnungszwecken gespeichert werden. Cookies k\u00f6nnen uns mitteilen, welche Teile der Website Sie besuchen und wie lange Sie sich dort aufhalten, so dass wir die Website auf die Pr\u00e4ferenzen unserer bestehenden und zuk\u00fcnftigen Kunden abstimmen k\u00f6nnen. Einige Cookies werden nach dem Schlie\u00dfen der Browser-Sitzung gel\u00f6scht (Sitzungs-Cookies), w\u00e4hrend andere Cookies auf Ihrem Ger\u00e4t gespeichert werden und es uns erm\u00f6glichen, Sie bei Ihrem n\u00e4chsten Besuch wiederzuerkennen (dauerhafte Cookies).\u00a0<b>Cookies enthalten keine pers\u00f6nlich identifizierbaren Informationen<\/b>. Im Folgenden werden die Arten von Cookies aufgef\u00fchrt, die auf einer Website verwendet werden k\u00f6nnen:<\/p>\n<ul>\n<li><b>Streng notwendige Cookies:<\/b>\u00a0Dies sind Cookies, die f\u00fcr den Betrieb einer Website unerl\u00e4sslich sind. Dazu geh\u00f6ren Cookies, die es Ihnen erm\u00f6glichen, sich in sichere Bereiche einer Website einzuloggen oder einen Warenkorb zu verwenden.<\/li>\n<li><b>Analytische\/Leistungs-Cookies:<\/b>\u00a0Diese Cookies erm\u00f6glichen es uns, die Anzahl der Besucher einer Website zu erkennen und zu z\u00e4hlen und zu sehen, wie sich die Besucher auf der Website bewegen, wenn sie sie nutzen. Dies hilft uns, die Funktionsweise einer Website zu verbessern, indem wir z. B. sicherstellen, dass die Nutzer leicht finden, wonach sie suchen.<\/li>\n<li><b>Funktionale Cookies:<\/b>\u00a0Diese Cookies werden verwendet, um Sie zu erkennen, wenn Sie auf eine Website zur\u00fcckkehren. Dies erm\u00f6glicht es uns, Inhalte f\u00fcr Sie zu personalisieren, Sie mit Ihrem Namen zu begr\u00fc\u00dfen und Ihre Pr\u00e4ferenzen zu speichern (z. B. Ihre Wahl der Sprache oder Region).<\/li>\n<li><b>Zielgerichtete Cookies:<\/b>\u00a0Diese Cookies speichern Ihren Besuch auf einer Website, die Seiten, die Sie besucht haben, und die Links, denen Sie gefolgt sind. Diese Informationen werden verwendet, um eine Website und die darauf angezeigte Werbung besser auf Ihre Interessen abzustimmen. Diese Informationen k\u00f6nnen zu diesem Zweck auch an Dritte weitergegeben werden.<\/li>\n<\/ul>\n<p>Weitere Informationen \u00fcber die einzelnen Cookies, die wir verwenden, und die Zwecke, f\u00fcr die wir sie einsetzen, finden Sie in der nachstehenden Tabelle:<\/p>\n<table class=\"bordered\">\n<tbody>\n<tr>\n<th>Keks<\/th>\n<th>Typ<\/th>\n<th>Zweck<\/th>\n<th>Verfallsdatum<\/th>\n<\/tr>\n<tr>\n<td>zenid<\/td>\n<td>Streng Notwendig<\/td>\n<td>Wird verwendet, um Artikel im Einkaufskorb zu behalten und den Abschluss eines Kaufs zu erm\u00f6glichen<\/td>\n<td>Ende der Browser-Sitzung<\/td>\n<\/tr>\n<tr>\n<td>_ga<\/td>\n<td>Leistung<\/td>\n<td>Wird zur Unterscheidung der Nutzer verwendet (Google Analytics)<\/td>\n<td>2 Jahre<\/td>\n<\/tr>\n<tr>\n<td>_gid<\/td>\n<td>Leistung<\/td>\n<td>Wird zur Unterscheidung der Nutzer verwendet (Google Analytics)<\/td>\n<td>24 Stunden<\/td>\n<\/tr>\n<tr>\n<td>_gat<\/td>\n<td>Leistung<\/td>\n<td>Dient zur Drosselung der Anfragerate (Google Analytics)<\/td>\n<td>1 Minute<\/td>\n<\/tr>\n<tr>\n<td>__utma<\/td>\n<td>Leistung<\/td>\n<td>Wird zur Unterscheidung der Nutzer verwendet (Google Analytics)<\/td>\n<td>2 Jahre<\/td>\n<\/tr>\n<tr>\n<td>__utmb<\/td>\n<td>Leistung<\/td>\n<td>Wird verwendet, um neue Sitzungen\/Besuche zu ermitteln (Google Analytics)<\/td>\n<td>30 Min.<\/td>\n<\/tr>\n<tr>\n<td>__utmt<\/td>\n<td>Leistung<\/td>\n<td>Dient zur Drosselung der Anfragerate (Google Analytics)<\/td>\n<td>10 Min.<\/td>\n<\/tr>\n<tr>\n<td>__utmz<\/td>\n<td>Leistung<\/td>\n<td>Speichert die Traffic-Quelle oder die Kampagne, die erkl\u00e4rt, wie der Nutzer auf die Website gelangt ist (Google Analytics)<\/td>\n<td>6 Monate<\/td>\n<\/tr>\n<tr>\n<td>gwcc<\/td>\n<td>Leistung<\/td>\n<td>Verfolgt alle Anrufumwandlungen auf mobilen Ger\u00e4ten, z. B. wenn ein Kunde auf eine Telefonnummer klickt (Google)<\/td>\n<td><a href=\"https:\/\/cosyowl.com\/de_at\/candle-making-supplies\/candle-containers\/other-containers\/wax-melt-christmas-tree-mould-3\">3<\/a> Monate<\/td>\n<\/tr>\n<tr>\n<td>__zlcmid<\/td>\n<td>Funktionsweise<\/td>\n<td><a href=\"https:\/\/cosyowl.com\/de_at\/guides\/multi-wick-candles-tutorial-and-live-chat\">Live-Chat<\/a> Widget (ZopIM)<\/td>\n<td>1 Jahr<\/td>\n<\/tr>\n<\/tbody>\n<\/table>\n<p>&nbsp;<\/p>\n<p><b>Aktivieren\/Deaktivieren von Cookies:<\/b>\u00a0Verschiedene Browser erm\u00f6glichen es Ihnen auf unterschiedliche Weise, Cookies zu aktivieren oder zu l\u00f6schen oder die Arten von Cookies zu beschr\u00e4nken, die auf Ihrem Computer gespeichert werden k\u00f6nnen. Bei der Wahl Ihres Browsers (z. B. Google Chrome oder Safari) sollten Sie darauf achten, welcher Ihren Datenschutzpr\u00e4ferenzen am besten entspricht. Zur \u00dcberpr\u00fcfung der <a href=\"https:\/\/cosyowl.com\/de_at\/communication-preferences\">Einstellungen<\/a> Verwenden Sie in einem Browser die Registerkarte \"Hilfe\" oder suchen Sie unter \"Extras\" nach Einstellungen wie \"Optionen\" oder \"Datenschutz\". Dort k\u00f6nnen Sie m\u00f6glicherweise Cookies l\u00f6schen oder festlegen, wann sie platziert werden k\u00f6nnen.<\/p>\n<h2>Links zu nicht angegliederten Seiten<\/h2>\n<p>Cosy Owl ist nicht verantwortlich f\u00fcr den Inhalt oder die Praktiken von nicht angeschlossenen Websites Dritter, die mit dieser Website verlinkt sind oder von dieser Website aus aufgerufen werden k\u00f6nnen. Es wird empfohlen, dass Sie beim Besuch von Websites nicht angeschlossener Dritter die jeweiligen Datenschutzrichtlinien und -praktiken dieser Websites lesen, bevor Sie Inhalte ansehen oder Waren oder Dienstleistungen erwerben, die mit der Website des Dritten verbunden sind.<\/p>\n<h2>Zustimmung zur Aufbewahrung und Verarbeitung personenbezogener Daten<\/h2>\n<p>Durch die Nutzung dieser Website erkl\u00e4ren Sie sich eindeutig mit der Verarbeitung Ihrer pers\u00f6nlichen Daten im Zusammenhang mit dem Kauf unserer Waren im Vereinigten K\u00f6nigreich durch Cosy Owl einverstanden. Wir m\u00f6chten Sie daran erinnern, dass Sie jederzeit Auskunft dar\u00fcber verlangen k\u00f6nnen, welche Daten von Cosy Owl gespeichert und verwendet werden, und dass Sie Ihre Zustimmung zum Zugriff auf diese Daten und deren Verwendung jederzeit widerrufen k\u00f6nnen. Bitte beachten Sie, dass alle Informationen im Zusammenhang mit dem <a href=\"https:\/\/cosyowl.com\/de_at\/finance-referred\">Zahlung<\/a> f\u00fcr Waren, die Sie bei Cosy Owl gekauft haben, werden nicht in unserem Computersystem oder in Papierform gespeichert. Diese Informationen werden nur an dem Punkt verwendet, an dem der Verkauf stattfindet.<\/p>\n<h2>E-Mail-Marketing<\/h2>\n<p>E-Mail-Werbung, wenn Sie sich f\u00fcr den Newsletter anmelden. Wenn Sie unseren Newsletter abonnieren, senden wir Ihnen regelm\u00e4\u00dfig unseren E-Mail-Newsletter auf Grundlage Ihrer Einwilligung gem\u00e4\u00df Art. 6 Abs. 1 Nr. 1 lit. a) GDPR regelm\u00e4\u00dfig unseren E-Mail-Newsletter zu, wobei wir die hierf\u00fcr erforderlichen oder von Ihnen gesondert abgelehnten Daten verwenden. Sie k\u00f6nnen den Newsletter-Service jederzeit wieder abbestellen.  Hierzu k\u00f6nnen Sie entweder eine Nachricht an die oben genannte Kontaktm\u00f6glichkeit senden oder den Abmeldelink im Newsletter nutzen.  Mit der Abmeldung l\u00f6schen wir Ihre E-Mail-Adresse, es sei denn, Sie haben in die weitere Nutzung Ihrer Daten ausdr\u00fccklich eingewilligt oder wir behalten uns vor, Ihre personenbezogenen Daten in dem Umfang und auf die Art und Weise weiterzuverwenden, wie es das Gesetz vorsieht und wor\u00fcber wir Sie in diesem Hinweis informieren.<\/p>\n<h2>Kontakt<\/h2>\n<p>Wenn Sie etwas haben <a href=\"https:\/\/cosyowl.com\/de_at\/guides\/faq\">Fragen<\/a> oder Bedenken bez\u00fcglich dieser Datenschutzerkl\u00e4rung, der allgemeinen Praktiken von Cosy Owl oder Ihrer Interaktion mit der Website haben, z\u00f6gern Sie bitte nicht, sich an <a href=\"https:\/\/cosyowl.com\/de_at\/kontaktieren-sie-uns\/?wmc-currency=EUR\">Kontaktieren Sie uns<\/a> per E-Mail, telefonisch oder schriftlich an uns. Wir freuen uns \u00fcber alle Vorschl\u00e4ge, die Sie machen m\u00f6chten.<\/p>\n<h2>Ihr Einverst\u00e4ndnis mit diesen Bedingungen<\/h2>\n<p>Indem Sie diese Website in irgendeiner Weise nutzen, erkl\u00e4ren Sie sich mit den Datenschutzbestimmungen dieses Unternehmens einverstanden. Wenn Sie mit dieser Politik nicht einverstanden sind, k\u00f6nnen Sie nach eigenem Ermessen von K\u00e4ufen absehen. Cosy Owl beh\u00e4lt sich das Recht vor, diese Richtlinie jederzeit zu \u00e4ndern oder auf andere Weise zu aktualisieren; daher werden Sie aufgefordert, diese Richtlinie von Zeit zu Zeit zu \u00fcberpr\u00fcfen, wenn Sie es f\u00fcr notwendig halten, bevor oder wenn Sie Eink\u00e4ufe t\u00e4tigen. Ihre fortgesetzte Nutzung der Website nach der Ver\u00f6ffentlichung von \u00c4nderungen an diesen Bedingungen bedeutet, dass Sie diese \u00c4nderungen akzeptieren.<\/p>","protected":false},"excerpt":{"rendered":"<p>Welcome to Cosy Owl. Cosy Owl maintains this site (the &#8220;Site&#8221;) for your personal use, providing information regarding our products and services. Cosy Owl respects the privacy concerns of the users of the Site and has created this privacy statement to explain what information we gather from your visit to the Site, and how such [&hellip;]<\/p>\n","protected":false},"author":1,"featured_media":0,"parent":0,"menu_order":0,"comment_status":"closed","ping_status":"open","template":"","meta":{"_acf_changed":false,"footnotes":""},"class_list":["post-3","page","type-page","status-publish","hentry"],"acf":[],"_links":{"self":[{"href":"https:\/\/cosyowl.com\/de_at\/wp-json\/wp\/v2\/pages\/3","targetHints":{"allow":["GET"]}}],"collection":[{"href":"https:\/\/cosyowl.com\/de_at\/wp-json\/wp\/v2\/pages"}],"about":[{"href":"https:\/\/cosyowl.com\/de_at\/wp-json\/wp\/v2\/types\/page"}],"author":[{"embeddable":true,"href":"https:\/\/cosyowl.com\/de_at\/wp-json\/wp\/v2\/users\/1"}],"replies":[{"embeddable":true,"href":"https:\/\/cosyowl.com\/de_at\/wp-json\/wp\/v2\/comments?post=3"}],"version-history":[{"count":0,"href":"https:\/\/cosyowl.com\/de_at\/wp-json\/wp\/v2\/pages\/3\/revisions"}],"wp:attachment":[{"href":"https:\/\/cosyowl.com\/de_at\/wp-json\/wp\/v2\/media?parent=3"}],"curies":[{"name":"wp","href":"https:\/\/api.w.org\/{rel}","templated":true}]}}