{"id":1331,"date":"2020-12-09T09:12:07","date_gmt":"2020-12-09T09:12:07","guid":{"rendered":"https:\/\/cosyowl.com\/pbf-representative-example\/"},"modified":"2020-12-09T09:12:07","modified_gmt":"2020-12-09T09:12:07","slug":"pbf-reprasentatives-beispiel","status":"publish","type":"page","link":"https:\/\/cosyowl.com\/de_at\/pbf-representative-example","title":{"rendered":"PBF Repr\u00e4sentatives Beispiel"},"content":{"rendered":"<p>Repr\u00e4sentatives Beispiel: Barpreis , Anzahlung , Kreditbetrag , % effektiver Jahreszins repr\u00e4sentativ, Zinssatz % fest,  monatliche Tilgungsraten von , Gesamtlaufzeit des Kreditvertrags  Monate, Gesamtkosten des Kredits , Gesamtbetrag der Verbindlichkeiten<\/p>","protected":false},"excerpt":{"rendered":"<p>Repr\u00e4sentatives Beispiel: Barpreis , Anzahlung , Kreditbetrag , % effektiver Jahreszins repr\u00e4sentativ, Zinssatz % fest,  monatliche Tilgungsraten von , Gesamtlaufzeit des Kreditvertrags  Monate, Gesamtkosten des Kredits , Gesamtbetrag der Verbindlichkeiten<\/p>","protected":false},"author":1,"featured_media":0,"parent":0,"menu_order":0,"comment_status":"closed","ping_status":"closed","template":"","meta":{"_acf_changed":false,"footnotes":""},"class_list":["post-1331","page","type-page","status-publish","hentry"],"acf":[],"_links":{"self":[{"href":"https:\/\/cosyowl.com\/de_at\/wp-json\/wp\/v2\/pages\/1331","targetHints":{"allow":["GET"]}}],"collection":[{"href":"https:\/\/cosyowl.com\/de_at\/wp-json\/wp\/v2\/pages"}],"about":[{"href":"https:\/\/cosyowl.com\/de_at\/wp-json\/wp\/v2\/types\/page"}],"author":[{"embeddable":true,"href":"https:\/\/cosyowl.com\/de_at\/wp-json\/wp\/v2\/users\/1"}],"replies":[{"embeddable":true,"href":"https:\/\/cosyowl.com\/de_at\/wp-json\/wp\/v2\/comments?post=1331"}],"version-history":[{"count":0,"href":"https:\/\/cosyowl.com\/de_at\/wp-json\/wp\/v2\/pages\/1331\/revisions"}],"wp:attachment":[{"href":"https:\/\/cosyowl.com\/de_at\/wp-json\/wp\/v2\/media?parent=1331"}],"curies":[{"name":"wp","href":"https:\/\/api.w.org\/{rel}","templated":true}]}}