{"id":1329,"date":"2020-12-09T09:12:04","date_gmt":"2020-12-09T09:12:04","guid":{"rendered":"https:\/\/cosyowl.com\/finance-error\/"},"modified":"2020-12-09T09:12:04","modified_gmt":"2020-12-09T09:12:04","slug":"finanzfehler","status":"publish","type":"page","link":"https:\/\/cosyowl.com\/de_at\/finance-error","title":{"rendered":"Finanzen Fehler"},"content":{"rendered":"<p><script src=\"https:\/\/woo.pbffinancecalculator.info\/shopify\/static\/handback.js\"><\/script><\/p>\n<div class=\"page-head\">\n<h3>Bei der Bearbeitung Ihrer Bewerbung ist ein Fehler aufgetreten<\/h3>\n<\/p><\/div>\n<p><span id=\"error_message\"><\/span><\/p>\n<p>\n\t\t\t\t\t\t\tbitte <a href=\"https:\/\/cosyowl.com\/de_at\/contact-us\">Kontaktieren Sie uns<\/a> wenn Sie weitere Hilfe ben\u00f6tigen.<\/p>\n<p>\t\t\t\t\t\t\t<strong>Ihr <a href=\"https:\/\/cosyowl.com\/de_at\/checkout\">Bestellung<\/a> Nummer ist: <span id=\"order_id\"><\/span><\/strong>.<\/p>\n<p>\t\t\t\t\t\t\tWenn Sie eine Anzahlung geleistet haben, sollten Sie mit einer R\u00fcckerstattung innerhalb von 3 bis 5 Werktagen rechnen. Alternativ k\u00f6nnen Sie den Restbetrag auch telefonisch \u00fcberweisen, indem Sie uns kontaktieren.\n\t\t\t\t\t\t<\/p>","protected":false},"excerpt":{"rendered":"<p>Bei der Bearbeitung Ihres Antrags ist ein Fehler aufgetreten. Bitte kontaktieren Sie uns, wenn Sie weitere Hilfe ben\u00f6tigen. Ihre Auftragsnummer lautet: . Wenn Sie eine Anzahlung geleistet haben, sollten Sie innerhalb von 3-5 Werktagen mit einer R\u00fcckerstattung rechnen. Alternativ k\u00f6nnen Sie den Restbetrag auch telefonisch \u00fcberweisen, indem Sie uns kontaktieren.<\/p>","protected":false},"author":1,"featured_media":0,"parent":0,"menu_order":0,"comment_status":"closed","ping_status":"closed","template":"","meta":{"_acf_changed":false,"footnotes":""},"class_list":["post-1329","page","type-page","status-publish","hentry"],"acf":[],"_links":{"self":[{"href":"https:\/\/cosyowl.com\/de_at\/wp-json\/wp\/v2\/pages\/1329","targetHints":{"allow":["GET"]}}],"collection":[{"href":"https:\/\/cosyowl.com\/de_at\/wp-json\/wp\/v2\/pages"}],"about":[{"href":"https:\/\/cosyowl.com\/de_at\/wp-json\/wp\/v2\/types\/page"}],"author":[{"embeddable":true,"href":"https:\/\/cosyowl.com\/de_at\/wp-json\/wp\/v2\/users\/1"}],"replies":[{"embeddable":true,"href":"https:\/\/cosyowl.com\/de_at\/wp-json\/wp\/v2\/comments?post=1329"}],"version-history":[{"count":0,"href":"https:\/\/cosyowl.com\/de_at\/wp-json\/wp\/v2\/pages\/1329\/revisions"}],"wp:attachment":[{"href":"https:\/\/cosyowl.com\/de_at\/wp-json\/wp\/v2\/media?parent=1329"}],"curies":[{"name":"wp","href":"https:\/\/api.w.org\/{rel}","templated":true}]}}