{"id":1326,"date":"2020-12-09T09:12:00","date_gmt":"2020-12-09T09:12:00","guid":{"rendered":"https:\/\/cosyowl.com\/finance-accepted\/"},"modified":"2020-12-09T09:12:00","modified_gmt":"2020-12-09T09:12:00","slug":"finanzierung-akzeptiert","status":"publish","type":"page","link":"https:\/\/cosyowl.com\/de_at\/finance-accepted","title":{"rendered":"Finanzen Akzeptiert"},"content":{"rendered":"<p>Ich freue mich, Ihnen best\u00e4tigen zu k\u00f6nnen, dass Ihr <a href=\"https:\/\/cosyowl.com\/de_at\/guides\/how-to-use-fragrance-oils\">Anmeldung<\/a> wurde nun angenommen und Ihr <a href=\"https:\/\/cosyowl.com\/de_at\/checkout\">Bestellung<\/a> ist jetzt in unseren Systemen reserviert.<\/p>\n<p>Ihre Bestellung wird jedoch erst dann versandt, wenn Sie entweder Ihre elektronische Unterschrift geleistet haben (sofern angeboten) oder Ihre unterschriebenen Unterlagen an Hitachi Personal Finance an die folgende Adresse zur\u00fcckgeschickt haben:<\/p>\n<ul>\n<li>PaybyFinance<\/li>\n<li>Hitachi Personal Finance<\/li>\n<li>Freiumschlag RRYU-HCAT-JEUG<\/li>\n<li>2 Apex-Ansicht<\/li>\n<li>Leeds, LS11 9BH<\/li>\n<\/ul>\n<p>Falls Sie die Unterlagen noch nicht elektronisch signiert (falls verf\u00fcgbar) oder ausgedruckt und unterschrieben haben, wurde eine E-Mail an die Ihnen zugewiesene E-Mail-Adresse geschickt, damit Sie die Unterlagen so bald wie m\u00f6glich ausf\u00fcllen und zur\u00fccksenden k\u00f6nnen.<\/p>\n<p>In der Zwischenzeit bedanken wir uns bei Ihnen f\u00fcr die Nutzung der Website und freuen uns darauf, auch in Zukunft mit Ihnen Gesch\u00e4fte zu machen.<\/p>","protected":false},"excerpt":{"rendered":"<p>I am delighted to confirm that your application has now been accepted and your order is now reserved in our systems. However your order will not be dispatched until either your e-signature has been completed, if offered, or your signed documentation has been returned to Hitachi Personal Finance at the following address: PaybyFinance Hitachi Personal [&hellip;]<\/p>\n","protected":false},"author":1,"featured_media":0,"parent":0,"menu_order":0,"comment_status":"closed","ping_status":"closed","template":"","meta":{"_acf_changed":false,"footnotes":""},"class_list":["post-1326","page","type-page","status-publish","hentry"],"acf":[],"_links":{"self":[{"href":"https:\/\/cosyowl.com\/de_at\/wp-json\/wp\/v2\/pages\/1326","targetHints":{"allow":["GET"]}}],"collection":[{"href":"https:\/\/cosyowl.com\/de_at\/wp-json\/wp\/v2\/pages"}],"about":[{"href":"https:\/\/cosyowl.com\/de_at\/wp-json\/wp\/v2\/types\/page"}],"author":[{"embeddable":true,"href":"https:\/\/cosyowl.com\/de_at\/wp-json\/wp\/v2\/users\/1"}],"replies":[{"embeddable":true,"href":"https:\/\/cosyowl.com\/de_at\/wp-json\/wp\/v2\/comments?post=1326"}],"version-history":[{"count":0,"href":"https:\/\/cosyowl.com\/de_at\/wp-json\/wp\/v2\/pages\/1326\/revisions"}],"wp:attachment":[{"href":"https:\/\/cosyowl.com\/de_at\/wp-json\/wp\/v2\/media?parent=1326"}],"curies":[{"name":"wp","href":"https:\/\/api.w.org\/{rel}","templated":true}]}}