{"id":11677,"date":"2021-01-20T13:14:08","date_gmt":"2021-01-20T13:14:08","guid":{"rendered":"https:\/\/cosyowl.com\/?page_id=11677"},"modified":"2025-09-03T13:59:56","modified_gmt":"2025-09-03T12:59:56","slug":"free-delivery-2","status":"publish","type":"page","link":"https:\/\/cosyowl.com\/de_at\/free-delivery","title":{"rendered":"Kostenlose Lieferung"},"content":{"rendered":"<p>Wir bieten kostenlosen Versand f\u00fcr Royal Mail- und Kurier-Bestellungen \u00fcber \u00a3250 einschlie\u00dflich Mehrwertsteuer an die meisten britischen Adressen. Die kostenlose Versandoption ist ein Standardservice, der nur bis zu 5 Werktage dauert.<\/p>\n<p>Bedauerlicherweise schlie\u00dft das Angebot des kostenlosen Versands aufgrund ihres Gewichts alle Wachsprodukte und Packungen mit Glaswaren aus. Leider k\u00f6nnen wir auch unseren Kunden in den Gebieten, die als \"Highlands &amp; Islands\" gelten, nicht die volle Ersparnis bei Kuriersendungen anbieten, sondern Sie erhalten nur eine reduzierte Versandgeb\u00fchr.  Das Angebot gilt auch nicht f\u00fcr gro\u00dfe, palettierte Bestellungen an einen beliebigen Ort im Vereinigten K\u00f6nigreich.<\/p>\n<p>Bitte vergewissern Sie sich, dass Sie die Option KOSTENLOSER LIEFERVERSAND unter <a href=\"https:\/\/cosyowl.com\/de_at\/checkout\">Zur Kasse<\/a> da diese nicht r\u00fcckwirkend erstattet werden.<\/p>\n<p>F\u00fcr unsere Kunden in \u00dcbersee bieten wir einen kostenlosen Versand ab einem Bestellwert von 300 \u20ac zzgl. MwSt. TVA\/VAT. Bestellungen in diese L\u00e4nder k\u00f6nnen auch \u00fcber unsere Website aufgegeben werden <a href=\"https:\/\/cosyowl.com\/de_at\/fr\/?wmc-currency=EUR\">Franz\u00f6sisch<\/a> oder <a href=\"https:\/\/cosyowl.com\/de_at\/de\/?wmc-currency=EUR\">Deutsch<\/a> Websites.<\/p>\n<p>Diese kostenlose Versandaktion deckt nur die Kosten f\u00fcr den Versand eines Kurierpakets ab, und in den F\u00e4llen, in denen eine zus\u00e4tzliche Frachtgeb\u00fchr erhoben werden muss, wird ein Mitglied unseres <a href=\"https:\/\/cosyowl.com\/de_at\/contact-us\">Kundenbetreuung<\/a> Team wird sich so schnell wie m\u00f6glich am n\u00e4chsten Arbeitstag per E-Mail bei Ihnen melden.<\/p>","protected":false},"excerpt":{"rendered":"<p>We offer free shipping for Royal Mail and Courier orders over \u00a3250 including VAT, to the majority of UK addresses. The free shipping option is a standard, up to 5 business day service only. Regretably, due to their weight, the free shipping offer excludes any Wax products or Packs of Glassware. We are sadly also [&hellip;]<\/p>\n","protected":false},"author":1,"featured_media":0,"parent":0,"menu_order":0,"comment_status":"closed","ping_status":"closed","template":"","meta":{"_acf_changed":false,"footnotes":""},"class_list":["post-11677","page","type-page","status-publish","hentry"],"acf":[],"_links":{"self":[{"href":"https:\/\/cosyowl.com\/de_at\/wp-json\/wp\/v2\/pages\/11677","targetHints":{"allow":["GET"]}}],"collection":[{"href":"https:\/\/cosyowl.com\/de_at\/wp-json\/wp\/v2\/pages"}],"about":[{"href":"https:\/\/cosyowl.com\/de_at\/wp-json\/wp\/v2\/types\/page"}],"author":[{"embeddable":true,"href":"https:\/\/cosyowl.com\/de_at\/wp-json\/wp\/v2\/users\/1"}],"replies":[{"embeddable":true,"href":"https:\/\/cosyowl.com\/de_at\/wp-json\/wp\/v2\/comments?post=11677"}],"version-history":[{"count":0,"href":"https:\/\/cosyowl.com\/de_at\/wp-json\/wp\/v2\/pages\/11677\/revisions"}],"wp:attachment":[{"href":"https:\/\/cosyowl.com\/de_at\/wp-json\/wp\/v2\/media?parent=11677"}],"curies":[{"name":"wp","href":"https:\/\/api.w.org\/{rel}","templated":true}]}}