{"id":9970,"date":"2021-07-01T12:53:00","date_gmt":"2021-07-01T11:53:00","guid":{"rendered":"https:\/\/cosyowl.com\/de\/product\/unkategorisiert\/import-placeholder-for-tcdl-ccar-bowl-njoj-544"},"modified":"2026-03-03T17:25:26","modified_gmt":"2026-03-03T17:25:26","slug":"jojoba-tragerol","status":"publish","type":"product","link":"https:\/\/cosyowl.com\/de\/materialien-fur-das-handwerk\/seife-selber-machen\/korperbutter\/raffiniertes-jojoba-tragerol","title":{"rendered":"Jojoba Tr\u00e4ger\u00f6l"},"content":{"rendered":"<p>Dieses atemberaubende Jojoba-Tr\u00e4ger\u00f6l ist ein herrlicher Tr\u00e4ger f\u00fcr Ihr \u00e4therisches \u00d6l. Jojoba\u00f6l wird aus den Samen des in Nordamerika beheimateten Jojoba-Busches gewonnen. Dieses \u00d6l hat viele entz\u00fcndungshemmende Eigenschaften, die Ihre Haut ruhig und angenehm halten, w\u00e4hrend der Vitamin B-Komplex zum Schutz und zur Reparatur der Hautbarriere beitr\u00e4gt. Jojoba\u00f6l enth\u00e4lt auch Gadols\u00e4ure, die sicherstellt, dass das \u00d6l die Poren der Haut nicht blockiert und einen freien Sauerstofffluss erm\u00f6glicht.<br \/>\nLagern Sie Ihr Jojoba\u00f6l an einem k\u00fchlen, trockenen Ort bei Raumtemperatur oder wenn Sie einen k\u00e4lteren, festeren \u00d6lspeicher im K\u00fchlschrank bevorzugen.<\/p>\n<p>Bitte beachten Sie, dass es sich um ein kaltgepresstes \u00d6l handelt, das nicht raffiniert wurde. Es ist typisch, dass bei k\u00fchleren Temperaturen die nat\u00fcrlichen Wachse im \u00d6l beginnen sich zu verfestigen, wodurch es tr\u00fcb erscheint und\/oder wachsartige Partikel bildet. Dieses Aussehen hat keinen Einfluss auf die Qualit\u00e4t des \u00d6ls. Durch leichtes Erw\u00e4rmen des \u00d6ls auf Raumtemperatur werden diese Wachse schmelzen und das \u00d6l klar und hell hinterlassen.<\/p>\n<p><strong>Spezifisches Gewicht<\/strong> 20\/25\u00b0<br \/>\n<strong>Brechungsindex<\/strong> 20\/40\u00b0 1.450-1.470<\/p>\n","protected":false},"excerpt":{"rendered":"<p>Dieses atemberaubende Jojoba-Tr\u00e4ger\u00f6l ist ein herrlicher Tr\u00e4ger f\u00fcr Ihr \u00e4therisches \u00d6l. Jojoba\u00f6l wird aus den Samen des in Nordamerika beheimateten Jojoba-Busches gewonnen. Dieses \u00d6l hat viele entz\u00fcndungshemmende Eigenschaften, die Ihre Haut ruhig und angenehm halten, w\u00e4hrend der Vitamin B-Komplex zum Schutz und zur Reparatur der Hautbarriere beitr\u00e4gt. Jojoba\u00f6l enth\u00e4lt auch Gadols\u00e4ure, die sicherstellt, dass das [&hellip;]<\/p>\n","protected":false},"featured_media":20344,"comment_status":"open","ping_status":"closed","template":"","meta":{"_acf_changed":false},"product_brand":[],"product_cat":[328,329,363,141,281],"product_tag":[],"class_list":{"0":"post-9970","1":"product","2":"type-product","3":"status-publish","4":"has-post-thumbnail","6":"product_cat-seifenherstellung-basis","7":"product_cat-koerperpflegebedarf-basis","8":"product_cat-sale","9":"product_cat-bartoelherstellung-traegeroele-fuer-bartoel","10":"product_cat-haarpflegebedarf-tragerole","12":"first","13":"instock","14":"taxable","15":"shipping-taxable","16":"purchasable","17":"product-type-variable"},"acf":[],"_links":{"self":[{"href":"https:\/\/cosyowl.com\/de\/wp-json\/wp\/v2\/product\/9970","targetHints":{"allow":["GET"]}}],"collection":[{"href":"https:\/\/cosyowl.com\/de\/wp-json\/wp\/v2\/product"}],"about":[{"href":"https:\/\/cosyowl.com\/de\/wp-json\/wp\/v2\/types\/product"}],"replies":[{"embeddable":true,"href":"https:\/\/cosyowl.com\/de\/wp-json\/wp\/v2\/comments?post=9970"}],"wp:featuredmedia":[{"embeddable":true,"href":"https:\/\/cosyowl.com\/de\/wp-json\/wp\/v2\/media\/20344"}],"wp:attachment":[{"href":"https:\/\/cosyowl.com\/de\/wp-json\/wp\/v2\/media?parent=9970"}],"wp:term":[{"taxonomy":"product_brand","embeddable":true,"href":"https:\/\/cosyowl.com\/de\/wp-json\/wp\/v2\/product_brand?post=9970"},{"taxonomy":"product_cat","embeddable":true,"href":"https:\/\/cosyowl.com\/de\/wp-json\/wp\/v2\/product_cat?post=9970"},{"taxonomy":"product_tag","embeddable":true,"href":"https:\/\/cosyowl.com\/de\/wp-json\/wp\/v2\/product_tag?post=9970"}],"curies":[{"name":"wp","href":"https:\/\/api.w.org\/{rel}","templated":true}]}}