{"id":9943,"date":"2021-09-01T12:53:00","date_gmt":"2021-09-01T11:53:00","guid":{"rendered":"https:\/\/cosyowl.com\/de\/product\/unkategorisiert\/moule-en-silicone-rose-ellipse-ovale-lot-de-6"},"modified":"2026-03-03T17:25:22","modified_gmt":"2026-03-03T17:25:22","slug":"ovale-ellipsenformige-silikonform-6er-set","status":"publish","type":"product","link":"https:\/\/cosyowl.com\/de\/materialien-fuer-das-handwerk\/seife-selber-machen\/seifenformen\/ovale-ellipsenfoermige-silikonform-6er-set","title":{"rendered":"Ovale Ellipsenf\u00f6rmige Silikonform (6er-Set)"},"content":{"rendered":"<p>Diese einzigartige ovale ellipsenf\u00f6rmige Seifenform ist eine der skurrilsten Formen in der Seifenherstellung. Diese Seife ist ideal f\u00fcr diejenigen, die Ihrem Seifenherstellungssortiment eine unkonventionelle, selbst gemachte Kreation hinzuf\u00fcgen m\u00f6chten.<\/p>\n<p>Wir bieten diese Form als 6er-Set aus flexiblem Silikon an. Sie ist auch wiederverwendbar, sodass Sie regelm\u00e4\u00dfig Ihre verr\u00fcckten Seifen herstellen k\u00f6nnen!<\/p>\n<p>Abmessung dieser Form*:<\/p>\n<p>Gesamte Form (L\u00e4nge x Breite): 187 mm x 211 mm<\/p>\n<p>Seifengr\u00f6\u00dfe: (L\u00e4nge x Breite x Tiefe): 94 mm x 56 mm x 33 mm<\/p>\n<p>*Bitte beachten Sie, dass alle Ma\u00dfangaben nur ungef\u00e4hre Werte sind und auf den Abmessungen an der breitesten Stelle der Seife basieren.<\/p>\n<p><strong>Bitte beachten Sie, dass dieses Produkt rot und nicht rosa ist!<\/strong><\/p>\n","protected":false},"excerpt":{"rendered":"<p>Diese einzigartige ovale ellipsenf\u00f6rmige Seifenform ist eine der skurrilsten Formen in der Seifenherstellung. Diese Seife ist ideal f\u00fcr diejenigen, die Ihrem Seifenherstellungssortiment eine unkonventionelle, selbst gemachte Kreation hinzuf\u00fcgen m\u00f6chten. Wir bieten diese Form als 6er-Set aus flexiblem Silikon an. Sie ist auch wiederverwendbar, sodass Sie regelm\u00e4\u00dfig Ihre verr\u00fcckten Seifen herstellen k\u00f6nnen! Abmessung dieser Form*: Gesamte [&hellip;]<\/p>\n","protected":false},"featured_media":11121,"comment_status":"open","ping_status":"closed","template":"","meta":{"_acf_changed":false},"product_brand":[],"product_cat":[140],"product_tag":[],"class_list":{"0":"post-9943","1":"product","2":"type-product","3":"status-publish","4":"has-post-thumbnail","6":"product_cat-seifenherstellung-seifenformen","8":"first","9":"instock","10":"taxable","11":"shipping-taxable","12":"purchasable","13":"product-type-simple"},"acf":[],"_links":{"self":[{"href":"https:\/\/cosyowl.com\/de\/wp-json\/wp\/v2\/product\/9943","targetHints":{"allow":["GET"]}}],"collection":[{"href":"https:\/\/cosyowl.com\/de\/wp-json\/wp\/v2\/product"}],"about":[{"href":"https:\/\/cosyowl.com\/de\/wp-json\/wp\/v2\/types\/product"}],"replies":[{"embeddable":true,"href":"https:\/\/cosyowl.com\/de\/wp-json\/wp\/v2\/comments?post=9943"}],"wp:featuredmedia":[{"embeddable":true,"href":"https:\/\/cosyowl.com\/de\/wp-json\/wp\/v2\/media\/11121"}],"wp:attachment":[{"href":"https:\/\/cosyowl.com\/de\/wp-json\/wp\/v2\/media?parent=9943"}],"wp:term":[{"taxonomy":"product_brand","embeddable":true,"href":"https:\/\/cosyowl.com\/de\/wp-json\/wp\/v2\/product_brand?post=9943"},{"taxonomy":"product_cat","embeddable":true,"href":"https:\/\/cosyowl.com\/de\/wp-json\/wp\/v2\/product_cat?post=9943"},{"taxonomy":"product_tag","embeddable":true,"href":"https:\/\/cosyowl.com\/de\/wp-json\/wp\/v2\/product_tag?post=9943"}],"curies":[{"name":"wp","href":"https:\/\/api.w.org\/{rel}","templated":true}]}}