{"id":9927,"date":"2021-09-01T12:53:00","date_gmt":"2021-09-01T11:53:00","guid":{"rendered":"https:\/\/cosyowl.com\/de\/product\/unkategorisiert\/moule-en-silicone-gris-ovale-lot-de-4"},"modified":"2026-03-03T17:25:22","modified_gmt":"2026-03-03T17:25:22","slug":"ovale-graue-silikonform-4er-set","status":"publish","type":"product","link":"https:\/\/cosyowl.com\/de\/materialien-fuer-das-handwerk\/seife-selber-machen\/seifenformen\/ovale-graue-silikonform-4er-set","title":{"rendered":"Ovale Graue Silikonform (4er-Set)"},"content":{"rendered":"<p>Diese saubere ovale Seifenform ist eine der angesagtesten Formen in der Seifenherstellung. Diese Seife ist wunderbar geeignet f\u00fcr diejenigen, die Ihrem Seifenherstellungssortiment eine zeitlose, selbst gemachte Kreation hinzuf\u00fcgen m\u00f6chten.<\/p>\n<p>Wir bieten diese Form in einem wundersch\u00f6nen Grauton als 4er-Set aus flexiblem Silikon an. Sie ist auch wiederverwendbar, sodass Sie regelm\u00e4\u00dfig Ihre Lieblingsseifen herstellen k\u00f6nnen!<\/p>\n<p>Abmessung dieser Form*:<\/p>\n<p>Gesamte Form (L\u00e4nge x Breite): 184 mm x 239 mm<\/p>\n<p>Seifengr\u00f6\u00dfe (L\u00e4nge x Breite x Tiefe): 79 mm x 60 mm x 22 mm<\/p>\n<p>*Bitte beachten Sie, dass alle Ma\u00dfangaben nur ungef\u00e4hre Werte sind.<\/p>\n","protected":false},"excerpt":{"rendered":"<p>Diese saubere ovale Seifenform ist eine der angesagtesten Formen in der Seifenherstellung. Diese Seife ist wunderbar geeignet f\u00fcr diejenigen, die Ihrem Seifenherstellungssortiment eine zeitlose, selbst gemachte Kreation hinzuf\u00fcgen m\u00f6chten. Wir bieten diese Form in einem wundersch\u00f6nen Grauton als 4er-Set aus flexiblem Silikon an. Sie ist auch wiederverwendbar, sodass Sie regelm\u00e4\u00dfig Ihre Lieblingsseifen herstellen k\u00f6nnen! Abmessung [&hellip;]<\/p>\n","protected":false},"featured_media":11113,"comment_status":"open","ping_status":"closed","template":"","meta":{"_acf_changed":false},"product_brand":[],"product_cat":[140],"product_tag":[],"class_list":{"0":"post-9927","1":"product","2":"type-product","3":"status-publish","4":"has-post-thumbnail","6":"product_cat-seifenherstellung-seifenformen","8":"first","9":"instock","10":"taxable","11":"shipping-taxable","12":"purchasable","13":"product-type-simple"},"acf":[],"_links":{"self":[{"href":"https:\/\/cosyowl.com\/de\/wp-json\/wp\/v2\/product\/9927","targetHints":{"allow":["GET"]}}],"collection":[{"href":"https:\/\/cosyowl.com\/de\/wp-json\/wp\/v2\/product"}],"about":[{"href":"https:\/\/cosyowl.com\/de\/wp-json\/wp\/v2\/types\/product"}],"replies":[{"embeddable":true,"href":"https:\/\/cosyowl.com\/de\/wp-json\/wp\/v2\/comments?post=9927"}],"wp:featuredmedia":[{"embeddable":true,"href":"https:\/\/cosyowl.com\/de\/wp-json\/wp\/v2\/media\/11113"}],"wp:attachment":[{"href":"https:\/\/cosyowl.com\/de\/wp-json\/wp\/v2\/media?parent=9927"}],"wp:term":[{"taxonomy":"product_brand","embeddable":true,"href":"https:\/\/cosyowl.com\/de\/wp-json\/wp\/v2\/product_brand?post=9927"},{"taxonomy":"product_cat","embeddable":true,"href":"https:\/\/cosyowl.com\/de\/wp-json\/wp\/v2\/product_cat?post=9927"},{"taxonomy":"product_tag","embeddable":true,"href":"https:\/\/cosyowl.com\/de\/wp-json\/wp\/v2\/product_tag?post=9927"}],"curies":[{"name":"wp","href":"https:\/\/api.w.org\/{rel}","templated":true}]}}